{"id":994,"date":"2024-08-01T16:06:55","date_gmt":"2024-08-01T16:06:55","guid":{"rendered":"https:\/\/e-cupstone.hastastudio.com\/?post_type=product&#038;p=994"},"modified":"2024-09-23T23:27:55","modified_gmt":"2024-09-23T23:27:55","slug":"%d1%81%d1%83%d1%85%d1%96-%d0%bf%d1%96%d0%b3%d0%bc%d0%b5%d0%bd%d1%82%d0%b8-%d0%b4%d0%bb%d1%8f-%d0%b3%d1%96%d0%bf%d1%81%d1%83-%d1%80%d1%83%d1%87%d0%bd%d0%be%d1%97-%d1%80%d0%be%d0%b1%d0%be%d1%82%d0%b8","status":"publish","type":"product","link":"https:\/\/e-cupstone.hastastudio.com\/ua\/produkt\/%d1%81%d1%83%d1%85%d1%96-%d0%bf%d1%96%d0%b3%d0%bc%d0%b5%d0%bd%d1%82%d0%b8-%d0%b4%d0%bb%d1%8f-%d0%b3%d1%96%d0%bf%d1%81%d1%83-%d1%80%d1%83%d1%87%d0%bd%d0%be%d1%97-%d1%80%d0%be%d0%b1%d0%be%d1%82%d0%b8","title":{"rendered":"\u0421\u0443\u0445\u0456 \u043f\u0456\u0433\u043c\u0435\u043d\u0442\u0438 \u0434\u043b\u044f \u0448\u0442\u0443\u043a\u0430\u0442\u0443\u0440\u043e\u043a HandiCast \u0456 SnowCast"},"content":{"rendered":"<div class=\"resetcss\">\r\n<div class=\"resetcss\">\r\n<div class=\"resetcss\">\r\n<div class=\"resetcss\">\r\n<p>\u041a\u043e\u043b\u044c\u043e\u0440\u043e\u0432\u0438\u0439 \u043f\u043e\u0440\u043e\u0448\u043e\u043a \u0437 \u0440\u0443\u0442\u0438\u043b\u043e\u0432\u043e\u044e \u043a\u0440\u0438\u0441\u0442\u0430\u043b\u043e\u0433\u0440\u0430\u0444\u0456\u0447\u043d\u043e\u044e \u0441\u0442\u0440\u0443\u043a\u0442\u0443\u0440\u043e\u044e, \u043d\u0435\u0442\u043e\u043a\u0441\u0438\u0447\u043d\u0438\u0439, \u043d\u0435\u0433\u043e\u0440\u044e\u0447\u0438\u0439.<br \/><br \/><strong>\u0414\u043e\u0437\u0443\u0432\u0430\u043d\u043d\u044f \u0434\u043b\u044f \u0444\u0430\u0440\u0431\u0443\u0432\u0430\u043d\u043d\u044f\u00a0<\/strong><strong>\u041f\u043e\u043b\u0456\u043c\u0435\u0440\u043d\u0438\u0439 \u0433\u0456\u043f\u0441 E-CUPSTONE<\/strong><strong>\u00a0\u0441\u0442\u0430\u043d\u043e\u0432\u0438\u0442\u044c 0,1-15 % \u043d\u0430 \u043e\u0441\u043d\u043e\u0432\u0456 \u0441\u0443\u0445\u043e\u0457 \u0432\u0430\u0433\u0438.<\/strong><br \/><br \/><\/p>\r\n<p>\u0428\u0432\u0438\u0434\u043a\u043e\u0437\u0430\u0441\u0442\u0438\u0433\u0430\u044e\u0447\u0438\u0439 \u0431\u0430\u0440\u0432\u043d\u0438\u043a \u0434\u043b\u044f \u043f\u043e\u043b\u0456\u043c\u0435\u0440\u043d\u043e\u0457 \u0448\u0442\u0443\u043a\u0430\u0442\u0443\u0440\u043a\u0438 E-CUPSTONE. \u0413\u0430\u0440\u0430\u043d\u0442\u043e\u0432\u0430\u043d\u0430 \u0441\u0442\u0430\u0431\u0456\u043b\u044c\u043d\u0456\u0441\u0442\u044c \u043a\u043e\u043b\u044c\u043e\u0440\u0443. \u041d\u0435\u043e\u0440\u0433\u0430\u043d\u0456\u0447\u043d\u0438\u0439 \u043f\u0456\u0433\u043c\u0435\u043d\u0442 \u043d\u0435 \u0432\u0442\u0440\u0430\u0447\u0430\u0454 \u043a\u043e\u043b\u0456\u0440 \u043f\u0456\u0434 \u0432\u043f\u043b\u0438\u0432\u043e\u043c \u0441\u0432\u0456\u0442\u043b\u0430 \u0442\u0430 \u043f\u043e\u0433\u043e\u0434\u043d\u0438\u0445 \u0443\u043c\u043e\u0432. \u0421\u0442\u0456\u0439\u043a\u0438\u0439 \u0434\u043e<\/p>\r\n<ul>\r\n<li>\u043d\u0438\u0437\u044c\u043a\u0456 \u0442\u0430 \u0432\u0438\u0441\u043e\u043a\u0456 \u0442\u0435\u043c\u043f\u0435\u0440\u0430\u0442\u0443\u0440\u0438<\/li>\r\n<li>\u0432\u043f\u043b\u0438\u0432 \u043b\u0443\u0433\u0456\u0432 \u0456 \u0441\u043b\u0430\u0431\u043a\u0438\u0445 \u043a\u0438\u0441\u043b\u043e\u0442.<\/li>\r\n<\/ul>\r\n<p>\u041f\u0456\u0433\u043c\u0435\u043d\u0442 \u043d\u0435 \u0440\u043e\u0437\u0447\u0438\u043d\u044f\u0454\u0442\u044c\u0441\u044f \u0443 \u0432\u043e\u0434\u0456, \u0444\u0430\u0440\u0431\u043e\u0432\u0438\u0445 \u0441\u043f\u043e\u043b\u0443\u0447\u043d\u0438\u0445 \u0442\u0430 \u043e\u0440\u0433\u0430\u043d\u0456\u0447\u043d\u0438\u0445 \u0440\u043e\u0437\u0447\u0438\u043d\u043d\u0438\u043a\u0430\u0445, \u0430\u043b\u0435 \u0437\u043c\u0456\u0448\u0443\u0454\u0442\u044c\u0441\u044f \u0437 \u043d\u0438\u043c\u0438.<\/p>\r\n<p>\u0406\u043d\u0442\u0435\u043d\u0441\u0438\u0432\u043d\u0456\u0441\u0442\u044c \u043a\u043e\u043b\u044c\u043e\u0440\u0443 \u043c\u043e\u0436\u0435 \u0431\u0443\u0442\u0438 \u0434\u043e\u0441\u044f\u0433\u043d\u0443\u0442\u0430 \u0437\u0430 \u0434\u043e\u043f\u043e\u043c\u043e\u0433\u043e\u044e \u043d\u0435\u0432\u0435\u043b\u0438\u043a\u0438\u0445 \u043f\u0440\u043e\u043f\u043e\u0440\u0446\u0456\u0439 \u043f\u043e \u0432\u0456\u0434\u043d\u043e\u0448\u0435\u043d\u043d\u044e \u0434\u043e \u043c\u0430\u0441\u0438 \u043f\u0440\u043e\u0434\u0443\u043a\u0442\u0443 0,1-15%.<br \/>\u0417\u0431\u0435\u0440\u0456\u0433\u0430\u0442\u0438 \u0432 \u0441\u0443\u0445\u043e\u043c\u0443, \u0437\u0430\u0445\u0438\u0449\u0435\u043d\u043e\u043c\u0443 \u0432\u0456\u0434 \u0441\u0432\u0456\u0442\u043b\u0430 \u043c\u0456\u0441\u0446\u0456 \u0432 \u0437\u0430\u043a\u0440\u0438\u0442\u0456\u0439 \u0443\u043f\u0430\u043a\u043e\u0432\u0446\u0456 \u043f\u0440\u0438 \u0442\u0435\u043c\u043f\u0435\u0440\u0430\u0442\u0443\u0440\u0456 10\u00b0C-22\u00b0C.<br \/><br \/><strong>\u041f\u0420\u0418\u041c\u0406\u0422\u041a\u0410<\/strong><br \/>\u0423 \u0440\u0430\u0437\u0456 \u043a\u0443\u043f\u0456\u0432\u043b\u0456 \u043f\u0430\u0440\u0442\u0456\u0439, \u043a\u0440\u0430\u0442\u043d\u0438\u0445 0,5 \u043a\u0433, \u043c\u0438 \u0437\u0430\u043b\u0438\u0448\u0430\u0454\u043c\u043e \u0437\u0430 \u0441\u043e\u0431\u043e\u044e \u043f\u0440\u0430\u0432\u043e \u0432\u0456\u0434\u043f\u0440\u0430\u0432\u0438\u0442\u0438 \u0442\u043e\u0432\u0430\u0440 \u0432 \u0443\u043f\u0430\u043a\u043e\u0432\u0446\u0456, \u0449\u043e \u0432\u0456\u0434\u043f\u043e\u0432\u0456\u0434\u0430\u0454 \u0437\u0430\u043c\u043e\u0432\u043b\u0435\u043d\u043d\u044e.<br \/><br \/>\u041c\u0438 \u043a\u043e\u043d\u0441\u0443\u043b\u044c\u0442\u0443\u0454\u043c\u043e \u0449\u043e\u0434\u043e \u0442\u0435\u0445\u043d\u043e\u043b\u043e\u0433\u0456\u0457 \u043d\u0430\u043d\u0435\u0441\u0435\u043d\u043d\u044f \u043d\u0430 \u043e\u0441\u043d\u043e\u0432\u0456 \u043f\u043e\u0442\u043e\u0447\u043d\u043e\u0433\u043e \u0441\u0442\u0430\u043d\u0443 \u043d\u0430\u0448\u0438\u0445 \u0437\u043d\u0430\u043d\u044c. \u041e\u0434\u043d\u0430\u043a \u0446\u0435 \u043d\u0435 \u0437\u0432\u0456\u043b\u044c\u043d\u044f\u0454 \u0432\u0430\u0441 \u0432\u0456\u0434 \u043e\u0431\u043e\u0432'\u044f\u0437\u043a\u0443 \u0441\u0430\u043c\u043e\u0441\u0442\u0456\u0439\u043d\u043e \u0442\u0435\u0441\u0442\u0443\u0432\u0430\u0442\u0438 \u043d\u0430\u0448\u0456 \u043f\u0440\u043e\u0434\u0443\u043a\u0442\u0438 \u043d\u0430 \u0432\u0456\u0434\u043f\u043e\u0432\u0456\u0434\u043d\u0456\u0441\u0442\u044c \u0446\u0456\u043b\u044f\u043c \u0456 \u0442\u0435\u0445\u043d\u043e\u043b\u043e\u0433\u0456\u044f\u043c. \u041d\u0430\u043d\u0435\u0441\u0435\u043d\u043d\u044f, \u0432\u0438\u043a\u043e\u0440\u0438\u0441\u0442\u0430\u043d\u043d\u044f \u0442\u0430 \u043f\u0435\u0440\u0435\u0440\u043e\u0431\u043a\u0430 \u043f\u0440\u043e\u0434\u0443\u043a\u0442\u0456\u0432 \u0437\u043d\u0430\u0445\u043e\u0434\u044f\u0442\u044c\u0441\u044f \u043f\u043e\u0437\u0430 \u043d\u0430\u0448\u0438\u043c \u043a\u043e\u043d\u0442\u0440\u043e\u043b\u0435\u043c, \u0442\u043e\u043c\u0443 \u0432\u0438 \u043d\u0435\u0441\u0435\u0442\u0435 \u043f\u043e\u0432\u043d\u0443 \u0432\u0456\u0434\u043f\u043e\u0432\u0456\u0434\u0430\u043b\u044c\u043d\u0456\u0441\u0442\u044c \u0437\u0430 \u043d\u0438\u0445. \u041c\u0438 \u0433\u0430\u0440\u0430\u043d\u0442\u0443\u0454\u043c\u043e \u044f\u043a\u0456\u0441\u0442\u044c \u043d\u0430\u0448\u043e\u0457 \u043f\u0440\u043e\u0434\u0443\u043a\u0446\u0456\u0457.<br \/><br \/>\u0414\u043e\u0441\u0442\u0430\u0432\u043a\u0430 2-3 \u0434\u043d\u0456<\/p>\r\n<\/div>\r\n<div class=\"productfiles\">\r\n<h5 class=\"wp-block-heading\">\u0417\u0430\u0432\u0430\u043d\u0442\u0430\u0436\u0435\u043d\u043d\u044f:<\/h5>\r\n<ul class=\"productfiles\">\r\n<li><a class=\"spanhover\" title=\"\u041f\u0430\u0441\u043f\u043e\u0440\u0442 \u0431\u0435\u0437\u043f\u0435\u043a\u0438 \u0431\u0456\u043b\u0438\u0439\" href=\"https:\/\/e-cupstone.hastastudio.com\/wp-content\/uploads\/2024\/08\/Pigment-suchy-bialy_SDS_PL.pdf\" target=\"_blank\" rel=\"noopener\">\u041f\u0430\u0441\u043f\u043e\u0440\u0442 \u0431\u0435\u0437\u043f\u0435\u043a\u0438 \u0431\u0456\u043b\u0438\u0439<\/a><\/li>\r\n<li><a class=\"spanhover\" title=\"\u041f\u0430\u0441\u043f\u043e\u0440\u0442 \u0431\u0435\u0437\u043f\u0435\u043a\u0438 \u0447\u043e\u0440\u043d\u0438\u0439\" href=\"https:\/\/e-cupstone.hastastudio.com\/wp-content\/uploads\/2024\/08\/Pigment-suchy-czarny_SDS_PL.pdf\">\u041f\u0430\u0441\u043f\u043e\u0440\u0442 \u0431\u0435\u0437\u043f\u0435\u043a\u0438 \u0447\u043e\u0440\u043d\u0438\u0439<\/a><\/li>\r\n<li><a class=\"spanhover\" title=\"\u041f\u0430\u0441\u043f\u043e\u0440\u0442 \u0431\u0435\u0437\u043f\u0435\u043a\u0438 \u043a\u043e\u0440\u0438\u0447\u043d\u0435\u0432\u0438\u0439\" href=\"https:\/\/e-cupstone.hastastudio.com\/wp-content\/uploads\/2024\/08\/Pigment-suchy-brazowy_SDS_PL.pdf\" target=\"_blank\" rel=\"noopener\">\u041f\u0430\u0441\u043f\u043e\u0440\u0442 \u0431\u0435\u0437\u043f\u0435\u043a\u0438 \u043a\u043e\u0440\u0438\u0447\u043d\u0435\u0432\u0438\u0439<\/a><\/li>\r\n<li><a class=\"spanhover\" title=\"\u041f\u0430\u0441\u043f\u043e\u0440\u0442 \u0431\u0435\u0437\u043f\u0435\u043a\u0438 \u0447\u0435\u0440\u0432\u043e\u043d\u0438\u0439\" href=\"https:\/\/e-cupstone.hastastudio.com\/wp-content\/uploads\/2024\/08\/Pigment-suchy-czerwony_SDS_PL.pdf\" target=\"_blank\" rel=\"noopener\">\u041f\u0430\u0441\u043f\u043e\u0440\u0442 \u0431\u0435\u0437\u043f\u0435\u043a\u0438 \u0447\u0435\u0440\u0432\u043e\u043d\u0438\u0439<\/a><\/li>\r\n<li><a class=\"spanhover\" title=\"\u041f\u0430\u0441\u043f\u043e\u0440\u0442 \u0431\u0435\u0437\u043f\u0435\u043a\u0438 \u043f\u043e\u043c\u0430\u0440\u0430\u043d\u0447\u0435\u0432\u0438\u0439\" href=\"https:\/\/e-cupstone.hastastudio.com\/wp-content\/uploads\/2024\/08\/Pigment-suchy-pomaranczowy_SDS_PL.pdf\" target=\"_blank\" rel=\"noopener\">\u041f\u0430\u0441\u043f\u043e\u0440\u0442 \u0431\u0435\u0437\u043f\u0435\u043a\u0438 \u043f\u043e\u043c\u0430\u0440\u0430\u043d\u0447\u0435\u0432\u0438\u0439<\/a><\/li>\r\n<li><a class=\"spanhover\" title=\"\u041f\u0430\u0441\u043f\u043e\u0440\u0442 \u0431\u0435\u0437\u043f\u0435\u043a\u0438 \u0436\u043e\u0432\u0442\u0438\u0439\" href=\"https:\/\/e-cupstone.hastastudio.com\/wp-content\/uploads\/2024\/08\/Pigment-suchy-zolty_SDS_PL.pdf\" target=\"_blank\" rel=\"noopener\">\u041f\u0430\u0441\u043f\u043e\u0440\u0442 \u0431\u0435\u0437\u043f\u0435\u043a\u0438 \u0436\u043e\u0432\u0442\u0438\u0439<\/a><\/li>\r\n<li><a class=\"spanhover\" title=\"\u041f\u0430\u0441\u043f\u043e\u0440\u0442 \u0431\u0435\u0437\u043f\u0435\u043a\u0438 \u0437\u0435\u043b\u0435\u043d\u0438\u0439\" href=\"https:\/\/e-cupstone.hastastudio.com\/wp-content\/uploads\/2024\/08\/Pigment-suchy-zelony_SDS_PL.pdf\" target=\"_blank\" rel=\"noopener\">\u041f\u0430\u0441\u043f\u043e\u0440\u0442 \u0431\u0435\u0437\u043f\u0435\u043a\u0438 \u0437\u0435\u043b\u0435\u043d\u0438\u0439<\/a><\/li>\r\n<li><a class=\"spanhover\" title=\"\u041f\u0430\u0441\u043f\u043e\u0440\u0442 \u0431\u0435\u0437\u043f\u0435\u043a\u0438 \u0441\u0438\u043d\u0456\u0439\" href=\"https:\/\/e-cupstone.hastastudio.com\/wp-content\/uploads\/2024\/08\/Pigment-suchy-niebieski_SDS_PL.pdf\" target=\"_blank\" rel=\"noopener\">\u041f\u0430\u0441\u043f\u043e\u0440\u0442 \u0431\u0435\u0437\u043f\u0435\u043a\u0438 \u0441\u0438\u043d\u0456\u0439<\/a><\/li>\r\n<\/ul>\r\n<\/div>\r\n<\/div>\r\n<div class=\"productfiles\">\u00a0<\/div>\r\n<\/div>\r\n<\/div>","protected":false},"excerpt":{"rendered":"<p>Kolorowy proszek o strukturze krystalograficznej rutylu, nietoksyczny, niepalny. Dozowanie do barwienia\u00a0gipsu polimerowego E-CUPSTONE\u00a0to 0,1-15 % w stosunku do suchej masy. Szybkowi\u0105\u017c\u0105cy barwnik do gipsu polimerowego E-CUPSTONE. Gwarantowana stabilno\u015b\u0107 koloru. Pigment nieorganiczny nie traci koloru pod wp\u0142ywem \u015bwiat\u0142a i warunk\u00f3w atmosferycznych. Jest odporny na niskie i wysokie temperatury dzia\u0142anie alkali\u00f3w i s\u0142abe kwasy. Pigment jest nierozpuszczalny [&hellip;]<\/p>","protected":false},"featured_media":1016,"comment_status":"open","ping_status":"closed","template":"","meta":{"_acf_changed":false},"product_brand":[],"product_cat":[26],"product_tag":[],"class_list":{"0":"post-994","1":"product","2":"type-product","3":"status-publish","4":"has-post-thumbnail","6":"product_cat-pigmenty","8":"first","9":"instock","10":"taxable","11":"shipping-taxable","12":"purchasable","13":"product-type-variable"},"acf":[],"_links":{"self":[{"href":"https:\/\/e-cupstone.hastastudio.com\/ua\/wp-json\/wp\/v2\/product\/994","targetHints":{"allow":["GET"]}}],"collection":[{"href":"https:\/\/e-cupstone.hastastudio.com\/ua\/wp-json\/wp\/v2\/product"}],"about":[{"href":"https:\/\/e-cupstone.hastastudio.com\/ua\/wp-json\/wp\/v2\/types\/product"}],"replies":[{"embeddable":true,"href":"https:\/\/e-cupstone.hastastudio.com\/ua\/wp-json\/wp\/v2\/comments?post=994"}],"wp:featuredmedia":[{"embeddable":true,"href":"https:\/\/e-cupstone.hastastudio.com\/ua\/wp-json\/wp\/v2\/media\/1016"}],"wp:attachment":[{"href":"https:\/\/e-cupstone.hastastudio.com\/ua\/wp-json\/wp\/v2\/media?parent=994"}],"wp:term":[{"taxonomy":"product_brand","embeddable":true,"href":"https:\/\/e-cupstone.hastastudio.com\/ua\/wp-json\/wp\/v2\/product_brand?post=994"},{"taxonomy":"product_cat","embeddable":true,"href":"https:\/\/e-cupstone.hastastudio.com\/ua\/wp-json\/wp\/v2\/product_cat?post=994"},{"taxonomy":"product_tag","embeddable":true,"href":"https:\/\/e-cupstone.hastastudio.com\/ua\/wp-json\/wp\/v2\/product_tag?post=994"}],"curies":[{"name":"wp","href":"https:\/\/api.w.org\/{rel}","templated":true}]}}