{"id":990,"date":"2024-08-01T16:04:22","date_gmt":"2024-08-01T16:04:22","guid":{"rendered":"https:\/\/e-cupstone.hastastudio.com\/?post_type=product&#038;p=990"},"modified":"2024-09-21T17:07:28","modified_gmt":"2024-09-21T17:07:28","slug":"taca-okragla-o-srednicy-285-mm","status":"publish","type":"product","link":"https:\/\/e-cupstone.hastastudio.com\/ua\/produkt\/taca-okragla-o-srednicy-285-mm","title":{"rendered":"\u041a\u0440\u0443\u0433\u043b\u0438\u0439 \u043b\u043e\u0442\u043e\u043a, \u0434\u0456\u0430\u043c\u0435\u0442\u0440 285 \u043c\u043c"},"content":{"rendered":"<div class=\"resetcss\">\r\n<div class=\"resetcss\">\r\n<h3 class=\"wp-block-heading\">Przedstawiamy Pa\u0144stwu nasz\u0105 form\u0119 silikonow\u0105 &#8211; Taca okr\u0105g\u0142a, o \u015brednicy 285 mm. Jest to produkt wykonany z najwy\u017cszej jako\u015bci silikonu, kt\u00f3ry doskonale nadaje si\u0119 do formowania gipsu i betonu.<br \/>\u0426\u044f \u0444\u043e\u0440\u043c\u0430 \u0441\u0442\u0432\u043e\u0440\u0435\u043d\u0430 \u0437 \u0432\u0438\u043a\u043e\u0440\u0438\u0441\u0442\u0430\u043d\u043d\u044f\u043c \u043c\u0456\u0446\u043d\u043e\u0433\u043e \u0456 \u0433\u043d\u0443\u0447\u043a\u043e\u0433\u043e \u0441\u0438\u043b\u0456\u043a\u043e\u043d\u0443, \u0449\u043e \u0433\u0430\u0440\u0430\u043d\u0442\u0443\u0454 \u043b\u0435\u0433\u043a\u0435 \u0432\u0438\u0439\u043c\u0430\u043d\u043d\u044f \u0433\u043e\u0442\u043e\u0432\u0438\u0445 \u0432\u0438\u0440\u043e\u0431\u0456\u0432 \u0437 \u0444\u043e\u0440\u043c\u0438. \u0412\u043e\u043d\u0430 \u043f\u0456\u0434\u0445\u043e\u0434\u0438\u0442\u044c \u0434\u043b\u044f \u0432\u0438\u0440\u043e\u0431\u043d\u0438\u0446\u0442\u0432\u0430 \u044f\u043a \u0433\u0456\u043f\u0441\u043e\u0432\u0438\u0445, \u0442\u0430\u043a \u0456 \u0431\u0435\u0442\u043e\u043d\u043d\u0438\u0445 \u0434\u0435\u0442\u0430\u043b\u0435\u0439.<br \/>\u0424\u043e\u0440\u043c\u0430 \u043f\u0456\u0434\u0433\u043e\u0442\u043e\u0432\u043b\u0435\u043d\u0430 \u0434\u043b\u044f \u0448\u0438\u0440\u043e\u043a\u043e\u0433\u043e \u0434\u0456\u0430\u043f\u0430\u0437\u043e\u043d\u0443 \u0442\u0435\u043c\u043f\u0435\u0440\u0430\u0442\u0443\u0440\u043d\u0438\u0445 \u0443\u043c\u043e\u0432, \u0437 \u0440\u043e\u0431\u043e\u0447\u0438\u043c \u0434\u0456\u0430\u043f\u0430\u0437\u043e\u043d\u043e\u043c \u0432\u0456\u0434 -60\u00b0C \u0434\u043e +250\u00b0C.<br \/>\u041e\u0441\u044c \u0440\u043e\u0437\u043c\u0456\u0440\u0438 \u0442\u0430 \u0432\u0430\u0433\u0430 \u0433\u043e\u0442\u043e\u0432\u043e\u0433\u043e \u0432\u0438\u0440\u043e\u0431\u0443 \u0437 \u043d\u0430\u0448\u043e\u0457 \u0444\u043e\u0440\u043c\u0438:<\/h3>\r\n<ul>\r\n<li>\u0417\u043e\u0432\u043d\u0456\u0448\u043d\u0456\u0439 \u0434\u0456\u0430\u043c\u0435\u0442\u0440: 285 \u043c\u043c<\/li>\r\n<li>\u0412\u0438\u0441\u043e\u0442\u0430: 30 \u043c\u043c<\/li>\r\n<li>\u0413\u043b\u0438\u0431\u0438\u043d\u0430: 15 \u043c\u043c<\/li>\r\n<li>\u0422\u043e\u0432\u0449\u0438\u043d\u0430 \u0441\u0442\u0456\u043d\u043e\u043a: 15 \u043c\u043c<\/li>\r\n<li>\u0412\u0430\u0433\u0430 \u0433\u043e\u0442\u043e\u0432\u043e\u0433\u043e \u0433\u0456\u043f\u0441\u043e\u0432\u043e\u0433\u043e \u0432\u0438\u0440\u043e\u0431\u0443: \u043f\u0440\u0438\u0431\u043b\u0438\u0437\u043d\u043e 1 850 \u0433\u0440\u0430\u043c\u0456\u0432.<\/li>\r\n<\/ul>\r\n<h3>\u0417\u0430\u0432\u0434\u044f\u043a\u0438 \u0446\u0438\u043c \u0441\u043f\u0435\u0446\u0438\u0444\u0456\u043a\u0430\u0446\u0456\u044f\u043c \u043d\u0430\u0448\u0430 \u043f\u0440\u0435\u0441-\u0444\u043e\u0440\u043c\u0430 \u0434\u043e\u0437\u0432\u043e\u043b\u044f\u0454 \u0441\u0442\u0432\u043e\u0440\u044e\u0432\u0430\u0442\u0438 \u0432\u0438\u0440\u043e\u0431\u0438 \u0437 \u043f\u0435\u0432\u043d\u0438\u043c\u0438 \u0440\u043e\u0437\u043c\u0456\u0440\u0430\u043c\u0438 \u0442\u0430 \u0432\u0430\u0433\u043e\u044e, \u0437\u0430\u0431\u0435\u0437\u043f\u0435\u0447\u0443\u044e\u0447\u0438 \u0432\u0456\u0434\u043c\u0456\u043d\u043d\u0456 \u0440\u0435\u0437\u0443\u043b\u044c\u0442\u0430\u0442\u0438 \u0432 \u043f\u0440\u043e\u0446\u0435\u0441\u0456 \u0441\u0442\u0432\u043e\u0440\u0435\u043d\u043d\u044f.<\/h3>\r\n<\/div>\r\n<\/div>","protected":false},"excerpt":{"rendered":"<p>Przedstawiamy Pa\u0144stwu nasz\u0105 form\u0119 silikonow\u0105 &#8211; Taca okr\u0105g\u0142a, o \u015brednicy 285 mm. Jest to produkt wykonany z najwy\u017cszej jako\u015bci silikonu, kt\u00f3ry doskonale nadaje si\u0119 do formowania gipsu i betonu.Ta forma powsta\u0142a z zastosowaniem trwa\u0142ego oraz elastycznego silikonu, co gwarantuje \u0142atwe wyjmowanie gotowych wyrob\u00f3w z formy. Bezproblemowo sprawdzi si\u0119 zar\u00f3wno przy wytwarzaniu detali z gipsu, jak [&hellip;]<\/p>","protected":false},"featured_media":991,"comment_status":"open","ping_status":"closed","template":"","meta":{"_acf_changed":false},"product_brand":[],"product_cat":[33],"product_tag":[],"class_list":{"0":"post-990","1":"product","2":"type-product","3":"status-publish","4":"has-post-thumbnail","6":"product_cat-formy-silikonowe","8":"first","9":"instock","10":"taxable","11":"shipping-taxable","12":"purchasable","13":"product-type-simple"},"acf":[],"_links":{"self":[{"href":"https:\/\/e-cupstone.hastastudio.com\/ua\/wp-json\/wp\/v2\/product\/990","targetHints":{"allow":["GET"]}}],"collection":[{"href":"https:\/\/e-cupstone.hastastudio.com\/ua\/wp-json\/wp\/v2\/product"}],"about":[{"href":"https:\/\/e-cupstone.hastastudio.com\/ua\/wp-json\/wp\/v2\/types\/product"}],"replies":[{"embeddable":true,"href":"https:\/\/e-cupstone.hastastudio.com\/ua\/wp-json\/wp\/v2\/comments?post=990"}],"wp:featuredmedia":[{"embeddable":true,"href":"https:\/\/e-cupstone.hastastudio.com\/ua\/wp-json\/wp\/v2\/media\/991"}],"wp:attachment":[{"href":"https:\/\/e-cupstone.hastastudio.com\/ua\/wp-json\/wp\/v2\/media?parent=990"}],"wp:term":[{"taxonomy":"product_brand","embeddable":true,"href":"https:\/\/e-cupstone.hastastudio.com\/ua\/wp-json\/wp\/v2\/product_brand?post=990"},{"taxonomy":"product_cat","embeddable":true,"href":"https:\/\/e-cupstone.hastastudio.com\/ua\/wp-json\/wp\/v2\/product_cat?post=990"},{"taxonomy":"product_tag","embeddable":true,"href":"https:\/\/e-cupstone.hastastudio.com\/ua\/wp-json\/wp\/v2\/product_tag?post=990"}],"curies":[{"name":"wp","href":"https:\/\/api.w.org\/{rel}","templated":true}]}}