{"id":985,"date":"2024-08-01T15:57:22","date_gmt":"2024-08-01T15:57:22","guid":{"rendered":"https:\/\/e-cupstone.hastastudio.com\/?post_type=product&#038;p=985"},"modified":"2024-09-21T17:06:47","modified_gmt":"2024-09-21T17:06:47","slug":"owalna-podstawka","status":"publish","type":"product","link":"https:\/\/e-cupstone.hastastudio.com\/ua\/produkt\/owalna-podstawka","title":{"rendered":"\u041e\u0432\u0430\u043b\u044c\u043d\u0430 \u043e\u0441\u043d\u043e\u0432\u0430"},"content":{"rendered":"<div class=\"resetcss\">\r\n<div class=\"resetcss\">\r\n<h3 class=\"wp-block-heading\">Prezentujemy form\u0119 silikonow\u0105 &#8211; Owaln\u0105 podstawk\u0119 wykonan\u0105 z wysokiej jako\u015bci silikonu. Jest idealna do tworzenia wyrob\u00f3w z gipsu i betonu. Ta forma zosta\u0142a stworzona z wytrzyma\u0142ego i elastycznego silikonu, co umo\u017cliwia \u0142atwe wyjmowanie gotowych wyrob\u00f3w z formy. Zakres temperatury eksploatacji tego produktu mie\u015bci si\u0119 w przedziale od -60\u00b0C do +250\u00b0C.<br \/>\u0413\u043e\u0442\u043e\u0432\u0438\u0439 \u0433\u0456\u043f\u0441\u043e\u0432\u0438\u0439 \u0432\u0438\u0440\u0456\u0431 \u0432\u0430\u0436\u0438\u0442\u044c \u043f\u0440\u0438\u0431\u043b\u0438\u0437\u043d\u043e 160 \u0433, \u0430 \u043d\u0438\u0436\u0447\u0435 \u043d\u0430\u0432\u0435\u0434\u0435\u043d\u0456 \u0440\u043e\u0437\u043c\u0456\u0440\u0438 \u0433\u043e\u0442\u043e\u0432\u043e\u0433\u043e \u0432\u0438\u0440\u043e\u0431\u0443:<\/h3>\r\n<ul>\r\n<li>\u0417\u043e\u0432\u043d\u0456\u0448\u043d\u044f \u0434\u043e\u0432\u0436\u0438\u043d\u0430: 180 \u043c\u043c<\/li>\r\n<li>\u0412\u0438\u0441\u043e\u0442\u0430: 15 \u043c\u043c<\/li>\r\n<li>\u0417\u043e\u0432\u043d\u0456\u0448\u043d\u044f \u0448\u0438\u0440\u0438\u043d\u0430: 95 \u043c\u043c<\/li>\r\n<li>\u0413\u043b\u0438\u0431\u0438\u043d\u0430: 5 \u043c\u043c<\/li>\r\n<li>\u0422\u043e\u0432\u0449\u0438\u043d\u0430 \u0441\u0442\u0456\u043d\u043e\u043a: 5 \u043c\u043c<\/li>\r\n<\/ul>\r\n<h3>\u0426\u0456 \u043e\u0441\u043e\u0431\u043b\u0438\u0432\u043e\u0441\u0442\u0456 \u043d\u0430\u0448\u043e\u0457 \u0441\u0438\u043b\u0456\u043a\u043e\u043d\u043e\u0432\u043e\u0457 \u0444\u043e\u0440\u043c\u0438 \u0433\u0430\u0440\u0430\u043d\u0442\u0443\u044e\u0442\u044c, \u0449\u043e \u0441\u0442\u0432\u043e\u0440\u0435\u043d\u0456 \u0432\u0430\u043c\u0438 \u0432\u0438\u0440\u043e\u0431\u0438 \u043c\u0430\u0442\u0438\u043c\u0443\u0442\u044c \u0442\u043e\u0447\u043d\u0443 \u0434\u0435\u0442\u0430\u043b\u0456\u0437\u0430\u0446\u0456\u044e \u0442\u0430 \u0432\u0438\u0441\u043e\u043a\u0443 \u044f\u043a\u0456\u0441\u0442\u044c.<\/h3>\r\n<\/div>\r\n<\/div>","protected":false},"excerpt":{"rendered":"<p>Prezentujemy form\u0119 silikonow\u0105 &#8211; Owaln\u0105 podstawk\u0119 wykonan\u0105 z wysokiej jako\u015bci silikonu. Jest idealna do tworzenia wyrob\u00f3w z gipsu i betonu. Ta forma zosta\u0142a stworzona z wytrzyma\u0142ego i elastycznego silikonu, co umo\u017cliwia \u0142atwe wyjmowanie gotowych wyrob\u00f3w z formy. Zakres temperatury eksploatacji tego produktu mie\u015bci si\u0119 w przedziale od -60\u00b0C do +250\u00b0C.Gotowy wyrob z gipsu wa\u017cy oko\u0142o [&hellip;]<\/p>","protected":false},"featured_media":986,"comment_status":"open","ping_status":"closed","template":"","meta":{"_acf_changed":false},"product_brand":[],"product_cat":[33],"product_tag":[],"class_list":{"0":"post-985","1":"product","2":"type-product","3":"status-publish","4":"has-post-thumbnail","6":"product_cat-formy-silikonowe","8":"first","9":"instock","10":"taxable","11":"shipping-taxable","12":"purchasable","13":"product-type-simple"},"acf":[],"_links":{"self":[{"href":"https:\/\/e-cupstone.hastastudio.com\/ua\/wp-json\/wp\/v2\/product\/985","targetHints":{"allow":["GET"]}}],"collection":[{"href":"https:\/\/e-cupstone.hastastudio.com\/ua\/wp-json\/wp\/v2\/product"}],"about":[{"href":"https:\/\/e-cupstone.hastastudio.com\/ua\/wp-json\/wp\/v2\/types\/product"}],"replies":[{"embeddable":true,"href":"https:\/\/e-cupstone.hastastudio.com\/ua\/wp-json\/wp\/v2\/comments?post=985"}],"wp:featuredmedia":[{"embeddable":true,"href":"https:\/\/e-cupstone.hastastudio.com\/ua\/wp-json\/wp\/v2\/media\/986"}],"wp:attachment":[{"href":"https:\/\/e-cupstone.hastastudio.com\/ua\/wp-json\/wp\/v2\/media?parent=985"}],"wp:term":[{"taxonomy":"product_brand","embeddable":true,"href":"https:\/\/e-cupstone.hastastudio.com\/ua\/wp-json\/wp\/v2\/product_brand?post=985"},{"taxonomy":"product_cat","embeddable":true,"href":"https:\/\/e-cupstone.hastastudio.com\/ua\/wp-json\/wp\/v2\/product_cat?post=985"},{"taxonomy":"product_tag","embeddable":true,"href":"https:\/\/e-cupstone.hastastudio.com\/ua\/wp-json\/wp\/v2\/product_tag?post=985"}],"curies":[{"name":"wp","href":"https:\/\/api.w.org\/{rel}","templated":true}]}}