{"id":984,"date":"2024-08-01T15:55:03","date_gmt":"2024-08-01T15:55:03","guid":{"rendered":"https:\/\/e-cupstone.hastastudio.com\/?post_type=product&#038;p=984"},"modified":"2024-09-21T17:05:04","modified_gmt":"2024-09-21T17:05:04","slug":"kubek-nikol-z-uchwytem","status":"publish","type":"product","link":"https:\/\/e-cupstone.hastastudio.com\/ua\/produkt\/kubek-nikol-z-uchwytem","title":{"rendered":"\u041a\u0440\u0443\u0436\u043a\u0430 \u041d\u0456\u043a\u043e\u043b\u044c \u0437 \u0440\u0443\u0447\u043a\u043e\u044e"},"content":{"rendered":"<div class=\"resetcss\">\r\n<div class=\"resetcss\">\r\n<h3 class=\"wp-block-heading\">Przedstawiamy form\u0119 silikonow\u0105 o nazwie &#8222;Nikol&#8221; z korpusem oraz pokryw\u0105 z uchwytem, wykonan\u0105 z silikonu wysokiej jako\u015bci. Jest idealna do tworzenia wyrob\u00f3w z gipsu i betonu.<br \/>\u0426\u044f \u0444\u043e\u0440\u043c\u0430 \u0441\u0442\u0432\u043e\u0440\u0435\u043d\u0430 \u0437 \u043c\u0456\u0446\u043d\u043e\u0433\u043e \u0456 \u0433\u043d\u0443\u0447\u043a\u043e\u0433\u043e \u0441\u0438\u043b\u0456\u043a\u043e\u043d\u0443, \u0449\u043e \u0434\u043e\u0437\u0432\u043e\u043b\u044f\u0454 \u0431\u0435\u0437 \u043f\u0440\u043e\u0431\u043b\u0435\u043c \u0432\u0438\u0442\u044f\u0433\u0443\u0432\u0430\u0442\u0438 \u0433\u043e\u0442\u043e\u0432\u0438\u0439 \u0432\u0438\u0440\u0456\u0431 \u0437 \u0444\u043e\u0440\u043c\u0438. \u0422\u0435\u043c\u043f\u0435\u0440\u0430\u0442\u0443\u0440\u043d\u0438\u0439 \u0434\u0456\u0430\u043f\u0430\u0437\u043e\u043d, \u0432 \u044f\u043a\u043e\u043c\u0443 \u0432\u043e\u043d\u0430 \u043c\u043e\u0436\u0435 \u0432\u0438\u043a\u043e\u0440\u0438\u0441\u0442\u043e\u0432\u0443\u0432\u0430\u0442\u0438\u0441\u044f, \u0441\u0442\u0430\u043d\u043e\u0432\u0438\u0442\u044c \u0432\u0456\u0434 -60\u00b0C \u0434\u043e +250\u00b0C.<br \/>\u0414\u043e \u043a\u043e\u043c\u043f\u043b\u0435\u043a\u0442\u0443 \u0432\u0445\u043e\u0434\u0438\u0442\u044c \u043a\u043e\u0440\u043f\u0443\u0441, \u0432\u0438\u0433\u043e\u0442\u043e\u0432\u043b\u0435\u043d\u0438\u0439 \u0437 \u043f\u043b\u0430\u0441\u0442\u0438\u043a\u043e\u0432\u043e\u0433\u043e \u0442\u0440\u0438\u043c\u0430\u0447\u0430, \u043d\u0430\u0434\u0440\u0443\u043a\u043e\u0432\u0430\u043d\u043e\u0433\u043e \u043d\u0430 3D-\u043f\u0440\u0438\u043d\u0442\u0435\u0440\u0456. \u0426\u044f \u0434\u0435\u0442\u0430\u043b\u044c \u0434\u043e\u043f\u043e\u043c\u0430\u0433\u0430\u0454 \u0443\u0442\u0440\u0438\u043c\u0443\u0432\u0430\u0442\u0438 \u0441\u0442\u0456\u043d\u043a\u0438 \u0441\u0438\u043b\u0456\u043a\u043e\u043d\u043e\u0432\u043e\u0457 \u0444\u043e\u0440\u043c\u0438 \u0437\u0437\u043e\u0432\u043d\u0456, \u0434\u043e\u0437\u0432\u043e\u043b\u044f\u044e\u0447\u0438 \u043c\u0430\u0442\u0435\u0440\u0456\u0430\u043b\u0443 \u0440\u0456\u0432\u043d\u043e\u043c\u0456\u0440\u043d\u043e \u0440\u043e\u0437\u043f\u043e\u0434\u0456\u043b\u044f\u0442\u0438\u0441\u044f \u0432\u0441\u0435\u0440\u0435\u0434\u0438\u043d\u0456 \u0444\u043e\u0440\u043c\u0438. \u0412 \u0440\u0435\u0437\u0443\u043b\u044c\u0442\u0430\u0442\u0456 \u0432\u0430\u0448 \u0433\u043e\u0442\u043e\u0432\u0438\u0439 \u0432\u0438\u0440\u0456\u0431 \u0431\u0443\u0434\u0435 \u043c\u0430\u043a\u0441\u0438\u043c\u0430\u043b\u044c\u043d\u043e \u0440\u0456\u0432\u043d\u0438\u043c.<br \/>\u0420\u043e\u0437\u043c\u0456\u0440\u0438 \u0433\u043e\u0442\u043e\u0432\u043e\u0433\u043e \u0432\u0438\u0440\u043e\u0431\u0443:<\/h3>\r\n<ul>\r\n<li>\u0412\u0438\u0441\u043e\u0442\u0430 \u0447\u0430\u0448\u043a\u0438: 73 \u043c\u043c<\/li>\r\n<li>\u0417\u043e\u0432\u043d\u0456\u0448\u043d\u0456\u0439 \u0434\u0456\u0430\u043c\u0435\u0442\u0440 \u0447\u0430\u0448\u043a\u0438: 75 \u043c\u043c<\/li>\r\n<li>\u0412\u043d\u0443\u0442\u0440\u0456\u0448\u043d\u0456\u0439 \u0434\u0456\u0430\u043c\u0435\u0442\u0440 \u0447\u0430\u0448\u043a\u0438: 61 \u043c\u043c<\/li>\r\n<li>\u0413\u043b\u0438\u0431\u0438\u043d\u0430 \u0447\u0430\u0448\u043a\u0438: 63 \u043c\u043c<\/li>\r\n<li>\u0422\u043e\u0432\u0449\u0438\u043d\u0430 \u0441\u0442\u0456\u043d\u043e\u043a \u0447\u0430\u0448\u043a\u0438: 7 \u043c\u043c<\/li>\r\n<li>\u0412\u0438\u0441\u043e\u0442\u0430 \u043e\u0441\u043d\u043e\u0432\u0438: 3,5 \u043c\u043c<\/li>\r\n<li>\u0404\u043c\u043d\u0456\u0441\u0442\u044c \u0434\u043b\u044f \u0432\u043e\u0441\u043a\u0443: 150 \u0433\u0440\u0430\u043c\u0456\u0432<\/li>\r\n<\/ul>\r\n<h3>\u041f\u0440\u0438\u043a\u0440\u0438\u0439:<\/h3>\r\n<ul>\r\n<li>\u0422\u043e\u0432\u0449\u0438\u043d\u0430 \u043a\u0440\u0438\u0448\u043a\u0438: 7 \u043c\u043c<\/li>\r\n<li>\u0423\u0432\u0456\u0433\u043d\u0443\u0442\u0456\u0441\u0442\u044c: \u0434\u043e 4 \u043c\u043c<\/li>\r\n<\/ul>\r\n<h3>\u041a\u0440\u0438\u0448\u043a\u0430 \u0437 \u043a\u0440\u0443\u0433\u043b\u043e\u044e \u0440\u0443\u0447\u043a\u043e\u044e:<\/h3>\r\n<ul>\r\n<li>\u0422\u043e\u0432\u0449\u0438\u043d\u0430 \u043a\u0440\u0438\u0448\u043a\u0438: 7 \u043c\u043c<\/li>\r\n<li>\u0412\u0438\u0441\u043e\u0442\u0430 \u043a\u043e\u043b\u0430 \u0440\u0443\u0447\u043a\u0438: 14 \u043c\u043c<\/li>\r\n<li>\u0422\u043e\u0432\u0449\u0438\u043d\u0430 \u043a\u043e\u043b\u0430 \u0440\u0443\u0447\u043a\u0438: 5 \u043c\u043c<\/li>\r\n<li>\u0423\u0432\u0456\u0433\u043d\u0443\u0442\u0456\u0441\u0442\u044c: \u0434\u043e 4 \u043c\u043c<\/li>\r\n<\/ul>\r\n<\/div>\r\n<\/div>","protected":false},"excerpt":{"rendered":"<p>Przedstawiamy form\u0119 silikonow\u0105 o nazwie &#8222;Nikol&#8221; z korpusem oraz pokryw\u0105 z uchwytem, wykonan\u0105 z silikonu wysokiej jako\u015bci. Jest idealna do tworzenia wyrob\u00f3w z gipsu i betonu.Ta forma zosta\u0142a stworzona z wytrzyma\u0142ego i elastycznego silikonu, co umo\u017cliwia bezproblemowe wyjmowanie gotowego wyrobu z formy. Zakres temperatury, w jakim mo\u017cna j\u0105 stosowa\u0107, mie\u015bci si\u0119 w przedziale od -60\u00b0C [&hellip;]<\/p>","protected":false},"featured_media":983,"comment_status":"open","ping_status":"closed","template":"","meta":{"_acf_changed":false},"product_brand":[],"product_cat":[33],"product_tag":[],"class_list":{"0":"post-984","1":"product","2":"type-product","3":"status-publish","4":"has-post-thumbnail","6":"product_cat-formy-silikonowe","8":"first","9":"instock","10":"taxable","11":"shipping-taxable","12":"purchasable","13":"product-type-simple"},"acf":[],"_links":{"self":[{"href":"https:\/\/e-cupstone.hastastudio.com\/ua\/wp-json\/wp\/v2\/product\/984","targetHints":{"allow":["GET"]}}],"collection":[{"href":"https:\/\/e-cupstone.hastastudio.com\/ua\/wp-json\/wp\/v2\/product"}],"about":[{"href":"https:\/\/e-cupstone.hastastudio.com\/ua\/wp-json\/wp\/v2\/types\/product"}],"replies":[{"embeddable":true,"href":"https:\/\/e-cupstone.hastastudio.com\/ua\/wp-json\/wp\/v2\/comments?post=984"}],"wp:featuredmedia":[{"embeddable":true,"href":"https:\/\/e-cupstone.hastastudio.com\/ua\/wp-json\/wp\/v2\/media\/983"}],"wp:attachment":[{"href":"https:\/\/e-cupstone.hastastudio.com\/ua\/wp-json\/wp\/v2\/media?parent=984"}],"wp:term":[{"taxonomy":"product_brand","embeddable":true,"href":"https:\/\/e-cupstone.hastastudio.com\/ua\/wp-json\/wp\/v2\/product_brand?post=984"},{"taxonomy":"product_cat","embeddable":true,"href":"https:\/\/e-cupstone.hastastudio.com\/ua\/wp-json\/wp\/v2\/product_cat?post=984"},{"taxonomy":"product_tag","embeddable":true,"href":"https:\/\/e-cupstone.hastastudio.com\/ua\/wp-json\/wp\/v2\/product_tag?post=984"}],"curies":[{"name":"wp","href":"https:\/\/api.w.org\/{rel}","templated":true}]}}