{"id":961,"date":"2024-08-01T15:47:15","date_gmt":"2024-08-01T15:47:15","guid":{"rendered":"https:\/\/e-cupstone.hastastudio.com\/?post_type=product&#038;p=961"},"modified":"2024-09-21T17:03:07","modified_gmt":"2024-09-21T17:03:07","slug":"kubek-iluzja-2","status":"publish","type":"product","link":"https:\/\/e-cupstone.hastastudio.com\/ua\/produkt\/kubek-iluzja-2","title":{"rendered":"\u0406\u043b\u044e\u0437\u0456\u0439\u043d\u0438\u0439 \u043a\u0443\u0445\u043e\u043b\u044c 2"},"content":{"rendered":"<div class=\"resetcss\">\r\n<div class=\"resetcss\">\r\n<h3 class=\"wp-block-heading\">Przedstawiamy Pa\u0144stwu form\u0119 silikonow\u0105 &#8222;Iluzja&#8221;, wykonan\u0105 z najwy\u017cszej jako\u015bci silikonu. W zestawie znajduje si\u0119 korpus oraz pokrywka, kt\u00f3ra posiada elegancki, okr\u0105g\u0142y uchwyt. Forma ta jest idealna do tworzenia precyzyjnych element\u00f3w z gipsu lub betonu.<br \/>\u0421\u0438\u043b\u0456\u043a\u043e\u043d, \u0437 \u044f\u043a\u043e\u0433\u043e \u0432\u0438\u0433\u043e\u0442\u043e\u0432\u043b\u0435\u043d\u0430 \u0446\u044f \u0444\u043e\u0440\u043c\u0430, \u0445\u0430\u0440\u0430\u043a\u0442\u0435\u0440\u0438\u0437\u0443\u0454\u0442\u044c\u0441\u044f \u043c\u0456\u0446\u043d\u0456\u0441\u0442\u044e \u0442\u0430 \u0433\u043d\u0443\u0447\u043a\u0456\u0441\u0442\u044e, \u0449\u043e \u0434\u043e\u0437\u0432\u043e\u043b\u044f\u0454 \u0437\u0440\u0443\u0447\u043d\u043e \u0432\u0438\u0439\u043c\u0430\u0442\u0438 \u0433\u043e\u0442\u043e\u0432\u0456 \u0432\u0438\u0440\u043e\u0431\u0438 \u0437 \u0444\u043e\u0440\u043c\u0438. \u0412\u0438\u043a\u043e\u0440\u0438\u0441\u0442\u043e\u0432\u0443\u0432\u0430\u0442\u0438 \u0457\u0457 \u043c\u043e\u0436\u043d\u0430 \u043f\u0440\u0438 \u0442\u0435\u043c\u043f\u0435\u0440\u0430\u0442\u0443\u0440\u0456 \u0432\u0456\u0434 -60\u00b0C \u0434\u043e +250\u00b0C.<br \/>\u0414\u043e \u043a\u043e\u043c\u043f\u043b\u0435\u043a\u0442\u0443 \u0432\u0445\u043e\u0434\u0438\u0442\u044c \u043a\u043e\u0440\u043f\u0443\u0441, \u044f\u043a\u0438\u0439 \u044f\u0432\u043b\u044f\u0454 \u0441\u043e\u0431\u043e\u044e \u043f\u043b\u0430\u0441\u0442\u0438\u043a\u043e\u0432\u0438\u0439 \u0442\u0440\u0438\u043c\u0430\u0447, \u0432\u0438\u0433\u043e\u0442\u043e\u0432\u043b\u0435\u043d\u0438\u0439 \u0437\u0430 \u0434\u043e\u043f\u043e\u043c\u043e\u0433\u043e\u044e 3D-\u0434\u0440\u0443\u043a\u0443. \u0426\u0435\u0439 \u0456\u043d\u043d\u043e\u0432\u0430\u0446\u0456\u0439\u043d\u0438\u0439 \u0442\u0440\u0438\u043c\u0430\u0447 \u0443\u0442\u0440\u0438\u043c\u0443\u0454 \u0441\u0442\u0456\u043d\u043a\u0438 \u0441\u0438\u043b\u0456\u043a\u043e\u043d\u043e\u0432\u043e\u0457 \u0444\u043e\u0440\u043c\u0438 \u0437\u0437\u043e\u0432\u043d\u0456, \u0433\u0430\u0440\u0430\u043d\u0442\u0443\u044e\u0447\u0438 \u0440\u0456\u0432\u043d\u043e\u043c\u0456\u0440\u043d\u0438\u0439 \u0440\u043e\u0437\u043f\u043e\u0434\u0456\u043b \u043c\u0430\u0442\u0435\u0440\u0456\u0430\u043b\u0443 \u0432\u0441\u0435\u0440\u0435\u0434\u0438\u043d\u0456 \u0444\u043e\u0440\u043c\u0438. \u0412 \u0440\u0435\u0437\u0443\u043b\u044c\u0442\u0430\u0442\u0456, \u043a\u0456\u043d\u0446\u0435\u0432\u0438\u0439 \u043f\u0440\u043e\u0434\u0443\u043a\u0442 \u0431\u0443\u0434\u0435 \u0445\u0430\u0440\u0430\u043a\u0442\u0435\u0440\u0438\u0437\u0443\u0432\u0430\u0442\u0438\u0441\u044f \u043c\u0430\u043a\u0441\u0438\u043c\u0430\u043b\u044c\u043d\u043e\u044e \u0440\u0456\u0432\u043d\u0456\u0441\u0442\u044e \u0456 \u0442\u043e\u0447\u043d\u0456\u0441\u0442\u044e.<br \/>Wymiary gotowego wyrobu z formy &#8222;Iluzja&#8221; prezentuj\u0105 si\u0119 nast\u0119puj\u0105co:<br \/>\u041a\u0440\u0443\u0436\u043a\u0430:<\/h3>\r\n<ul>\r\n<li>\u041d\u0430\u0439\u0448\u0438\u0440\u0448\u0438\u0439 \u0434\u0456\u0430\u043c\u0435\u0442\u0440: 90 \u043c\u043c<\/li>\r\n<li>\u0417\u043e\u0432\u043d\u0456\u0448\u043d\u0456\u0439 \u0434\u0456\u0430\u043c\u0435\u0442\u0440 \u0447\u0430\u0448\u043a\u0438: 75 \u043c\u043c<\/li>\r\n<li>\u0412\u043d\u0443\u0442\u0440\u0456\u0448\u043d\u0456\u0439 \u0434\u0456\u0430\u043c\u0435\u0442\u0440 \u0447\u0430\u0448\u0456: 65 \u043c\u043c<\/li>\r\n<li>\u0412\u0438\u0441\u043e\u0442\u0430: 75 \u043c\u043c<\/li>\r\n<li>\u0413\u043b\u0438\u0431\u0438\u043d\u0430: 65 \u043c\u043c<\/li>\r\n<li>\u0404\u043c\u043d\u0456\u0441\u0442\u044c \u0434\u043b\u044f \u0432\u043e\u0441\u043a\u0443: 170 \u0433\u0440\u0430\u043c\u0456\u0432<\/li>\r\n<\/ul>\r\n<h3>\u041f\u0440\u0438\u043a\u0440\u0438\u0439:<\/h3>\r\n<ul>\r\n<li>\u0414\u0456\u0430\u043c\u0435\u0442\u0440: 73 \u043c\u043c<\/li>\r\n<li>\u0412\u0438\u0441\u043e\u0442\u0430 \u0437 \u043a\u0440\u0443\u0433\u043b\u043e\u044e \u0440\u0443\u0447\u043a\u043e\u044e: 21 \u043c\u043c<\/li>\r\n<\/ul>\r\n<h3>Ta forma &#8222;Iluzja&#8221; stanowi idealne narz\u0119dzie do kreowania wyj\u0105tkowych projekt\u00f3w, kt\u00f3re zachwyc\u0105 swoj\u0105 estetyk\u0105 i dok\u0142adno\u015bci\u0105 wykonania.<\/h3>\r\n<\/div>\r\n<\/div>","protected":false},"excerpt":{"rendered":"<p>Przedstawiamy Pa\u0144stwu form\u0119 silikonow\u0105 &#8222;Iluzja&#8221;, wykonan\u0105 z najwy\u017cszej jako\u015bci silikonu. W zestawie znajduje si\u0119 korpus oraz pokrywka, kt\u00f3ra posiada elegancki, okr\u0105g\u0142y uchwyt. Forma ta jest idealna do tworzenia precyzyjnych element\u00f3w z gipsu lub betonu.Silikon, z kt\u00f3rego wykonana jest ta forma, charakteryzuje si\u0119 wytrzyma\u0142o\u015bci\u0105 oraz elastyczno\u015bci\u0105, co umo\u017cliwia wygodne wyjmowanie gotowych wyrob\u00f3w z formy. Mo\u017cesz u\u017cywa\u0107 [&hellip;]<\/p>","protected":false},"featured_media":964,"comment_status":"open","ping_status":"closed","template":"","meta":{"_acf_changed":false},"product_brand":[],"product_cat":[33],"product_tag":[],"class_list":{"0":"post-961","1":"product","2":"type-product","3":"status-publish","4":"has-post-thumbnail","6":"product_cat-formy-silikonowe","8":"first","9":"instock","10":"taxable","11":"shipping-taxable","12":"purchasable","13":"product-type-simple"},"acf":[],"_links":{"self":[{"href":"https:\/\/e-cupstone.hastastudio.com\/ua\/wp-json\/wp\/v2\/product\/961","targetHints":{"allow":["GET"]}}],"collection":[{"href":"https:\/\/e-cupstone.hastastudio.com\/ua\/wp-json\/wp\/v2\/product"}],"about":[{"href":"https:\/\/e-cupstone.hastastudio.com\/ua\/wp-json\/wp\/v2\/types\/product"}],"replies":[{"embeddable":true,"href":"https:\/\/e-cupstone.hastastudio.com\/ua\/wp-json\/wp\/v2\/comments?post=961"}],"wp:featuredmedia":[{"embeddable":true,"href":"https:\/\/e-cupstone.hastastudio.com\/ua\/wp-json\/wp\/v2\/media\/964"}],"wp:attachment":[{"href":"https:\/\/e-cupstone.hastastudio.com\/ua\/wp-json\/wp\/v2\/media?parent=961"}],"wp:term":[{"taxonomy":"product_brand","embeddable":true,"href":"https:\/\/e-cupstone.hastastudio.com\/ua\/wp-json\/wp\/v2\/product_brand?post=961"},{"taxonomy":"product_cat","embeddable":true,"href":"https:\/\/e-cupstone.hastastudio.com\/ua\/wp-json\/wp\/v2\/product_cat?post=961"},{"taxonomy":"product_tag","embeddable":true,"href":"https:\/\/e-cupstone.hastastudio.com\/ua\/wp-json\/wp\/v2\/product_tag?post=961"}],"curies":[{"name":"wp","href":"https:\/\/api.w.org\/{rel}","templated":true}]}}