{"id":947,"date":"2024-08-01T15:41:08","date_gmt":"2024-08-01T15:41:08","guid":{"rendered":"https:\/\/e-cupstone.hastastudio.com\/?post_type=product&#038;p=947"},"modified":"2024-09-21T17:04:29","modified_gmt":"2024-09-21T17:04:29","slug":"etna","status":"publish","type":"product","link":"https:\/\/e-cupstone.hastastudio.com\/ua\/produkt\/etna","title":{"rendered":"\u0415\u0442\u043d\u0430"},"content":{"rendered":"<div class=\"resetcss\">\r\n<div class=\"resetcss\">\r\n<h3 class=\"wp-block-heading\">Przedstawiamy form\u0119 silikonow\u0105 o nazwie &#8222;Etna&#8221;, wykonan\u0105 z wysokiej jako\u015bci silikonu. Doskonale sprawdzi si\u0119 do tworzenia wyrob\u00f3w z gipsu i betonu.<br \/>\u0426\u044f \u0444\u043e\u0440\u043c\u0430 \u0441\u0442\u0432\u043e\u0440\u0435\u043d\u0430 \u0437 \u043c\u0456\u0446\u043d\u043e\u0433\u043e \u0456 \u0433\u043d\u0443\u0447\u043a\u043e\u0433\u043e \u0441\u0438\u043b\u0456\u043a\u043e\u043d\u0443, \u0449\u043e \u0437\u0430\u0431\u0435\u0437\u043f\u0435\u0447\u0443\u0454 \u043b\u0435\u0433\u043a\u0435 \u0432\u0438\u0439\u043c\u0430\u043d\u043d\u044f \u0433\u043e\u0442\u043e\u0432\u043e\u0433\u043e \u0432\u0438\u0440\u043e\u0431\u0443 \u0437 \u0444\u043e\u0440\u043c\u0438. \u0412\u0438 \u043c\u043e\u0436\u0435\u0442\u0435 \u0432\u0438\u043a\u043e\u0440\u0438\u0441\u0442\u043e\u0432\u0443\u0432\u0430\u0442\u0438 \u0457\u0457 \u0432 \u0434\u0456\u0430\u043f\u0430\u0437\u043e\u043d\u0456 \u0442\u0435\u043c\u043f\u0435\u0440\u0430\u0442\u0443\u0440 \u0432\u0456\u0434 -60\u00b0C \u0434\u043e +250\u00b0C.<br \/>\u0420\u043e\u0437\u043c\u0456\u0440\u0438 \u0433\u043e\u0442\u043e\u0432\u043e\u0433\u043e \u0432\u0438\u0440\u043e\u0431\u0443:<\/h3>\r\n<ul>\r\n<li>\u0412\u0438\u0441\u043e\u0442\u0430: 55 \u043c\u043c<\/li>\r\n<li>\u0412\u043d\u0443\u0442\u0440\u0456\u0448\u043d\u0456\u0439 \u0434\u0456\u0430\u043c\u0435\u0442\u0440: 57 \u043c\u043c<\/li>\r\n<li>\u0417\u043e\u0432\u043d\u0456\u0448\u043d\u0456\u0439 \u0434\u0456\u0430\u043c\u0435\u0442\u0440 \u0443 \u0432\u0435\u0440\u0445\u043d\u0456\u0439 \u0447\u0430\u0441\u0442\u0438\u043d\u0456: 69 \u043c\u043c<\/li>\r\n<li>\u0417\u043e\u0432\u043d\u0456\u0448\u043d\u0456\u0439 \u0434\u0456\u0430\u043c\u0435\u0442\u0440 \u043f\u043e \u0434\u043d\u0443: 78 \u043c\u043c<\/li>\r\n<li>\u0413\u043b\u0438\u0431\u0438\u043d\u0430: 48 \u043c\u043c<\/li>\r\n<li>\u0428\u0438\u0440\u0438\u043d\u0430 \u0441\u0442\u0456\u043d\u043a\u0438: 6 \u043c\u043c<\/li>\r\n<li>\u0404\u043c\u043d\u0456\u0441\u0442\u044c \u0434\u043b\u044f \u0432\u043e\u0441\u043a\u0443: 95 \u0433\u0440\u0430\u043c\u0456\u0432<\/li>\r\n<\/ul>\r\n<\/div>\r\n<div class=\"productfiles\">\u00a0<\/div>\r\n<\/div>","protected":false},"excerpt":{"rendered":"<p>Przedstawiamy form\u0119 silikonow\u0105 o nazwie &#8222;Etna&#8221;, wykonan\u0105 z wysokiej jako\u015bci silikonu. Doskonale sprawdzi si\u0119 do tworzenia wyrob\u00f3w z gipsu i betonu.Ta forma zosta\u0142a stworzona z wytrzyma\u0142ego i elastycznego silikonu, kt\u00f3ry zapewnia \u0142atwe wyjmowanie gotowego wyrobu z formy. Mo\u017cesz jej u\u017cywa\u0107 w zakresie temperatur od -60\u00b0C do +250\u00b0C.Wymiary gotowego wyrobu to: Wysoko\u015b\u0107: 55 mm Wewn\u0119trzna \u015brednica: [&hellip;]<\/p>","protected":false},"featured_media":953,"comment_status":"open","ping_status":"closed","template":"","meta":{"_acf_changed":false},"product_brand":[],"product_cat":[33],"product_tag":[],"class_list":{"0":"post-947","1":"product","2":"type-product","3":"status-publish","4":"has-post-thumbnail","6":"product_cat-formy-silikonowe","8":"first","9":"instock","10":"taxable","11":"shipping-taxable","12":"purchasable","13":"product-type-simple"},"acf":[],"_links":{"self":[{"href":"https:\/\/e-cupstone.hastastudio.com\/ua\/wp-json\/wp\/v2\/product\/947","targetHints":{"allow":["GET"]}}],"collection":[{"href":"https:\/\/e-cupstone.hastastudio.com\/ua\/wp-json\/wp\/v2\/product"}],"about":[{"href":"https:\/\/e-cupstone.hastastudio.com\/ua\/wp-json\/wp\/v2\/types\/product"}],"replies":[{"embeddable":true,"href":"https:\/\/e-cupstone.hastastudio.com\/ua\/wp-json\/wp\/v2\/comments?post=947"}],"wp:featuredmedia":[{"embeddable":true,"href":"https:\/\/e-cupstone.hastastudio.com\/ua\/wp-json\/wp\/v2\/media\/953"}],"wp:attachment":[{"href":"https:\/\/e-cupstone.hastastudio.com\/ua\/wp-json\/wp\/v2\/media?parent=947"}],"wp:term":[{"taxonomy":"product_brand","embeddable":true,"href":"https:\/\/e-cupstone.hastastudio.com\/ua\/wp-json\/wp\/v2\/product_brand?post=947"},{"taxonomy":"product_cat","embeddable":true,"href":"https:\/\/e-cupstone.hastastudio.com\/ua\/wp-json\/wp\/v2\/product_cat?post=947"},{"taxonomy":"product_tag","embeddable":true,"href":"https:\/\/e-cupstone.hastastudio.com\/ua\/wp-json\/wp\/v2\/product_tag?post=947"}],"curies":[{"name":"wp","href":"https:\/\/api.w.org\/{rel}","templated":true}]}}