{"id":934,"date":"2024-08-01T15:40:41","date_gmt":"2024-08-01T15:40:41","guid":{"rendered":"https:\/\/e-cupstone.hastastudio.com\/?post_type=product&#038;p=934"},"modified":"2024-09-23T23:25:26","modified_gmt":"2024-09-23T23:25:26","slug":"barwniki-neonowe-uniwersalne","status":"publish","type":"product","link":"https:\/\/e-cupstone.hastastudio.com\/ua\/produkt\/barwniki-neonowe-uniwersalne","title":{"rendered":"\u041d\u0435\u043e\u043d\u043e\u0432\u0456 \u0431\u0430\u0440\u0432\u043d\u0438\u043a\u0438 (\u0443\u043d\u0456\u0432\u0435\u0440\u0441\u0430\u043b\u044c\u043d\u0456)"},"content":{"rendered":"<div class=\"resetcss\">\r\n<div class=\"resetcss\">\r\n<div class=\"resetcss\">\r\n<p>Przedstawiamy wyj\u0105tkowe pigmenty w formie p\u0142ynnej, kt\u00f3re roz\u015bwietl\u0105 Twoje projekty swoim intensywnym blaskiem neonowych barw. W palecie znajdziesz niebieski, zielony, \u017c\u00f3\u0142ty, r\u00f3\u017cowy,\u00a0oran\u017c i czerwony &#8211; ka\u017cdy odcie\u0144 emanuje energi\u0105 i inspiracj\u0105, nadaj\u0105c Twoim wyrobom niezapomniany wygl\u0105d.<br \/><strong>\u041f\u0435\u0440\u0435\u0434 \u0437\u0430\u0441\u0442\u043e\u0441\u0443\u0432\u0430\u043d\u043d\u044f\u043c \u0440\u0435\u0442\u0435\u043b\u044c\u043d\u043e \u043f\u0435\u0440\u0435\u043c\u0456\u0448\u0430\u0442\u0438!<\/strong><\/p>\r\n<div style=\"display: flex;\"><img loading=\"lazy\" decoding=\"async\" class=\"alignnone wp-image-957 size-medium\" src=\"https:\/\/e-cupstone.hastastudio.com\/wp-content\/uploads\/2024\/08\/Pigmenty-nieonowe_2-300x300.jpg\" alt=\"\u041d\u0435\u0456\u043e\u043d\u043d\u0456 \u043f\u0456\u0433\u043c\u0435\u043d\u0442\u0438_2.jpg\" width=\"300\" height=\"300\" srcset=\"https:\/\/e-cupstone.hastastudio.com\/wp-content\/uploads\/2024\/08\/Pigmenty-nieonowe_2-300x300.jpg 300w, https:\/\/e-cupstone.hastastudio.com\/wp-content\/uploads\/2024\/08\/Pigmenty-nieonowe_2-1024x1024.jpg 1024w, https:\/\/e-cupstone.hastastudio.com\/wp-content\/uploads\/2024\/08\/Pigmenty-nieonowe_2-150x150.jpg 150w, https:\/\/e-cupstone.hastastudio.com\/wp-content\/uploads\/2024\/08\/Pigmenty-nieonowe_2-768x768.jpg 768w, https:\/\/e-cupstone.hastastudio.com\/wp-content\/uploads\/2024\/08\/Pigmenty-nieonowe_2-600x600.jpg 600w, https:\/\/e-cupstone.hastastudio.com\/wp-content\/uploads\/2024\/08\/Pigmenty-nieonowe_2-100x100.jpg 100w, https:\/\/e-cupstone.hastastudio.com\/wp-content\/uploads\/2024\/08\/Pigmenty-nieonowe_2-50x50.jpg 50w, https:\/\/e-cupstone.hastastudio.com\/wp-content\/uploads\/2024\/08\/Pigmenty-nieonowe_2-64x64.jpg 64w, https:\/\/e-cupstone.hastastudio.com\/wp-content\/uploads\/2024\/08\/Pigmenty-nieonowe_2.jpg 1280w\" sizes=\"auto, (max-width: 300px) 100vw, 300px\" \/><img loading=\"lazy\" decoding=\"async\" class=\"alignnone size-medium wp-image-958\" src=\"https:\/\/e-cupstone.hastastudio.com\/wp-content\/uploads\/2024\/08\/Taca-SnowCast-pigmenty-neonowe-ecupstone-300x300.jpg\" alt=\"\u041b\u043e\u0442\u043e\u043a SnowCast + \u043d\u0435\u043e\u043d\u043e\u0432\u0456 \u043f\u0456\u0433\u043c\u0435\u043d\u0442\u0438 ecupstone.jpg\" width=\"300\" height=\"300\" srcset=\"https:\/\/e-cupstone.hastastudio.com\/wp-content\/uploads\/2024\/08\/Taca-SnowCast-pigmenty-neonowe-ecupstone-300x300.jpg 300w, https:\/\/e-cupstone.hastastudio.com\/wp-content\/uploads\/2024\/08\/Taca-SnowCast-pigmenty-neonowe-ecupstone-150x150.jpg 150w, https:\/\/e-cupstone.hastastudio.com\/wp-content\/uploads\/2024\/08\/Taca-SnowCast-pigmenty-neonowe-ecupstone-768x768.jpg 768w, https:\/\/e-cupstone.hastastudio.com\/wp-content\/uploads\/2024\/08\/Taca-SnowCast-pigmenty-neonowe-ecupstone-600x600.jpg 600w, https:\/\/e-cupstone.hastastudio.com\/wp-content\/uploads\/2024\/08\/Taca-SnowCast-pigmenty-neonowe-ecupstone-100x100.jpg 100w, https:\/\/e-cupstone.hastastudio.com\/wp-content\/uploads\/2024\/08\/Taca-SnowCast-pigmenty-neonowe-ecupstone-50x50.jpg 50w, https:\/\/e-cupstone.hastastudio.com\/wp-content\/uploads\/2024\/08\/Taca-SnowCast-pigmenty-neonowe-ecupstone-64x64.jpg 64w, https:\/\/e-cupstone.hastastudio.com\/wp-content\/uploads\/2024\/08\/Taca-SnowCast-pigmenty-neonowe-ecupstone.jpg 861w\" sizes=\"auto, (max-width: 300px) 100vw, 300px\" \/><\/div>\r\n<h4 class=\"wp-block-heading\">\u041a\u043b\u044e\u0447\u043e\u0432\u0456 \u0430\u0442\u0440\u0438\u0431\u0443\u0442\u0438:<\/h4>\r\n<ul>\r\n<li><strong>\u0412\u0456\u0434\u0434\u0430\u043d\u0438\u0439:<\/strong>\u00a0\u0433\u0456\u043f\u0441\u00a0<a href=\"https:\/\/e-cupstone.hastastudio.com\/ua\/produkt\/%d0%bf%d0%be%d0%bb%d1%96%d0%bc%d0%b5%d1%80%d0%b3%d1%96%d0%bf%d1%81%d0%be%d0%b2%d0%b8%d0%b9-%d1%81%d0%bd%d1%96%d0%b3%d0%be%d0%bf%d0%b0%d0%b4-%d1%82%d0%b5%d1%80%d0%b0%d1%86%d1%86%d0%be\/\" target=\"_blank\" rel=\"noopener\">\u0421\u043d\u0456\u0433\u043e\u043f\u0430\u0434<\/a>,\u00a0<a href=\"https:\/\/e-cupstone.hastastudio.com\/ua\/produkt\/%d0%bf%d0%be%d0%bb%d1%96%d0%bc%d0%b5%d1%80%d0%b3%d1%96%d0%bf%d1%81%d0%be%d0%b2%d0%b8%d0%b9-%d0%b3%d0%b0%d0%bd%d0%b4%d0%b8%d0%ba%d0%b0%d0%bf-65%d0%bc%d0%bf%d0%b0\/\" target=\"_blank\" rel=\"noopener\">HandiCast<\/a>\u00a0i\u00a0<a href=\"https:\/\/e-cupstone.hastastudio.com\/ua\/produkt\/%d0%bf%d0%be%d0%bb%d1%96%d0%bc%d0%b5%d1%80%d0%bd%d0%b8%d0%b9-%d0%b3%d1%96%d0%bf%d1%81-%d0%ba%d0%b0%d0%bc%d1%8f%d0%bd%d0%b8%d0%b9-%d0%b1%d1%96%d0%ba%d0%be%d0%bc%d0%bf%d0%be%d0%bd%d0%b5%d0%bd%d1%82\/\" target=\"_blank\" rel=\"noopener\">A-STONE<\/a>\u0449\u043e \u0437\u0430\u0431\u0435\u0437\u043f\u0435\u0447\u0443\u0454 \u0432\u0456\u0434\u043c\u0456\u043d\u043d\u0443 \u0441\u0443\u043c\u0456\u0441\u043d\u0456\u0441\u0442\u044c.<\/li>\r\n<li><strong>\u041d\u0430\u0434\u0437\u0432\u0438\u0447\u0430\u0439\u043d\u043e \u0456\u043d\u0442\u0435\u043d\u0441\u0438\u0432\u043d\u0456 \u043a\u043e\u043b\u044c\u043e\u0440\u0438:<\/strong>\u00a0\u041d\u0435\u043e\u043d\u043e\u0432\u0456 \u043f\u0456\u0433\u043c\u0435\u043d\u0442\u0438 \u0434\u043e\u0437\u0432\u043e\u043b\u044f\u044e\u0442\u044c \u0434\u043e\u0441\u044f\u0433\u0442\u0438 \u0443\u043d\u0456\u043a\u0430\u043b\u044c\u043d\u043e\u0457 \u0456\u043d\u0442\u0435\u043d\u0441\u0438\u0432\u043d\u043e\u0441\u0442\u0456, \u0449\u043e\u0431 \u0432\u0438\u0434\u0456\u043b\u0438\u0442\u0438 \u0432\u0430\u0448\u0443 \u0440\u043e\u0431\u043e\u0442\u0443 \u0441\u0435\u0440\u0435\u0434 \u0456\u043d\u0448\u0438\u0445.<\/li>\r\n<li><strong>\u0417\u0430\u043f\u043e\u0431\u0456\u0433\u0430\u0442\u0438 \u0443\u0442\u0432\u043e\u0440\u0435\u043d\u043d\u044e \u043e\u0441\u0430\u0434\u0443:<\/strong>\u00a0\u041e\u0441\u043a\u0456\u043b\u044c\u043a\u0438 \u0432\u043e\u043d\u0438 \u0440\u0435\u0442\u0435\u043b\u044c\u043d\u043e \u0434\u0438\u0441\u043f\u0435\u0440\u0433\u043e\u0432\u0430\u043d\u0456, \u0432\u0430\u043c \u043d\u0435 \u0434\u043e\u0432\u0435\u0434\u0435\u0442\u044c\u0441\u044f \u0442\u0443\u0440\u0431\u0443\u0432\u0430\u0442\u0438\u0441\u044f \u043f\u0440\u043e \u043d\u0435\u0440\u0456\u0432\u043d\u043e\u043c\u0456\u0440\u043d\u0435 \u0437\u0430\u0431\u0430\u0440\u0432\u043b\u0435\u043d\u043d\u044f \u043c\u0430\u0442\u0435\u0440\u0456\u0430\u043b\u0443.<\/li>\r\n<\/ul>\r\n<h4>\u0417\u0430\u044f\u0432\u043a\u0430:<\/h4>\r\n<ul>\r\n<li>\u0406\u0434\u0435\u0430\u043b\u044c\u043d\u043e \u043f\u0456\u0434\u0445\u043e\u0434\u0438\u0442\u044c \u0434\u043b\u044f \u0444\u0430\u0440\u0431\u0443\u0432\u0430\u043d\u043d\u044f \u0432\u0438\u0440\u043e\u0431\u0456\u0432 \u0437 \u043f\u043e\u043b\u0456\u043c\u0435\u0440\u043d\u043e\u0433\u043e \u0433\u0456\u043f\u0441\u0443, \u044f\u043a\u0456 \u043f\u043e\u0442\u0440\u0435\u0431\u0443\u044e\u0442\u044c \u0441\u043c\u0456\u043b\u0438\u0432\u0438\u0445 \u0456 \u0432\u0438\u0440\u0430\u0437\u043d\u0438\u0445 \u043a\u043e\u043b\u044c\u043e\u0440\u0456\u0432.<\/li>\r\n<li>\u0412\u043e\u043d\u0438 \u0442\u0430\u043a\u043e\u0436 \u043f\u0456\u0434\u0445\u043e\u0434\u044f\u0442\u044c \u0434\u043b\u044f \u0444\u0430\u0440\u0431\u0443\u0432\u0430\u043d\u043d\u044f \u043a\u0435\u0440\u0430\u043c\u0456\u0447\u043d\u043e\u0457 \u0448\u0442\u0443\u043a\u0430\u0442\u0443\u0440\u043a\u0438, \u0449\u043e\u0431 \u043d\u0430\u0434\u0430\u0442\u0438 \u0457\u0439 \u043d\u0435\u043e\u043d\u043e\u0432\u043e\u0433\u043e \u0435\u0444\u0435\u043a\u0442\u0443.<\/li>\r\n<\/ul>\r\n<h4>\u0412\u043b\u0430\u0441\u043d\u0456\u0441\u0442\u044c:<\/h4>\r\n<ul>\r\n<li><strong>\u041c\u0456\u0446\u043d\u0456 \u0442\u0430 \u0441\u0442\u0456\u0439\u043a\u0456 \u043a\u043e\u043b\u044c\u043e\u0440\u0438:<\/strong>\u00a0\u043d\u0435 \u043b\u0438\u0448\u0435 \u0456\u043d\u0442\u0435\u043d\u0441\u0438\u0432\u043d\u0456, \u0430\u043b\u0435 \u0439 \u0441\u0442\u0456\u0439\u043a\u0456 \u0434\u043e \u0432\u0438\u0446\u0432\u0456\u0442\u0430\u043d\u043d\u044f \u0442\u0430 \u0437\u043c\u0456\u043d\u0438 \u043a\u043e\u043b\u044c\u043e\u0440\u0443. \u0426\u0456 \u043f\u0456\u0433\u043c\u0435\u043d\u0442\u0438 \u043d\u0435 \u0432\u0438\u043f\u0440\u043e\u043c\u0456\u043d\u044e\u044e\u0442\u044c \u0441\u0432\u0456\u0442\u043b\u043e \u0432 \u0442\u0435\u043c\u0440\u044f\u0432\u0456 \u0456 \u043d\u0435 \u043c\u0430\u044e\u0442\u044c \u0444\u043e\u0441\u0444\u043e\u0440\u0435\u0441\u0446\u0435\u043d\u0442\u043d\u0438\u0445 \u0432\u043b\u0430\u0441\u0442\u0438\u0432\u043e\u0441\u0442\u0435\u0439, \u0430\u043b\u0435 \u043f\u0456\u0434 \u0432\u043f\u043b\u0438\u0432\u043e\u043c \u0443\u043b\u044c\u0442\u0440\u0430\u0444\u0456\u043e\u043b\u0435\u0442\u043e\u0432\u0438\u0445 \u043f\u0440\u043e\u043c\u0435\u043d\u0456\u0432 \u0432\u043e\u043d\u0438 \u0432\u0438\u0433\u043b\u044f\u0434\u0430\u044e\u0442\u044c \u043e\u0441\u043e\u0431\u043b\u0438\u0432\u043e \u0432\u0440\u0430\u0436\u0430\u044e\u0447\u0435.<\/li>\r\n<li><strong>\u0427\u0443\u0434\u043e\u0432\u0438\u0439 \u0440\u043e\u0437\u043f\u043e\u0434\u0456\u043b:<\/strong>\u00a0\u043f\u0456\u0433\u043c\u0435\u043d\u0442\u0438 \u0440\u0456\u0432\u043d\u043e\u043c\u0456\u0440\u043d\u043e \u0440\u043e\u0437\u043f\u043e\u0434\u0456\u043b\u0435\u043d\u0456 \u0432 \u043c\u0430\u0442\u0435\u0440\u0456\u0430\u043b\u0456, \u0449\u043e \u0437\u0430\u0431\u0435\u0437\u043f\u0435\u0447\u0443\u0454 \u0440\u0456\u0432\u043d\u043e\u043c\u0456\u0440\u043d\u0435 \u0437\u0430\u0431\u0430\u0440\u0432\u043b\u0435\u043d\u043d\u044f \u0432\u0438\u0440\u043e\u0431\u0456\u0432.<\/li>\r\n<li><strong>\u0414\u043e\u0437\u0443\u0432\u0430\u043d\u043d\u044f:<\/strong>\u00a0\u0422\u043e\u0447\u043d\u0435 \u0434\u043e\u0434\u0430\u0432\u0430\u043d\u043d\u044f \u043f\u0456\u0433\u043c\u0435\u043d\u0442\u0443 \u0434\u043e\u0437\u0432\u043e\u043b\u044f\u0454 \u043b\u0435\u0433\u043a\u043e \u0434\u043e\u0441\u044f\u0433\u0442\u0438 \u0431\u0430\u0436\u0430\u043d\u043e\u0433\u043e \u0435\u0444\u0435\u043a\u0442\u0443.<\/li>\r\n<\/ul>\r\n<h4>\u0422\u0435\u0445\u043d\u0456\u0447\u043d\u0456 \u0445\u0430\u0440\u0430\u043a\u0442\u0435\u0440\u0438\u0441\u0442\u0438\u043a\u0438 \u0443\u043f\u0430\u043a\u043e\u0432\u043a\u0438:<\/h4>\r\n<ul>\r\n<li><strong>\u041f\u043e\u0442\u0435\u043d\u0446\u0456\u0430\u043b:<\/strong>\u00a030 \u043c\u043b<\/li>\r\n<li><strong>\u0412\u0430\u0433\u0430:<\/strong>\u00a00,03 \u043a\u0433<\/li>\r\n<\/ul>\r\n<h4>\u0406\u043d\u0441\u0442\u0440\u0443\u043a\u0446\u0456\u0457:<\/h4>\r\n<p>\u0414\u043e\u0434\u0430\u0439\u0442\u0435 2-4% \u043f\u0456\u0433\u043c\u0435\u043d\u0442\u043d\u043e\u0457 \u043c\u0430\u0441\u0438 \u0434\u043e \u043f\u043e\u043b\u0456\u043c\u0435\u0440\u043d\u043e\u0457 \u0448\u0442\u0443\u043a\u0430\u0442\u0443\u0440\u043a\u0438 \u0434\u043b\u044f \u0434\u043e\u0441\u044f\u0433\u043d\u0435\u043d\u043d\u044f \u0431\u0430\u0436\u0430\u043d\u043e\u0433\u043e \u0435\u0444\u0435\u043a\u0442\u0443. \u041f\u0430\u043c'\u044f\u0442\u0430\u0439\u0442\u0435, \u0449\u043e \u043c\u0430\u043a\u0441\u0438\u043c\u0430\u043b\u044c\u043d\u0430 \u0440\u0435\u043a\u043e\u043c\u0435\u043d\u0434\u043e\u0432\u0430\u043d\u0430 \u043a\u0456\u043b\u044c\u043a\u0456\u0441\u0442\u044c - 5%, \u0449\u043e\u0431 \u0443\u043d\u0438\u043a\u043d\u0443\u0442\u0438 \u043f\u043e\u0433\u0456\u0440\u0448\u0435\u043d\u043d\u044f \u0432\u043b\u0430\u0441\u0442\u0438\u0432\u043e\u0441\u0442\u0435\u0439 \u043c\u0430\u0442\u0435\u0440\u0456\u0430\u043b\u0443.<\/p>\r\n<p><img loading=\"lazy\" decoding=\"async\" class=\"alignnone wp-image-959\" src=\"https:\/\/e-cupstone.hastastudio.com\/wp-content\/uploads\/2024\/08\/Pigmenty-nieonowe_2-1024x822.png\" alt=\"\u041d\u0435\u0456\u043e\u043d\u043d\u0456 \u043f\u0456\u0433\u043c\u0435\u043d\u0442\u0438_2.png\" width=\"600\" height=\"482\" srcset=\"https:\/\/e-cupstone.hastastudio.com\/wp-content\/uploads\/2024\/08\/Pigmenty-nieonowe_2-1024x822.png 1024w, https:\/\/e-cupstone.hastastudio.com\/wp-content\/uploads\/2024\/08\/Pigmenty-nieonowe_2-300x241.png 300w, https:\/\/e-cupstone.hastastudio.com\/wp-content\/uploads\/2024\/08\/Pigmenty-nieonowe_2-768x617.png 768w, https:\/\/e-cupstone.hastastudio.com\/wp-content\/uploads\/2024\/08\/Pigmenty-nieonowe_2-1536x1233.png 1536w, https:\/\/e-cupstone.hastastudio.com\/wp-content\/uploads\/2024\/08\/Pigmenty-nieonowe_2-2048x1644.png 2048w, https:\/\/e-cupstone.hastastudio.com\/wp-content\/uploads\/2024\/08\/Pigmenty-nieonowe_2-600x482.png 600w, https:\/\/e-cupstone.hastastudio.com\/wp-content\/uploads\/2024\/08\/Pigmenty-nieonowe_2-64x51.png 64w\" sizes=\"auto, (max-width: 600px) 100vw, 600px\" \/><\/p>\r\n<h4>\u0421\u0445\u043e\u0432\u0438\u0449\u0435:<\/h4>\r\n<p>\u0417\u0431\u0435\u0440\u0456\u0433\u0430\u0439\u0442\u0435 \u0457\u0445 \u0443 \u0441\u0443\u0445\u043e\u043c\u0443, \u0437\u0430\u0445\u0438\u0449\u0435\u043d\u043e\u043c\u0443 \u0432\u0456\u0434 \u0441\u0432\u0456\u0442\u043b\u0430 \u043c\u0456\u0441\u0446\u0456, \u0437\u0430\u043a\u0440\u0438\u0442\u0438\u043c\u0438 \u0432 \u0443\u043f\u0430\u043a\u043e\u0432\u0446\u0456, \u043f\u0440\u0438 \u0442\u0435\u043c\u043f\u0435\u0440\u0430\u0442\u0443\u0440\u0456 10\u00b0C-22\u00b0C.<\/p>\r\n<h3>\u041d\u0430\u0433\u043e\u043b\u043e\u0441 \u0434\u043e\u0434\u0430\u043d\u043e:<\/h3>\r\n<p>\u0426\u0456 \u043d\u0435\u043e\u043d\u043e\u0432\u0456 \u043f\u0456\u0433\u043c\u0435\u043d\u0442\u0438 - \u043a\u043b\u044e\u0447 \u0434\u043e \u0441\u0442\u0432\u043e\u0440\u0435\u043d\u043d\u044f \u0434\u0438\u0437\u0430\u0439\u043d\u0456\u0432, \u0449\u043e \u0432\u0438\u0434\u0456\u043b\u044f\u044e\u0442\u044c\u0441\u044f \u0442\u0430 \u043f\u0440\u0438\u0432\u0435\u0440\u0442\u0430\u044e\u0442\u044c \u0443\u0432\u0430\u0433\u0443. \u0420\u043e\u0437\u043a\u0440\u0438\u0439\u0442\u0435 \u0441\u0432\u0456\u0439 \u0442\u0432\u043e\u0440\u0447\u0438\u0439 \u043f\u043e\u0442\u0435\u043d\u0446\u0456\u0430\u043b \u0456 \u0434\u043e\u0434\u0430\u0439\u0442\u0435 \u0443\u043d\u0456\u043a\u0430\u043b\u044c\u043d\u043e\u0433\u043e \u0441\u044f\u0439\u0432\u0430 \u0441\u0432\u043e\u0457\u043c \u0432\u0438\u0440\u043e\u0431\u0430\u043c \u0437\u0430 \u0434\u043e\u043f\u043e\u043c\u043e\u0433\u043e\u044e \u043d\u0430\u0448\u0438\u0445 \u0456\u043d\u0442\u0435\u043d\u0441\u0438\u0432\u043d\u0438\u0445 \u043d\u0435\u043e\u043d\u043e\u0432\u0438\u0445 \u043a\u043e\u043b\u044c\u043e\u0440\u0456\u0432!<br \/><br \/><\/p>\r\n<\/div>\r\n<div class=\"productfiles\">\r\n<h5 class=\"\">\u0417\u0430\u0432\u0430\u043d\u0442\u0430\u0436\u0435\u043d\u043d\u044f:<\/h5>\r\n<ul class=\"productfiles\">\r\n<li><a class=\"spanhover\" title=\"\u041f\u0430\u0441\u043f\u043e\u0440\u0442 \u0431\u0435\u0437\u043f\u0435\u043a\u0438 \u041d\u0435\u043e\u043d\u043e\u0432\u0456 \u043a\u043e\u043b\u044c\u043e\u0440\u0438 \u0447\u0435\u0440\u0432\u043e\u043d\u0438\u0439\" href=\"https:\/\/e-cupstone.hastastudio.com\/wp-content\/uploads\/2024\/08\/E-CUPSTONE_Barwniki_neonowe_czerwony_20240408.pdf\" target=\"_blank\" rel=\"noopener\">\u041f\u0430\u0441\u043f\u043e\u0440\u0442 \u0431\u0435\u0437\u043f\u0435\u043a\u0438 \u041d\u0435\u043e\u043d\u043e\u0432\u0456 \u043a\u043e\u043b\u044c\u043e\u0440\u0438 \u0447\u0435\u0440\u0432\u043e\u043d\u0438\u0439<\/a><\/li>\r\n<li><a class=\"spanhover\" title=\"\u041f\u0430\u0441\u043f\u043e\u0440\u0442 \u0431\u0435\u0437\u043f\u0435\u043a\u0438 \u041d\u0435\u043e\u043d\u043e\u0432\u0456 \u043a\u043e\u043b\u044c\u043e\u0440\u0438 \u0441\u0438\u043d\u0456\u0439\" href=\"https:\/\/e-cupstone.hastastudio.com\/wp-content\/uploads\/2024\/08\/E-CUPSTONE_Barwniki_neonowe_niebieski_20240408.pdf\" target=\"_blank\" rel=\"noopener\">\u041f\u0430\u0441\u043f\u043e\u0440\u0442 \u0431\u0435\u0437\u043f\u0435\u043a\u0438 \u041d\u0435\u043e\u043d\u043e\u0432\u0456 \u043a\u043e\u043b\u044c\u043e\u0440\u0438 \u0441\u0438\u043d\u0456\u0439<\/a><\/li>\r\n<li><a class=\"spanhover\" title=\"\u041f\u0430\u0441\u043f\u043e\u0440\u0442 \u0431\u0435\u0437\u043f\u0435\u043a\u0438 \u041d\u0435\u043e\u043d\u043e\u0432\u0456 \u043a\u043e\u043b\u044c\u043e\u0440\u0438 \u043f\u043e\u043c\u0430\u0440\u0430\u043d\u0447\u0435\u0432\u0438\u0439\" href=\"https:\/\/e-cupstone.hastastudio.com\/wp-content\/uploads\/2024\/08\/E-CUPSTONE_Barwniki_neonowe_oranz_20240408.pdf\" target=\"_blank\" rel=\"noopener\">\u041f\u0430\u0441\u043f\u043e\u0440\u0442 \u0431\u0435\u0437\u043f\u0435\u043a\u0438 \u041d\u0435\u043e\u043d\u043e\u0432\u0456 \u043a\u043e\u043b\u044c\u043e\u0440\u0438 \u043f\u043e\u043c\u0430\u0440\u0430\u043d\u0447\u0435\u0432\u0438\u0439<\/a><\/li>\r\n<li><a class=\"spanhover\" title=\"\u041f\u0430\u0441\u043f\u043e\u0440\u0442 \u0431\u0435\u0437\u043f\u0435\u043a\u0438 \u041d\u0435\u043e\u043d\u043e\u0432\u0456 \u043a\u043e\u043b\u044c\u043e\u0440\u0438 \u0440\u043e\u0436\u0435\u0432\u0438\u0439\" href=\"https:\/\/e-cupstone.hastastudio.com\/wp-content\/uploads\/2024\/08\/E-CUPSTONE_Barwniki_neonowe_rozowy_20240408.pdf\" target=\"_blank\" rel=\"noopener\">\u041f\u0430\u0441\u043f\u043e\u0440\u0442 \u0431\u0435\u0437\u043f\u0435\u043a\u0438 \u041d\u0435\u043e\u043d\u043e\u0432\u0456 \u043a\u043e\u043b\u044c\u043e\u0440\u0438 \u0440\u043e\u0436\u0435\u0432\u0438\u0439<\/a><\/li>\r\n<li><a class=\"spanhover\" title=\"\u041f\u0430\u0441\u043f\u043e\u0440\u0442 \u0431\u0435\u0437\u043f\u0435\u043a\u0438 \u041d\u0435\u043e\u043d\u043e\u0432\u0456 \u043a\u043e\u043b\u044c\u043e\u0440\u0438 \u0437\u0435\u043b\u0435\u043d\u0438\u0439\" href=\"https:\/\/e-cupstone.hastastudio.com\/wp-content\/uploads\/2024\/08\/E-CUPSTONE_Barwniki_neonowe_zielony_20240408.pdf\" target=\"_blank\" rel=\"noopener\">\u041f\u0430\u0441\u043f\u043e\u0440\u0442 \u0431\u0435\u0437\u043f\u0435\u043a\u0438 \u041d\u0435\u043e\u043d\u043e\u0432\u0456 \u043a\u043e\u043b\u044c\u043e\u0440\u0438 \u0437\u0435\u043b\u0435\u043d\u0438\u0439<\/a><\/li>\r\n<li><a class=\"spanhover\" title=\"\u041f\u0430\u0441\u043f\u043e\u0440\u0442 \u0431\u0435\u0437\u043f\u0435\u043a\u0438 \u041d\u0435\u043e\u043d\u043e\u0432\u0456 \u043a\u043e\u043b\u044c\u043e\u0440\u0438 \u0436\u043e\u0432\u0442\u0438\u0439\" href=\"https:\/\/e-cupstone.hastastudio.com\/wp-content\/uploads\/2024\/08\/E-CUPSTONE_Barwniki_neonowe_zolty_20240408.pdf\" target=\"_blank\" rel=\"noopener\">\u041f\u0430\u0441\u043f\u043e\u0440\u0442 \u0431\u0435\u0437\u043f\u0435\u043a\u0438 \u041d\u0435\u043e\u043d\u043e\u0432\u0456 \u043a\u043e\u043b\u044c\u043e\u0440\u0438 \u0436\u043e\u0432\u0442\u0438\u0439<\/a><\/li>\r\n<\/ul>\r\n<\/div>\r\n<\/div>\r\n<\/div>","protected":false},"excerpt":{"rendered":"<p>Przedstawiamy wyj\u0105tkowe pigmenty w formie p\u0142ynnej, kt\u00f3re roz\u015bwietl\u0105 Twoje projekty swoim intensywnym blaskiem neonowych barw. W palecie znajdziesz niebieski, zielony, \u017c\u00f3\u0142ty, r\u00f3\u017cowy,\u00a0oran\u017c i czerwony &#8211; ka\u017cdy odcie\u0144 emanuje energi\u0105 i inspiracj\u0105, nadaj\u0105c Twoim wyrobom niezapomniany wygl\u0105d.Przed u\u017cyciem nale\u017cy dok\u0142adnie wymiesza\u0107! G\u0142\u00f3wne atrybuty: Dedykowane:\u00a0gips\u00a0SnowCast,\u00a0HandiCast\u00a0i\u00a0A-STONE, zapewniaj\u0105ce doskona\u0142\u0105 kompatybilno\u015b\u0107. Ekstremalnie intensywne kolory:\u00a0neonowe pigmenty umo\u017cliwiaj\u0105 osi\u0105gni\u0119cie wyj\u0105tkowej intensywno\u015bci, dzi\u0119ki [&hellip;]<\/p>","protected":false},"featured_media":1989,"comment_status":"open","ping_status":"closed","template":"","meta":{"_acf_changed":false},"product_brand":[],"product_cat":[26],"product_tag":[],"class_list":{"0":"post-934","1":"product","2":"type-product","3":"status-publish","4":"has-post-thumbnail","6":"product_cat-pigmenty","8":"first","9":"instock","10":"taxable","11":"shipping-taxable","12":"purchasable","13":"product-type-variable"},"acf":[],"_links":{"self":[{"href":"https:\/\/e-cupstone.hastastudio.com\/ua\/wp-json\/wp\/v2\/product\/934","targetHints":{"allow":["GET"]}}],"collection":[{"href":"https:\/\/e-cupstone.hastastudio.com\/ua\/wp-json\/wp\/v2\/product"}],"about":[{"href":"https:\/\/e-cupstone.hastastudio.com\/ua\/wp-json\/wp\/v2\/types\/product"}],"replies":[{"embeddable":true,"href":"https:\/\/e-cupstone.hastastudio.com\/ua\/wp-json\/wp\/v2\/comments?post=934"}],"wp:featuredmedia":[{"embeddable":true,"href":"https:\/\/e-cupstone.hastastudio.com\/ua\/wp-json\/wp\/v2\/media\/1989"}],"wp:attachment":[{"href":"https:\/\/e-cupstone.hastastudio.com\/ua\/wp-json\/wp\/v2\/media?parent=934"}],"wp:term":[{"taxonomy":"product_brand","embeddable":true,"href":"https:\/\/e-cupstone.hastastudio.com\/ua\/wp-json\/wp\/v2\/product_brand?post=934"},{"taxonomy":"product_cat","embeddable":true,"href":"https:\/\/e-cupstone.hastastudio.com\/ua\/wp-json\/wp\/v2\/product_cat?post=934"},{"taxonomy":"product_tag","embeddable":true,"href":"https:\/\/e-cupstone.hastastudio.com\/ua\/wp-json\/wp\/v2\/product_tag?post=934"}],"curies":[{"name":"wp","href":"https:\/\/api.w.org\/{rel}","templated":true}]}}