{"id":893,"date":"2024-08-01T15:28:19","date_gmt":"2024-08-01T15:28:19","guid":{"rendered":"https:\/\/e-cupstone.hastastudio.com\/?post_type=product&#038;p=893"},"modified":"2024-09-23T23:28:26","modified_gmt":"2024-09-23T23:28:26","slug":"barwniki-do-gipsu-a-stone","status":"publish","type":"product","link":"https:\/\/e-cupstone.hastastudio.com\/ua\/produkt\/barwniki-do-gipsu-a-stone","title":{"rendered":"\u0428\u0442\u0443\u043a\u0430\u0442\u0443\u0440\u043d\u0456 \u0431\u0430\u0440\u0432\u043d\u0438\u043a\u0438 A-STONE"},"content":{"rendered":"<div class=\"resetcss\">\r\n<div class=\"resetcss\">\r\n<p><strong>\u041d\u0415 \u041f\u0406\u0414\u0425\u041e\u0414\u0418\u0422\u042c \u0434\u043b\u044f GIPS HandiCast (65 \u041c\u041f\u0430) \u0430\u0431\u043e SnowCast (LASTRY)!!!<\/strong><\/p>\r\n<p>17 \u043a\u043e\u043b\u044c\u043e\u0440\u0456\u0432 \u0443 \u0432\u0438\u0433\u043b\u044f\u0434\u0456 \u0440\u0456\u0434\u043a\u0438\u0445 \u0431\u0430\u0440\u0432\u043d\u0438\u043a\u0456\u0432, \u0449\u043e \u0434\u043e\u0437\u0432\u043e\u043b\u044f\u044e\u0442\u044c \u043e\u0442\u0440\u0438\u043c\u0430\u0442\u0438 \u043f\u0440\u0430\u043a\u0442\u0438\u0447\u043d\u043e \u0431\u0443\u0434\u044c-\u044f\u043a\u0438\u0439 \u043a\u043e\u043b\u0456\u0440.<\/p>\r\n<p>&nbsp;<\/p>\r\n<p><strong>\u041f\u0435\u0440\u0435\u0434 \u0437\u0430\u0441\u0442\u043e\u0441\u0443\u0432\u0430\u043d\u043d\u044f\u043c \u0440\u0435\u0442\u0435\u043b\u044c\u043d\u043e \u043f\u0435\u0440\u0435\u043c\u0456\u0448\u0430\u0442\u0438!<\/strong><\/p>\r\n<p>\u041f\u043e\u0433\u043b\u044f\u043d\u044c\u0442\u0435 \u043d\u0430 \u043d\u0430\u0448\u0456 \u0435\u043a\u0441\u043a\u043b\u044e\u0437\u0438\u0432\u043d\u0456 \u043f\u0456\u0433\u043c\u0435\u043d\u0442\u0438 A-STONE, \u0449\u043e \u0456\u0434\u0435\u0430\u043b\u044c\u043d\u043e \u043f\u0456\u0434\u0445\u043e\u0434\u044f\u0442\u044c \u0434\u043b\u044f \u0432\u0438\u043a\u043e\u0440\u0438\u0441\u0442\u0430\u043d\u043d\u044f \u0437 \u043c\u0430\u0442\u0435\u0440\u0456\u0430\u043b\u0430\u043c\u0438 A-STONE. \u041e\u0441\u044c \u0434\u0435\u044f\u043a\u0430 \u0432\u0456\u0434\u043f\u043e\u0432\u0456\u0434\u043d\u0430 \u0456\u043d\u0444\u043e\u0440\u043c\u0430\u0446\u0456\u044f:<\/p>\r\n<ul>\r\n<li><strong>\u0421\u0443\u043c\u0456\u0441\u043d\u0456\u0441\u0442\u044c<\/strong>\u041d\u0430\u0448\u0456 \u043f\u0456\u0433\u043c\u0435\u043d\u0442\u0438 A-STONE - \u0446\u0435 \u0441\u043f\u0435\u0446\u0456\u0430\u043b\u044c\u043d\u043e \u0440\u043e\u0437\u0440\u043e\u0431\u043b\u0435\u043d\u0456 \u0432\u043e\u0434\u043d\u0456 \u0434\u0438\u0441\u043f\u0435\u0440\u0441\u0456\u0457, \u0456\u0434\u0435\u0430\u043b\u044c\u043d\u043e \u043f\u0456\u0434\u0456\u0431\u0440\u0430\u043d\u0456 \u0434\u043e \u0433\u0456\u043f\u0441\u0443 A-STONE. \u0412\u043e\u043d\u0438 \u0437\u0430\u0431\u0435\u0437\u043f\u0435\u0447\u0443\u044e\u0442\u044c \u043d\u0435 \u0442\u0456\u043b\u044c\u043a\u0438 \u0434\u043e\u0432\u0433\u043e\u0432\u0456\u0447\u043d\u0456\u0441\u0442\u044c, \u0430\u043b\u0435 \u0439 \u0445\u0456\u043c\u0456\u0447\u043d\u0443, \u0442\u0435\u043f\u043b\u043e\u0432\u0443 \u0442\u0430 \u0443\u043b\u044c\u0442\u0440\u0430\u0444\u0456\u043e\u043b\u0435\u0442\u043e\u0432\u0443 \u0441\u0442\u0456\u0439\u043a\u0456\u0441\u0442\u044c.<\/li>\r\n<li><strong>\u0406\u043d\u0442\u0435\u043d\u0441\u0438\u0432\u043d\u0456\u0441\u0442\u044c \u043a\u043e\u043b\u044c\u043e\u0440\u0443<\/strong>\u0414\u043b\u044f \u043e\u0442\u0440\u0438\u043c\u0430\u043d\u043d\u044f \u0433\u043b\u0438\u0431\u043e\u043a\u043e\u0433\u043e \u0442\u0430 \u043d\u0430\u0441\u0438\u0447\u0435\u043d\u043e\u0433\u043e \u043a\u043e\u043b\u044c\u043e\u0440\u0443 \u043f\u043e\u0442\u0440\u0456\u0431\u043d\u043e \u0434\u043e\u0434\u0430\u0442\u0438 \u043b\u0438\u0448\u0435 2% \u043f\u0456\u0433\u043c\u0435\u043d\u0442\u0443. \u042f\u043a\u0449\u043e \u0432\u0438 \u0432\u0456\u0434\u0434\u0430\u0454\u0442\u0435 \u043f\u0435\u0440\u0435\u0432\u0430\u0433\u0443 \u0441\u0432\u0456\u0442\u043b\u0456\u0448\u0438\u043c \u0432\u0456\u0434\u0442\u0456\u043d\u043a\u0430\u043c, \u043f\u0440\u043e\u0441\u0442\u043e \u0437\u043c\u0435\u043d\u0448\u0443\u0439\u0442\u0435 \u043a\u0456\u043b\u044c\u043a\u0456\u0441\u0442\u044c \u043f\u0456\u0433\u043c\u0435\u043d\u0442\u0443, \u043f\u043e\u043a\u0438 \u043d\u0435 \u0434\u043e\u0441\u044f\u0433\u043d\u0435\u0442\u0435 \u0431\u0430\u0436\u0430\u043d\u043e\u0433\u043e \u0435\u0444\u0435\u043a\u0442\u0443. \u0412\u0438 \u0442\u0430\u043a\u043e\u0436 \u043c\u043e\u0436\u0435\u0442\u0435 \u0437\u043c\u0456\u0448\u0443\u0432\u0430\u0442\u0438 \u0440\u0456\u0437\u043d\u0456 \u043f\u0456\u0433\u043c\u0435\u043d\u0442\u0438, \u0449\u043e\u0431 \u0441\u0442\u0432\u043e\u0440\u0438\u0442\u0438 \u0441\u0432\u0456\u0439 \u0432\u043b\u0430\u0441\u043d\u0438\u0439 \u0443\u043d\u0456\u043a\u0430\u043b\u044c\u043d\u0438\u0439 \u043a\u043e\u043b\u0456\u0440.<\/li>\r\n<li><strong>\u0417\u043c\u0456\u0448\u0443\u0432\u0430\u043d\u043d\u044f<\/strong>\u0414\u043b\u044f \u0434\u043e\u0441\u044f\u0433\u043d\u0435\u043d\u043d\u044f \u0440\u0456\u0432\u043d\u043e\u043c\u0456\u0440\u043d\u043e\u0457 \u0434\u0438\u0441\u043f\u0435\u0440\u0441\u0456\u0457 \u043f\u0456\u0433\u043c\u0435\u043d\u0442\u0443 \u043c\u0438 \u0440\u0435\u043a\u043e\u043c\u0435\u043d\u0434\u0443\u0454\u043c\u043e \u0432\u0438\u043a\u043e\u0440\u0438\u0441\u0442\u043e\u0432\u0443\u0432\u0430\u0442\u0438 \u043d\u0430\u0448 \u0432\u0438\u0441\u043e\u043a\u043e\u043f\u0440\u043e\u0434\u0443\u043a\u0442\u0438\u0432\u043d\u0438\u0439 \u0437\u043c\u0456\u0448\u0443\u0432\u0430\u0447, \u044f\u043a\u0438\u0439 \u043c\u043e\u0436\u043d\u0430 \u043f\u0440\u0438\u0454\u0434\u043d\u0430\u0442\u0438 \u0434\u043e \u0434\u0440\u0438\u043b\u044f. \u0426\u0435 \u043c\u0430\u0454 \u0432\u0438\u0440\u0456\u0448\u0430\u043b\u044c\u043d\u0435 \u0437\u043d\u0430\u0447\u0435\u043d\u043d\u044f \u0434\u043b\u044f \u0443\u043d\u0438\u043a\u043d\u0435\u043d\u043d\u044f \u043f\u043b\u044f\u043c\u0438\u0441\u0442\u043e\u0433\u043e \u0432\u0438\u0433\u043b\u044f\u0434\u0443.<\/li>\r\n<li><strong>\u0417\u0431\u0435\u0440\u0456\u0433\u0430\u043d\u043d\u044f<\/strong>\u041f\u043e\u044f\u0441\u043d\u0435\u043d\u043d\u044f: \u041d\u0430\u0448\u0456 \u043f\u0456\u0433\u043c\u0435\u043d\u0442\u0438 \u0437\u0430\u0441\u043d\u043e\u0432\u0430\u043d\u0456 \u043d\u0430 \u0432\u043e\u0434\u0456, \u0442\u043e\u043c\u0443 \u0432\u0430\u0436\u043b\u0438\u0432\u043e \u0440\u0435\u0433\u0443\u043b\u044f\u0440\u043d\u043e \u0441\u0442\u0440\u0443\u0448\u0443\u0432\u0430\u0442\u0438 \u0443\u043f\u0430\u043a\u043e\u0432\u043a\u0443 \u0456 \u0442\u0440\u0438\u043c\u0430\u0442\u0438 \u0457\u0457 \u0449\u0456\u043b\u044c\u043d\u043e \u0437\u0430\u043a\u0440\u0438\u0442\u043e\u044e. \u0406\u043d\u0430\u043a\u0448\u0435 \u0432\u043e\u043d\u0438 \u043c\u043e\u0436\u0443\u0442\u044c \u0432\u0438\u0441\u043e\u0445\u043d\u0443\u0442\u0438 \u0430\u0431\u043e \u0437\u0430\u0442\u0432\u0435\u0440\u0434\u0456\u0442\u0438 \u0437 \u0447\u0430\u0441\u043e\u043c.<\/li>\r\n<li><strong>\u041f\u0430\u043a\u0443\u0432\u0430\u043d\u043d\u044f \u0437\u0430 \u0432\u0430\u0433\u043e\u044e<\/strong>\u041d\u0430\u0448\u0456 \u043f\u0456\u0433\u043c\u0435\u043d\u0442\u0438 A-STONE \u043f\u0440\u043e\u0434\u0430\u044e\u0442\u044c\u0441\u044f \u043d\u0430 \u0432\u0430\u0433\u0443, \u0456 \u0440\u0456\u0437\u043d\u0456 \u043a\u043e\u043b\u044c\u043e\u0440\u0438 \u043c\u043e\u0436\u0443\u0442\u044c \u043c\u0430\u0442\u0438 \u0440\u0456\u0437\u043d\u0443 \u0433\u0443\u0441\u0442\u0438\u043d\u0443, \u0442\u043e\u043c\u0443 \u0434\u0435\u044f\u043a\u0456 \u043f\u043b\u044f\u0448\u043a\u0438 \u043c\u043e\u0436\u0443\u0442\u044c \u0432\u0438\u0433\u043b\u044f\u0434\u0430\u0442\u0438 \u0431\u0456\u043b\u044c\u0448 \u0437\u0430\u043f\u043e\u0432\u043d\u0435\u043d\u0438\u043c\u0438, \u043d\u0456\u0436 \u0456\u043d\u0448\u0456.<\/li>\r\n<\/ul>\r\n<p>\u041c\u0438 \u043a\u043e\u043d\u0441\u0443\u043b\u044c\u0442\u0443\u0454\u043c\u043e \u0449\u043e\u0434\u043e \u0442\u0435\u0445\u043d\u043e\u043b\u043e\u0433\u0456\u0457 \u043d\u0430\u043d\u0435\u0441\u0435\u043d\u043d\u044f \u043d\u0430 \u043e\u0441\u043d\u043e\u0432\u0456 \u043f\u043e\u0442\u043e\u0447\u043d\u043e\u0433\u043e \u0441\u0442\u0430\u043d\u0443 \u043d\u0430\u0448\u0438\u0445 \u0437\u043d\u0430\u043d\u044c. \u041e\u0434\u043d\u0430\u043a \u0446\u0435 \u043d\u0435 \u0437\u0432\u0456\u043b\u044c\u043d\u044f\u0454 \u0432\u0430\u0441 \u0432\u0456\u0434 \u043e\u0431\u043e\u0432'\u044f\u0437\u043a\u0443 \u0441\u0430\u043c\u043e\u0441\u0442\u0456\u0439\u043d\u043e \u0442\u0435\u0441\u0442\u0443\u0432\u0430\u0442\u0438 \u043d\u0430\u0448\u0456 \u043f\u0440\u043e\u0434\u0443\u043a\u0442\u0438 \u043d\u0430 \u0432\u0456\u0434\u043f\u043e\u0432\u0456\u0434\u043d\u0456\u0441\u0442\u044c \u0446\u0456\u043b\u044f\u043c \u0456 \u0442\u0435\u0445\u043d\u043e\u043b\u043e\u0433\u0456\u044f\u043c. \u041d\u0430\u043d\u0435\u0441\u0435\u043d\u043d\u044f, \u0432\u0438\u043a\u043e\u0440\u0438\u0441\u0442\u0430\u043d\u043d\u044f \u0442\u0430 \u043f\u0435\u0440\u0435\u0440\u043e\u0431\u043a\u0430 \u043f\u0440\u043e\u0434\u0443\u043a\u0442\u0456\u0432 \u0437\u043d\u0430\u0445\u043e\u0434\u044f\u0442\u044c\u0441\u044f \u043f\u043e\u0437\u0430 \u043d\u0430\u0448\u0438\u043c \u043a\u043e\u043d\u0442\u0440\u043e\u043b\u0435\u043c, \u0442\u043e\u043c\u0443 \u0432\u0438 \u043d\u0435\u0441\u0435\u0442\u0435 \u043f\u043e\u0432\u043d\u0443 \u0432\u0456\u0434\u043f\u043e\u0432\u0456\u0434\u0430\u043b\u044c\u043d\u0456\u0441\u0442\u044c \u0437\u0430 \u043d\u0438\u0445. \u041c\u0438 \u0433\u0430\u0440\u0430\u043d\u0442\u0443\u0454\u043c\u043e \u044f\u043a\u0456\u0441\u0442\u044c \u043d\u0430\u0448\u043e\u0457 \u043f\u0440\u043e\u0434\u0443\u043a\u0446\u0456\u0457.<\/p>\r\n<p>&nbsp;<\/p>\r\n<p>\u041e\u0431\u0438\u0440\u0430\u0439\u0442\u0435 \u043d\u0430\u0448\u0456 \u043f\u0456\u0433\u043c\u0435\u043d\u0442\u0438 A-STONE, \u0449\u043e\u0431 \u0441\u0442\u0432\u043e\u0440\u044e\u0432\u0430\u0442\u0438 \u0443\u043d\u0456\u043a\u0430\u043b\u044c\u043d\u0456 \u0432\u0438\u0442\u0432\u043e\u0440\u0438 \u043c\u0438\u0441\u0442\u0435\u0446\u0442\u0432\u0430 \u0442\u0430 \u043f\u0440\u043e\u0435\u043a\u0442\u0438 \u0437 \u0433\u0456\u043f\u0441\u043e\u0432\u043e\u044e \u0448\u0442\u0443\u043a\u0430\u0442\u0443\u0440\u043a\u043e\u044e A-STONE. \u0412\u043e\u043d\u0438 \u0437\u0430\u0431\u0435\u0437\u043f\u0435\u0447\u0430\u0442\u044c \u0432\u0430\u043c \u043d\u0435\u043f\u0435\u0440\u0435\u0432\u0435\u0440\u0448\u0435\u043d\u0443 \u044f\u043a\u0456\u0441\u0442\u044c \u0442\u0430 \u043a\u0440\u0435\u0430\u0442\u0438\u0432\u043d\u0456\u0441\u0442\u044c \u0443 \u0432\u0430\u0448\u0438\u0445 \u043f\u0440\u043e\u0435\u043a\u0442\u0430\u0445.<\/p>\r\n<p>&nbsp;<\/p>\r\n<p>\u0414\u043e\u0441\u0442\u0430\u0432\u043a\u0430 2-3 \u0434\u043d\u0456<\/p>\r\n<\/div>\r\n<\/div>","protected":false},"excerpt":{"rendered":"<p>NIE PASUJ\u0104 DO GIPSU HandiCast (65MPA) lub SnowCast (LASTRYKO)!!! 17 kolor\u00f3w w formie p\u0142ynnych barwnik\u00f3w pozwalaj\u0105cych na uzyskanie niemal ka\u017cdej barwy. &nbsp; Przed u\u017cyciem nale\u017cy dok\u0142adnie wymiesza\u0107! Zapraszamy do zapoznania si\u0119 z naszymi ekskluzywnymi pigmentami A-STONE, idealnymi do zastosowania z materia\u0142em A-STONE. Oto kilka istotnych informacji: Kompatybilno\u015b\u0107: Nasze pigmenty A-STONE to specjalnie opracowane dyspersje wodne, [&hellip;]<\/p>","protected":false},"featured_media":1839,"comment_status":"open","ping_status":"closed","template":"","meta":{"_acf_changed":false},"product_brand":[],"product_cat":[26],"product_tag":[],"class_list":{"0":"post-893","1":"product","2":"type-product","3":"status-publish","4":"has-post-thumbnail","6":"product_cat-pigmenty","8":"first","9":"instock","10":"taxable","11":"shipping-taxable","12":"purchasable","13":"product-type-variable"},"acf":[],"_links":{"self":[{"href":"https:\/\/e-cupstone.hastastudio.com\/ua\/wp-json\/wp\/v2\/product\/893","targetHints":{"allow":["GET"]}}],"collection":[{"href":"https:\/\/e-cupstone.hastastudio.com\/ua\/wp-json\/wp\/v2\/product"}],"about":[{"href":"https:\/\/e-cupstone.hastastudio.com\/ua\/wp-json\/wp\/v2\/types\/product"}],"replies":[{"embeddable":true,"href":"https:\/\/e-cupstone.hastastudio.com\/ua\/wp-json\/wp\/v2\/comments?post=893"}],"wp:featuredmedia":[{"embeddable":true,"href":"https:\/\/e-cupstone.hastastudio.com\/ua\/wp-json\/wp\/v2\/media\/1839"}],"wp:attachment":[{"href":"https:\/\/e-cupstone.hastastudio.com\/ua\/wp-json\/wp\/v2\/media?parent=893"}],"wp:term":[{"taxonomy":"product_brand","embeddable":true,"href":"https:\/\/e-cupstone.hastastudio.com\/ua\/wp-json\/wp\/v2\/product_brand?post=893"},{"taxonomy":"product_cat","embeddable":true,"href":"https:\/\/e-cupstone.hastastudio.com\/ua\/wp-json\/wp\/v2\/product_cat?post=893"},{"taxonomy":"product_tag","embeddable":true,"href":"https:\/\/e-cupstone.hastastudio.com\/ua\/wp-json\/wp\/v2\/product_tag?post=893"}],"curies":[{"name":"wp","href":"https:\/\/api.w.org\/{rel}","templated":true}]}}