{"id":862,"date":"2024-08-01T15:13:25","date_gmt":"2024-08-01T15:13:25","guid":{"rendered":"https:\/\/e-cupstone.hastastudio.com\/?post_type=product&#038;p=862"},"modified":"2024-09-23T23:28:55","modified_gmt":"2024-09-23T23:28:55","slug":"barwniki-do-gipsow-handicast-i-snowcast","status":"publish","type":"product","link":"https:\/\/e-cupstone.hastastudio.com\/ua\/produkt\/barwniki-do-gipsow-handicast-i-snowcast","title":{"rendered":"\u0413\u0456\u043f\u0441\u043e\u0432\u0456 \u0444\u0430\u0440\u0431\u0438 HandiCast \u0442\u0430 SnowCast"},"content":{"rendered":"<div class=\"resetcss\">\r\n<div class=\"resetcss\">\r\n<p>\u0411\u0430\u0437\u043e\u0432\u0456 \u043a\u043e\u043b\u044c\u043e\u0440\u0438 \u0443 \u0432\u0438\u0433\u043b\u044f\u0434\u0456 \u043a\u043e\u043d\u0446\u0435\u043d\u0442\u0440\u043e\u0432\u0430\u043d\u0438\u0445 \u0431\u0430\u0440\u0432\u043d\u0438\u043a\u0456\u0432, \u0449\u043e \u0434\u043e\u0437\u0432\u043e\u043b\u044f\u044e\u0442\u044c \u043e\u0442\u0440\u0438\u043c\u0430\u0442\u0438 \u043f\u0440\u0430\u043a\u0442\u0438\u0447\u043d\u043e \u0431\u0443\u0434\u044c-\u044f\u043a\u0438\u0439 \u043a\u043e\u043b\u0456\u0440.<br \/><br \/><strong>\u041f\u0435\u0440\u0435\u0434 \u0437\u0430\u0441\u0442\u043e\u0441\u0443\u0432\u0430\u043d\u043d\u044f\u043c \u0440\u0435\u0442\u0435\u043b\u044c\u043d\u043e \u043f\u0435\u0440\u0435\u043c\u0456\u0448\u0430\u0442\u0438!<\/strong><br \/><strong>\u0414\u043b\u044f \u043e\u0446\u0456\u043d\u043a\u0438 \u043a\u0456\u043d\u0446\u0435\u0432\u043e\u0433\u043e \u0435\u0444\u0435\u043a\u0442\u0443 \u0440\u0435\u043a\u043e\u043c\u0435\u043d\u0434\u0443\u0454\u0442\u044c\u0441\u044f \u043f\u0440\u043e\u0432\u0435\u0441\u0442\u0438 \u043f\u0440\u043e\u0431\u043d\u0435 \u0437\u0430\u0441\u0442\u043e\u0441\u0443\u0432\u0430\u043d\u043d\u044f.<\/strong><br \/><br \/><strong>\u041a\u043b\u044e\u0447\u043e\u0432\u0456 \u043e\u0441\u043e\u0431\u043b\u0438\u0432\u043e\u0441\u0442\u0456<\/strong><\/p>\r\n<ul>\r\n<li>\u0420\u0456\u0434\u043a\u0438\u0439 \u043f\u0456\u0433\u043c\u0435\u043d\u0442 \u0434\u043b\u044f \u043f\u043e\u043b\u0456\u043c\u0435\u0440\u043d\u043e\u0457 \u0448\u0442\u0443\u043a\u0430\u0442\u0443\u0440\u043a\u0438 (\u043f\u0440\u0438\u0441\u0432\u044f\u0447\u0435\u043d\u0438\u0439 \u0448\u0442\u0443\u043a\u0430\u0442\u0443\u0440\u0446\u0456 Lastryko\/65\u041c\u041f\u0430)<\/li>\r\n<li>\u0440\u0435\u0442\u0435\u043b\u044c\u043d\u043e \u0440\u043e\u0437\u0456\u0433\u043d\u0430\u0442\u0438<\/li>\r\n<li>\u043f\u0456\u0434\u0432\u0438\u0449\u0435\u043d\u0430 \u0441\u0442\u0456\u0439\u043a\u0456\u0441\u0442\u044c \u0434\u043e \u0441\u0435\u0434\u0438\u043c\u0435\u043d\u0442\u0430\u0446\u0456\u0457<\/li>\r\n<\/ul>\r\n<p><strong>\u0417\u0430\u044f\u0432\u043a\u0430<\/strong><\/p>\r\n<ul>\r\n<li>\u0424\u0430\u0440\u0431\u0443\u0432\u0430\u043d\u043d\u044f \u043f\u043e\u043b\u0456\u043c\u0435\u0440\u0433\u0456\u043f\u0441\u043e\u0432\u0438\u0445 \u0432\u0438\u0440\u043e\u0431\u0456\u0432.<\/li>\r\n<li>\u0424\u0430\u0440\u0431\u0443\u0432\u0430\u043b\u044c\u043d\u0456 \u0440\u043e\u0437\u0447\u0438\u043d\u0438 \u043d\u0430 \u043e\u0441\u043d\u043e\u0432\u0456 \u0432\u0430\u043f\u043d\u0430<\/li>\r\n<\/ul>\r\n<p><strong>\u0412\u043b\u0430\u0441\u0442\u0438\u0432\u043e\u0441\u0442\u0456<\/strong><\/p>\r\n<ul>\r\n<li>\u0421\u0442\u0456\u0439\u043a\u0438\u0439 \u0434\u043e \u043b\u0443\u0433\u0456\u0432, \u0430\u0442\u043c\u043e\u0441\u0444\u0435\u0440\u043d\u0438\u0445 \u0432\u043f\u043b\u0438\u0432\u0456\u0432 \u0442\u0430 \u0443\u043b\u044c\u0442\u0440\u0430\u0444\u0456\u043e\u043b\u0435\u0442\u0443 \u043f\u0456\u0433\u043c\u0435\u043d\u0442<\/li>\r\n<li>\u0420\u0435\u0442\u0435\u043b\u044c\u043d\u043e \u0434\u0438\u0441\u043f\u0435\u0440\u0433\u043e\u0432\u0430\u043d\u0438\u0439 \u043f\u0456\u0433\u043c\u0435\u043d\u0442 \u0443 \u0432\u043e\u0434\u0456 \u0434\u043b\u044f \u0432\u0456\u0434\u043c\u0456\u043d\u043d\u043e\u0433\u043e \u0440\u043e\u0437\u043f\u043e\u0434\u0456\u043b\u0443 \u0432 \u0441\u0443\u043c\u0456\u0448\u0456, \u0449\u043e \u0433\u0430\u0440\u0430\u043d\u0442\u0443\u0454 \u0440\u0456\u0432\u043d\u043e\u043c\u0456\u0440\u043d\u0435 \u0437\u0430\u0431\u0430\u0440\u0432\u043b\u0435\u043d\u043d\u044f \u0433\u043e\u0442\u043e\u0432\u043e\u0457 \u043f\u0440\u043e\u0434\u0443\u043a\u0446\u0456\u0457.<\/li>\r\n<li>\u0414\u043e\u0437\u0432\u043e\u043b\u044f\u0454 \u0432\u0456\u0434\u0442\u0432\u043e\u0440\u044e\u0432\u0430\u0442\u0438 \u043a\u043e\u043b\u044c\u043e\u0440\u0438 \u0442\u043e\u043d\u043e\u0432\u0430\u043d\u0438\u0445 \u0434\u0435\u0442\u0430\u043b\u0435\u0439 \u0437 \u043f\u043e\u043b\u0456\u043c\u0435\u0440\u043d\u043e\u0433\u043e \u0433\u0456\u043f\u0441\u0443.<\/li>\r\n<li>\u041b\u0435\u0433\u043a\u043e \u0434\u043e\u0437\u0443\u0432\u0430\u0442\u0438.<\/li>\r\n<\/ul>\r\n<p><br \/><strong>Opakowanie &#8211; 30ml, Masa &#8211; 0.03 kg.<\/strong><br \/><br \/><strong>\u0414\u043e\u0437\u0443\u0432\u0430\u043d\u043d\u044f<\/strong><br \/>\u0420\u0435\u043a\u043e\u043c\u0435\u043d\u0434\u043e\u0432\u0430\u043d\u043e: 0,1 - 21\u0422\u041f3\u0422 \u043f\u043e\u043b\u0456\u043c\u0435\u0440\u043d\u0430 \u0433\u0456\u043f\u0441\u043e\u0432\u0430 \u043c\u0430\u0441\u0430<br \/>\u041e\u043f\u0442\u0438\u043c\u0430\u043b\u044c\u043d\u043e: 0,5 - 0,6 \u043c\u0430\u0441\u0438 \u043f\u043e\u043b\u0456\u043c\u0435\u0440\u043d\u043e\u0433\u043e \u0433\u0456\u043f\u0441\u0443 1\u0422\u041f3\u0422<br \/><br \/>\u0417\u0431\u0435\u0440\u0456\u0433\u0430\u0442\u0438 \u0432 \u0441\u0443\u0445\u043e\u043c\u0443, \u0437\u0430\u0445\u0438\u0449\u0435\u043d\u043e\u043c\u0443 \u0432\u0456\u0434 \u0441\u0432\u0456\u0442\u043b\u0430 \u043c\u0456\u0441\u0446\u0456 \u0432 \u0437\u0430\u043a\u0440\u0438\u0442\u0456\u0439 \u0443\u043f\u0430\u043a\u043e\u0432\u0446\u0456 \u043f\u0440\u0438 \u0442\u0435\u043c\u043f\u0435\u0440\u0430\u0442\u0443\u0440\u0456 10\u00b0C-22\u00b0C.<br \/><br \/>\u041c\u0438 \u043a\u043e\u043d\u0441\u0443\u043b\u044c\u0442\u0443\u0454\u043c\u043e \u0449\u043e\u0434\u043e \u0442\u0435\u0445\u043d\u043e\u043b\u043e\u0433\u0456\u0457 \u043d\u0430\u043d\u0435\u0441\u0435\u043d\u043d\u044f \u043d\u0430 \u043e\u0441\u043d\u043e\u0432\u0456 \u043f\u043e\u0442\u043e\u0447\u043d\u043e\u0433\u043e \u0441\u0442\u0430\u043d\u0443 \u043d\u0430\u0448\u0438\u0445 \u0437\u043d\u0430\u043d\u044c. \u041e\u0434\u043d\u0430\u043a \u0446\u0435 \u043d\u0435 \u0437\u0432\u0456\u043b\u044c\u043d\u044f\u0454 \u0432\u0430\u0441 \u0432\u0456\u0434 \u043e\u0431\u043e\u0432'\u044f\u0437\u043a\u0443 \u0441\u0430\u043c\u043e\u0441\u0442\u0456\u0439\u043d\u043e \u0442\u0435\u0441\u0442\u0443\u0432\u0430\u0442\u0438 \u043d\u0430\u0448\u0456 \u043f\u0440\u043e\u0434\u0443\u043a\u0442\u0438 \u043d\u0430 \u0432\u0456\u0434\u043f\u043e\u0432\u0456\u0434\u043d\u0456\u0441\u0442\u044c \u0446\u0456\u043b\u044f\u043c \u0456 \u0442\u0435\u0445\u043d\u043e\u043b\u043e\u0433\u0456\u044f\u043c. \u041d\u0430\u043d\u0435\u0441\u0435\u043d\u043d\u044f, \u0432\u0438\u043a\u043e\u0440\u0438\u0441\u0442\u0430\u043d\u043d\u044f \u0442\u0430 \u043f\u0435\u0440\u0435\u0440\u043e\u0431\u043a\u0430 \u043f\u0440\u043e\u0434\u0443\u043a\u0442\u0456\u0432 \u0437\u043d\u0430\u0445\u043e\u0434\u044f\u0442\u044c\u0441\u044f \u043f\u043e\u0437\u0430 \u043d\u0430\u0448\u0438\u043c \u043a\u043e\u043d\u0442\u0440\u043e\u043b\u0435\u043c, \u0442\u043e\u043c\u0443 \u0432\u0438 \u043d\u0435\u0441\u0435\u0442\u0435 \u043f\u043e\u0432\u043d\u0443 \u0432\u0456\u0434\u043f\u043e\u0432\u0456\u0434\u0430\u043b\u044c\u043d\u0456\u0441\u0442\u044c \u0437\u0430 \u043d\u0438\u0445. \u041c\u0438 \u0433\u0430\u0440\u0430\u043d\u0442\u0443\u0454\u043c\u043e \u044f\u043a\u0456\u0441\u0442\u044c \u043d\u0430\u0448\u043e\u0457 \u043f\u0440\u043e\u0434\u0443\u043a\u0446\u0456\u0457.<br \/><br \/>\u0414\u043e\u0441\u0442\u0430\u0432\u043a\u0430 2-3 \u0434\u043d\u0456<\/p>\r\n<\/div>\r\n<div class=\"productfiles\">\u00a0<\/div>\r\n<\/div>","protected":false},"excerpt":{"rendered":"<p>Bazowe\u00a0kolory w formie skoncentrowanych barwnik\u00f3w pozwalaj\u0105cych na uzyskanie niemal ka\u017cdej barwy. Przed u\u017cyciem nale\u017cy dok\u0142adnie wymiesza\u0107!Zalecane jest przeprowadzenie pr\u00f3by aplikacyjnej do oceny ostatecznego efektu. Najwa\u017cniejsze cechy up\u0142ynniony pigment do gipsu polimerowego (dedykowany do gipsu Lastryko\/65MPa) dok\u0142adnie zdyspergowany zwi\u0119kszona odporno\u015b\u0107 na sedymentacj\u0119 Zastosowanie Barwienie wyrob\u00f3w z gipsu polimerowego. Barwienie zapraw na bazie wapna W\u0142a\u015bciwo\u015bci Pigment odporny [&hellip;]<\/p>","protected":false},"featured_media":1808,"comment_status":"open","ping_status":"closed","template":"","meta":{"_acf_changed":false},"product_brand":[],"product_cat":[26],"product_tag":[],"class_list":{"0":"post-862","1":"product","2":"type-product","3":"status-publish","4":"has-post-thumbnail","6":"product_cat-pigmenty","8":"first","9":"instock","10":"taxable","11":"shipping-taxable","12":"purchasable","13":"product-type-variable"},"acf":[],"_links":{"self":[{"href":"https:\/\/e-cupstone.hastastudio.com\/ua\/wp-json\/wp\/v2\/product\/862","targetHints":{"allow":["GET"]}}],"collection":[{"href":"https:\/\/e-cupstone.hastastudio.com\/ua\/wp-json\/wp\/v2\/product"}],"about":[{"href":"https:\/\/e-cupstone.hastastudio.com\/ua\/wp-json\/wp\/v2\/types\/product"}],"replies":[{"embeddable":true,"href":"https:\/\/e-cupstone.hastastudio.com\/ua\/wp-json\/wp\/v2\/comments?post=862"}],"wp:featuredmedia":[{"embeddable":true,"href":"https:\/\/e-cupstone.hastastudio.com\/ua\/wp-json\/wp\/v2\/media\/1808"}],"wp:attachment":[{"href":"https:\/\/e-cupstone.hastastudio.com\/ua\/wp-json\/wp\/v2\/media?parent=862"}],"wp:term":[{"taxonomy":"product_brand","embeddable":true,"href":"https:\/\/e-cupstone.hastastudio.com\/ua\/wp-json\/wp\/v2\/product_brand?post=862"},{"taxonomy":"product_cat","embeddable":true,"href":"https:\/\/e-cupstone.hastastudio.com\/ua\/wp-json\/wp\/v2\/product_cat?post=862"},{"taxonomy":"product_tag","embeddable":true,"href":"https:\/\/e-cupstone.hastastudio.com\/ua\/wp-json\/wp\/v2\/product_tag?post=862"}],"curies":[{"name":"wp","href":"https:\/\/api.w.org\/{rel}","templated":true}]}}