{"id":2059,"date":"2024-09-04T15:13:03","date_gmt":"2024-09-04T15:13:03","guid":{"rendered":"https:\/\/e-cupstone.hastastudio.com\/?post_type=product&#038;p=2059"},"modified":"2024-09-21T16:23:40","modified_gmt":"2024-09-21T16:23:40","slug":"thixotrope-zageszczacz-do-gipsu-polimerowego-a-stone-006kg","status":"publish","type":"product","link":"https:\/\/e-cupstone.hastastudio.com\/ua\/produkt\/thixotrope-zageszczacz-do-gipsu-polimerowego-a-stone-006kg","title":{"rendered":"\u0422\u0438\u043a\u0441\u043e\u0442\u0440\u043e\u043f (\u0437\u0430\u0433\u0443\u0449\u0443\u0432\u0430\u0447) \u0434\u043b\u044f \u043f\u043e\u043b\u0456\u043c\u0435\u0440\u043d\u043e\u0457 \u0448\u0442\u0443\u043a\u0430\u0442\u0443\u0440\u043a\u0438 A-STONE 0,06\u043a\u0433"},"content":{"rendered":"<p>Thixotrope (zag\u0119szczacz) do gipsu polimerowego A-STONE to dodatek, kt\u00f3ry pozwala na dok\u0142adne dostosowanie konsystencji mieszanki gipsu polimerowego do potrzeb projektu. Jest idealny do tworzenia g\u0142adkich powierzchni na zakrzywionych lub pionowych elementach. Zag\u0119szczacz pomaga r\u00f3wnie\u017c zapobiega\u0107 prze\u015bwitywaniu wzmocnie\u0144 szklanych, co jest kluczowe dla profesjonalnego wyko\u0144czenia. Produkt mo\u017cna dodawa\u0107 kropla po kropli do mieszanki, a\u017c osi\u0105gnie si\u0119 po\u017c\u0105dan\u0105 konsystencj\u0119, zaleca si\u0119 nie dodawa\u0107 wi\u0119cej ni\u017c od 2g do 6g na kilogram mieszanki. Umo\u017cliwia to eksperymentowanie z nowymi i ekscytuj\u0105cymi sposobami u\u017cycia gipsu polimerowego A-STONE.<\/p>\n<p>Dodatkowo, Thixotrope mo\u017cna wykorzysta\u0107 do przekszta\u0142cenia\u00a0gipsu A-STONE w past\u0119, kt\u00f3ra umo\u017cliwia \u0142atwe i trwa\u0142e naprawy p\u0119kni\u0119\u0107 czy z\u0142ama\u0144 w tworzonych elementach. Po dodaniu do mieszanki po po\u0142\u0105czeniu sk\u0142adnik\u00f3w A i B, zaleca si\u0119 u\u017cycie mieszad\u0142a mechanicznego, aby zapewni\u0107 jednorodno\u015b\u0107 pasty i idealne rezultaty. Wykorzystanie tego dodatku rozszerza mo\u017cliwo\u015bci kreatywnej pracy z gipsem polimerowym A-STONE, zach\u0119caj\u0105c do innowacyjnego wykorzystania materia\u0142u w r\u00f3\u017cnorodnych projektach.<\/p>\n<p><strong>\u0412\u0441\u0456 \u043e\u043f\u0438\u0441\u0438 \u0442\u043e\u0432\u0430\u0440\u0456\u0432, \u0444\u043e\u0442\u043e\u0433\u0440\u0430\u0444\u0456\u0457 \u0442\u0430 \u0433\u0440\u0430\u0444\u0456\u0447\u043d\u0456 \u0437\u043e\u0431\u0440\u0430\u0436\u0435\u043d\u043d\u044f, \u0449\u043e \u0441\u0442\u043e\u0441\u0443\u044e\u0442\u044c\u0441\u044f \u0442\u043e\u0432\u0430\u0440\u0443, \u0437\u0430\u043f\u0440\u043e\u043f\u043e\u043d\u043e\u0432\u0430\u043d\u043e\u0433\u043e \u043d\u0430 \u0432\u0438\u0449\u0435\u0437\u0433\u0430\u0434\u0430\u043d\u043e\u043c\u0443 \u0430\u0443\u043a\u0446\u0456\u043e\u043d\u0456, \u0454 \u043d\u0430\u0448\u043e\u044e \u0456\u043d\u0442\u0435\u043b\u0435\u043a\u0442\u0443\u0430\u043b\u044c\u043d\u043e\u044e \u0432\u043b\u0430\u0441\u043d\u0456\u0441\u0442\u044e. \u041a\u043e\u043f\u0456\u044e\u0432\u0430\u043d\u043d\u044f \u0442\u0430 \u0440\u043e\u0437\u043f\u043e\u0432\u0441\u044e\u0434\u0436\u0435\u043d\u043d\u044f \u0431\u0435\u0437 \u043f\u0438\u0441\u044c\u043c\u043e\u0432\u043e\u0433\u043e \u0434\u043e\u0437\u0432\u043e\u043b\u0443 \u0437\u0430\u0431\u043e\u0440\u043e\u043d\u0435\u043d\u043e.<\/strong><\/p>\n<p>&nbsp;<\/p>\n<p><strong>\u041f\u0420\u0418\u041c\u0406\u0422\u041a\u0410<\/strong><\/p>\n<p>W przypadku zakupu wielokrotno\u015bci 0.06 kg zastrzegamy sobie prawo wysy\u0142ki towaru w opakowaniu zbiorczym odpowiadaj\u0105cym zam\u00f3wieniu.<\/p>\n<p>&nbsp;<\/p>\n<p>\u0414\u043e\u0441\u0442\u0430\u0432\u043a\u0430 2-3 \u0434\u043d\u0456<\/p>","protected":false},"excerpt":{"rendered":"<p>Thixotrope (zag\u0119szczacz) do gipsu polimerowego A-STONE to dodatek, kt\u00f3ry pozwala na dok\u0142adne dostosowanie konsystencji mieszanki gipsu polimerowego do potrzeb projektu. Jest idealny do tworzenia g\u0142adkich powierzchni na zakrzywionych lub pionowych elementach. Zag\u0119szczacz pomaga r\u00f3wnie\u017c zapobiega\u0107 prze\u015bwitywaniu wzmocnie\u0144 szklanych, co jest kluczowe dla profesjonalnego wyko\u0144czenia. Produkt mo\u017cna dodawa\u0107 kropla po kropli do mieszanki, a\u017c osi\u0105gnie si\u0119 [&hellip;]<\/p>","protected":false},"featured_media":2060,"comment_status":"open","ping_status":"closed","template":"","meta":{"_acf_changed":false},"product_brand":[],"product_cat":[24],"product_tag":[],"class_list":{"0":"post-2059","1":"product","2":"type-product","3":"status-publish","4":"has-post-thumbnail","6":"product_cat-materialy-dodatkowe","8":"first","9":"instock","10":"taxable","11":"shipping-taxable","12":"purchasable","13":"product-type-simple"},"acf":[],"_links":{"self":[{"href":"https:\/\/e-cupstone.hastastudio.com\/ua\/wp-json\/wp\/v2\/product\/2059","targetHints":{"allow":["GET"]}}],"collection":[{"href":"https:\/\/e-cupstone.hastastudio.com\/ua\/wp-json\/wp\/v2\/product"}],"about":[{"href":"https:\/\/e-cupstone.hastastudio.com\/ua\/wp-json\/wp\/v2\/types\/product"}],"replies":[{"embeddable":true,"href":"https:\/\/e-cupstone.hastastudio.com\/ua\/wp-json\/wp\/v2\/comments?post=2059"}],"wp:featuredmedia":[{"embeddable":true,"href":"https:\/\/e-cupstone.hastastudio.com\/ua\/wp-json\/wp\/v2\/media\/2060"}],"wp:attachment":[{"href":"https:\/\/e-cupstone.hastastudio.com\/ua\/wp-json\/wp\/v2\/media?parent=2059"}],"wp:term":[{"taxonomy":"product_brand","embeddable":true,"href":"https:\/\/e-cupstone.hastastudio.com\/ua\/wp-json\/wp\/v2\/product_brand?post=2059"},{"taxonomy":"product_cat","embeddable":true,"href":"https:\/\/e-cupstone.hastastudio.com\/ua\/wp-json\/wp\/v2\/product_cat?post=2059"},{"taxonomy":"product_tag","embeddable":true,"href":"https:\/\/e-cupstone.hastastudio.com\/ua\/wp-json\/wp\/v2\/product_tag?post=2059"}],"curies":[{"name":"wp","href":"https:\/\/api.w.org\/{rel}","templated":true}]}}