{"id":1065,"date":"2024-08-01T16:40:14","date_gmt":"2024-08-01T16:40:14","guid":{"rendered":"https:\/\/e-cupstone.hastastudio.com\/?post_type=product&#038;p=1065"},"modified":"2024-09-23T23:16:03","modified_gmt":"2024-09-23T23:16:03","slug":"opozniacz-do-gipsu-polimerowego-e-cupstone-250gr","status":"publish","type":"product","link":"https:\/\/e-cupstone.hastastudio.com\/ua\/produkt\/opozniacz-do-gipsu-polimerowego-e-cupstone-250gr","title":{"rendered":"\u041f\u043e\u043b\u0456\u043c\u0435\u0440\u043d\u0438\u0439 \u0441\u043f\u043e\u0432\u0456\u043b\u044c\u043d\u044e\u0432\u0430\u0447 \u0433\u0456\u043f\u0441\u0443 E-CUPSTONE 250\u0433\u0440"},"content":{"rendered":"<div class=\"resetcss\">\n<div class=\"resetcss\">\n<p>Op\u00f3\u017aniacz do Gipsu polimerowego E-CUPSTONE.<\/p>\n<p>Wyd\u0142u\u017ca czas zachowania stanu plastycznego mieszanki.<\/p>\n<p>W naszej ofercie znajd\u0105 Pa\u0144stwo dodatki do Gipsu polimerowego E-CUPSTONE, kt\u00f3re u\u0142atwiaj\u0105 prac\u0119 z tym materia\u0142em. Proponujemy mi\u0119dzy innymi op\u00f3\u017aniacz do Gipsu polimerowego E-CUPSTONE, kt\u00f3ry pozwala na d\u0142u\u017cej utrzyma\u0107 gips polimerowy E-CUPSTONE w stanie plastycznym. Dzi\u0119ki tej substancji mo\u017cna bezproblemowo wykonywa\u0107 czynno\u015bci, kt\u00f3re wymagaj\u0105 d\u0142u\u017cszej obr\u00f3bki materia\u0142u. Preparat op\u00f3\u017ania zasychanie i twardnienie gipsu, dzi\u0119ki czemu nie trzeba martwi\u0107 si\u0119 tempem pracy, a mo\u017cna skoncentrowa\u0107 si\u0119 na dok\u0142adno\u015bci i precyzji wykonania.<\/p>\n<p>Op\u00f3\u017aniacz nale\u017cy dodawa\u0107 do cz\u0119\u015bci suchej. Maksymalna ilo\u015b\u0107, jak\u0105 mo\u017cna doda\u0107 do mieszanki, to 5% jej wagi.<\/p>\n<p><strong>\u0421\u043f\u043e\u0432\u0456\u043b\u044c\u043d\u044e\u0432\u0430\u0447 \u0432 %<\/strong><\/p>\n<p><strong>\u0427\u0430\u0441 \u043f\u043b\u0430\u0441\u0442\u0438\u0447\u043d\u043e\u0457 \u0430\u0434\u0433\u0435\u0437\u0456\u0457<\/strong><\/p>\n<p>1% -ok 50min<\/p>\n<p>2% -ok 70min<\/p>\n<p><strong>\u0412\u0441\u0456 \u043e\u043f\u0438\u0441\u0438 \u0442\u043e\u0432\u0430\u0440\u0456\u0432, \u0444\u043e\u0442\u043e\u0433\u0440\u0430\u0444\u0456\u0457 \u0442\u0430 \u0433\u0440\u0430\u0444\u0456\u0447\u043d\u0456 \u0437\u043e\u0431\u0440\u0430\u0436\u0435\u043d\u043d\u044f, \u0449\u043e \u0441\u0442\u043e\u0441\u0443\u044e\u0442\u044c\u0441\u044f \u0442\u043e\u0432\u0430\u0440\u0443, \u0437\u0430\u043f\u0440\u043e\u043f\u043e\u043d\u043e\u0432\u0430\u043d\u043e\u0433\u043e \u043d\u0430 \u0432\u0438\u0449\u0435\u0437\u0433\u0430\u0434\u0430\u043d\u043e\u043c\u0443 \u0430\u0443\u043a\u0446\u0456\u043e\u043d\u0456, \u0454 \u043d\u0430\u0448\u043e\u044e \u0456\u043d\u0442\u0435\u043b\u0435\u043a\u0442\u0443\u0430\u043b\u044c\u043d\u043e\u044e \u0432\u043b\u0430\u0441\u043d\u0456\u0441\u0442\u044e. \u041a\u043e\u043f\u0456\u044e\u0432\u0430\u043d\u043d\u044f \u0442\u0430 \u0440\u043e\u0437\u043f\u043e\u0432\u0441\u044e\u0434\u0436\u0435\u043d\u043d\u044f \u0431\u0435\u0437 \u043f\u0438\u0441\u044c\u043c\u043e\u0432\u043e\u0433\u043e \u0434\u043e\u0437\u0432\u043e\u043b\u0443 \u0437\u0430\u0431\u043e\u0440\u043e\u043d\u0435\u043d\u043e.<\/strong><\/p>\n<p>&nbsp;<\/p>\n<p><strong>\u041f\u0420\u0418\u041c\u0406\u0422\u041a\u0410<\/strong><\/p>\n<p>W przypadku zakupu wielokrotno\u015bci 0.25 kg zastrzegamy sobie prawo wysy\u0142ki towaru w opakowaniu zbiorczym odpowiadaj\u0105cym zam\u00f3wieniu.<\/p>\n<p>&nbsp;<\/p>\n<p>\u0414\u043e\u0441\u0442\u0430\u0432\u043a\u0430 2-3 \u0434\u043d\u0456<\/p>\n<\/div>\n<\/div>","protected":false},"excerpt":{"rendered":"<p>Op\u00f3\u017aniacz do Gipsu polimerowego E-CUPSTONE. Wyd\u0142u\u017ca czas zachowania stanu plastycznego mieszanki. W naszej ofercie znajd\u0105 Pa\u0144stwo dodatki do Gipsu polimerowego E-CUPSTONE, kt\u00f3re u\u0142atwiaj\u0105 prac\u0119 z tym materia\u0142em. Proponujemy mi\u0119dzy innymi op\u00f3\u017aniacz do Gipsu polimerowego E-CUPSTONE, kt\u00f3ry pozwala na d\u0142u\u017cej utrzyma\u0107 gips polimerowy E-CUPSTONE w stanie plastycznym. Dzi\u0119ki tej substancji mo\u017cna bezproblemowo wykonywa\u0107 czynno\u015bci, kt\u00f3re wymagaj\u0105 [&hellip;]<\/p>","protected":false},"featured_media":1066,"comment_status":"open","ping_status":"closed","template":"","meta":{"_acf_changed":false},"product_brand":[],"product_cat":[24],"product_tag":[],"class_list":{"0":"post-1065","1":"product","2":"type-product","3":"status-publish","4":"has-post-thumbnail","6":"product_cat-materialy-dodatkowe","8":"first","9":"instock","10":"taxable","11":"shipping-taxable","12":"purchasable","13":"product-type-simple"},"acf":[],"_links":{"self":[{"href":"https:\/\/e-cupstone.hastastudio.com\/ua\/wp-json\/wp\/v2\/product\/1065","targetHints":{"allow":["GET"]}}],"collection":[{"href":"https:\/\/e-cupstone.hastastudio.com\/ua\/wp-json\/wp\/v2\/product"}],"about":[{"href":"https:\/\/e-cupstone.hastastudio.com\/ua\/wp-json\/wp\/v2\/types\/product"}],"replies":[{"embeddable":true,"href":"https:\/\/e-cupstone.hastastudio.com\/ua\/wp-json\/wp\/v2\/comments?post=1065"}],"wp:featuredmedia":[{"embeddable":true,"href":"https:\/\/e-cupstone.hastastudio.com\/ua\/wp-json\/wp\/v2\/media\/1066"}],"wp:attachment":[{"href":"https:\/\/e-cupstone.hastastudio.com\/ua\/wp-json\/wp\/v2\/media?parent=1065"}],"wp:term":[{"taxonomy":"product_brand","embeddable":true,"href":"https:\/\/e-cupstone.hastastudio.com\/ua\/wp-json\/wp\/v2\/product_brand?post=1065"},{"taxonomy":"product_cat","embeddable":true,"href":"https:\/\/e-cupstone.hastastudio.com\/ua\/wp-json\/wp\/v2\/product_cat?post=1065"},{"taxonomy":"product_tag","embeddable":true,"href":"https:\/\/e-cupstone.hastastudio.com\/ua\/wp-json\/wp\/v2\/product_tag?post=1065"}],"curies":[{"name":"wp","href":"https:\/\/api.w.org\/{rel}","templated":true}]}}