{"id":1063,"date":"2024-08-01T16:35:36","date_gmt":"2024-08-01T16:35:36","guid":{"rendered":"https:\/\/e-cupstone.hastastudio.com\/?post_type=product&#038;p=1063"},"modified":"2024-09-23T23:19:39","modified_gmt":"2024-09-23T23:19:39","slug":"%d0%bc%d1%96%d1%88%d0%b0%d0%bb%d0%ba%d0%b0-%d0%b4%d0%bb%d1%8f-%d0%bf%d0%be%d0%bb%d1%96%d0%bc%d0%b5%d1%80%d0%bd%d0%be%d1%97-%d1%88%d1%82%d1%83%d0%ba%d0%b0%d1%82%d1%83%d1%80%d0%ba%d0%b8-e-cupstone","status":"publish","type":"product","link":"https:\/\/e-cupstone.hastastudio.com\/ua\/produkt\/%d0%bc%d1%96%d1%88%d0%b0%d0%bb%d0%ba%d0%b0-%d0%b4%d0%bb%d1%8f-%d0%bf%d0%be%d0%bb%d1%96%d0%bc%d0%b5%d1%80%d0%bd%d0%be%d1%97-%d1%88%d1%82%d1%83%d0%ba%d0%b0%d1%82%d1%83%d1%80%d0%ba%d0%b8-e-cupstone","title":{"rendered":"\u0417\u043c\u0456\u0448\u0443\u0432\u0430\u0447 \u043f\u043e\u043b\u0456\u043c\u0435\u0440\u043d\u043e\u0457 \u0448\u0442\u0443\u043a\u0430\u0442\u0443\u0440\u043a\u0438 E-CUPSTONE"},"content":{"rendered":"<div class=\"resetcss\">\r\n<div class=\"resetcss\">\r\n<div class=\"resetcss\">\r\n<p>\u0422\u0435\u0445\u043d\u0456\u0447\u043d\u0456 \u0445\u0430\u0440\u0430\u043a\u0442\u0435\u0440\u0438\u0441\u0442\u0438\u043a\u0438:<\/p>\r\n<ul>\r\n<li>\u0414\u0456\u0430\u043c\u0435\u0442\u0440 \u043c\u0456\u0448\u0430\u043b\u043a\u0438: 65 \u043c\u043c<\/li>\r\n<li>\u0414\u043e\u0432\u0436\u0438\u043d\u0430: 200 \u043c\u043c<\/li>\r\n<li>\u041a\u0440\u0456\u043f\u043b\u0435\u043d\u043d\u044f: fi8<\/li>\r\n<li>\u041c\u0430\u0442\u0435\u0440\u0456\u0430\u043b: \u043d\u0435\u0440\u0436\u0430\u0432\u0456\u044e\u0447\u0430 \u0441\u0442\u0430\u043b\u044c<\/li>\r\n<li>\u0412\u0430\u0433\u0430 \u043c\u0456\u043a\u0441\u0435\u0440\u0430: 136 \u0433<\/li>\r\n<li>\u0421\u0443\u043c\u0456\u0441\u043d\u0456\u0441\u0442\u044c: \u043f\u0456\u0434\u0445\u043e\u0434\u0438\u0442\u044c \u0434\u043e \u0432\u0441\u0456\u0445 \u0441\u0442\u0430\u043d\u0434\u0430\u0440\u0442\u043d\u0438\u0445 \u0434\u0440\u0438\u043b\u0456\u0432.<\/li>\r\n<\/ul>\r\n<p>&nbsp;<\/p>\r\n<p>\u0426\u0435 \u0456\u0434\u0435\u0430\u043b\u044c\u043d\u0438\u0439 \u0456\u043d\u0441\u0442\u0440\u0443\u043c\u0435\u043d\u0442 \u0434\u043b\u044f \u0437\u043c\u0456\u0448\u0443\u0432\u0430\u043d\u043d\u044f \u0448\u0442\u0443\u043a\u0430\u0442\u0443\u0440\u043a\u0438 E-CUPSTONE. \u041a\u043e\u043d\u0441\u0442\u0440\u0443\u043a\u0446\u0456\u044f \u043b\u043e\u043f\u0430\u0442\u0435\u0439 \u043c\u0456\u043a\u0441\u0435\u0440\u0430 \u0431\u0443\u043b\u0430 \u0440\u0435\u0442\u0435\u043b\u044c\u043d\u043e \u0440\u043e\u0437\u0440\u043e\u0431\u043b\u0435\u043d\u0430, \u0449\u043e\u0431 \u0437\u0430\u0431\u0435\u0437\u043f\u0435\u0447\u0438\u0442\u0438 \u0432\u0456\u0434\u043c\u0456\u043d\u043d\u0435 \u043f\u0435\u0440\u0435\u043c\u0456\u0448\u0443\u0432\u0430\u043d\u043d\u044f \u043c\u0430\u0442\u0435\u0440\u0456\u0430\u043b\u0443 \u0431\u0435\u0437 \u043f\u043e\u0442\u0440\u0430\u043f\u043b\u044f\u043d\u043d\u044f \u043f\u043e\u0432\u0456\u0442\u0440\u044f \u0432 \u0441\u0443\u043c\u0456\u0448 (\u0449\u043e \u0447\u0430\u0441\u0442\u043e \u0442\u0440\u0430\u043f\u043b\u044f\u0454\u0442\u044c\u0441\u044f \u0437 \u0456\u043d\u0448\u0438\u043c\u0438 \u043c\u0456\u043a\u0441\u0435\u0440\u0430\u043c\u0438, \u043d\u0430\u043f\u0440\u0438\u043a\u043b\u0430\u0434, \u0442\u0438\u043c\u0438, \u0449\u043e \u0432\u0438\u043a\u043e\u0440\u0438\u0441\u0442\u043e\u0432\u0443\u044e\u0442\u044c\u0441\u044f \u0432 \u0431\u0443\u0434\u0456\u0432\u043d\u0438\u0446\u0442\u0432\u0456). \u0407\u0445 \u043c\u043e\u0436\u043d\u0430 \u0432\u0438\u043a\u043e\u0440\u0438\u0441\u0442\u043e\u0432\u0443\u0432\u0430\u0442\u0438 \u0437 \u0434\u0440\u0438\u043b\u044f\u043c\u0438 \u0442\u0430 \u0432\u0438\u043a\u0440\u0443\u0442\u043a\u0430\u043c\u0438.<\/p>\r\n<p>\u041e\u0447\u0438\u0449\u0435\u043d\u043d\u044f \u043f\u0440\u043e\u0441\u0442\u0435: \u043f\u0456\u0441\u043b\u044f \u0437\u043c\u0456\u0448\u0443\u0432\u0430\u043d\u043d\u044f \u043d\u0435\u0433\u0430\u0439\u043d\u043e \u043f\u0440\u043e\u043c\u0438\u0439\u0442\u0435 \u043c\u0456\u043a\u0441\u0435\u0440 \u0432\u043e\u0434\u043e\u044e.<\/p>\r\n<p>\u0426\u0456 \u0437\u043c\u0456\u0448\u0443\u0432\u0430\u0447\u0456 \u0442\u0430\u043a\u043e\u0436 \u0456\u0434\u0435\u0430\u043b\u044c\u043d\u043e \u043f\u0456\u0434\u0445\u043e\u0434\u044f\u0442\u044c \u0434\u043b\u044f \u0437\u043c\u0456\u0448\u0443\u0432\u0430\u043d\u043d\u044f \u0441\u0438\u043b\u0456\u043a\u043e\u043d\u0456\u0432 \u0456 \u0441\u043c\u043e\u043b (\u0437\u043c\u0435\u043d\u0448\u0443\u044e\u0447\u0438 \u0430\u0435\u0440\u0430\u0446\u0456\u044e \u043c\u0430\u0442\u0435\u0440\u0456\u0430\u043b\u0443 \u043f\u0456\u0434 \u0447\u0430\u0441 \u0437\u043c\u0456\u0448\u0443\u0432\u0430\u043d\u043d\u044f), \u0430\u043b\u0435 \u043c\u0438 \u0442\u0430\u043a\u043e\u0436 \u0440\u0435\u043a\u043e\u043c\u0435\u043d\u0434\u0443\u0454\u043c\u043e \u0432\u0438\u043a\u043e\u0440\u0438\u0441\u0442\u043e\u0432\u0443\u0432\u0430\u0442\u0438 \u0432\u0430\u043a\u0443\u0443\u043c\u043d\u0443 \u0432\u0435\u043d\u0442\u0438\u043b\u044f\u0446\u0456\u044e \u0434\u043b\u044f \u0434\u043e\u0441\u044f\u0433\u043d\u0435\u043d\u043d\u044f \u043d\u0430\u0439\u043a\u0440\u0430\u0449\u0438\u0445 \u0440\u0435\u0437\u0443\u043b\u044c\u0442\u0430\u0442\u0456\u0432.<\/p>\r\n<\/div>\r\n<div class=\"productfiles\">\u00a0<\/div>\r\n<\/div>\r\n<\/div>","protected":false},"excerpt":{"rendered":"<p>Specyfikacje techniczne: \u015arednica mieszad\u0142a: 65 mm D\u0142ugo\u015b\u0107: 200 mm Mocowanie: fi8 Materia\u0142: stal nierdzewna Waga mieszad\u0142a: 136 g Kompatybilno\u015b\u0107: pasuj\u0105 do wszystkich standardowych wiertarek. &nbsp; To idealne narz\u0119dzie do mieszania gips\u00f3w E-CUPSTONE. Projekt \u0142opatek mieszad\u0142a zosta\u0142 starannie wykonany, aby zapewni\u0107 doskona\u0142e mieszanie materia\u0142u bez wprowadzania powietrza do mieszanki (co cz\u0119sto wyst\u0119puje w przypadku innych mieszade\u0142, [&hellip;]<\/p>","protected":false},"featured_media":1067,"comment_status":"open","ping_status":"closed","template":"","meta":{"_acf_changed":false},"product_brand":[],"product_cat":[24],"product_tag":[],"class_list":{"0":"post-1063","1":"product","2":"type-product","3":"status-publish","4":"has-post-thumbnail","6":"product_cat-materialy-dodatkowe","8":"first","9":"instock","10":"taxable","11":"shipping-taxable","12":"purchasable","13":"product-type-simple"},"acf":[],"_links":{"self":[{"href":"https:\/\/e-cupstone.hastastudio.com\/ua\/wp-json\/wp\/v2\/product\/1063","targetHints":{"allow":["GET"]}}],"collection":[{"href":"https:\/\/e-cupstone.hastastudio.com\/ua\/wp-json\/wp\/v2\/product"}],"about":[{"href":"https:\/\/e-cupstone.hastastudio.com\/ua\/wp-json\/wp\/v2\/types\/product"}],"replies":[{"embeddable":true,"href":"https:\/\/e-cupstone.hastastudio.com\/ua\/wp-json\/wp\/v2\/comments?post=1063"}],"wp:featuredmedia":[{"embeddable":true,"href":"https:\/\/e-cupstone.hastastudio.com\/ua\/wp-json\/wp\/v2\/media\/1067"}],"wp:attachment":[{"href":"https:\/\/e-cupstone.hastastudio.com\/ua\/wp-json\/wp\/v2\/media?parent=1063"}],"wp:term":[{"taxonomy":"product_brand","embeddable":true,"href":"https:\/\/e-cupstone.hastastudio.com\/ua\/wp-json\/wp\/v2\/product_brand?post=1063"},{"taxonomy":"product_cat","embeddable":true,"href":"https:\/\/e-cupstone.hastastudio.com\/ua\/wp-json\/wp\/v2\/product_cat?post=1063"},{"taxonomy":"product_tag","embeddable":true,"href":"https:\/\/e-cupstone.hastastudio.com\/ua\/wp-json\/wp\/v2\/product_tag?post=1063"}],"curies":[{"name":"wp","href":"https:\/\/api.w.org\/{rel}","templated":true}]}}