{"id":1053,"date":"2024-08-01T16:31:52","date_gmt":"2024-08-01T16:31:52","guid":{"rendered":"https:\/\/e-cupstone.hastastudio.com\/?post_type=product&#038;p=1053"},"modified":"2024-09-21T16:32:10","modified_gmt":"2024-09-21T16:32:10","slug":"silikon-formierski-ade-10","status":"publish","type":"product","link":"https:\/\/e-cupstone.hastastudio.com\/ua\/produkt\/silikon-formierski-ade-10","title":{"rendered":"\u0424\u043e\u0440\u043c\u0443\u0432\u0430\u043b\u044c\u043d\u0438\u0439 \u0441\u0438\u043b\u0456\u043a\u043e\u043d ADE-10"},"content":{"rendered":"<div class=\"resetcss\">\n<div class=\"resetcss\">\n<p>\u0412\u0438\u0441\u043e\u043a\u043e\u044f\u043a\u0456\u0441\u043d\u0438\u0439 \u0430\u0434\u0433\u0435\u0437\u0456\u0439\u043d\u0438\u0439 \u0441\u0438\u043b\u0456\u043a\u043e\u043d \u0434\u043b\u044f \u043b\u0438\u0432\u0430\u0440\u043d\u0438\u0445 \u0444\u043e\u0440\u043c \u0432\u0438\u043a\u043e\u0440\u0438\u0441\u0442\u043e\u0432\u0443\u0454\u0442\u044c\u0441\u044f \u0432 \u043d\u0430\u0439\u0440\u0456\u0437\u043d\u043e\u043c\u0430\u043d\u0456\u0442\u043d\u0456\u0448\u0438\u0445 \u0441\u0444\u0435\u0440\u0430\u0445 \u0437\u0430\u0441\u0442\u043e\u0441\u0443\u0432\u0430\u043d\u043d\u044f.<\/p>\n<p><strong>\u0424\u043e\u0440\u043c\u0438, \u0441\u0442\u0432\u043e\u0440\u0435\u043d\u0456 \u0437 ADE-10, \u0431\u0430\u0433\u0430\u0442\u043e\u0440\u0430\u0437\u043e\u0432\u043e \u0432\u0438\u043a\u043e\u0440\u0438\u0441\u0442\u043e\u0432\u0443\u044e\u0442\u044c\u0441\u044f \u0443 \u0432\u0438\u0440\u043e\u0431\u043d\u0438\u0447\u043e\u043c\u0443 \u043f\u0440\u043e\u0446\u0435\u0441\u0456:<\/strong><\/p>\n<ul>\n<li>\u043f\u043e\u043b\u0456\u043c\u0435\u0440\u043d\u0430 \u0433\u043b\u0438\u043d\u0430;<\/li>\n<li>\u0430\u043a\u0440\u0438\u043b\u043e\u0432\u0456 \u0442\u0430 \u0435\u043f\u043e\u043a\u0441\u0438\u0434\u043d\u0456 \u0441\u043c\u043e\u043b\u0438;<\/li>\n<li>\u0433\u0456\u043f\u0441;<\/li>\n<li>\u0431\u0435\u0442\u043e\u043d \u0456 \u0446\u0435\u043c\u0435\u043d\u0442;<\/li>\n<li>\u0432\u0456\u0441\u043a \u0456 \u043f\u0430\u0440\u0430\u0444\u0456\u043d;<\/li>\n<li>\u043c\u0438\u043b\u0430;<\/li>\n<li>\u0440\u0456\u0434\u043a\u0456 \u043f\u043b\u0430\u0441\u0442\u0438\u043a\u0438 \u0442\u0430 \u043f\u043e\u043b\u0456\u0443\u0440\u0435\u0442\u0430\u043d.<\/li>\n<\/ul>\n<p>\u0415\u043b\u0430\u0441\u0442\u0438\u0447\u043d\u0456 \u0442\u0430 \u043c\u0456\u0446\u043d\u0456 \u0444\u043e\u0440\u043c\u0438, \u0432\u0438\u0433\u043e\u0442\u043e\u0432\u043b\u0435\u043d\u0456 \u0432\u0440\u0443\u0447\u043d\u0443, \u0434\u043e\u0437\u0432\u043e\u043b\u044f\u044e\u0442\u044c \u0442\u043e\u0447\u043d\u043e \u0432\u0456\u0434\u0442\u0432\u043e\u0440\u044e\u0432\u0430\u0442\u0438 \u0434\u0435\u043a\u043e\u0440\u0430\u0442\u0438\u0432\u043d\u0456 \u0442\u0430 \u0431\u0443\u0434\u0456\u0432\u0435\u043b\u044c\u043d\u0456 \u0435\u043b\u0435\u043c\u0435\u043d\u0442\u0438, \u043f\u0456\u0434\u043b\u043e\u0433\u043e\u0432\u0456 \u0442\u0430 \u043d\u0430\u0441\u0442\u0456\u043d\u043d\u0456 \u043f\u0440\u0438\u043a\u0440\u0430\u0441\u0438, \u044e\u0432\u0435\u043b\u0456\u0440\u043d\u0456 \u0432\u0438\u0440\u043e\u0431\u0438, \u0430\u043a\u0441\u0435\u0441\u0443\u0430\u0440\u0438, \u0434\u0435\u0442\u0430\u043b\u0456 \u0441\u043a\u043b\u0430\u0434\u043d\u0438\u0445 \u043c\u0435\u0445\u0430\u043d\u0456\u0437\u043c\u0456\u0432 (\u0443\u0449\u0456\u043b\u044c\u043d\u0435\u043d\u043d\u044f \u0430\u0431\u043e \u0432\u0430\u043b\u0438), \u043a\u0443\u0445\u043e\u043d\u043d\u0435 \u043f\u0440\u0438\u043b\u0430\u0434\u0434\u044f, \u0441\u0443\u0432\u0435\u043d\u0456\u0440\u0438.<\/p>\n<p><strong>\u041e\u0441\u043d\u043e\u0432\u043d\u0456 \u0445\u0430\u0440\u0430\u043a\u0442\u0435\u0440\u0438\u0441\u0442\u0438\u043a\u0438 \u0441\u0438\u043b\u0456\u043a\u043e\u043d\u0443 \u0434\u043b\u044f \u043b\u0438\u0442\u0442\u044f \u0444\u043e\u0440\u043c ADE-10:<\/strong><\/p>\n<p>to dwusk\u0142adnikowa mieszanka formuj\u0105ca na bazie platyny, charakteryzuj\u0105ca si\u0119 r\u00f3\u017cnorodnymi w\u0142a\u015bciwo\u015bciami.<\/p>\n<p>Przed zakupem silikonu do tworzenia form zaleca si\u0119 zwr\u00f3cenie uwagi na kluczowe cechy produktu ADE-10:<\/p>\n<ul>\n<li>\u043f\u0440\u043e\u0441\u0442\u043e\u0442\u0430 \u0432\u0438\u043a\u043e\u0440\u0438\u0441\u0442\u0430\u043d\u043d\u044f - \u0434\u043b\u044f \u043e\u0442\u0440\u0438\u043c\u0430\u043d\u043d\u044f \u0441\u0438\u043b\u0456\u043a\u043e\u043d\u043e\u0432\u0438\u0445 \u0444\u043e\u0440\u043c \u0434\u043b\u044f \u0431\u0435\u0442\u043e\u043d\u0443, \u0441\u043c\u043e\u043b\u0438 \u0430\u0431\u043e \u0433\u0456\u043f\u0441\u0443 \u043d\u0435 \u043f\u043e\u0442\u0440\u0456\u0431\u043d\u0430 \u0441\u043f\u0435\u0446\u0456\u0430\u043b\u044c\u043d\u0430 \u043f\u0456\u0434\u0433\u043e\u0442\u043e\u0432\u043a\u0430 \u0430\u0431\u043e \u0441\u0443\u0447\u0430\u0441\u043d\u0435 \u043e\u0431\u043b\u0430\u0434\u043d\u0430\u043d\u043d\u044f, \u0434\u043e\u0441\u0442\u0430\u0442\u043d\u044c\u043e \u043b\u0438\u0448\u0435 \u0443\u0432\u0430\u0436\u043d\u043e \u043f\u0440\u043e\u0447\u0438\u0442\u0430\u0442\u0438 \u0456\u043d\u0441\u0442\u0440\u0443\u043a\u0446\u0456\u044e \u0456 \u0434\u043e\u0442\u0440\u0438\u043c\u0443\u0432\u0430\u0442\u0438\u0441\u044f \u0440\u0435\u043a\u043e\u043c\u0435\u043d\u0434\u0430\u0446\u0456\u0439 \u0432\u0438\u0440\u043e\u0431\u043d\u0438\u043a\u0430.<\/li>\n<li>optymalny &#8222;czas \u017cycia&#8221; \u2013 okres wst\u0119pnego utwardzania wynosi\u00a0oko\u0142o 24 godzin\u00a0w temperaturze pokojowej (22-25\u2103), nale\u017cy zauwa\u017cy\u0107, \u017ce wy\u017csza temperatura otoczenia przyspiesza proces utwardzania, a do jego przyspieszenia mo\u017cna u\u017cywa\u0107 urz\u0105dze\u0144 grzewczych, takich jak piekarnik czy nagrzewnica.<\/li>\n<li>\u043d\u0435\u0430\u043a\u0442\u0438\u0432\u043d\u0430 \u043f\u043e\u043b\u0456\u043c\u0435\u0440\u0438\u0437\u0430\u0446\u0456\u044f - \u0441\u0438\u043b\u0456\u043a\u043e\u043d \u0443 \u0444\u043e\u0440\u043c\u0456 \u0442\u0432\u0435\u0440\u0434\u043d\u0435 \u043f\u0440\u043e\u0442\u044f\u0433\u043e\u043c 24 \u0433\u043e\u0434\u0438\u043d, \u0437\u0430\u0431\u0435\u0437\u043f\u0435\u0447\u0443\u044e\u0447\u0438 \u0432\u0456\u0434\u043c\u0456\u043d\u043d\u0443 \u0432\u0435\u043d\u0442\u0438\u043b\u044f\u0446\u0456\u044e, \u0433\u043e\u043b\u043e\u0432\u043d\u0435 - \u043f\u0456\u0434\u0442\u0440\u0438\u043c\u0443\u0432\u0430\u0442\u0438 \u043f\u0440\u0430\u0432\u0438\u043b\u044c\u043d\u0438\u0439 \u0442\u0435\u043c\u043f\u0435\u0440\u0430\u0442\u0443\u0440\u043d\u0438\u0439 \u0440\u0435\u0436\u0438\u043c \u0456 \u043d\u0438\u0437\u044c\u043a\u0443 \u0432\u043e\u043b\u043e\u0433\u0456\u0441\u0442\u044c \u0443 \u0437\u043e\u043d\u0456, \u0434\u0435 \u0432\u0456\u0434\u0431\u0443\u0432\u0430\u0454\u0442\u044c\u0441\u044f \u0440\u0435\u0430\u043a\u0446\u0456\u044f.<\/li>\n<li>\u0412\u0456\u0434\u0441\u0443\u0442\u043d\u0456\u0441\u0442\u044c \u0443\u0441\u0430\u0434\u043a\u0438 - \u043f\u0440\u0438 \u0437\u0430\u0433\u0443\u0449\u0435\u043d\u043d\u0456 \u0441\u0438\u043b\u0456\u043a\u043e\u043d \u043d\u0435 \u0432\u0438\u0434\u0456\u043b\u044f\u0454 \u043f\u043e\u0431\u0456\u0447\u043d\u0438\u0445 \u043f\u0440\u043e\u0434\u0443\u043a\u0442\u0456\u0432, \u0430 \u0446\u0435 \u043e\u0437\u043d\u0430\u0447\u0430\u0454, \u0449\u043e \u043f\u043b\u0430\u0442\u0438\u043d\u043e\u0432\u0438\u0439 \u0444\u043e\u0440\u043c\u0443\u0432\u0430\u043b\u044c\u043d\u0438\u0439 \u043c\u0430\u0442\u0435\u0440\u0456\u0430\u043b \u043d\u0435 \u0434\u0430\u0454 \u0443\u0441\u0430\u0434\u043a\u0438, \u0433\u0430\u0440\u0430\u043d\u0442\u0443\u044e\u0447\u0438 \u0442\u043e\u0447\u043d\u0435 \u0432\u0456\u0434\u0442\u0432\u043e\u0440\u0435\u043d\u043d\u044f \u043c\u0430\u0442\u0440\u0438\u0446\u0456.<\/li>\n<li>\u0431\u0435\u0437\u043f\u0435\u0447\u043d\u0438\u0439 - \u0434\u0432\u043e\u043a\u043e\u043c\u043f\u043e\u043d\u0435\u043d\u0442\u043d\u0438\u0439 \u0441\u0438\u043b\u0456\u043a\u043e\u043d \u0434\u043b\u044f \u0444\u043e\u0440\u043c \u043d\u0435\u0442\u043e\u043a\u0441\u0438\u0447\u043d\u0438\u0439 \u0456 \u0431\u0435\u0437\u043f\u0435\u0447\u043d\u0438\u0439 \u0434\u043b\u044f \u0448\u043a\u0456\u0440\u0438.<\/li>\n<li>\u0432\u0438\u0441\u043e\u043a\u0430 \u0441\u0442\u0456\u0439\u043a\u0456\u0441\u0442\u044c \u0434\u043e \u0444\u043e\u0440\u043c\u0443\u0432\u0430\u043d\u043d\u044f - \u043f\u043b\u0430\u0442\u0438\u043d\u043e\u0432\u0456 \u0441\u043f\u043e\u043b\u0443\u043a\u0438 \u043c\u0430\u044e\u0442\u044c \u0447\u0443\u0434\u043e\u0432\u0443 \u0442\u0432\u0435\u0440\u0434\u0456\u0441\u0442\u044c, \u043c\u0456\u0446\u043d\u0456\u0441\u0442\u044c \u0456 \u0441\u0442\u0456\u0439\u043a\u0456\u0441\u0442\u044c \u0434\u043e \u0440\u043e\u0437\u0440\u0438\u0432\u0443, \u0449\u043e \u0440\u043e\u0431\u0438\u0442\u044c \u0457\u0445 \u0456\u0434\u0435\u0430\u043b\u044c\u043d\u0438\u043c\u0438 \u0434\u043b\u044f \u0431\u0430\u0433\u0430\u0442\u043e\u0440\u0430\u0437\u043e\u0432\u043e\u0433\u043e \u0432\u0438\u043a\u043e\u0440\u0438\u0441\u0442\u0430\u043d\u043d\u044f \u0443 \u0444\u043e\u0440\u043c\u0430\u0445.<\/li>\n<\/ul>\n<p><strong>\u0412\u041b\u0410\u0421\u0422\u0418\u0412\u041e\u0421\u0422\u0406 :<\/strong><\/p>\n<p>Proporcja mieszania (wagowo) &#8211; 100:100<\/p>\n<p>Kolor &#8211; Bia\u0142y<\/p>\n<p>Lepko\u015b\u0107 mieszaniny Brookfielda &#8211; 2600 mPa.s (bardzo lejny)<\/p>\n<p>G\u0119sto\u015b\u0107 w 25oC &#8211; 1.09<\/p>\n<p>Czas \u017cycia w 23oC &#8211; 30 min<\/p>\n<p>Czas do rozformowania w 23oC &#8211;\u00a0<strong>24 h<\/strong><\/p>\n<p>Ca\u0142kowity czas utwardzenia &#8211; 48 h<\/p>\n<p>Twardo\u015b\u0107 po 24h\u00a0<strong>Shore A &#8211; 10<\/strong><\/p>\n<p>Wyd\u0142u\u017cenie przy zerwaniu % &#8211; 650<\/p>\n<p>Wytrzyma\u0142o\u015b\u0107 na rozdzieranie MPa &#8211; 4,1<\/p>\n<p>Odporno\u015b\u0107 termiczna &#8211; od -50oC do 220oC<\/p>\n<p><strong>\u041f\u0456\u0434\u0433\u043e\u0442\u043e\u0432\u043a\u0430 \u043f\u043b\u0430\u0442\u0438\u043d\u043e\u0432\u043e\u0457 \u0441\u043f\u043e\u043b\u0443\u043a\u0438 \u0434\u043e \u0437\u0430\u043b\u0438\u0432\u0430\u043d\u043d\u044f \u0443 \u0444\u043e\u0440\u043c\u0438<\/strong><\/p>\n<p>\u0414\u043b\u044f \u0432\u0438\u0433\u043e\u0442\u043e\u0432\u043b\u0435\u043d\u043d\u044f \u0434\u0432\u043e\u043a\u043e\u043c\u043f\u043e\u043d\u0435\u043d\u0442\u043d\u043e\u0457 \u0441\u0443\u043c\u0456\u0448\u0456 \u0432\u0430\u043c \u0437\u043d\u0430\u0434\u043e\u0431\u0438\u0442\u044c\u0441\u044f \u043a\u043e\u043d\u0442\u0435\u0439\u043d\u0435\u0440 \u0434\u043b\u044f \u043b\u0438\u0442\u0442\u044f, \u043b\u043e\u043f\u0430\u0442\u0435\u0432\u0438\u0439 \u0430\u0431\u043e \u0430\u0432\u0442\u043e\u043c\u0430\u0442\u0438\u0447\u043d\u0438\u0439 \u043c\u0456\u043a\u0441\u0435\u0440 \u0434\u043b\u044f \u0437\u043c\u0456\u0448\u0443\u0432\u0430\u043d\u043d\u044f \u0442\u0430 \u043c\u0430\u0442\u0440\u0438\u0446\u044f \u0432\u0438\u0440\u043e\u0431\u0443.<\/p>\n<p><em>\u0417\u0432\u0435\u0440\u043d\u0456\u0442\u044c \u0443\u0432\u0430\u0433\u0443, \u0449\u043e \u043f\u043b\u0430\u0442\u0438\u043d\u043e\u0432\u0430 \u0440\u0456\u0434\u043a\u0430 \u043e\u0441\u043d\u043e\u0432\u0430 \u043d\u0435 \u0441\u0443\u043c\u0456\u0441\u043d\u0430 \u0437 \u0444\u043e\u0440\u043c\u0430\u043c\u0438, \u0449\u043e \u043c\u0456\u0441\u0442\u044f\u0442\u044c \u0441\u0456\u0440\u043a\u0443, \u0441\u0432\u0438\u043d\u0435\u0446\u044c \u0430\u0431\u043e \u0430\u043c\u0456\u043d\u043e\u043a\u0438\u0441\u043b\u043e\u0442\u0438. \u0422\u043e\u043c\u0443 \u043c\u043e\u0434\u0435\u043b\u0456, \u0432\u0438\u0433\u043e\u0442\u043e\u0432\u043b\u0435\u043d\u0456 \u0437 \u043f\u043b\u0430\u0441\u0442\u0438\u043b\u0456\u043d\u0443, \u0449\u043e \u043c\u0456\u0441\u0442\u0438\u0442\u044c \u0441\u0456\u0440\u043a\u0443, \u0430\u0431\u043e \u0441\u0442\u0432\u043e\u0440\u0435\u043d\u0456 \u043d\u0430 3D-\u043f\u0440\u0438\u043d\u0442\u0435\u0440\u0456 \u0437 \u0432\u0438\u043a\u043e\u0440\u0438\u0441\u0442\u0430\u043d\u043d\u044f\u043c (\u0444\u043e\u0442\u043e\u043f\u043e\u043b\u0456\u043c\u0435\u0440\u043d\u043e\u0457) \u0441\u043c\u043e\u043b\u0438, \u043c\u043e\u0436\u0443\u0442\u044c \u0441\u043f\u0440\u0438\u0447\u0438\u043d\u0438\u0442\u0438 \u043d\u0435\u0431\u0430\u0436\u0430\u043d\u0456 \u0445\u0456\u043c\u0456\u0447\u043d\u0456 \u0440\u0435\u0430\u043a\u0446\u0456\u0457 \u0437 \u043f\u043b\u0430\u0442\u0438\u043d\u043e\u0432\u0438\u043c\u0438 \u0441\u0438\u043b\u0456\u043a\u043e\u043d\u0430\u043c\u0438.<\/em><\/p>\n<p><strong>\u0417\u043c\u0456\u0448\u0443\u0432\u0430\u043d\u043d\u044f \u0442\u0430 \u0432\u0435\u043d\u0442\u0438\u043b\u044f\u0446\u0456\u044f<\/strong><\/p>\n<p>Mieszanie sk\u0142adnik\u00f3w powinno trwa\u0107 2-3 minuty w proporcjach 1:1. Do tego celu mo\u017cna u\u017cywa\u0107 drewnianych lub plastikowych \u0142opatek, kuchennego miksera czy nawet patyczk\u00f3w do jedzenia sushi pozostawionych po zam\u00f3wieniu.<\/p>\n<p>Przed rozpocz\u0119ciem pracy pojemno\u015b\u0107 do odlewania oraz wszystkie narz\u0119dzia trzeba umy\u0107, osuszy\u0107 i odt\u0142u\u015bci\u0107 za pomoc\u0105 spirytusu lub specjalnych p\u0142yn\u00f3w budowlanych.<\/p>\n<p>Aby sprawdzi\u0107, czy mieszanka jest odpowiednio wymieszana, mo\u017cna doda\u0107 kropl\u0119 barwnika. Je\u015bli mieszanka r\u00f3wnomiernie zmienia odcie\u0144, oznacza to, \u017ce sk\u0142adniki zwi\u0105zku s\u0105 dobrze wymieszane.<\/p>\n<p>Gotow\u0105 mieszank\u0119 nale\u017cy wla\u0107 do odpowiedniego naczynia i pozostawi\u0107 do ca\u0142kowitego utwardzenia w temperaturze pokojowej. Platynowy silikon\u00a0samodzielnie usuwa p\u0119cherzyki powietrza, dlatego nie wymaga specjalnego odgazowywania.<\/p>\n<p>Je\u015bli jednak zdecydujesz si\u0119 na odgazowywanie\u00a0mieszaniny w celu wzmocnienia wytrzyma\u0142o\u015bci formy:<\/p>\n<ul>\n<li>\u041e\u043f\u0442\u0438\u043c\u0430\u043b\u044c\u043d\u0438\u0439 \u0447\u0430\u0441 \u0440\u043e\u0431\u043e\u0442\u0438 \u0443 \u0432\u0430\u043a\u0443\u0443\u043c\u043d\u0456\u0439 \u043a\u0430\u043c\u0435\u0440\u0456 - 2-5 \u0445\u0432\u0438\u043b\u0438\u043d \u043f\u0440\u0438 \u0442\u0438\u0441\u043a\u0443 10-25 \u043c\u043c \u0440\u0442.\u0441\u0442;<\/li>\n<li>\u0432\u0438\u0431\u0438\u0440\u0430\u0439\u0442\u0435 \u043f\u043e\u0441\u0443\u0434\u0438\u043d\u0443, \u044f\u043a\u0430 \u0432 2-3 \u0440\u0430\u0437\u0438 \u043f\u0435\u0440\u0435\u0432\u0438\u0449\u0443\u0454 \u043e\u0431'\u0454\u043c \u0441\u0438\u043b\u0456\u043a\u043e\u043d\u0443, \u043e\u0441\u043a\u0456\u043b\u044c\u043a\u0438 \u0441\u0443\u043c\u0456\u0448 \u0437\u0431\u0456\u043b\u044c\u0448\u0443\u0454\u0442\u044c\u0441\u044f \u0432 \u043e\u0431'\u0454\u043c\u0456 \u043f\u0456\u0434 \u0447\u0430\u0441 \u0434\u0435\u0433\u0430\u0437\u0430\u0446\u0456\u0457 \u0456 \u043f\u043e\u0432\u0435\u0440\u0442\u0430\u0454\u0442\u044c\u0441\u044f \u0434\u043e \u043f\u043e\u0447\u0430\u0442\u043a\u043e\u0432\u043e\u0433\u043e \u0441\u0442\u0430\u043d\u0443 \u043f\u0456\u0441\u043b\u044f \u0437\u0430\u0432\u0435\u0440\u0448\u0435\u043d\u043d\u044f \u043f\u0440\u043e\u0446\u0435\u0441\u0443.<\/li>\n<\/ul>\n<p>Ca\u0142kowite utwardzenie silikonowej matrycy nast\u0119puje w ci\u0105gu\u00a048 godzin. Po tym czasie form\u0119 mo\u017cna u\u017cywa\u0107 w procesie produkcyjnym.<\/p>\n<p>Je\u015bli masz dodatkowe pytania, \u015bmia\u0142o dzwo\u0144 lub pisz. Zesp\u00f3\u0142\u00a0E-CUPSTONE s\u0142u\u017cy pomoc\u0105 w wyborze odpowiedniego produktu oraz udzieli praktycznych wskaz\u00f3wek dotycz\u0105cych efektywnego i bezpiecznego korzystania z silikon\u00f3w do formowania.<\/p>\n<\/div>\n<div class=\"productfiles\">\n<h5 class=\"\">\u0417\u0430\u0432\u0430\u043d\u0442\u0430\u0436\u0435\u043d\u043d\u044f:<\/h5>\n<ul class=\"productfiles\">\n<li><a class=\"spanhover\" title=\"\u041f\u0430\u0441\u043f\u043e\u0440\u0442 \u0431\u0435\u0437\u043f\u0435\u043a\u0438 \u0441\u0438\u043b\u0456\u043a\u043e\u043d\u043e\u0432\u0438\u0439 ADE-10.31\" href=\"https:\/\/e-cupstone.hastastudio.com\/wp-content\/uploads\/2024\/08\/E-CUPSTONE_Silikon-ADE-1031_20240301.pdf\" target=\"_blank\" rel=\"noopener\">\u041f\u0430\u0441\u043f\u043e\u0440\u0442 \u0431\u0435\u0437\u043f\u0435\u043a\u0438 \u0441\u0438\u043b\u0456\u043a\u043e\u043d\u043e\u0432\u0438\u0439 ADE-10.31<\/a><\/li>\n<\/ul>\n<\/div>\n<\/div>\n<div class=\"productfiles\"><\/div>","protected":false},"excerpt":{"rendered":"<p>Silikon addycyjny\u00a0najwy\u017cszej klasy, przeznaczony do produkcji form odlewniczych, znajduje zastosowanie w r\u00f3\u017cnorodnych dziedzinach. Formy stworzone z\u00a0ADE-10 s\u0105 wielokrotnie wykorzystywane w procesie produkcji: gliny polimerowej; \u017cywic akrylowych i epoksydowych; gipsu; betonu i cementu; wosku i parafiny; myd\u0142a; ciek\u0142ych tworzyw sztucznych i poliuretanu. Spr\u0119\u017cyste i trwa\u0142e formy, wykonane w\u0142asnor\u0119cznie, umo\u017cliwiaj\u0105 precyzyjne odtworzenie dekoracyjnych i budowlanych element\u00f3w, ozd\u00f3b [&hellip;]<\/p>","protected":false},"featured_media":1061,"comment_status":"open","ping_status":"closed","template":"","meta":{"_acf_changed":false},"product_brand":[],"product_cat":[24],"product_tag":[],"class_list":{"0":"post-1053","1":"product","2":"type-product","3":"status-publish","4":"has-post-thumbnail","6":"product_cat-materialy-dodatkowe","8":"first","9":"instock","10":"taxable","11":"shipping-taxable","12":"purchasable","13":"product-type-simple"},"acf":[],"_links":{"self":[{"href":"https:\/\/e-cupstone.hastastudio.com\/ua\/wp-json\/wp\/v2\/product\/1053","targetHints":{"allow":["GET"]}}],"collection":[{"href":"https:\/\/e-cupstone.hastastudio.com\/ua\/wp-json\/wp\/v2\/product"}],"about":[{"href":"https:\/\/e-cupstone.hastastudio.com\/ua\/wp-json\/wp\/v2\/types\/product"}],"replies":[{"embeddable":true,"href":"https:\/\/e-cupstone.hastastudio.com\/ua\/wp-json\/wp\/v2\/comments?post=1053"}],"wp:featuredmedia":[{"embeddable":true,"href":"https:\/\/e-cupstone.hastastudio.com\/ua\/wp-json\/wp\/v2\/media\/1061"}],"wp:attachment":[{"href":"https:\/\/e-cupstone.hastastudio.com\/ua\/wp-json\/wp\/v2\/media?parent=1053"}],"wp:term":[{"taxonomy":"product_brand","embeddable":true,"href":"https:\/\/e-cupstone.hastastudio.com\/ua\/wp-json\/wp\/v2\/product_brand?post=1053"},{"taxonomy":"product_cat","embeddable":true,"href":"https:\/\/e-cupstone.hastastudio.com\/ua\/wp-json\/wp\/v2\/product_cat?post=1053"},{"taxonomy":"product_tag","embeddable":true,"href":"https:\/\/e-cupstone.hastastudio.com\/ua\/wp-json\/wp\/v2\/product_tag?post=1053"}],"curies":[{"name":"wp","href":"https:\/\/api.w.org\/{rel}","templated":true}]}}