{"id":1041,"date":"2024-08-01T16:26:49","date_gmt":"2024-08-01T16:26:49","guid":{"rendered":"https:\/\/e-cupstone.hastastudio.com\/?post_type=product&#038;p=1041"},"modified":"2024-09-21T16:54:30","modified_gmt":"2024-09-21T16:54:30","slug":"%d0%bb%d0%b0%d0%ba-%d0%b4%d0%bb%d1%8f-%d0%bf%d0%be%d0%bb%d1%96%d0%bc%d0%b5%d1%80%d0%bd%d0%be%d1%97-%d1%88%d1%82%d1%83%d0%ba%d0%b0%d1%82%d1%83%d1%80%d0%ba%d0%b8-e-cupstone","status":"publish","type":"product","link":"https:\/\/e-cupstone.hastastudio.com\/ua\/produkt\/%d0%bb%d0%b0%d0%ba-%d0%b4%d0%bb%d1%8f-%d0%bf%d0%be%d0%bb%d1%96%d0%bc%d0%b5%d1%80%d0%bd%d0%be%d1%97-%d1%88%d1%82%d1%83%d0%ba%d0%b0%d1%82%d1%83%d1%80%d0%ba%d0%b8-e-cupstone","title":{"rendered":"\u041f\u043e\u043b\u0456\u043c\u0435\u0440\u043d\u0438\u0439 \u0448\u0442\u0443\u043a\u0430\u0442\u0443\u0440\u043d\u0438\u0439 \u043b\u0430\u043a E-CUPSTONE"},"content":{"rendered":"<div class=\"resetcss\">\r\n<div class=\"resetcss\">\r\n<div class=\"resetcss\">\r\n<div class=\"resetcss\">\r\n<p><strong>\u0425\u0410\u0420\u0410\u041a\u0422\u0415\u0420\u0418\u0421\u0422\u0418\u041a\u0418<\/strong><br \/>\u041f\u0440\u043e\u0437\u043e\u0440\u0438\u0439 \u043d\u0430\u043f\u0456\u0432\u043c\u0430\u0442\u043e\u0432\u0438\u0439 \u043b\u0430\u043a \u0434\u043b\u044f \u0437\u0430\u0445\u0438\u0441\u0442\u0443 \u043f\u043e\u0432\u0435\u0440\u0445\u043d\u0456 \u0432\u0438\u0440\u043e\u0431\u0456\u0432 \u0437 \u043f\u043e\u043b\u0456\u043c\u0435\u0440\u043d\u043e\u0457 \u0448\u0442\u0443\u043a\u0430\u0442\u0443\u0440\u043a\u0438 E-CUPSTONE.<br \/>\u0421\u0442\u0432\u043e\u0440\u044e\u0454 \u043f\u0440\u043e\u0437\u043e\u0440\u0435 \u043f\u043e\u043a\u0440\u0438\u0442\u0442\u044f, \u0441\u0442\u0456\u0439\u043a\u0435 \u0434\u043e \u0441\u043a\u0440\u0430\u0431\u0443, \u0437\u043c\u0435\u043d\u0448\u0443\u0454 \u043f\u043e\u0433\u043b\u0438\u043d\u0430\u043d\u043d\u044f \u0432\u043e\u0434\u0438, \u0432\u043e\u0441\u043a\u0443 \u0442\u0430 \u0440\u0456\u0437\u043d\u0438\u0445 \u0432\u0438\u0434\u0456\u0432 \u0431\u0440\u0443\u0434\u0443.<br \/>\u041d\u0435 \u0432\u0438\u0441\u0438\u0445\u0430\u0454 \u043f\u0440\u0438 \u043d\u0430\u043d\u0435\u0441\u0435\u043d\u043d\u0456 \u0456 \u043c\u0430\u0439\u0436\u0435 \u043d\u0435 \u0437\u0430\u043b\u0438\u0448\u0430\u0454 \u0440\u043e\u0437\u0432\u043e\u0434\u0456\u0432 \u0432\u0456\u0434 \u043f\u0435\u043d\u0437\u043b\u0456\u0432. \u0414\u0443\u0436\u0435 \u043f\u0440\u0438\u0454\u043c\u043d\u043e \u043d\u0430\u043d\u043e\u0441\u0438\u0442\u044c\u0441\u044f.<br \/>Zapach &#8211; specyficzny dla lakieru akrylowego, aplikacje przeprowadza\u0107 w pomieszczeniu wentylowanym.<br \/>Czas schni\u0119cia pow\u0142oki &#8211; 2 h<br \/><br \/><strong>\u041f\u0406\u0414\u0413\u041e\u0422\u041e\u0412\u041a\u0410<\/strong><\/p>\r\n<ul>\r\n<li>\u0420\u0456\u0432\u043d\u043e\u043c\u0456\u0440\u043d\u043e \u043f\u0440\u043e\u043d\u0438\u043a\u0430\u0454 \u0432 \u043e\u0441\u043d\u043e\u0432\u0443, \u0443\u0442\u0432\u043e\u0440\u044e\u044e\u0447\u0438 \u0437\u0430\u0445\u0438\u0441\u043d\u0438\u0439 \u0448\u0430\u0440 \u0437 \u0432\u0456\u0434\u043c\u0456\u043d\u043d\u043e\u044e \u0441\u0442\u0456\u0439\u043a\u0456\u0441\u0442\u044e \u0434\u043e \u0430\u0442\u043c\u043e\u0441\u0444\u0435\u0440\u043d\u0438\u0445 \u0432\u043f\u043b\u0438\u0432\u0456\u0432, \u0423\u0424-\u0432\u0438\u043f\u0440\u043e\u043c\u0456\u043d\u044e\u0432\u0430\u043d\u043d\u044f \u0456 \u0431\u0430\u0433\u0430\u0442\u044c\u043e\u0445 \u0445\u0456\u043c\u0456\u0447\u043d\u0438\u0445 \u0440\u0435\u0447\u043e\u0432\u0438\u043d.<\/li>\r\n<li>\u0426\u0435 \u0437\u043c\u0435\u043d\u0448\u0443\u0454 \u0441\u0445\u0438\u043b\u044c\u043d\u0456\u0441\u0442\u044c \u0434\u043e \u0443\u0442\u0432\u043e\u0440\u0435\u043d\u043d\u044f \u043f\u043b\u044f\u043c \u0456 \u043f\u043e\u043b\u0435\u0433\u0448\u0443\u0454 \u0441\u0430\u043c\u043e\u043e\u0447\u0438\u0449\u0435\u043d\u043d\u044f \u043c\u0430\u0442\u0435\u0440\u0456\u0430\u043b\u0443, \u0449\u043e \u0433\u0430\u0440\u0430\u043d\u0442\u0443\u0454 \u0437\u0431\u0435\u0440\u0435\u0436\u0435\u043d\u043d\u044f \u0435\u0441\u0442\u0435\u0442\u0438\u0447\u043d\u043e\u0433\u043e \u0432\u0438\u0433\u043b\u044f\u0434\u0443 \u043f\u043e\u0432\u0435\u0440\u0445\u043d\u0456 \u043d\u0430 \u0434\u043e\u0432\u0433\u0456 \u0440\u043e\u043a\u0438.<\/li>\r\n<li>\u0424\u043e\u0440\u043c\u0443\u043b\u0430 \u043f\u0456\u0434\u043a\u0440\u0435\u0441\u043b\u044e\u0454 \u0433\u043b\u0438\u0431\u0438\u043d\u0443 \u043a\u043e\u043b\u044c\u043e\u0440\u0443.<\/li>\r\n<\/ul>\r\n<p><br \/><strong>\u0414\u043b\u044f \u043e\u0446\u0456\u043d\u043a\u0438 \u043a\u0456\u043d\u0446\u0435\u0432\u043e\u0433\u043e \u0435\u0444\u0435\u043a\u0442\u0443 \u0440\u0435\u043a\u043e\u043c\u0435\u043d\u0434\u0443\u0454\u0442\u044c\u0441\u044f \u043f\u0440\u043e\u0432\u0435\u0441\u0442\u0438 \u043f\u0440\u043e\u0431\u043d\u0435 \u0437\u0430\u0441\u0442\u043e\u0441\u0443\u0432\u0430\u043d\u043d\u044f.<\/strong><br \/><br \/><strong>\u0422\u0435\u0445\u043d\u0456\u0447\u043d\u0456 \u0434\u0430\u043d\u0456:<\/strong><\/p>\r\n<ul>\r\n<li>\u041c\u0456\u0441\u0442\u043a\u0456\u0441\u0442\u044c: 1,1 \u043c2\/100 \u043c\u043b (\u0437 \u043e\u0434\u043d\u0438\u043c \u0448\u0430\u0440\u043e\u043c).<\/li>\r\n<li>\u041f\u043e\u0433\u043b\u0438\u0431\u043b\u044e\u0454 \u043a\u043e\u043b\u0456\u0440 \u0432\u0438\u0440\u043e\u0431\u0443.<\/li>\r\n<li>\u0426\u0435 \u0435\u043a\u043e\u043b\u043e\u0433\u0456\u0447\u043d\u043e \u0447\u0438\u0441\u0442\u0438\u0439 \u043f\u0440\u043e\u0434\u0443\u043a\u0442.<\/li>\r\n<li>\u0420\u0435\u043a\u043e\u043c\u0435\u043d\u0434\u0443\u0454\u0442\u044c\u0441\u044f \u0434\u043b\u044f \u0437\u0430\u0445\u0438\u0441\u0442\u0443 \u0432\u043d\u0443\u0442\u0440\u0456\u0448\u043d\u044c\u043e\u0457 \u043f\u043e\u0432\u0435\u0440\u0445\u043d\u0456 \u0441\u0432\u0456\u0447\u043a\u043e\u0432\u0438\u0445 \u043a\u043e\u043d\u0442\u0435\u0439\u043d\u0435\u0440\u0456\u0432 \u0456 \u043d\u0430\u0434\u0430\u0454 \u043f\u043e\u043b\u0456\u043c\u0435\u0440-\u0433\u0456\u043f\u0441\u043e\u0432\u0438\u043c \u0432\u0438\u0440\u043e\u0431\u0430\u043c \u0432\u043e\u0434\u043e\u0441\u0442\u0456\u0439\u043a\u0438\u0445 \u0432\u043b\u0430\u0441\u0442\u0438\u0432\u043e\u0441\u0442\u0435\u0439.<\/li>\r\n<\/ul>\r\n<ul>\r\n<li>\u0412'\u044f\u0437\u043a\u0456\u0441\u0442\u044c [\u043c\u041f\u0430\u0441]: 7000 \u00f7 8000<\/li>\r\n<li>\u0413\u0443\u0441\u0442\u0438\u043d\u0430 [\u0433\/\u0441\u043c3]: 1,00 \u00f7 1,043<\/li>\r\n<li>\u0427\u0430\u0441 \u0432\u0438\u0441\u0438\u0445\u0430\u043d\u043d\u044f \u043f\u043e\u043a\u0440\u0438\u0442\u0442\u044f, [\u0433\u043e\u0434]: 2 h<\/li>\r\n<li>\u0420\u0435\u043a\u043e\u043c\u0435\u043d\u0434\u043e\u0432\u0430\u043d\u0430 \u043a\u0456\u043b\u044c\u043a\u0456\u0441\u0442\u044c \u0448\u0430\u0440\u0456\u0432: 1-2<\/li>\r\n<li>\u041d\u0430\u043d\u0435\u0441\u0435\u043d\u043d\u044f \u0434\u0440\u0443\u0433\u043e\u0433\u043e \u0448\u0430\u0440\u0443, [\u0433\u043e\u0434]: \u0447\u0435\u0440\u0435\u0437 2 \u0433\u043e\u0434<\/li>\r\n<li>\u0412\u043c\u0456\u0441\u0442 \u0435\u043d\u0435\u0440\u0433\u043e\u043d\u0435\u0437\u0430\u043b\u0435\u0436\u043d\u0438\u0445 \u0435\u043b\u0435\u043c\u0435\u043d\u0442\u0456\u0432, %m\/\u043c: 25<\/li>\r\n<li>\u0413\u043b\u044f\u043d\u0435\u0446\u044c \u043f\u043e\u043a\u0440\u0438\u0442\u0442\u044f: 10,0 \u00f7 15,0 (\u043d\u0430\u043f\u0456\u0432\u043c\u0430\u0442\u043e\u0432\u0438\u0439)<\/li>\r\n<li>pH: 8,0 \u00f7 9,0<\/li>\r\n<\/ul>\r\n<p><br \/><strong>\u041e\u0441\u043d\u043e\u0432\u043d\u0456 \u043f\u0435\u0440\u0435\u0432\u0430\u0433\u0438<\/strong><\/p>\r\n<ul>\r\n<li>\u0431\u0435\u0437 \u0437\u0430\u043f\u0430\u0445\u0443<\/li>\r\n<li>\u0432\u0456\u0434\u043c\u0456\u043d\u043d\u0430 \u0441\u0442\u0456\u0439\u043a\u0456\u0441\u0442\u044c \u0434\u043e \u0432\u043e\u0434\u043e\u043f\u043e\u0433\u043b\u0438\u043d\u0430\u043d\u043d\u044f<\/li>\r\n<li>\u0435\u043a\u043e\u043b\u043e\u0433\u0456\u0447\u043d\u0438\u0439<\/li>\r\n<li>\u043d\u0438\u0437\u044c\u043a\u043e\u0432\u0443\u0433\u043b\u0435\u0446\u0435\u0432\u0438\u0439<\/li>\r\n<li>\u0432\u0456\u0434\u043c\u0456\u043d\u043d\u0430 \u0441\u0442\u0456\u0439\u043a\u0456\u0441\u0442\u044c \u0434\u043e \u0447\u0438\u0449\u0435\u043d\u043d\u044f<\/li>\r\n<li>\u043f\u0456\u0434\u043a\u0440\u0435\u0441\u043b\u044e\u0454 \u0433\u043b\u0438\u0431\u0438\u043d\u0443 \u043a\u043e\u043b\u044c\u043e\u0440\u0443<\/li>\r\n<\/ul>\r\n<p><br \/><strong>\u0416\u0438\u0432\u043e\u043f\u0438\u0441<\/strong><br \/><strong>\u041f\u0435\u0440\u0435\u0434 \u0432\u0436\u0438\u0432\u0430\u043d\u043d\u044f\u043c \u0440\u0435\u0442\u0435\u043b\u044c\u043d\u043e \u043f\u0435\u0440\u0435\u043c\u0456\u0448\u0430\u0442\u0438.\u00a0<\/strong>\u041d\u0430\u043d\u043e\u0441\u0438\u0442\u0438 \u043b\u0430\u043a \u043c\u043e\u0436\u043d\u0430 \u043f\u0435\u043d\u0437\u043b\u0435\u043c, \u0432\u0430\u043b\u0438\u043a\u043e\u043c \u0430\u0431\u043e \u0440\u043e\u0437\u043f\u0438\u043b\u044e\u0432\u0430\u0447\u0435\u043c. \u0420\u0435\u043a\u043e\u043c\u0435\u043d\u0434\u043e\u0432\u0430\u043d\u0430 \u043a\u0456\u043b\u044c\u043a\u0456\u0441\u0442\u044c \u0448\u0430\u0440\u0456\u0432 - \u0434\u0432\u0430. \u0414\u0440\u0443\u0433\u0438\u0439 \u0448\u0430\u0440 \u043d\u0430\u043d\u043e\u0441\u0438\u0442\u0438 \u0447\u0435\u0440\u0435\u0437 2 \u0433\u043e\u0434\u0438\u043d\u0438.<br \/>\u0422\u043e\u0447\u043a\u043e\u0432\u0435 \u043f\u0456\u0434\u0444\u0430\u0440\u0431\u043e\u0432\u0443\u0432\u0430\u043d\u043d\u044f \u043f\u043e\u0432\u0435\u0440\u0445\u043d\u0456 \u0444\u0430\u0440\u0431\u0438 \u043c\u043e\u0436\u0435 \u043f\u0440\u0438\u0437\u0432\u0435\u0441\u0442\u0438 \u0434\u043e \u0440\u0456\u0437\u043d\u0438\u0446\u0456 \u0443 \u0431\u043b\u0438\u0441\u043a\u0443.<br \/><br \/><strong>\u0417\u0431\u0435\u0440\u0456\u0433\u0430\u043d\u043d\u044f<\/strong><br \/>\u0417\u0431\u0435\u0440\u0456\u0433\u0430\u0442\u0438 \u0442\u0456\u043b\u044c\u043a\u0438 \u0432 \u043e\u0440\u0438\u0433\u0456\u043d\u0430\u043b\u044c\u043d\u0456\u0439 \u0443\u043f\u0430\u043a\u043e\u0432\u0446\u0456 \u043f\u0440\u0438 \u0442\u0435\u043c\u043f\u0435\u0440\u0430\u0442\u0443\u0440\u0456 \u0432\u0456\u0434 -5 \u0434\u043e +30\u00b0C, \u0432 \u043d\u0435\u0434\u043e\u0441\u0442\u0443\u043f\u043d\u043e\u043c\u0443 \u0434\u043b\u044f \u0434\u0456\u0442\u0435\u0439 \u043c\u0456\u0441\u0446\u0456.<br \/><br \/><\/p>\r\n<\/div>\r\n<div class=\"productfiles\">\r\n<h5 class=\"wp-block-heading\">\u0417\u0430\u0432\u0430\u043d\u0442\u0430\u0436\u0435\u043d\u043d\u044f:<\/h5>\r\n<ul class=\"productfiles\">\r\n<li><a class=\"spanhover\" title=\"\u041f\u0430\u0441\u043f\u043e\u0440\u0442 \u0431\u0435\u0437\u043f\u0435\u043a\u0438 \u043b\u0430\u043a\u0443\" href=\"https:\/\/e-cupstone.hastastudio.com\/wp-content\/uploads\/2024\/08\/E-CUPSTONE_LAKIER-do-gipsu_polimerowego_20230314.pdf\" target=\"_blank\" rel=\"noopener\">\u041f\u0430\u0441\u043f\u043e\u0440\u0442 \u0431\u0435\u0437\u043f\u0435\u043a\u0438 \u043b\u0430\u043a\u0443<\/a><\/li>\r\n<\/ul>\r\n<\/div>\r\n<\/div>\r\n<\/div>\r\n<\/div>","protected":false},"excerpt":{"rendered":"<p>CHARAKTERYSTYKALakier przezroczysty p\u00f3\u0142mat do zabezpieczenia powierzchni wyrob\u00f3w z gipsu polimerowego E-CUPSTONE.Tworzy przezroczyst\u0105 pow\u0142ok\u0119 odporn\u0105 na szorowanie, zmniejsza wch\u0142anianie wody, wosku i r\u00f3\u017cnego rodzaju zabrudze\u0144.Nie schnie przy nak\u0142adaniu i prawie nie robi smug od p\u0119dzli. Bardzo przyjemna aplikacja.Zapach &#8211; specyficzny dla lakieru akrylowego, aplikacje przeprowadza\u0107 w pomieszczeniu wentylowanym.Czas schni\u0119cia pow\u0142oki &#8211; 2 h PRZEZNACZENIE R\u00f3wnomiernie penetruje [&hellip;]<\/p>","protected":false},"featured_media":2044,"comment_status":"open","ping_status":"closed","template":"","meta":{"_acf_changed":false},"product_brand":[],"product_cat":[24],"product_tag":[],"class_list":{"0":"post-1041","1":"product","2":"type-product","3":"status-publish","4":"has-post-thumbnail","6":"product_cat-materialy-dodatkowe","8":"first","9":"instock","10":"taxable","11":"shipping-taxable","12":"purchasable","13":"product-type-variable","14":"has-default-attributes"},"acf":[],"_links":{"self":[{"href":"https:\/\/e-cupstone.hastastudio.com\/ua\/wp-json\/wp\/v2\/product\/1041","targetHints":{"allow":["GET"]}}],"collection":[{"href":"https:\/\/e-cupstone.hastastudio.com\/ua\/wp-json\/wp\/v2\/product"}],"about":[{"href":"https:\/\/e-cupstone.hastastudio.com\/ua\/wp-json\/wp\/v2\/types\/product"}],"replies":[{"embeddable":true,"href":"https:\/\/e-cupstone.hastastudio.com\/ua\/wp-json\/wp\/v2\/comments?post=1041"}],"wp:featuredmedia":[{"embeddable":true,"href":"https:\/\/e-cupstone.hastastudio.com\/ua\/wp-json\/wp\/v2\/media\/2044"}],"wp:attachment":[{"href":"https:\/\/e-cupstone.hastastudio.com\/ua\/wp-json\/wp\/v2\/media?parent=1041"}],"wp:term":[{"taxonomy":"product_brand","embeddable":true,"href":"https:\/\/e-cupstone.hastastudio.com\/ua\/wp-json\/wp\/v2\/product_brand?post=1041"},{"taxonomy":"product_cat","embeddable":true,"href":"https:\/\/e-cupstone.hastastudio.com\/ua\/wp-json\/wp\/v2\/product_cat?post=1041"},{"taxonomy":"product_tag","embeddable":true,"href":"https:\/\/e-cupstone.hastastudio.com\/ua\/wp-json\/wp\/v2\/product_tag?post=1041"}],"curies":[{"name":"wp","href":"https:\/\/api.w.org\/{rel}","templated":true}]}}