{"id":1033,"date":"2024-08-01T16:18:35","date_gmt":"2024-08-01T16:18:35","guid":{"rendered":"https:\/\/e-cupstone.hastastudio.com\/?post_type=product&#038;p=1033"},"modified":"2024-09-23T23:28:46","modified_gmt":"2024-09-23T23:28:46","slug":"impregnat-do-gipsu-polimerowego-e-cupstone","status":"publish","type":"product","link":"https:\/\/e-cupstone.hastastudio.com\/ua\/produkt\/impregnat-do-gipsu-polimerowego-e-cupstone","title":{"rendered":"\u041f\u0440\u043e\u0441\u043e\u0447\u0443\u0432\u0430\u0447 \u0434\u043b\u044f \u043f\u043e\u043b\u0456\u043c\u0435\u0440\u043d\u043e\u0457 \u0448\u0442\u0443\u043a\u0430\u0442\u0443\u0440\u043a\u0438 E-CUPSTONE"},"content":{"rendered":"<div class=\"resetcss\">\r\n<div class=\"resetcss\">\r\n<div class=\"resetcss\">\r\n<p><strong>\u0425\u0410\u0420\u0410\u041a\u0422\u0415\u0420\u0418\u0421\u0422\u0418\u041a\u0418<\/strong><br \/>\u041f\u043e\u0432\u0435\u0440\u0445\u043d\u0435\u0432\u0430 \u0433\u0456\u0434\u0440\u043e\u0456\u0437\u043e\u043b\u044f\u0446\u0456\u044f \u0434\u043b\u044f \u0432\u0438\u0440\u043e\u0431\u0456\u0432 \u0437 \u043f\u043e\u043b\u0456\u043c\u0435\u0440\u043d\u043e\u0433\u043e \u0433\u0456\u043f\u0441\u0443.<br \/>\u041f\u0440\u0435\u043f\u0430\u0440\u0430\u0442 \u043d\u0435 \u0432\u0438\u043a\u043b\u0438\u043a\u0430\u0454 \u0431\u043b\u0438\u0441\u043a\u0443 \u0456 \u043d\u0435 \u0437\u043c\u0456\u043d\u044e\u0454 \u0441\u0442\u0440\u0443\u043a\u0442\u0443\u0440\u0443 \u043f\u0440\u043e\u0441\u043e\u0447\u0435\u043d\u043e\u0457 \u043f\u043e\u0432\u0435\u0440\u0445\u043d\u0456.<br \/><br \/>\u042f\u043a\u0449\u043e \u0432\u0438 \u0445\u043e\u0447\u0435\u0442\u0435 \u0437\u0430\u043f\u0430\u0441\u0442\u0438\u0441\u044f \u0434\u0456\u0439\u0441\u043d\u043e \u0435\u0444\u0435\u043a\u0442\u0438\u0432\u043d\u0438\u043c \u0432\u043e\u0434\u043e\u0432\u0456\u0434\u0448\u0442\u043e\u0432\u0445\u0443\u0432\u0430\u043b\u044c\u043d\u0438\u043c \u0437\u0430\u0441\u043e\u0431\u043e\u043c \u043d\u0430 \u043e\u0441\u043d\u043e\u0432\u0456 \u043f\u043e\u043b\u0456\u043c\u0435\u0440\u043d\u043e\u0433\u043e \u0433\u0456\u043f\u0441\u0443, \u0437\u0432\u0435\u0440\u043d\u0456\u0442\u044c \u0443\u0432\u0430\u0433\u0443 \u043d\u0430 \u0446\u0435\u0439 \u043f\u0440\u043e\u0434\u0443\u043a\u0442. \u0426\u044f \u0456\u043d\u043d\u043e\u0432\u0430\u0446\u0456\u0439\u043d\u0430 \u0445\u0456\u043c\u0456\u0447\u043d\u0430 \u0440\u0435\u0447\u043e\u0432\u0438\u043d\u0430 \u0434\u043e\u043f\u043e\u043c\u043e\u0436\u0435 \u0432\u0430\u043c \u0437\u0430\u0445\u0438\u0441\u0442\u0438\u0442\u0438 \u0432\u0430\u0448\u0456 \u0432\u0438\u0440\u043e\u0431\u0438 \u0432\u0456\u0434 \u043f\u043e\u0433\u043b\u0438\u043d\u0430\u043d\u043d\u044f \u0432\u043e\u0434\u0438.<br \/>\u041f\u0440\u043e\u0434\u0443\u043a\u0442 \u0443\u0442\u0432\u043e\u0440\u044e\u0454 \u043d\u0435\u0432\u0438\u0434\u0438\u043c\u0438\u0439 \u0437\u0430\u0445\u0438\u0441\u043d\u0438\u0439 \u0431\u0430\u0440'\u0454\u0440 \u043d\u0430 \u043f\u043e\u0432\u0435\u0440\u0445\u043d\u0456, \u0437\u0430\u043f\u043e\u0431\u0456\u0433\u0430\u044e\u0447\u0438 \u043f\u0440\u043e\u043d\u0438\u043a\u043d\u0435\u043d\u043d\u044e \u0432\u043e\u0434\u0438 \u0442\u0430 \u0431\u0440\u0443\u0434\u0443 \u0432\u0441\u0435\u0440\u0435\u0434\u0438\u043d\u0443 \u043a\u043e\u043d\u0441\u0442\u0440\u0443\u043a\u0446\u0456\u0457.<br \/><br \/><strong>\u041f\u0406\u0414\u0413\u041e\u0422\u041e\u0412\u041a\u0410<\/strong><\/p>\r\n<ul>\r\n<li>\u0420\u0456\u0432\u043d\u043e\u043c\u0456\u0440\u043d\u043e \u043f\u0440\u043e\u043d\u0438\u043a\u0430\u0454 \u0432 \u043e\u0441\u043d\u043e\u0432\u0443, \u0443\u0442\u0432\u043e\u0440\u044e\u044e\u0447\u0438 \u0437\u0430\u0445\u0438\u0441\u043d\u0438\u0439 \u0448\u0430\u0440 \u0437 \u0432\u0456\u0434\u043c\u0456\u043d\u043d\u043e\u044e \u0441\u0442\u0456\u0439\u043a\u0456\u0441\u0442\u044e \u0434\u043e \u0430\u0442\u043c\u043e\u0441\u0444\u0435\u0440\u043d\u0438\u0445 \u0432\u043f\u043b\u0438\u0432\u0456\u0432, \u0423\u0424-\u0432\u0438\u043f\u0440\u043e\u043c\u0456\u043d\u044e\u0432\u0430\u043d\u043d\u044f \u0456 \u0431\u0430\u0433\u0430\u0442\u044c\u043e\u0445 \u0445\u0456\u043c\u0456\u0447\u043d\u0438\u0445 \u0440\u0435\u0447\u043e\u0432\u0438\u043d.<\/li>\r\n<li>\u0426\u0435 \u0437\u043c\u0435\u043d\u0448\u0443\u0454 \u0441\u0445\u0438\u043b\u044c\u043d\u0456\u0441\u0442\u044c \u0434\u043e \u0443\u0442\u0432\u043e\u0440\u0435\u043d\u043d\u044f \u043f\u043b\u044f\u043c \u0456 \u043f\u043e\u043b\u0435\u0433\u0448\u0443\u0454 \u0441\u0430\u043c\u043e\u043e\u0447\u0438\u0449\u0435\u043d\u043d\u044f \u043c\u0430\u0442\u0435\u0440\u0456\u0430\u043b\u0443, \u0449\u043e \u0433\u0430\u0440\u0430\u043d\u0442\u0443\u0454 \u0437\u0431\u0435\u0440\u0435\u0436\u0435\u043d\u043d\u044f \u0435\u0441\u0442\u0435\u0442\u0438\u0447\u043d\u043e\u0433\u043e \u0432\u0438\u0433\u043b\u044f\u0434\u0443 \u043f\u043e\u0432\u0435\u0440\u0445\u043d\u0456 \u043d\u0430 \u0434\u043e\u0432\u0433\u0456 \u0440\u043e\u043a\u0438.<\/li>\r\n<li>\u041f\u0440\u0435\u043f\u0430\u0440\u0430\u0442 \u043d\u0435 \u0432\u0438\u043a\u043b\u0438\u043a\u0430\u0454 \u0431\u043b\u0438\u0441\u043a\u0443 \u0456 \u043d\u0435 \u0437\u043c\u0456\u043d\u044e\u0454 \u0441\u0442\u0440\u0443\u043a\u0442\u0443\u0440\u0443 \u043f\u0440\u043e\u0441\u043e\u0447\u0435\u043d\u043e\u0457 \u043f\u043e\u0432\u0435\u0440\u0445\u043d\u0456.<\/li>\r\n<\/ul>\r\n<p>\u0420\u0435\u043a\u043e\u043c\u0435\u043d\u0434\u0443\u0454\u0442\u044c\u0441\u044f \u043f\u0440\u043e\u0432\u0435\u0441\u0442\u0438 \u0442\u0435\u0441\u0442 \u043d\u0430\u043d\u0435\u0441\u0435\u043d\u043d\u044f, \u0449\u043e\u0431 \u043e\u0446\u0456\u043d\u0438\u0442\u0438 \u043a\u0456\u043d\u0446\u0435\u0432\u0438\u0439 \u0435\u0444\u0435\u043a\u0442 \u043f\u0440\u043e\u0441\u043e\u0447\u0435\u043d\u043d\u044f.<br \/><br \/><strong>\u041f\u0456\u0434\u0433\u043e\u0442\u043e\u0432\u043a\u0430 \u043f\u043e\u0432\u0435\u0440\u0445\u043d\u0456<\/strong><br \/>\u041e\u0441\u043d\u043e\u0432\u043d\u043e\u044e \u0432\u0438\u043c\u043e\u0433\u043e\u044e \u0434\u043b\u044f \u043f\u0440\u043e\u0441\u043e\u0447\u0435\u043d\u043d\u044f \u0454 \u043d\u0430\u043b\u0435\u0436\u043d\u0438\u043c \u0447\u0438\u043d\u043e\u043c \u043f\u0456\u0434\u0433\u043e\u0442\u043e\u0432\u043b\u0435\u043d\u0430 \u043f\u043e\u0432\u0435\u0440\u0445\u043d\u044f \u043e\u0441\u043d\u043e\u0432\u0438. \u0426\u044f \u043f\u043e\u0432\u0435\u0440\u0445\u043d\u044f \u043f\u043e\u0432\u0438\u043d\u043d\u0430 \u0431\u0443\u0442\u0438 \u0440\u0456\u0432\u043d\u043e\u043c\u0456\u0440\u043d\u043e \u043f\u043e\u0440\u0438\u0441\u0442\u043e\u044e, \u0447\u0438\u0441\u0442\u043e\u044e, \u0441\u0443\u0445\u043e\u044e \u0456 \u043e\u0441\u043e\u0431\u043b\u0438\u0432\u043e \u043d\u0435\u0436\u0438\u0440\u043d\u043e\u044e. \u041d\u043e\u0432\u0456 \u0433\u0456\u043f\u0441\u043e\u0432\u0456 \u0432\u0438\u0440\u043e\u0431\u0438 \u043c\u043e\u0436\u043d\u0430 \u043f\u0440\u043e\u0441\u043e\u0447\u0443\u0432\u0430\u0442\u0438 \u043d\u0435 \u0440\u0430\u043d\u0456\u0448\u0435, \u043d\u0456\u0436 \u0447\u0435\u0440\u0435\u0437 2-6 \u0434\u043d\u0456\u0432 \u043f\u0456\u0441\u043b\u044f \u0432\u0438\u043a\u043e\u043d\u0430\u043d\u043d\u044f \u0446\u0438\u0445 \u0440\u043e\u0431\u0456\u0442. \u0420\u043e\u0431\u043e\u0442\u0438 \u0437 \u043f\u0440\u043e\u0441\u043e\u0447\u0435\u043d\u043d\u044f \u0440\u0435\u043a\u043e\u043c\u0435\u043d\u0434\u0443\u0454\u0442\u044c\u0441\u044f \u043f\u0440\u043e\u0432\u043e\u0434\u0438\u0442\u0438 \u0432 \u0441\u0443\u0445\u0443 \u043f\u043e\u0433\u043e\u0434\u0443, \u043f\u0440\u0438 \u0442\u0435\u043c\u043f\u0435\u0440\u0430\u0442\u0443\u0440\u0456 \u0432\u0456\u0434 +5 \u0434\u043e +30\u00b0C \u0456 \u0432\u0456\u0434\u043d\u043e\u0441\u043d\u0456\u0439 \u0432\u043e\u043b\u043e\u0433\u043e\u0441\u0442\u0456 \u043f\u043e\u0432\u0456\u0442\u0440\u044f \u0434\u043e 80%. \u041f\u043e\u0432\u0435\u0440\u0445\u043d\u044f \u0441\u0442\u0430\u0454 \u043f\u043e\u0432\u043d\u0456\u0441\u0442\u044e \u0432\u043e\u0434\u043e\u0432\u0456\u0434\u0448\u0442\u043e\u0432\u0445\u0443\u0432\u0430\u043b\u044c\u043d\u043e\u044e \u043f\u0440\u0438\u0431\u043b\u0438\u0437\u043d\u043e \u0447\u0435\u0440\u0435\u0437 24 \u0433\u043e\u0434\u0438\u043d\u0438. \u041f\u0440\u043e\u0442\u044f\u0433\u043e\u043c \u0446\u044c\u043e\u0433\u043e \u0447\u0430\u0441\u0443 \u0457\u0457 \u0441\u043b\u0456\u0434 \u0437\u0430\u0445\u0438\u0449\u0430\u0442\u0438 \u0432\u0456\u0434 \u043f\u043e\u043f\u0430\u0434\u0430\u043d\u043d\u044f \u0432\u043e\u0434\u0438 \u0456 \u0431\u0440\u0443\u0434\u0443. \u041f\u0435\u0440\u0435\u0434 \u043f\u043e\u0447\u0430\u0442\u043a\u043e\u043c \u0440\u043e\u0431\u0456\u0442 \u0440\u0435\u0442\u0435\u043b\u044c\u043d\u043e \u0437\u0430\u0445\u0438\u0441\u0442\u0438\u0442\u0438 \u0432\u0441\u0456 \u043f\u043e\u0432\u0435\u0440\u0445\u043d\u0456, \u044f\u043a\u0456 \u043d\u0435 \u0431\u0443\u0434\u0443\u0442\u044c \u043f\u0440\u043e\u0441\u043e\u0447\u0443\u0432\u0430\u0442\u0438\u0441\u044f (\u043d\u0430\u043f\u0440\u0438\u043a\u043b\u0430\u0434, \u043c\u0435\u0442\u0430\u043b\u0435\u0432\u0456 \u0434\u0435\u0442\u0430\u043b\u0456, \u0434\u0435\u0440\u0435\u0432\u043e \u0442\u043e\u0449\u043e). \u0423 \u0440\u0430\u0437\u0456 \u0437\u0430\u0431\u0440\u0443\u0434\u043d\u0435\u043d\u043d\u044f \u043d\u0435\u0433\u0430\u0439\u043d\u043e \u0437\u043c\u0438\u0442\u0438 \u0432\u043e\u0434\u043e\u044e.<br \/><br \/><strong>\u041d\u0430\u043a\u043b\u0430\u0434\u0435\u043d\u043d\u044f<\/strong><br \/><strong><em>\u041f\u0435\u0440\u0435\u0434 \u0442\u0438\u043c, \u044f\u043a\u00a0<\/em>\u0437 \u0432\u0438\u043a\u043e\u0440\u0438\u0441\u0442\u0430\u043d\u043d\u044f\u043c \u043f\u0440\u043e\u0441\u043e\u0447\u0435\u043d\u043d\u044f\u00a0<em>\u0411\u0443\u0434\u044c \u043b\u0430\u0441\u043a\u0430.\u00a0<\/em>\u0421\u0430\u043c\u0435 \u0442\u0430\u043a.\u00a0<em>\u041f\u0435\u0440\u0435\u043c\u0456\u0448\u0430\u0442\u0438!<\/em><\/strong><br \/>\u041f\u0440\u043e\u0441\u043e\u0447\u0435\u043d\u043d\u044f \u043c\u043e\u0436\u043d\u0430 \u043f\u0440\u043e\u0432\u043e\u0434\u0438\u0442\u0438 \u043f\u0435\u043d\u0437\u043b\u0435\u043c, \u0440\u043e\u0437\u043f\u0438\u043b\u0435\u043d\u043d\u044f\u043c \u0430\u0431\u043e \u0437\u0430\u043d\u0443\u0440\u0435\u043d\u043d\u044f\u043c \u043d\u0435\u0432\u0435\u043b\u0438\u043a\u0438\u0445 \u0434\u0435\u0442\u0430\u043b\u0435\u0439 \u0443 \u0433\u043e\u0442\u043e\u0432\u0438\u0439 \u0440\u043e\u0437\u0447\u0438\u043d \u043f\u0440\u0438\u0431\u043b\u0438\u0437\u043d\u043e \u043d\u0430 5 \u0445\u0432\u0438\u043b\u0438\u043d.\u00a0<strong>Z<em>\u0430\u043b\u0435 \u0440\u0435\u043a\u043e\u043c\u0435\u043d\u0434\u0443\u0454\u0442\u044c\u0441\u044f \u043f\u0440\u043e\u0432\u043e\u0434\u0438\u0442\u0438 \u0434\u0432\u0456 \u043e\u043f\u0435\u0440\u0430\u0446\u0456\u0457 \u043f\u0440\u043e\u0441\u043e\u0447\u0435\u043d\u043d\u044f \u0432 \u0448\u0432\u0438\u0434\u043a\u0456\u0439 \u043f\u043e\u0441\u043b\u0456\u0434\u043e\u0432\u043d\u043e\u0441\u0442\u0456 \u043c\u0435\u0442\u043e\u0434\u043e\u043c \"\u043c\u043e\u043a\u0440\u0438\u0439 \u043f\u043e \u043c\u043e\u043a\u0440\u043e\u043c\u0443\"<\/em><\/strong>. \u0414\u0440\u0443\u0433\u0438\u0439 \u0448\u0430\u0440 \u043d\u0430\u043d\u043e\u0441\u0438\u0442\u0438 \u0437\u0430\u043b\u0435\u0436\u043d\u043e \u0432\u0456\u0434 \u0442\u0435\u043c\u043f\u0435\u0440\u0430\u0442\u0443\u0440\u0438 \u043d\u0430\u0432\u043a\u043e\u043b\u0438\u0448\u043d\u044c\u043e\u0433\u043e \u0441\u0435\u0440\u0435\u0434\u043e\u0432\u0438\u0449\u0430 \u043d\u0435 \u043f\u0456\u0437\u043d\u0456\u0448\u0435, \u043d\u0456\u0436 \u0447\u0435\u0440\u0435\u0437 30 \u0445\u0432\u0438\u043b\u0438\u043d, \u0442\u043e\u0431\u0442\u043e \u043f\u043e\u043a\u0438 \u043f\u043e\u0432\u0435\u0440\u0445\u043d\u044f \u0449\u0435 \u0432\u043e\u043b\u043e\u0433\u0430. \u041f\u0440\u043e\u0441\u043e\u0447\u0443\u0432\u0430\u043d\u0430 \u043f\u043e\u0432\u0435\u0440\u0445\u043d\u044f \u043f\u043e\u0432\u0438\u043d\u043d\u0430 \u0431\u0443\u0442\u0438 \u043f\u0440\u043e\u0441\u043e\u0447\u0435\u043d\u0430 \u0440\u0435\u0442\u0435\u043b\u044c\u043d\u043e \u0456 \u0440\u0456\u0432\u043d\u043e\u043c\u0456\u0440\u043d\u043e.<br \/><strong><em>\u041d\u0435 \u0437\u0430\u043b\u0438\u0448\u0430\u0439\u0442\u0435 \u0448\u0430\u0440 \u0433\u0456\u0434\u0440\u043e\u0456\u0437\u043e\u043b\u044f\u0446\u0456\u0457 \u043d\u0435 \u043f\u043e\u0433\u043b\u0438\u043d\u0443\u0442\u0438\u043c<\/em><\/strong><em>.<\/em>\u00a0\u0412\u0438\u0434\u0430\u043b\u0456\u0442\u044c \u043d\u0430\u0434\u043b\u0438\u0448\u043a\u0438 \u043f\u0440\u043e\u0434\u0443\u043a\u0442\u0443 \u0447\u0435\u0440\u0435\u0437 2-10 \u0445\u0432\u0438\u043b\u0438\u043d \u043f\u0456\u0441\u043b\u044f \u043f\u0440\u043e\u0441\u043e\u0447\u0435\u043d\u043d\u044f.<br \/><br \/><strong>\u041e\u0431\u043c\u0435\u0436\u0435\u043d\u043d\u044f \u0449\u043e\u0434\u043e \u0432\u0438\u043a\u043e\u0440\u0438\u0441\u0442\u0430\u043d\u043d\u044f<\/strong><br \/>\u041d\u0435 \u0432\u0438\u043a\u043e\u0440\u0438\u0441\u0442\u043e\u0432\u0443\u0439\u0442\u0435 \u0434\u043b\u044f \u043f\u0440\u043e\u0441\u043e\u0447\u0435\u043d\u043d\u044f \u043c\u0430\u0440\u043c\u0443\u0440\u0443, \u0433\u0440\u0430\u043d\u0456\u0442\u0443, \u043f\u0456\u0441\u043a\u043e\u0432\u0438\u043a\u0443, \u043a\u043e\u043b\u044c\u043e\u0440\u043e\u0432\u043e\u0457 \u043a\u0435\u0440\u0430\u043c\u0456\u043a\u0438 \u0430\u0431\u043e \u0442\u0435\u043c\u043d\u043e\u0433\u043e \u0433\u0456\u043f\u0441\u0443, \u043e\u0441\u043a\u0456\u043b\u044c\u043a\u0438 \u043c\u043e\u0436\u0435 \u0437\u0430\u043b\u0438\u0448\u0438\u0442\u0438 \u0431\u0456\u043b\u0438\u0439, \u0432\u0430\u0436\u043a\u043e \u0432\u0438\u0434\u0430\u043b\u044e\u0432\u0430\u043d\u0438\u0439 \u0441\u043b\u0456\u0434. \u041a\u0440\u0456\u043c \u0442\u043e\u0433\u043e, \u043d\u0435 \u0440\u0435\u043a\u043e\u043c\u0435\u043d\u0434\u0443\u0454\u0442\u044c\u0441\u044f \u0432\u0438\u043a\u043e\u0440\u0438\u0441\u0442\u043e\u0432\u0443\u0432\u0430\u0442\u0438 \u043f\u0440\u0438 \u043a\u043e\u043d\u0442\u0430\u043a\u0442\u0456 \u0437 \u0432\u043e\u0441\u043a\u043e\u043c \u0430\u0431\u043e \u0435\u043a\u0441\u0442\u0440\u0435\u043c\u0430\u043b\u044c\u043d\u043e \u0432\u0438\u0441\u043e\u043a\u0438\u043c\u0438 \u0442\u0435\u043c\u043f\u0435\u0440\u0430\u0442\u0443\u0440\u0430\u043c\u0438.<br \/><br \/>\u041d\u043e\u0440\u043c\u0430 \u0432\u0438\u0442\u0440\u0430\u0442\u0438: 10-15 \u043c2 \u043f\u0440\u0438 \u0434\u0432\u043e\u0440\u0430\u0437\u043e\u0432\u043e\u043c\u0443 \u043d\u0430\u043d\u0435\u0441\u0435\u043d\u043d\u0456 1 \u043b \u0437\u0430\u0441\u043e\u0431\u0443. \u0412\u0438\u0442\u0440\u0430\u0442\u0430 \u0437\u0430\u0441\u043e\u0431\u0443 \u0437\u0430\u043b\u0435\u0436\u0438\u0442\u044c \u0432\u0456\u0434 \u0442\u0438\u043f\u0443 \u0456 \u0432\u0441\u043c\u043e\u043a\u0442\u0443\u044e\u0447\u043e\u0457 \u0437\u0434\u0430\u0442\u043d\u043e\u0441\u0442\u0456 \u043f\u0440\u043e\u0441\u043e\u0447\u0443\u0432\u0430\u043d\u043e\u0433\u043e \u043c\u0430\u0442\u0435\u0440\u0456\u0430\u043b\u0443 \u0456 \u0442\u0435\u0445\u043d\u0456\u043a\u0438 \u043d\u0430\u043d\u0435\u0441\u0435\u043d\u043d\u044f.<br \/><br \/><strong>\u0417\u0431\u0435\u0440\u0456\u0433\u0430\u043d\u043d\u044f<\/strong><br \/>\u0417\u0431\u0435\u0440\u0456\u0433\u0430\u0442\u0438 \u0442\u0456\u043b\u044c\u043a\u0438 \u0432 \u043e\u0440\u0438\u0433\u0456\u043d\u0430\u043b\u044c\u043d\u0456\u0439 \u0443\u043f\u0430\u043a\u043e\u0432\u0446\u0456 \u043f\u0440\u0438 \u0442\u0435\u043c\u043f\u0435\u0440\u0430\u0442\u0443\u0440\u0456 \u0432\u0456\u0434 -5 \u0434\u043e +30\u00b0C, \u0432 \u043d\u0435\u0434\u043e\u0441\u0442\u0443\u043f\u043d\u043e\u043c\u0443 \u0434\u043b\u044f \u0434\u0456\u0442\u0435\u0439 \u043c\u0456\u0441\u0446\u0456, \u043e\u043a\u0440\u0435\u043c\u043e \u0432\u0456\u0434 \u0445\u0430\u0440\u0447\u043e\u0432\u0438\u0445 \u043f\u0440\u043e\u0434\u0443\u043a\u0442\u0456\u0432, \u0445\u0430\u0440\u0447\u043e\u0432\u043e\u0433\u043e \u043f\u043e\u0441\u0443\u0434\u0443.<br \/><br \/><strong>\u0421\u0442\u0440\u0443\u043d\u043a\u043e!<\/strong>\u00a0\u041f\u043e\u043b\u0456\u043c\u0435\u0440\u0433\u0456\u043f\u0441\u043e\u0432\u0430 \u0433\u0456\u0434\u0440\u043e\u0456\u0437\u043e\u043b\u044f\u0446\u0456\u044f HandiCast (65 \u041c\u041f\u0430) \u0454 \u0457\u0434\u043a\u0438\u043c \u043b\u0443\u0436\u043d\u0438\u043c \u0440\u043e\u0437\u0447\u0438\u043d\u043e\u043c. \u0412\u0441\u0456 \u0440\u043e\u0431\u043e\u0442\u0438 \u0441\u043b\u0456\u0434 \u0432\u0438\u043a\u043e\u043d\u0443\u0432\u0430\u0442\u0438 \u0432 \u0437\u0430\u0445\u0438\u0441\u043d\u0438\u0445 \u043e\u043a\u0443\u043b\u044f\u0440\u0430\u0445, \u0440\u0443\u043a\u0430\u0432\u0438\u0447\u043a\u0430\u0445 \u0456 \u0437\u0430\u0445\u0438\u0441\u043d\u043e\u043c\u0443 \u043e\u0434\u044f\u0437\u0456. \u0423 \u0440\u0430\u0437\u0456 \u043f\u043e\u0442\u0440\u0430\u043f\u043b\u044f\u043d\u043d\u044f \u043d\u0430 \u0448\u043a\u0456\u0440\u0443, \u0437\u0430\u0431\u0440\u0443\u0434\u043d\u0435\u043d\u0443 \u0434\u0456\u043b\u044f\u043d\u043a\u0443 \u0441\u043b\u0456\u0434 \u0440\u044f\u0441\u043d\u043e \u043f\u0440\u043e\u043c\u0438\u0442\u0438 \u0445\u043e\u043b\u043e\u0434\u043d\u043e\u044e \u0432\u043e\u0434\u043e\u044e, \u043f\u0440\u043e\u0442\u0435\u0440\u0442\u0438 \u0440\u043e\u0437\u0432\u0435\u0434\u0435\u043d\u0438\u043c \u043e\u0446\u0442\u043e\u043c \u0456 \u0437\u043d\u043e\u0432\u0443 \u043f\u0440\u043e\u043c\u0438\u0442\u0438 \u0432\u043e\u0434\u043e\u044e. \u041f\u0440\u0438 \u0432\u0438\u043a\u043e\u0440\u0438\u0441\u0442\u0430\u043d\u043d\u0456 \u043c\u0435\u0442\u043e\u0434\u0443 \u0440\u043e\u0437\u043f\u0438\u043b\u0435\u043d\u043d\u044f \u043d\u0430\u0434\u044f\u0433\u0430\u0442\u0438 \u0440\u0435\u0441\u043f\u0456\u0440\u0430\u0442\u043e\u0440\u043d\u0443 \u0437\u0430\u0445\u0438\u0441\u043d\u0443 \u043c\u0430\u0441\u043a\u0443. \u041f\u0456\u0441\u043b\u044f \u0432\u0438\u043a\u043e\u0440\u0438\u0441\u0442\u0430\u043d\u043d\u044f \u0440\u0435\u0442\u0435\u043b\u044c\u043d\u043e \u0432\u0438\u043c\u0438\u0442\u0438 \u0440\u0443\u043a\u0438 \u0442\u0430 \u043e\u0431\u043b\u0438\u0447\u0447\u044f.<br \/>\u041f\u043e\u043b\u0456\u043c\u0435\u0440\u043d\u0443 \u0433\u0456\u043f\u0441\u043e\u0432\u0443 \u0433\u0456\u0434\u0440\u043e\u0456\u0437\u043e\u043b\u044f\u0446\u0456\u044e HandiCast (65 \u041c\u041f\u0430) \u043d\u0435 \u043c\u043e\u0436\u043d\u0430 \u0440\u043e\u0437\u0432\u043e\u0434\u0438\u0442\u0438 \u0432 \u0446\u0438\u043d\u043a\u043e\u0432\u0438\u0445, \u0430\u043b\u044e\u043c\u0456\u043d\u0456\u0454\u0432\u0438\u0445 \u0430\u0431\u043e \u043f\u0430\u044f\u043d\u0438\u0445 \u043f\u043e\u0441\u0443\u0434\u0438\u043d\u0430\u0445.<br \/><br \/><\/p>\r\n<\/div>\r\n<div class=\"productfiles\">\r\n<h5 class=\"wp-block-heading\">\u0417\u0430\u0432\u0430\u043d\u0442\u0430\u0436\u0435\u043d\u043d\u044f:<\/h5>\r\n<ul class=\"productfiles\">\r\n<li><a class=\"spanhover\" title=\"\u041f\u0430\u0441\u043f\u043e\u0440\u0442 \u0431\u0435\u0437\u043f\u0435\u043a\u0438 \u043f\u0440\u043e\u0441\u043e\u0447\u0435\u043d\u043d\u044f E-CUPSTONE\" href=\"https:\/\/e-cupstone.hastastudio.com\/wp-content\/uploads\/2024\/08\/E-CUPSTONE_Impregnat_20240425.pdf\" target=\"_blank\" rel=\"noopener\">\u041f\u0430\u0441\u043f\u043e\u0440\u0442 \u0431\u0435\u0437\u043f\u0435\u043a\u0438 \u043f\u0440\u043e\u0441\u043e\u0447\u0435\u043d\u043d\u044f E-CUPSTONE<\/a><\/li>\r\n<\/ul>\r\n<\/div>\r\n<\/div>\r\n<\/div>","protected":false},"excerpt":{"rendered":"<p>CHARAKTERYSTYKAImpregnat do powierzchniowej impregnacji wodoodpornej wyrob\u00f3w z gipsu polimerowego.Preparat nie powoduje wyb\u0142yszczenia ani zmiany struktury powierzchni impregnowanej. Je\u015bli chcesz zaopatrzy\u0107 si\u0119 w impregnat hydrofobowy do gipsu polimerowego, kt\u00f3ry b\u0119dzie naprawd\u0119 skuteczny, to sprawd\u017a ten produkt. Ten innowacyjny \u015brodek chemiczny pomo\u017ce Ci zabezpieczy\u0107 wyroby przed wch\u0142anianiem wody.Preparat tworzy na powierzchni niewidoczn\u0105 barier\u0119 ochronn\u0105, dzi\u0119ki kt\u00f3rej woda [&hellip;]<\/p>","protected":false},"featured_media":2037,"comment_status":"open","ping_status":"closed","template":"","meta":{"_acf_changed":false},"product_brand":[],"product_cat":[24],"product_tag":[],"class_list":{"0":"post-1033","1":"product","2":"type-product","3":"status-publish","4":"has-post-thumbnail","6":"product_cat-materialy-dodatkowe","8":"first","9":"instock","10":"taxable","11":"shipping-taxable","12":"purchasable","13":"product-type-simple"},"acf":[],"_links":{"self":[{"href":"https:\/\/e-cupstone.hastastudio.com\/ua\/wp-json\/wp\/v2\/product\/1033","targetHints":{"allow":["GET"]}}],"collection":[{"href":"https:\/\/e-cupstone.hastastudio.com\/ua\/wp-json\/wp\/v2\/product"}],"about":[{"href":"https:\/\/e-cupstone.hastastudio.com\/ua\/wp-json\/wp\/v2\/types\/product"}],"replies":[{"embeddable":true,"href":"https:\/\/e-cupstone.hastastudio.com\/ua\/wp-json\/wp\/v2\/comments?post=1033"}],"wp:featuredmedia":[{"embeddable":true,"href":"https:\/\/e-cupstone.hastastudio.com\/ua\/wp-json\/wp\/v2\/media\/2037"}],"wp:attachment":[{"href":"https:\/\/e-cupstone.hastastudio.com\/ua\/wp-json\/wp\/v2\/media?parent=1033"}],"wp:term":[{"taxonomy":"product_brand","embeddable":true,"href":"https:\/\/e-cupstone.hastastudio.com\/ua\/wp-json\/wp\/v2\/product_brand?post=1033"},{"taxonomy":"product_cat","embeddable":true,"href":"https:\/\/e-cupstone.hastastudio.com\/ua\/wp-json\/wp\/v2\/product_cat?post=1033"},{"taxonomy":"product_tag","embeddable":true,"href":"https:\/\/e-cupstone.hastastudio.com\/ua\/wp-json\/wp\/v2\/product_tag?post=1033"}],"curies":[{"name":"wp","href":"https:\/\/api.w.org\/{rel}","templated":true}]}}