{"id":1001,"date":"2024-08-01T16:08:05","date_gmt":"2024-08-01T16:08:05","guid":{"rendered":"https:\/\/e-cupstone.hastastudio.com\/?post_type=product&#038;p=1001"},"modified":"2024-09-23T23:27:42","modified_gmt":"2024-09-23T23:27:42","slug":"glosstone-impregnat-100ml","status":"publish","type":"product","link":"https:\/\/e-cupstone.hastastudio.com\/ua\/produkt\/glosstone-impregnat-100ml","title":{"rendered":"\u041f\u0440\u043e\u0441\u043e\u0447\u0435\u043d\u043d\u044f \u0413\u043b\u043e\u0441\u0441\u0442\u043e\u0443\u043d 100\u043c\u043b"},"content":{"rendered":"<div class=\"resetcss\">\r\n<div class=\"resetcss\">\r\n<div class=\"resetcss\">\r\n<h2 class=\"wp-block-heading\">\u0425\u0410\u0420\u0410\u041a\u0422\u0415\u0420\u0418\u0421\u0422\u0418\u041a\u0418<\/h2>\r\n<p>Glosstone - \u0446\u0435 \u0456\u043d\u043d\u043e\u0432\u0430\u0446\u0456\u0439\u043d\u0438\u0439 \u043f\u0440\u043e\u0441\u043e\u0447\u0443\u0432\u0430\u0447, \u043f\u0440\u0438\u0437\u043d\u0430\u0447\u0435\u043d\u0438\u0439 \u0434\u043b\u044f \u0433\u0456\u0434\u0440\u043e\u0456\u0437\u043e\u043b\u044f\u0446\u0456\u0457 \u0442\u0430 \u0433\u043b\u044f\u043d\u0446\u044e\u0432\u0430\u043d\u043d\u044f \u043f\u043e\u0432\u0435\u0440\u0445\u043e\u043d\u044c \u0433\u0456\u043f\u0441\u043e\u0432\u0438\u0445 \u0432\u0438\u0440\u043e\u0431\u0456\u0432. \u0426\u044f \u0432\u0434\u043e\u0441\u043a\u043e\u043d\u0430\u043b\u0435\u043d\u0430 \u0444\u043e\u0440\u043c\u0443\u043b\u0430 \u043d\u0435 \u0442\u0456\u043b\u044c\u043a\u0438 \u0437\u0430\u0431\u0435\u0437\u043f\u0435\u0447\u0443\u0454 \u0437\u0430\u0445\u0438\u0441\u0442 \u0432\u0456\u0434 \u0432\u043e\u043b\u043e\u0433\u0438, \u0430\u043b\u0435 \u0439 \u043d\u0430\u0434\u0430\u0454 \u0432\u0438\u0440\u043e\u0431\u0430\u043c \u0435\u0441\u0442\u0435\u0442\u0438\u0447\u043d\u043e \u043f\u0440\u0438\u0432\u0430\u0431\u043b\u0438\u0432\u043e\u0433\u043e \u0431\u043b\u0438\u0441\u043a\u0443.<\/p>\r\n<h2>\u041f\u0440\u043e\u0434\u0443\u043a\u0442 \u043d\u0430\u0434\u0430\u0454 \u0431\u043b\u0438\u0441\u043a \u043f\u0440\u043e\u0441\u043e\u0447\u0435\u043d\u0456\u0439 \u043f\u043e\u0432\u0435\u0440\u0445\u043d\u0456.<\/h2>\r\n<p>\u0413\u043b\u043e\u0441\u0441\u0442\u043e\u0443\u043d \u0440\u043e\u0431\u0438\u0442\u044c \u043f\u0440\u043e\u0441\u043e\u0447\u0435\u043d\u0443 \u043f\u043e\u0432\u0435\u0440\u0445\u043d\u044e \u0431\u043b\u0438\u0441\u043a\u0443\u0447\u043e\u044e. \u042f\u043a\u0449\u043e \u0432\u0438 \u0448\u0443\u043a\u0430\u0454\u0442\u0435 \u0435\u0444\u0435\u043a\u0442\u0438\u0432\u043d\u0438\u0439 \u0432\u043e\u0434\u043e\u0432\u0456\u0434\u0448\u0442\u043e\u0432\u0445\u0443\u0432\u0430\u043b\u044c\u043d\u0438\u0439 \u043f\u0440\u043e\u0441\u043e\u0447\u0443\u0432\u0430\u0447 \u0434\u043b\u044f \u0448\u0442\u0443\u043a\u0430\u0442\u0443\u0440\u043a\u0438, \u0432\u0430\u0440\u0442\u043e \u0437\u0432\u0435\u0440\u043d\u0443\u0442\u0438 \u0443\u0432\u0430\u0433\u0443 \u043d\u0430 \u0446\u0435\u0439 \u043f\u0440\u043e\u0434\u0443\u043a\u0442. \u0419\u043e\u0433\u043e \u0456\u043d\u043d\u043e\u0432\u0430\u0446\u0456\u0439\u043d\u0430 \u0444\u043e\u0440\u043c\u0443\u043b\u0430 \u0437\u0430\u0445\u0438\u0449\u0430\u0454 \u0432\u0438\u0440\u043e\u0431\u0438 \u0432\u0456\u0434 \u0432\u043e\u043b\u043e\u0433\u0438, \u0443\u0442\u0432\u043e\u0440\u044e\u044e\u0447\u0438 \u043d\u0430 \u043f\u043e\u0432\u0435\u0440\u0445\u043d\u0456 \u043d\u0435\u0432\u0438\u0434\u0438\u043c\u0438\u0439 \u0437\u0430\u0445\u0438\u0441\u043d\u0438\u0439 \u0448\u0430\u0440, \u044f\u043a\u0438\u0439 \u043f\u0435\u0440\u0435\u0448\u043a\u043e\u0434\u0436\u0430\u0454 \u043f\u0440\u043e\u043d\u0438\u043a\u043d\u0435\u043d\u043d\u044e \u0432\u043e\u0434\u0438 \u0456 \u0431\u0440\u0443\u0434\u0443.<\/p>\r\n<div style=\"display: flex;\"><img loading=\"lazy\" decoding=\"async\" class=\"alignnone size-medium wp-image-1021\" src=\"https:\/\/e-cupstone.hastastudio.com\/wp-content\/uploads\/2024\/08\/Glosstone_2-300x300.png\" alt=\"Glosstone_2.PNG\" width=\"300\" height=\"300\" srcset=\"https:\/\/e-cupstone.hastastudio.com\/wp-content\/uploads\/2024\/08\/Glosstone_2-300x300.png 300w, https:\/\/e-cupstone.hastastudio.com\/wp-content\/uploads\/2024\/08\/Glosstone_2-150x150.png 150w, https:\/\/e-cupstone.hastastudio.com\/wp-content\/uploads\/2024\/08\/Glosstone_2-100x100.png 100w, https:\/\/e-cupstone.hastastudio.com\/wp-content\/uploads\/2024\/08\/Glosstone_2-50x50.png 50w, https:\/\/e-cupstone.hastastudio.com\/wp-content\/uploads\/2024\/08\/Glosstone_2-64x64.png 64w, https:\/\/e-cupstone.hastastudio.com\/wp-content\/uploads\/2024\/08\/Glosstone_2.png 557w\" sizes=\"auto, (max-width: 300px) 100vw, 300px\" \/> \u00a0<img loading=\"lazy\" decoding=\"async\" class=\"alignnone size-medium wp-image-1030\" src=\"https:\/\/e-cupstone.hastastudio.com\/wp-content\/uploads\/2024\/08\/Glosstone_4-300x300.jpg\" alt=\"Glosstone_4.jpg\" width=\"300\" height=\"300\" srcset=\"https:\/\/e-cupstone.hastastudio.com\/wp-content\/uploads\/2024\/08\/Glosstone_4-300x300.jpg 300w, https:\/\/e-cupstone.hastastudio.com\/wp-content\/uploads\/2024\/08\/Glosstone_4-150x150.jpg 150w, https:\/\/e-cupstone.hastastudio.com\/wp-content\/uploads\/2024\/08\/Glosstone_4-600x600.jpg 600w, https:\/\/e-cupstone.hastastudio.com\/wp-content\/uploads\/2024\/08\/Glosstone_4-100x100.jpg 100w, https:\/\/e-cupstone.hastastudio.com\/wp-content\/uploads\/2024\/08\/Glosstone_4-50x50.jpg 50w, https:\/\/e-cupstone.hastastudio.com\/wp-content\/uploads\/2024\/08\/Glosstone_4-64x64.jpg 64w, https:\/\/e-cupstone.hastastudio.com\/wp-content\/uploads\/2024\/08\/Glosstone_4.jpg 625w\" sizes=\"auto, (max-width: 300px) 100vw, 300px\" \/><\/div>\r\n<h2>\u041f\u0406\u0414\u0413\u041e\u0422\u041e\u0412\u041a\u0410<\/h2>\r\n<p>\u0426\u0435\u0439 \u0441\u043a\u043b\u0430\u0434 \u0440\u0456\u0432\u043d\u043e\u043c\u0456\u0440\u043d\u043e \u043f\u0440\u043e\u043d\u0438\u043a\u0430\u0454 \u0432 \u043e\u0441\u043d\u043e\u0432\u0443, \u0441\u0442\u0432\u043e\u0440\u044e\u044e\u0447\u0438 \u043c\u0456\u0446\u043d\u0438\u0439 \u0437\u0430\u0445\u0438\u0441\u043d\u0438\u0439 \u0448\u0430\u0440, \u0441\u0442\u0456\u0439\u043a\u0438\u0439 \u0434\u043e \u0443\u043b\u044c\u0442\u0440\u0430\u0444\u0456\u043e\u043b\u0435\u0442\u043e\u0432\u043e\u0433\u043e \u0432\u0438\u043f\u0440\u043e\u043c\u0456\u043d\u044e\u0432\u0430\u043d\u043d\u044f \u0442\u0430 \u0431\u0430\u0433\u0430\u0442\u044c\u043e\u0445 \u0445\u0456\u043c\u0456\u0447\u043d\u0438\u0445 \u0440\u0435\u0447\u043e\u0432\u0438\u043d. \u0412\u0456\u043d \u0437\u043c\u0435\u043d\u0448\u0443\u0454 \u0441\u0445\u0438\u043b\u044c\u043d\u0456\u0441\u0442\u044c \u0434\u043e \u0443\u0442\u0432\u043e\u0440\u0435\u043d\u043d\u044f \u043f\u043b\u044f\u043c, \u043f\u043e\u043b\u0435\u0433\u0448\u0443\u0454 \u043e\u0447\u0438\u0449\u0435\u043d\u043d\u044f \u043f\u043e\u0432\u0435\u0440\u0445\u043d\u0456 \u0442\u0430 \u0437\u0430\u0431\u0435\u0437\u043f\u0435\u0447\u0443\u0454 \u0434\u043e\u0432\u0433\u043e\u0442\u0440\u0438\u0432\u0430\u043b\u0438\u0439 \u0435\u0441\u0442\u0435\u0442\u0438\u0447\u043d\u0438\u0439 \u0432\u0438\u0433\u043b\u044f\u0434. \u041a\u0440\u0456\u043c \u0442\u043e\u0433\u043e, \u0432\u0456\u043d \u043d\u0430\u0434\u0430\u0454 \u043f\u0440\u043e\u0441\u043e\u0447\u0435\u043d\u0456\u0439 \u043f\u043e\u0432\u0435\u0440\u0445\u043d\u0456 \u0431\u043b\u0438\u0441\u043a\u0443\u0447\u043e\u0433\u043e \u0435\u0444\u0435\u043a\u0442\u0443.<\/p>\r\n<h2>\u041f\u0456\u0434\u0433\u043e\u0442\u043e\u0432\u043a\u0430 \u043f\u043e\u0432\u0435\u0440\u0445\u043d\u0456<\/h2>\r\n<p>\u0414\u043b\u044f \u0435\u0444\u0435\u043a\u0442\u0438\u0432\u043d\u043e\u0433\u043e \u043d\u0430\u043d\u0435\u0441\u0435\u043d\u043d\u044f \u043f\u0440\u043e\u0441\u043e\u0447\u0435\u043d\u043d\u044f \u043a\u043b\u044e\u0447\u043e\u0432\u0438\u043c \u043a\u0440\u043e\u043a\u043e\u043c \u0454 \u043d\u0430\u043b\u0435\u0436\u043d\u0430 \u043f\u0456\u0434\u0433\u043e\u0442\u043e\u0432\u043a\u0430 \u043f\u043e\u0432\u0435\u0440\u0445\u043d\u0456. \u0412\u0430\u0436\u043b\u0438\u0432\u043e, \u0449\u043e\u0431 \u043e\u0441\u043d\u043e\u0432\u0430 \u0431\u0443\u043b\u0430 \u0440\u0456\u0432\u043d\u043e\u043c\u0456\u0440\u043d\u043e \u043f\u043e\u0440\u0438\u0441\u0442\u043e\u044e, \u043e\u0447\u0438\u0449\u0435\u043d\u043e\u044e \u0432\u0456\u0434 \u0431\u0440\u0443\u0434\u0443, \u0441\u0443\u0445\u043e\u044e \u0442\u0430 \u0437\u043d\u0435\u0436\u0438\u0440\u0435\u043d\u043e\u044e. \u0423 \u0432\u0438\u043f\u0430\u0434\u043a\u0443 \u0437 \u043d\u043e\u0432\u0438\u043c\u0438 \u0433\u0456\u043f\u0441\u043e\u0432\u0438\u043c\u0438 \u0432\u0438\u0440\u043e\u0431\u0430\u043c\u0438 \u043f\u0440\u043e\u0441\u043e\u0447\u0435\u043d\u043d\u044f \u043d\u0435 \u0440\u0435\u043a\u043e\u043c\u0435\u043d\u0434\u0443\u0454\u0442\u044c\u0441\u044f \u043f\u0440\u043e\u0432\u043e\u0434\u0438\u0442\u0438 \u0440\u0430\u043d\u0456\u0448\u0435, \u043d\u0456\u0436 \u0447\u0435\u0440\u0435\u0437 2-6 \u0434\u043d\u0456\u0432 \u043f\u0456\u0441\u043b\u044f \u0437\u0430\u0432\u0435\u0440\u0448\u0435\u043d\u043d\u044f \u0440\u043e\u0431\u0456\u0442. \u0420\u043e\u0431\u043e\u0442\u0438 \u0437 \u043f\u0440\u043e\u0441\u043e\u0447\u0435\u043d\u043d\u044f \u0441\u043b\u0456\u0434 \u043f\u0440\u043e\u0432\u043e\u0434\u0438\u0442\u0438 \u0432 \u0441\u0443\u0445\u0438\u0445 \u0443\u043c\u043e\u0432\u0430\u0445, \u043f\u0440\u0438 \u0442\u0435\u043c\u043f\u0435\u0440\u0430\u0442\u0443\u0440\u0456 \u0432\u0456\u0434 +5 \u0434\u043e +30\u00b0C \u0456 \u0432\u043e\u043b\u043e\u0433\u043e\u0441\u0442\u0456 \u043f\u043e\u0432\u0456\u0442\u0440\u044f \u043d\u0438\u0436\u0447\u0435 80%. \u041f\u043e\u0432\u043d\u0456 \u0432\u043e\u0434\u043e\u0432\u0456\u0434\u0448\u0442\u043e\u0432\u0445\u0443\u0432\u0430\u043b\u044c\u043d\u0456 \u0432\u043b\u0430\u0441\u0442\u0438\u0432\u043e\u0441\u0442\u0456 \u043f\u043e\u0432\u0435\u0440\u0445\u043d\u0456 \u0437\u0430\u0437\u0432\u0438\u0447\u0430\u0439 \u0434\u043e\u0441\u044f\u0433\u0430\u044e\u0442\u044c\u0441\u044f \u043f\u0440\u0438\u0431\u043b\u0438\u0437\u043d\u043e \u0447\u0435\u0440\u0435\u0437 24 \u0433\u043e\u0434\u0438\u043d\u0438. \u041f\u0440\u043e\u0442\u044f\u0433\u043e\u043c \u0446\u044c\u043e\u0433\u043e \u0447\u0430\u0441\u0443 \u0441\u043b\u0456\u0434 \u0443\u043d\u0438\u043a\u0430\u0442\u0438 \u043a\u043e\u043d\u0442\u0430\u043a\u0442\u0443 \u0437 \u0432\u043e\u0434\u043e\u044e \u0456 \u0431\u0440\u0443\u0434\u043e\u043c. \u0423 \u0440\u0430\u0437\u0456 \u043d\u0435\u043e\u0431\u0445\u0456\u0434\u043d\u043e\u0441\u0442\u0456 \u043e\u0447\u0438\u0441\u0442\u0438\u0442\u0438 \u0432\u043e\u0434\u043e\u044e.<\/p>\r\n<h2>\u041d\u0430\u043a\u043b\u0430\u0434\u0435\u043d\u043d\u044f<\/h2>\r\n<p>\u041f\u0440\u043e\u0441\u043e\u0447\u0435\u043d\u043d\u044f \u043c\u043e\u0436\u043d\u0430 \u043f\u0440\u043e\u0432\u043e\u0434\u0438\u0442\u0438 \u0449\u0456\u0442\u043a\u043e\u044e, \u043e\u0431\u043f\u0440\u0438\u0441\u043a\u0443\u0432\u0430\u043d\u043d\u044f\u043c \u0430\u0431\u043e \u0437\u0430\u043d\u0443\u0440\u0435\u043d\u043d\u044f\u043c \u043d\u0435\u0432\u0435\u043b\u0438\u043a\u0438\u0445 \u043f\u0440\u0435\u0434\u043c\u0435\u0442\u0456\u0432 \u0443 \u0440\u043e\u0437\u0447\u0438\u043d \u043f\u0440\u0438\u0431\u043b\u0438\u0437\u043d\u043e \u043d\u0430 30 \u0445\u0432\u0438\u043b\u0438\u043d. \u0420\u0435\u043a\u043e\u043c\u0435\u043d\u0434\u0443\u0454\u0442\u044c\u0441\u044f \u043f\u0440\u043e\u0432\u043e\u0434\u0438\u0442\u0438 \u043f\u0440\u043e\u0441\u043e\u0447\u0435\u043d\u043d\u044f \u0434\u0432\u0456\u0447\u0456 \u0437 \u0456\u043d\u0442\u0435\u0440\u0432\u0430\u043b\u043e\u043c 10-15 \u0445\u0432\u0438\u043b\u0438\u043d. \u0414\u0440\u0443\u0433\u0438\u0439 \u0448\u0430\u0440 \u0441\u043b\u0456\u0434 \u043d\u0430\u043d\u043e\u0441\u0438\u0442\u0438 \u0432 \u0437\u0430\u043b\u0435\u0436\u043d\u043e\u0441\u0442\u0456 \u0432\u0456\u0434 \u0442\u0435\u043c\u043f\u0435\u0440\u0430\u0442\u0443\u0440\u0438 \u043d\u0430\u0432\u043a\u043e\u043b\u0438\u0448\u043d\u044c\u043e\u0433\u043e \u0441\u0435\u0440\u0435\u0434\u043e\u0432\u0438\u0449\u0430, \u0430\u043b\u0435 \u043d\u0435 \u043f\u0456\u0437\u043d\u0456\u0448\u0435 \u043d\u0456\u0436 \u0447\u0435\u0440\u0435\u0437 30 \u0445\u0432\u0438\u043b\u0438\u043d \u043f\u0456\u0441\u043b\u044f \u043f\u0435\u0440\u0448\u043e\u0433\u043e \u043d\u0430\u043d\u0435\u0441\u0435\u043d\u043d\u044f, \u043a\u043e\u043b\u0438 \u043f\u043e\u0432\u0435\u0440\u0445\u043d\u044f \u0449\u0435 \u0432\u043e\u043b\u043e\u0433\u0430. \u041f\u0435\u0440\u0435\u043a\u043e\u043d\u0430\u0439\u0442\u0435\u0441\u044f, \u0449\u043e \u043f\u043e\u0432\u0435\u0440\u0445\u043d\u044f, \u044f\u043a\u0430 \u043f\u0440\u043e\u0441\u043e\u0447\u0443\u0454\u0442\u044c\u0441\u044f, \u0440\u0456\u0432\u043d\u043e\u043c\u0456\u0440\u043d\u043e \u043f\u0440\u043e\u0441\u043e\u0447\u0435\u043d\u0430.<\/p>\r\n<p>\u0423\u043d\u0438\u043a\u0430\u0439\u0442\u0435 \u043d\u0430\u0434\u043b\u0438\u0448\u043a\u0443 \u043f\u0440\u043e\u0441\u043e\u0447\u0435\u043d\u043d\u044f. \u042f\u043a\u0449\u043e \u043d\u0430\u0434\u043b\u0438\u0448\u043e\u043a \u0441\u0442\u0430\u0432\u0441\u044f, \u0437\u043c\u0438\u0439\u0442\u0435 \u0432\u043e\u0434\u043e\u044e \u0447\u0435\u0440\u0435\u0437 30 \u0445\u0432\u0438\u043b\u0438\u043d \u043f\u0456\u0441\u043b\u044f \u043f\u0440\u043e\u0441\u043e\u0447\u0435\u043d\u043d\u044f. \u0406\u0441\u043d\u0443\u0454 \u0439\u043c\u043e\u0432\u0456\u0440\u043d\u0456\u0441\u0442\u044c \u0443\u0442\u0432\u043e\u0440\u0435\u043d\u043d\u044f \u0431\u0456\u043b\u043e\u0433\u043e \u043d\u0430\u043b\u044c\u043e\u0442\u0443, \u043e\u0441\u043e\u0431\u043b\u0438\u0432\u043e \u043f\u043e\u043c\u0456\u0442\u043d\u043e\u0433\u043e \u043d\u0430 \u0442\u0435\u043c\u043d\u0438\u0445 \u043a\u043e\u043b\u044c\u043e\u0440\u0430\u0445. \u0426\u0435\u0439 \u043e\u0441\u0430\u0434 \u0441\u043b\u0456\u0434 \u0440\u0435\u0442\u0435\u043b\u044c\u043d\u043e \u0432\u0438\u0434\u0430\u043b\u0438\u0442\u0438, \u043f\u0440\u043e\u043c\u0438\u0432\u0448\u0438 \u043f\u043e\u0432\u0435\u0440\u0445\u043d\u044e \u043f\u0456\u0434 \u043f\u0440\u043e\u0442\u043e\u0447\u043d\u043e\u044e \u0432\u043e\u0434\u043e\u044e.<\/p>\r\n<p>\u041d\u0430\u0440\u0435\u0448\u0442\u0456, \u0432\u0438\u0440\u0456\u0431 \u0441\u043b\u0456\u0434 \u0430\u043a\u0443\u0440\u0430\u0442\u043d\u043e \u0432\u0456\u0434\u043f\u043e\u043b\u0456\u0440\u0443\u0432\u0430\u0442\u0438 \u0441\u0443\u0445\u043e\u044e \u0433\u0430\u043d\u0447\u0456\u0440\u043a\u043e\u044e \u0430\u0431\u043e \u043c\u0456\u043a\u0440\u043e\u0444\u0456\u0431\u0440\u043e\u044e.<\/p>\r\n<div style=\"display: flex;\"><img loading=\"lazy\" decoding=\"async\" class=\"alignnone size-medium wp-image-1031\" src=\"https:\/\/e-cupstone.hastastudio.com\/wp-content\/uploads\/2024\/08\/Glosstone_5-300x297.jpg\" alt=\"Glosstone_5.jpg\" width=\"300\" height=\"297\" srcset=\"https:\/\/e-cupstone.hastastudio.com\/wp-content\/uploads\/2024\/08\/Glosstone_5-300x297.jpg 300w, https:\/\/e-cupstone.hastastudio.com\/wp-content\/uploads\/2024\/08\/Glosstone_5-150x150.jpg 150w, https:\/\/e-cupstone.hastastudio.com\/wp-content\/uploads\/2024\/08\/Glosstone_5-600x594.jpg 600w, https:\/\/e-cupstone.hastastudio.com\/wp-content\/uploads\/2024\/08\/Glosstone_5-100x100.jpg 100w, https:\/\/e-cupstone.hastastudio.com\/wp-content\/uploads\/2024\/08\/Glosstone_5-50x50.jpg 50w, https:\/\/e-cupstone.hastastudio.com\/wp-content\/uploads\/2024\/08\/Glosstone_5-64x63.jpg 64w, https:\/\/e-cupstone.hastastudio.com\/wp-content\/uploads\/2024\/08\/Glosstone_5.jpg 615w\" sizes=\"auto, (max-width: 300px) 100vw, 300px\" \/> \u00a0<img loading=\"lazy\" decoding=\"async\" class=\"alignnone size-medium wp-image-1032\" src=\"https:\/\/e-cupstone.hastastudio.com\/wp-content\/uploads\/2024\/08\/Glosstone_6-300x300.jpg\" alt=\"Glosstone_6.jpg\" width=\"300\" height=\"300\" srcset=\"https:\/\/e-cupstone.hastastudio.com\/wp-content\/uploads\/2024\/08\/Glosstone_6-300x300.jpg 300w, https:\/\/e-cupstone.hastastudio.com\/wp-content\/uploads\/2024\/08\/Glosstone_6-1024x1024.jpg 1024w, https:\/\/e-cupstone.hastastudio.com\/wp-content\/uploads\/2024\/08\/Glosstone_6-150x150.jpg 150w, https:\/\/e-cupstone.hastastudio.com\/wp-content\/uploads\/2024\/08\/Glosstone_6-768x768.jpg 768w, https:\/\/e-cupstone.hastastudio.com\/wp-content\/uploads\/2024\/08\/Glosstone_6-600x600.jpg 600w, https:\/\/e-cupstone.hastastudio.com\/wp-content\/uploads\/2024\/08\/Glosstone_6-100x100.jpg 100w, https:\/\/e-cupstone.hastastudio.com\/wp-content\/uploads\/2024\/08\/Glosstone_6-50x50.jpg 50w, https:\/\/e-cupstone.hastastudio.com\/wp-content\/uploads\/2024\/08\/Glosstone_6-64x64.jpg 64w, https:\/\/e-cupstone.hastastudio.com\/wp-content\/uploads\/2024\/08\/Glosstone_6.jpg 1125w\" sizes=\"auto, (max-width: 300px) 100vw, 300px\" \/><\/div>\r\n<div style=\"display: flex;\">\u00a0<\/div>\r\n<h2>\u041e\u0431\u043c\u0435\u0436\u0435\u043d\u043d\u044f \u0449\u043e\u0434\u043e \u0432\u0438\u043a\u043e\u0440\u0438\u0441\u0442\u0430\u043d\u043d\u044f<\/h2>\r\n<p>\u041d\u0435 \u0432\u0438\u043a\u043e\u0440\u0438\u0441\u0442\u043e\u0432\u0443\u0432\u0430\u0442\u0438 \u0434\u043b\u044f \u043f\u0440\u043e\u0441\u043e\u0447\u0435\u043d\u043d\u044f: \u043c\u0430\u0440\u043c\u0443\u0440\u0443, \u0433\u0440\u0430\u043d\u0456\u0442\u0443, \u043f\u0456\u0441\u043a\u043e\u0432\u0438\u043a\u0443, \u043a\u043e\u043b\u044c\u043e\u0440\u043e\u0432\u043e\u0457 \u043a\u0435\u0440\u0430\u043c\u0456\u043a\u0438, \u043e\u0441\u043a\u0456\u043b\u044c\u043a\u0438 \u043c\u043e\u0436\u0435 \u0437\u0430\u043b\u0438\u0448\u0438\u0442\u0438 \u0431\u0456\u043b\u0438\u0439 \u043d\u0430\u043b\u0456\u0442.<\/p>\r\n<h2>\u0412\u0438\u0441\u0442\u0443\u043f:<\/h2>\r\n<p>4-6 m<sup>2<\/sup>\u00a0\u0437 1 \u043b \u0437\u0430\u0441\u043e\u0431\u0443, \u043f\u0440\u043e\u0441\u043e\u0447\u0435\u043d\u043e\u0433\u043e \u0434\u0432\u0456\u0447\u0456. \u0412\u0438\u0442\u0440\u0430\u0442\u0430 \u0437\u0430\u0441\u043e\u0431\u0443 \u0437\u0430\u043b\u0435\u0436\u0438\u0442\u044c \u0432\u0456\u0434 \u0442\u0438\u043f\u0443 \u0456 \u0432\u0441\u043c\u043e\u043a\u0442\u0443\u044e\u0447\u043e\u0457 \u0437\u0434\u0430\u0442\u043d\u043e\u0441\u0442\u0456 \u043c\u0430\u0442\u0435\u0440\u0456\u0430\u043b\u0443, \u0449\u043e \u043f\u0440\u043e\u0441\u043e\u0447\u0443\u0454\u0442\u044c\u0441\u044f, \u0430 \u0442\u0430\u043a\u043e\u0436 \u0442\u0435\u0445\u043d\u0456\u043a\u0438 \u043d\u0430\u043d\u0435\u0441\u0435\u043d\u043d\u044f.<\/p>\r\n<h2>\u0417\u0431\u0435\u0440\u0456\u0433\u0430\u043d\u043d\u044f<\/h2>\r\n<p>\u0417\u0431\u0435\u0440\u0456\u0433\u0430\u0442\u0438 \u0442\u0456\u043b\u044c\u043a\u0438 \u0432 \u043e\u0440\u0438\u0433\u0456\u043d\u0430\u043b\u044c\u043d\u0456\u0439 \u0443\u043f\u0430\u043a\u043e\u0432\u0446\u0456 \u043f\u0440\u0438 \u0442\u0435\u043c\u043f\u0435\u0440\u0430\u0442\u0443\u0440\u0456 \u0432\u0456\u0434 -5 \u0434\u043e +30\u00b0C, \u0432 \u043d\u0435\u0434\u043e\u0441\u0442\u0443\u043f\u043d\u043e\u043c\u0443 \u0434\u043b\u044f \u0434\u0456\u0442\u0435\u0439 \u043c\u0456\u0441\u0446\u0456, \u043e\u043a\u0440\u0435\u043c\u043e \u0432\u0456\u0434 \u0445\u0430\u0440\u0447\u043e\u0432\u0438\u0445 \u043f\u0440\u043e\u0434\u0443\u043a\u0442\u0456\u0432, \u0445\u0430\u0440\u0447\u043e\u0432\u043e\u0433\u043e \u043f\u043e\u0441\u0443\u0434\u0443.<\/p>\r\n<h2>\u0421\u0442\u0440\u0443\u043d\u043a\u043e!<\/h2>\r\n<p>\u0412\u0441\u0456 \u0440\u043e\u0431\u043e\u0442\u0438 \u043f\u043e\u0432\u0438\u043d\u043d\u0456 \u0432\u0438\u043a\u043e\u043d\u0443\u0432\u0430\u0442\u0438\u0441\u044f \u0437 \u0432\u0438\u043a\u043e\u0440\u0438\u0441\u0442\u0430\u043d\u043d\u044f\u043c \u0440\u0443\u043a\u0430\u0432\u0438\u0447\u043e\u043a \u0456 \u0437\u0430\u0445\u0438\u0441\u043d\u043e\u0433\u043e \u043e\u0434\u044f\u0433\u0443.<\/p>\r\n<\/div>\r\n<div class=\"productfiles\">\r\n<h5 class=\"\">\u0417\u0430\u0432\u0430\u043d\u0442\u0430\u0436\u0435\u043d\u043d\u044f:<\/h5>\r\n<ul class=\"productfiles\">\r\n<li><a class=\"spanhover\" title=\"\u041f\u0430\u0441\u043f\u043e\u0440\u0442 \u0431\u0435\u0437\u043f\u0435\u043a\u0438 \u043f\u0440\u043e\u0441\u043e\u0447\u0435\u043d\u043d\u044f Glosstone\" href=\"https:\/\/e-cupstone.hastastudio.com\/wp-content\/uploads\/2024\/08\/E-CUPSTONE_Glosstone-impregnat-do-gipsu_polimerowego_20240320.pdf\" target=\"_blank\" rel=\"noopener\">\u041f\u0430\u0441\u043f\u043e\u0440\u0442 \u0431\u0435\u0437\u043f\u0435\u043a\u0438 \u043f\u0440\u043e\u0441\u043e\u0447\u0435\u043d\u043d\u044f Glosstone<\/a><\/li>\r\n<\/ul>\r\n<\/div>\r\n<\/div>\r\n<div class=\"productfiles\">\u00a0<\/div>\r\n<\/div>","protected":false},"excerpt":{"rendered":"<p>CHARAKTERYSTYKA Glosstone to innowacyjny impregnat przeznaczony do wodoodpornej impregnacji oraz nadania po\u0142ysku powierzchniom produkt\u00f3w z gipsu. Ten zaawansowany preparat zapewnia nie tylko ochron\u0119 przed wilgoci\u0105, ale tak\u017ce nadaje wyrobom estetyczny efekt b\u0142yszczenia. Preparat powoduje wyb\u0142yszczenia powierzchni impregnowanej Glosstone dzia\u0142a poprzez wyb\u0142yszczanie impregnowanej powierzchni. Je\u015bli poszukujesz efektywnego impregnatu hydrofobowego dla gipsu, warto zainteresowa\u0107 si\u0119 tym produktem. [&hellip;]<\/p>","protected":false},"featured_media":2018,"comment_status":"open","ping_status":"closed","template":"","meta":{"_acf_changed":false},"product_brand":[],"product_cat":[24],"product_tag":[],"class_list":{"0":"post-1001","1":"product","2":"type-product","3":"status-publish","4":"has-post-thumbnail","6":"product_cat-materialy-dodatkowe","8":"first","9":"instock","10":"taxable","11":"shipping-taxable","12":"purchasable","13":"product-type-variable","14":"has-default-attributes"},"acf":[],"_links":{"self":[{"href":"https:\/\/e-cupstone.hastastudio.com\/ua\/wp-json\/wp\/v2\/product\/1001","targetHints":{"allow":["GET"]}}],"collection":[{"href":"https:\/\/e-cupstone.hastastudio.com\/ua\/wp-json\/wp\/v2\/product"}],"about":[{"href":"https:\/\/e-cupstone.hastastudio.com\/ua\/wp-json\/wp\/v2\/types\/product"}],"replies":[{"embeddable":true,"href":"https:\/\/e-cupstone.hastastudio.com\/ua\/wp-json\/wp\/v2\/comments?post=1001"}],"wp:featuredmedia":[{"embeddable":true,"href":"https:\/\/e-cupstone.hastastudio.com\/ua\/wp-json\/wp\/v2\/media\/2018"}],"wp:attachment":[{"href":"https:\/\/e-cupstone.hastastudio.com\/ua\/wp-json\/wp\/v2\/media?parent=1001"}],"wp:term":[{"taxonomy":"product_brand","embeddable":true,"href":"https:\/\/e-cupstone.hastastudio.com\/ua\/wp-json\/wp\/v2\/product_brand?post=1001"},{"taxonomy":"product_cat","embeddable":true,"href":"https:\/\/e-cupstone.hastastudio.com\/ua\/wp-json\/wp\/v2\/product_cat?post=1001"},{"taxonomy":"product_tag","embeddable":true,"href":"https:\/\/e-cupstone.hastastudio.com\/ua\/wp-json\/wp\/v2\/product_tag?post=1001"}],"curies":[{"name":"wp","href":"https:\/\/api.w.org\/{rel}","templated":true}]}}