{"id":1466,"date":"2024-08-07T20:38:05","date_gmt":"2024-08-07T20:38:05","guid":{"rendered":"https:\/\/e-cupstone.hastastudio.com\/?page_id=1466"},"modified":"2024-08-08T16:03:37","modified_gmt":"2024-08-08T16:03:37","slug":"%d1%87%d0%b0%d1%81-%d1%96-%d0%b2%d0%b0%d1%80%d1%82%d1%96%d1%81%d1%82%d1%8c-%d0%b4%d0%be%d1%81%d1%82%d0%b0%d0%b2%d0%ba%d0%b8","status":"publish","type":"page","link":"https:\/\/e-cupstone.hastastudio.com\/ua\/%d1%87%d0%b0%d1%81-%d1%96-%d0%b2%d0%b0%d1%80%d1%82%d1%96%d1%81%d1%82%d1%8c-%d0%b4%d0%be%d1%81%d1%82%d0%b0%d0%b2%d0%ba%d0%b8","title":{"rendered":"\u0422\u0435\u0440\u043c\u0456\u043d\u0438 \u0442\u0430 \u0432\u0430\u0440\u0442\u0456\u0441\u0442\u044c \u0434\u043e\u0441\u0442\u0430\u0432\u043a\u0438"},"content":{"rendered":"<h2 class=\"wp-block-heading\">\u0412\u0430\u0440\u0442\u0456\u0441\u0442\u044c<\/h2>\n\n\n\n<p>\u0412\u043e\u043d\u0430 \u0437\u0430\u043b\u0435\u0436\u0438\u0442\u044c \u0432\u0456\u0434 \u0444\u043e\u0440\u043c\u0438 \u043e\u043f\u043b\u0430\u0442\u0438 \u0442\u0430 \u0437\u0430\u0433\u0430\u043b\u044c\u043d\u043e\u0457 \u0432\u0430\u0433\u0438 \u0437\u0430\u043c\u043e\u0432\u043b\u0435\u043d\u043d\u044f. \u0412\u0441\u0435 \u0437\u0430\u043c\u043e\u0432\u043b\u0435\u043d\u043d\u044f \u0432\u0456\u0434\u043f\u0440\u0430\u0432\u043b\u044f\u0454\u0442\u044c\u0441\u044f \u043e\u0434\u043d\u0456\u0454\u044e \u043f\u043e\u0441\u0438\u043b\u043a\u043e\u044e, \u0456 \u043a\u043b\u0456\u0454\u043d\u0442 \u0441\u043f\u043b\u0430\u0447\u0443\u0454 \u043e\u0434\u043d\u0443 \u0432\u0430\u0440\u0442\u0456\u0441\u0442\u044c \u0434\u043e\u0441\u0442\u0430\u0432\u043a\u0438.<\/p>\n\n\n\n<h2 class=\"wp-block-heading\">\u0427\u0430\u0441 \u0434\u043e\u0441\u0442\u0430\u0432\u043a\u0438<\/h2>\n\n\n\n<p>\u0417\u0430\u0433\u0430\u043b\u044c\u043d\u0438\u0439 \u0447\u0430\u0441 \u0432\u0438\u043a\u043e\u043d\u0430\u043d\u043d\u044f \u0437\u0430\u043c\u043e\u0432\u043b\u0435\u043d\u043d\u044f (\u0432\u043a\u043b\u044e\u0447\u0430\u044e\u0447\u0438 \u0434\u043e\u0441\u0442\u0430\u0432\u043a\u0443) \u0441\u0442\u0430\u043d\u043e\u0432\u0438\u0442\u044c \u0432\u0456\u0434 2 \u0434\u043e 5 \u0440\u043e\u0431\u043e\u0447\u0438\u0445 \u0434\u043d\u0456\u0432 - \u044f\u043a\u0449\u043e \u0442\u043e\u0432\u0430\u0440 \u0454 \u0432 \u043d\u0430\u044f\u0432\u043d\u043e\u0441\u0442\u0456 \u043d\u0430 \u0441\u043a\u043b\u0430\u0434\u0456. \u0412 \u0456\u043d\u0448\u0438\u0445 \u0432\u0438\u043f\u0430\u0434\u043a\u0430\u0445, \u0431\u0443\u0434\u044c \u043b\u0430\u0441\u043a\u0430, \u0437\u0432'\u044f\u0436\u0456\u0442\u044c\u0441\u044f \u0437 \u043d\u0430\u0448\u0438\u043c \u043c\u0430\u0433\u0430\u0437\u0438\u043d\u043e\u043c.<\/p>","protected":false},"excerpt":{"rendered":"<p>Koszt Jest uzale\u017cniony od formy p\u0142atno\u015bci oraz \u0142\u0105cznej wagi zam\u00f3wienia. Ca\u0142e zam\u00f3wienie jest wysy\u0142ane w jednej przesy\u0142ce i klient ponosi jeden koszt dostawy. Czas dostawy Ca\u0142kowity czas realizacji zam\u00f3wienia (wraz z dostaw\u0105) wynosi od 2-5 dni roboczych &#8211; je\u015bli produkt znajduje si\u0119 na magazynie. W innych przypadkach prosimy o kontakt z naszym sklepem.<\/p>","protected":false},"author":1,"featured_media":0,"parent":0,"menu_order":0,"comment_status":"closed","ping_status":"closed","template":"","meta":{"_acf_changed":false,"footnotes":""},"class_list":["post-1466","page","type-page","status-publish","hentry"],"acf":[],"_links":{"self":[{"href":"https:\/\/e-cupstone.hastastudio.com\/ua\/wp-json\/wp\/v2\/pages\/1466","targetHints":{"allow":["GET"]}}],"collection":[{"href":"https:\/\/e-cupstone.hastastudio.com\/ua\/wp-json\/wp\/v2\/pages"}],"about":[{"href":"https:\/\/e-cupstone.hastastudio.com\/ua\/wp-json\/wp\/v2\/types\/page"}],"author":[{"embeddable":true,"href":"https:\/\/e-cupstone.hastastudio.com\/ua\/wp-json\/wp\/v2\/users\/1"}],"replies":[{"embeddable":true,"href":"https:\/\/e-cupstone.hastastudio.com\/ua\/wp-json\/wp\/v2\/comments?post=1466"}],"version-history":[{"count":0,"href":"https:\/\/e-cupstone.hastastudio.com\/ua\/wp-json\/wp\/v2\/pages\/1466\/revisions"}],"wp:attachment":[{"href":"https:\/\/e-cupstone.hastastudio.com\/ua\/wp-json\/wp\/v2\/media?parent=1466"}],"curies":[{"name":"wp","href":"https:\/\/api.w.org\/{rel}","templated":true}]}}