{"id":1463,"date":"2024-08-07T20:36:55","date_gmt":"2024-08-07T20:36:55","guid":{"rendered":"https:\/\/e-cupstone.hastastudio.com\/?page_id=1463"},"modified":"2024-08-08T16:03:03","modified_gmt":"2024-08-08T16:03:03","slug":"%d1%84%d0%be%d1%80%d0%bc%d0%b8-%d0%be%d0%bf%d0%bb%d0%b0%d1%82%d0%b8","status":"publish","type":"page","link":"https:\/\/e-cupstone.hastastudio.com\/ua\/%d1%84%d0%be%d1%80%d0%bc%d0%b8-%d0%be%d0%bf%d0%bb%d0%b0%d1%82%d0%b8","title":{"rendered":"\u0424\u043e\u0440\u043c\u0438 \u043e\u043f\u043b\u0430\u0442\u0438"},"content":{"rendered":"<figure class=\"wp-block-image size-large is-resized\"><img loading=\"lazy\" decoding=\"async\" width=\"142\" height=\"36\" src=\"https:\/\/e-cupstone.hastastudio.com\/wp-content\/uploads\/2024\/08\/Logo-standard.svg\" alt=\"\" class=\"wp-image-1464\" style=\"width:138px;height:auto\"\/><\/figure>\n\n\n\n<p>\u041c\u0438 \u043f\u0440\u043e\u043f\u043e\u043d\u0443\u0454\u043c\u043e \u0440\u0456\u0437\u043d\u0456 \u0441\u043f\u043e\u0441\u043e\u0431\u0438 \u043e\u043f\u043b\u0430\u0442\u0438 \u0432 \u043d\u0430\u0448\u043e\u043c\u0443 \u0456\u043d\u0442\u0435\u0440\u043d\u0435\u0442-\u043c\u0430\u0433\u0430\u0437\u0438\u043d\u0456, \u0449\u043e\u0431 \u0437\u0430\u0431\u0435\u0437\u043f\u0435\u0447\u0438\u0442\u0438 \u0437\u0440\u0443\u0447\u043d\u0443 \u0442\u0430 \u0431\u0435\u0437\u043f\u0435\u0447\u043d\u0443 \u0442\u0440\u0430\u043d\u0437\u0430\u043a\u0446\u0456\u044e. \u0414\u043e\u0441\u0442\u0443\u043f\u043d\u0456 \u043d\u0430\u0441\u0442\u0443\u043f\u043d\u0456 \u0432\u0430\u0440\u0456\u0430\u043d\u0442\u0438:<\/p>\n\n\n\n<h2 class=\"wp-block-heading\">\u041c\u0438\u0442\u0442\u0454\u0432\u0438\u0439 \u043f\u0435\u0440\u0435\u043a\u0430\u0437<\/h2>\n\n\n\n<p>\u0417\u0434\u0456\u0439\u0441\u043d\u044e\u0439\u0442\u0435 \u043f\u043b\u0430\u0442\u0435\u0436\u0456 \u0448\u0432\u0438\u0434\u043a\u043e \u0442\u0430 \u0431\u0435\u0437\u043f\u0435\u0447\u043d\u043e \u0437\u0430 \u0434\u043e\u043f\u043e\u043c\u043e\u0433\u043e\u044e \u043c\u0438\u0442\u0442\u0454\u0432\u0438\u0445 \u043f\u0435\u0440\u0435\u043a\u0430\u0437\u0456\u0432. \u0412\u0430\u0448\u0435 \u0437\u0430\u043c\u043e\u0432\u043b\u0435\u043d\u043d\u044f \u0431\u0443\u0434\u0435 \u043e\u0431\u0440\u043e\u0431\u043b\u0435\u043d\u043e \u043e\u0434\u0440\u0430\u0437\u0443 \u043f\u0456\u0441\u043b\u044f \u043e\u043f\u043b\u0430\u0442\u0438.<\/p>\n\n\n\n<h2 class=\"wp-block-heading\">\u0411\u041b\u0406\u041a<\/h2>\n\n\n\n<p>\u0417\u0440\u0443\u0447\u043d\u0438\u0439 \u0442\u0430 \u0431\u0435\u0437\u043f\u0435\u0447\u043d\u0438\u0439 \u0441\u043f\u043e\u0441\u0456\u0431 \u043e\u043f\u043b\u0430\u0442\u0438 \u0437\u0430 \u0434\u043e\u043f\u043e\u043c\u043e\u0433\u043e\u044e \u043a\u043e\u0434\u0443 BLIK. \u0421\u043f\u043b\u0430\u0447\u0443\u0439\u0442\u0435 \u0448\u0432\u0438\u0434\u043a\u043e \u0437\u0430 \u0434\u043e\u043f\u043e\u043c\u043e\u0433\u043e\u044e \u043c\u043e\u0431\u0456\u043b\u044c\u043d\u043e\u0433\u043e \u0434\u043e\u0434\u0430\u0442\u043a\u0443 \u0432\u0430\u0448\u043e\u0433\u043e \u0431\u0430\u043d\u043a\u0443.<\/p>\n\n\n\n<h2 class=\"wp-block-heading\">\u041f\u043b\u0430\u0442\u0456\u0436\u043d\u0456 \u043a\u0430\u0440\u0442\u043a\u0438<\/h2>\n\n\n\n<p>\u041c\u0438 \u043f\u0440\u0438\u0439\u043c\u0430\u0454\u043c\u043e \u043e\u043f\u043b\u0430\u0442\u0443 \u0437\u0430 \u0434\u043e\u043f\u043e\u043c\u043e\u0433\u043e\u044e Visa, MasterCard \u0442\u0430 \u0456\u043d\u0448\u0438\u0445 \u043f\u043e\u043f\u0443\u043b\u044f\u0440\u043d\u0438\u0445 \u043a\u0440\u0435\u0434\u0438\u0442\u043d\u0438\u0445 \u0456 \u0434\u0435\u0431\u0435\u0442\u043e\u0432\u0438\u0445 \u043a\u0430\u0440\u0442\u043e\u043a. \u0412\u0430\u0448\u0456 \u0434\u0430\u043d\u0456 \u0437\u0430\u0445\u0438\u0449\u0435\u043d\u0456 \u0437\u0430 \u043d\u0430\u0439\u0432\u0438\u0449\u0438\u043c\u0438 \u0441\u0442\u0430\u043d\u0434\u0430\u0440\u0442\u0430\u043c\u0438 \u0431\u0435\u0437\u043f\u0435\u043a\u0438.<\/p>\n\n\n\n<h2 class=\"wp-block-heading\">PayPo<\/h2>\n\n\n\n<p>\u041a\u0443\u043f\u0443\u0439\u0442\u0435 \u0437\u0430\u0440\u0430\u0437, \u0441\u043f\u043b\u0430\u0447\u0443\u0439\u0442\u0435 \u043f\u0456\u0437\u043d\u0456\u0448\u0435 \u0437 PayPo. \u0417\u0430 \u0434\u043e\u043f\u043e\u043c\u043e\u0433\u043e\u044e \u0446\u044c\u043e\u0433\u043e \u0441\u0435\u0440\u0432\u0456\u0441\u0443 \u0432\u0438 \u043c\u043e\u0436\u0435\u0442\u0435 \u0440\u043e\u0431\u0438\u0442\u0438 \u043f\u043e\u043a\u0443\u043f\u043a\u0438 \u0442\u0430 \u043e\u043f\u043b\u0430\u0447\u0443\u0432\u0430\u0442\u0438 \u0457\u0445 \u0443 \u0437\u0440\u0443\u0447\u043d\u0438\u0439 \u0434\u043b\u044f \u0432\u0430\u0441 \u0447\u0430\u0441 \u0431\u0435\u0437 \u0434\u043e\u0434\u0430\u0442\u043a\u043e\u0432\u0438\u0445 \u0432\u0438\u0442\u0440\u0430\u0442.<\/p>\n\n\n\n<p>\u041c\u0438 \u043d\u0430\u0434\u0430\u0454\u043c\u043e \u0448\u0438\u0440\u043e\u043a\u0438\u0439 \u0432\u0438\u0431\u0456\u0440 \u0441\u043f\u043e\u0441\u043e\u0431\u0456\u0432 \u043e\u043f\u043b\u0430\u0442\u0438, \u0449\u043e\u0431 \u0437\u0440\u043e\u0431\u0438\u0442\u0438 \u043f\u043e\u043a\u0443\u043f\u043a\u0438 \u0432 \u043d\u0430\u0448\u043e\u043c\u0443 \u043c\u0430\u0433\u0430\u0437\u0438\u043d\u0456 \u043b\u0435\u0433\u043a\u0438\u043c\u0438 \u0442\u0430 \u043f\u0440\u0438\u0454\u043c\u043d\u0438\u043c\u0438. \u041e\u0431\u0438\u0440\u0430\u0439\u0442\u0435 \u043d\u0430\u0439\u0437\u0440\u0443\u0447\u043d\u0456\u0448\u0438\u0439 \u0434\u043b\u044f \u0432\u0430\u0441 \u0432\u0430\u0440\u0456\u0430\u043d\u0442 \u0456 \u043d\u0430\u0441\u043e\u043b\u043e\u0434\u0436\u0443\u0439\u0442\u0435\u0441\u044f \u0431\u0435\u0437\u0442\u0443\u0440\u0431\u043e\u0442\u043d\u0438\u043c \u043e\u043d\u043b\u0430\u0439\u043d-\u0448\u043e\u043f\u0456\u043d\u0433\u043e\u043c.<\/p>","protected":false},"excerpt":{"rendered":"<p>W naszym sklepie internetowym oferujemy r\u00f3\u017cne metody p\u0142atno\u015bci, aby zapewni\u0107 wygod\u0119 i bezpiecze\u0144stwo transakcji. Dost\u0119pne opcje to: Przelew natychmiastowy Realizuj p\u0142atno\u015bci szybko i bezpiecznie dzi\u0119ki przelewom natychmiastowym. Twoje zam\u00f3wienie zostanie przetworzone od razu po dokonaniu p\u0142atno\u015bci. BLIK Wygodna i bezpieczna metoda p\u0142atno\u015bci za pomoc\u0105 kodu BLIK. Zap\u0142a\u0107 szybko, u\u017cywaj\u0105c aplikacji mobilnej swojego banku. Karty p\u0142atnicze [&hellip;]<\/p>","protected":false},"author":1,"featured_media":0,"parent":0,"menu_order":0,"comment_status":"closed","ping_status":"closed","template":"","meta":{"_acf_changed":false,"footnotes":""},"class_list":["post-1463","page","type-page","status-publish","hentry"],"acf":[],"_links":{"self":[{"href":"https:\/\/e-cupstone.hastastudio.com\/ua\/wp-json\/wp\/v2\/pages\/1463","targetHints":{"allow":["GET"]}}],"collection":[{"href":"https:\/\/e-cupstone.hastastudio.com\/ua\/wp-json\/wp\/v2\/pages"}],"about":[{"href":"https:\/\/e-cupstone.hastastudio.com\/ua\/wp-json\/wp\/v2\/types\/page"}],"author":[{"embeddable":true,"href":"https:\/\/e-cupstone.hastastudio.com\/ua\/wp-json\/wp\/v2\/users\/1"}],"replies":[{"embeddable":true,"href":"https:\/\/e-cupstone.hastastudio.com\/ua\/wp-json\/wp\/v2\/comments?post=1463"}],"version-history":[{"count":0,"href":"https:\/\/e-cupstone.hastastudio.com\/ua\/wp-json\/wp\/v2\/pages\/1463\/revisions"}],"wp:attachment":[{"href":"https:\/\/e-cupstone.hastastudio.com\/ua\/wp-json\/wp\/v2\/media?parent=1463"}],"curies":[{"name":"wp","href":"https:\/\/api.w.org\/{rel}","templated":true}]}}