{"id":12,"date":"2024-08-07T20:40:40","date_gmt":"2024-08-07T20:40:40","guid":{"rendered":"https:\/\/e-cupstone.hastastudio.com\/?page_id=12"},"modified":"2024-09-20T14:47:33","modified_gmt":"2024-09-20T14:47:33","slug":"%d0%bf%d0%be%d0%b2%d0%b5%d1%80%d0%bd%d0%b5%d0%bd%d0%bd%d1%8f","status":"publish","type":"page","link":"https:\/\/e-cupstone.hastastudio.com\/ua\/%d0%bf%d0%be%d0%b2%d0%b5%d1%80%d0%bd%d0%b5%d0%bd%d0%bd%d1%8f","title":{"rendered":"\u041f\u043e\u0432\u0435\u0440\u043d\u0435\u043d\u043d\u044f \u0442\u0430 \u0441\u043a\u0430\u0440\u0433\u0438"},"content":{"rendered":"<p><strong>\u041f\u043e\u0434\u0430\u043d\u043d\u044f \u0441\u043a\u0430\u0440\u0433\u0438<br><\/strong>\u0429\u043e\u0431 \u043f\u043e\u0434\u0430\u0442\u0438 \u0441\u043a\u0430\u0440\u0433\u0443, \u0432\u0438\u043a\u043e\u043d\u0430\u0439\u0442\u0435 \u043d\u0430\u0432\u0435\u0434\u0435\u043d\u0456 \u043d\u0438\u0436\u0447\u0435 \u0434\u0456\u0457:<\/p>\n\n\n\n<p><em>1. \u0444\u043e\u0440\u043c\u0430 \u043f\u043e\u0432\u0435\u0440\u043d\u0435\u043d\u043d\u044f\/\u0441\u043a\u0430\u0440\u0433\u0438<\/em><br>\u0417\u0430\u043f\u043e\u0432\u043d\u0456\u0442\u044c \u0431\u043b\u0430\u043d\u043a \u043f\u043e\u0432\u0435\u0440\u043d\u0435\u043d\u043d\u044f\/\u043f\u0440\u0435\u0442\u0435\u043d\u0437\u0456\u0457 \u0442\u0430 \u0432\u043a\u043b\u0430\u0434\u0456\u0442\u044c \u0439\u043e\u0433\u043e \u0434\u043e \u043f\u043e\u0441\u0438\u043b\u043a\u0438. \u0414\u043e\u043a\u0443\u043c\u0435\u043d\u0442 \u043f\u043e\u0432\u0438\u043d\u0435\u043d \u043c\u0456\u0441\u0442\u0438\u0442\u0438 \u0442\u0430\u043a\u0456 \u0434\u0430\u043d\u0456: \u0432\u0430\u0448\u0435 \u0456\u043c'\u044f, \u0435\u043b\u0435\u043a\u0442\u0440\u043e\u043d\u043d\u0443 \u0430\u0431\u043e \u043f\u043e\u0448\u0442\u043e\u0432\u0443 \u0430\u0434\u0440\u0435\u0441\u0443, \u043d\u043e\u043c\u0435\u0440 \u0442\u0435\u043b\u0435\u0444\u043e\u043d\u0443, \u0432\u043a\u0430\u0437\u0456\u0432\u043a\u0443 \u043d\u0430 \u043d\u043e\u043c\u0435\u0440 \u0442\u043e\u0432\u0430\u0440\u0443 \u0456 \u043f\u0440\u0438\u0447\u0438\u043d\u0443 \u0440\u0435\u043a\u043b\u0430\u043c\u0430\u0446\u0456\u0457, \u0434\u0430\u0442\u0443 \u043f\u043e\u043a\u0443\u043f\u043a\u0438 \u0456 \u0432\u0438\u043d\u0438\u043a\u043d\u0435\u043d\u043d\u044f \u0434\u0435\u0444\u0435\u043a\u0442\u0443.<br><br><em>2.\u043f\u043e\u0432\u0435\u0440\u043d\u0435\u043d\u043d\u044f \u0442\u043e\u0432\u0430\u0440\u0443<\/em><br>\u041f\u0440\u0438 \u043f\u043e\u0434\u0430\u0447\u0456 \u0441\u043a\u0430\u0440\u0433\u0438, \u0431\u0443\u0434\u044c \u043b\u0430\u0441\u043a\u0430, \u043d\u0430\u0434\u0456\u0448\u043b\u0456\u0442\u044c \u0432\u0438\u0440\u0456\u0431 \u043d\u0430\u0437\u0430\u0434 \u0437 \u0443\u0441\u0456\u043c\u0430 \u0430\u043a\u0441\u0435\u0441\u0443\u0430\u0440\u0430\u043c\u0438 \u0442\u0430 \u043a\u043e\u043f\u0456\u0454\u044e \u0440\u0430\u0445\u0443\u043d\u043a\u0443-\u0444\u0430\u043a\u0442\u0443\u0440\u0438.<br><br><em>3 \u0414\u043e\u0441\u0442\u0430\u0432\u043a\u0430<\/em><br>\u0421\u043b\u0456\u0434 \u043d\u0430\u0434\u0456\u0441\u043b\u0430\u0442\u0438 \u0442\u043e\u0432\u0430\u0440, \u0449\u043e\u0434\u043e \u044f\u043a\u043e\u0433\u043e \u0454 \u043f\u0440\u0435\u0442\u0435\u043d\u0437\u0456\u0457:<br>E-CUPSTONE \u041e\u043b\u0435\u043a\u0441\u0430\u043d\u0434\u0440 \u0414\u044f\u0447\u0435\u043d\u043a\u043e<br>Zawodzie 20<br>80-726 \u0413\u0434\u0430\u043d\u0441\u044c\u043a<strong><\/strong><\/p>\n\n\n\n<p><strong>\u041f\u043e\u0432\u0435\u0440\u043d\u0435\u043d\u043d\u044f \u0442\u043e\u0432\u0430\u0440\u0443<br><\/strong>\u0412\u0456\u0434\u043f\u043e\u0432\u0456\u0434\u043d\u043e \u0434\u043e \u0447\u0438\u043d\u043d\u043e\u0433\u043e \u0437\u0430\u043a\u043e\u043d\u043e\u0434\u0430\u0432\u0441\u0442\u0432\u0430, \u0443 \u0432\u0430\u0441 \u0454 14 \u0434\u043d\u0456\u0432 \u043d\u0430 \u043f\u043e\u0432\u0435\u0440\u043d\u0435\u043d\u043d\u044f \u0442\u043e\u0432\u0430\u0440\u0443. \u0429\u043e\u0431 \u0440\u043e\u0437\u0456\u0440\u0432\u0430\u0442\u0438 \u0434\u043e\u0433\u043e\u0432\u0456\u0440 \u0456 \u043f\u043e\u0432\u0435\u0440\u043d\u0443\u0442\u0438 \u043f\u0440\u0438\u0434\u0431\u0430\u043d\u0438\u0439 \u0443 \u043d\u0430\u0441 \u0442\u043e\u0432\u0430\u0440, \u0437\u0430\u043f\u043e\u0432\u043d\u0456\u0442\u044c \u043d\u0435\u043e\u0431\u0445\u0456\u0434\u043d\u0443 \u0437\u0430\u044f\u0432\u0443 \u0456 \u043d\u0430\u0434\u0456\u0448\u043b\u0456\u0442\u044c \u0457\u0457 \u043d\u0430 \u043d\u0430\u0448\u0443 \u0430\u0434\u0440\u0435\u0441\u0443 \u0440\u0430\u0437\u043e\u043c \u0437 \u0442\u043e\u0432\u0430\u0440\u043e\u043c, \u0449\u043e \u043f\u043e\u0432\u0435\u0440\u0442\u0430\u0454\u0442\u044c\u0441\u044f:&nbsp;<\/p>\n\n\n\n<p>E-CUPSTONE \u041e\u043b\u0435\u043a\u0441\u0430\u043d\u0434\u0440 \u0414\u044f\u0447\u0435\u043d\u043a\u043e<br>Zawodzie 20<br>80-726 \u0413\u0434\u0430\u043d\u0441\u044c\u043a<\/p>\n\n\n\n<p>\u0422\u0430\u043a\u043e\u0436 \u0434\u043e\u0434\u0430\u0439\u0442\u0435 \u0432\u0441\u0456 \u0430\u043a\u0441\u0435\u0441\u0443\u0430\u0440\u0438, \u043e\u0442\u0440\u0438\u043c\u0430\u043d\u0456 \u0440\u0430\u0437\u043e\u043c \u0437 \u0442\u043e\u0432\u0430\u0440\u043e\u043c(\u0430\u043c\u0438), \u0456 \u043a\u0432\u0438\u0442\u0430\u043d\u0446\u0456\u044e \u0430\u0431\u043e \u0440\u0430\u0445\u0443\u043d\u043e\u043a-\u0444\u0430\u043a\u0442\u0443\u0440\u0443 \u0432 \u043f\u0430\u043a\u0435\u0442 \u0456\u0437 \u0437\u0430\u044f\u0432\u043e\u044e \u0442\u0430 \u0442\u043e\u0432\u0430\u0440\u043e\u043c(\u0430\u043c\u0438), \u0449\u043e \u043f\u043e\u0432\u0435\u0440\u0442\u0430\u044e\u0442\u044c\u0441\u044f.<strong><\/strong><\/p>\n\n\n\n<p>\u00a0\u041f\u043e\u0441\u0438\u043b\u0430\u043d\u043d\u044f \u043d\u0430 \u043f\u043e\u043f\u0435\u0440\u0435\u0434\u043d\u044e \u0441\u0442\u043e\u0440\u0456\u043d\u043a\u0443:\u00a0<a href=\"https:\/\/furgonetka.pl\/zwroty\/339638f1-88fa-4e99-8438-01cf4a0f4981\" target=\"_blank\" rel=\"noopener\">\u041f\u041e\u0421\u0418\u041b\u0410\u041d\u041d\u042f<\/a><\/p>","protected":false},"excerpt":{"rendered":"<p>Sk\u0142adanie reklamacjiW celu z\u0142o\u017cenia reklamacji, post\u0119puj zgodnie z poni\u017cszymi krokami: 1.&nbsp;Formularz zwrotu\/reklamacjiWype\u0142nij formularz zwrotu\/reklamacji i do\u0142\u0105cz go do przesy\u0142ki. Dokument powinien zawiera\u0107&nbsp;nast\u0119puj\u0105ce dane: imi\u0119 i nazwisko, adres e-mail lub adres do korespondencji, nr telefonu, wskazanie numeru produktu i przyczyna reklamacji, data zakupu oraz wyst\u0105pienia wady. 2.Odes\u0142anie produktuSk\u0142adaj\u0105c reklamacj\u0119 prosimy o odes\u0142anie produktu wraz ze wszystkimi [&hellip;]<\/p>","protected":false},"author":1,"featured_media":0,"parent":0,"menu_order":0,"comment_status":"closed","ping_status":"closed","template":"","meta":{"_acf_changed":false,"footnotes":""},"class_list":["post-12","page","type-page","status-publish","hentry"],"acf":[],"_links":{"self":[{"href":"https:\/\/e-cupstone.hastastudio.com\/ua\/wp-json\/wp\/v2\/pages\/12","targetHints":{"allow":["GET"]}}],"collection":[{"href":"https:\/\/e-cupstone.hastastudio.com\/ua\/wp-json\/wp\/v2\/pages"}],"about":[{"href":"https:\/\/e-cupstone.hastastudio.com\/ua\/wp-json\/wp\/v2\/types\/page"}],"author":[{"embeddable":true,"href":"https:\/\/e-cupstone.hastastudio.com\/ua\/wp-json\/wp\/v2\/users\/1"}],"replies":[{"embeddable":true,"href":"https:\/\/e-cupstone.hastastudio.com\/ua\/wp-json\/wp\/v2\/comments?post=12"}],"version-history":[{"count":0,"href":"https:\/\/e-cupstone.hastastudio.com\/ua\/wp-json\/wp\/v2\/pages\/12\/revisions"}],"wp:attachment":[{"href":"https:\/\/e-cupstone.hastastudio.com\/ua\/wp-json\/wp\/v2\/media?parent=12"}],"curies":[{"name":"wp","href":"https:\/\/api.w.org\/{rel}","templated":true}]}}