{"id":831,"date":"2024-08-01T15:00:44","date_gmt":"2024-08-01T15:00:44","guid":{"rendered":"https:\/\/e-cupstone.hastastudio.com\/?post_type=product&#038;p=831"},"modified":"2024-09-23T23:28:19","modified_gmt":"2024-09-23T23:28:19","slug":"polymer-gypsum-snowcast-terrazzo","status":"publish","type":"product","link":"https:\/\/e-cupstone.hastastudio.com\/en\/produkt\/polymer-gypsum-snowcast-terrazzo","title":{"rendered":"SnowCast polymer gypsum (Lastryko)"},"content":{"rendered":"<div class=\"resetcss\">\r\n<div class=\"resetcss\">\r\n<h3 class=\"wp-block-heading\">SnowCast ready-mix for gypsum casting in Lastryko and Marble.<\/h3>\r\n<p><br \/>Snow-white colour.<br \/><strong>Just add water.<\/strong><br \/>A one-component polymeric gypsum consisting of high-strength gypsum, mineral fillers and modifying additives. According to its characteristics, it is practically no different from a two-component, acrylic resin-based gypsum. At the same time, it looks more natural.<br \/>Uwaga &#8211; produkt wymaga zabezpieczenia od wch\u0142aniania wody (<a href=\"https:\/\/e-cupstone.hastastudio.com\/en\/produkt\/impregnating-agent-for-polymer-plaster-e-cupstone\/\" target=\"_blank\" rel=\"noopener\">impregnate<\/a>\u00a0or\u00a0<a href=\"https:\/\/e-cupstone.hastastudio.com\/en\/produkt\/lacquer-for-polymer-plaster-e-cupstone\/\" target=\"_blank\" rel=\"noopener\">lacquer<\/a>).<br \/>It is an odourless material that contains no solvents.<br \/>All that is needed to make the mixture is a scale, a mixer and mixing containers and water.<br \/>The material is completely non-flammable.<br \/>Suitable for the production of figures, models, sculptures, decorations, prototypes, architectural elements, replicas, ceiling and wall panels, scenographic elements<\/p>\r\n<p>Synonyms: Cast stone, liquid stone<\/p>\r\n<h3><strong>Properties:<\/strong><\/h3>\r\n<ul>\r\n<li>Fast curing time (up to 40 minutes)<\/li>\r\n<li>Excellent fluidity<\/li>\r\n<li>Smooth casting surface<\/li>\r\n<li>Perfectly reproduces fine elements<\/li>\r\n<li>Thanks to the modifying additives, it is low in water absorption<\/li>\r\n<li>Stains well with different types of dyes<\/li>\r\n<li>UV resistant<\/li>\r\n<li>Non-flammable<\/li>\r\n<li>Ideal for creating Lastryko and Marble products<\/li>\r\n<li>Does not stick to dishes<\/li>\r\n<\/ul>\r\n<p>The mixture consists of high-strength gypsum, mineral fillers and modifying additives. The binder is natural gypsum.<br \/>It is a uniformly mixed, ready-to-use, dry mixture of snow-white colour. Due to its predominantly gypsum composition, it contains no harmful substances. Allows ideal casting without a vibrating table.<\/p>\r\n<h3><br \/><strong>FEATURES:<\/strong><\/h3>\r\n<ol>\r\n<li>Optimises process time (mix life, curing time) for artificial stone production.<\/li>\r\n<li>Eliminates the need to purchase chemical additives.<\/li>\r\n<li>Eliminates the problem of instability in the properties of individual elements.<\/li>\r\n<li>Saves the contractor from the problems of dosing ingredients, including very small quantities.<\/li>\r\n<li>It speeds up work by eliminating ancillary operations.<\/li>\r\n<\/ol>\r\n<h3><strong>Mixing ratio:<\/strong><\/h3>\r\n<p><br \/>LASTRYKO polymer gypsum is prepared by mixing the powder with water in a ratio of:<br \/><strong>100:22 (100 grams of powder and 22 grams of water<\/strong>).<br \/>The amount of water quoted is approximate; the proportion should be selected before application depending on the requirements and the type\/size of mould you are pouring into.<br \/>W\u0142a\u015bciwe proporcje s\u0105 kluczowe dla uzyskania optymalnych w\u0142a\u015bciwo\u015bci mieszanki &#8211; im mniej wody tym wi\u0119cej twardo\u015b\u0107 wyrobu.<br \/><strong>Use a scale to measure the ingredients!<\/strong><br \/><br \/><strong>APPLICATION:<\/strong><\/p>\r\n<p><br \/>Recommendations for the work:<\/p>\r\n<ul>\r\n<li>mix the material according to the principle \"mix to water, not the other way round\"<\/li>\r\n<li>Stir with an agitator or drill\/driver for at least 90 seconds until a homogeneous mass is obtained<\/li>\r\n<li>Pour the resulting mixture into the mould<\/li>\r\n<\/ul>\r\n<h3><br \/><strong>PARAMETERS:<\/strong><\/h3>\r\n<p><br \/>Setting time: 25-40 minutes (depending on environmental temperature)<br \/><strong><em>REMEMBER the bonding time.<\/em><\/strong><br \/>As soon as the gypsum is poured into the water, it starts to cross-link and you have 10-15 minutes (at room temperature) before the mixture is pre-cured (you can extend this time with a\u00a0<a href=\"https:\/\/e-cupstone.pl\/pl\/p\/Opozniacz-do-Gipsu-polimerowego-E-CUPSTONE\/137\" target=\"_blank\" rel=\"noopener\">supplements<\/a>).<br \/>Plan the amount of gypsum to be mixed so that you have time to mix it, apply it and wash the mixing tools and container.<\/p>\r\n<ul>\r\n<li>Colour: snow white<\/li>\r\n<li>Mixture density: 2.14kg \/dm3<\/li>\r\n<li>Running time: 10-15 minutes<\/li>\r\n<li>De-formation time: approx. 40 min<\/li>\r\n<li>Compressive strength after 72g: 45 MPa<\/li>\r\n<\/ul>\r\n<p>Ci\u0119\u017car w\u0142a\u015bciwy: 1000 ml &#8211; 2135 gr (1750 gr gipsu + 385 gr wody)<br \/><br \/><strong>How do you calculate the amount of polymer gypsum and water required?<\/strong><\/p>\r\n<p><br \/>New mould? Measure its volume with water and then calculate the values for obtaining the proportions of the ingredients.<br \/>All values are given in grams.<br \/><strong>X<\/strong>\u00a0&#8211; obj\u0119to\u015b\u0107 wymierzona za pomoc\u0105 wody, gram<br \/><strong>G<\/strong>\u00a0&#8211; waga gipsu (proszku), gram<br \/><strong>W<\/strong>\u00a0&#8211; waga wody, gram<br \/><strong>G=X*1.75<\/strong><br \/><strong>W=G*0.22<\/strong><br \/><em>Example 1:<\/em><br \/>I have 180 gr of water in the mould:<br \/>Weight of gypsum (powder): 180*1.75 = 315 grams<br \/>Weight of water: 315 *0.22 = 69 grams<br \/><br \/><strong>Inorganic pigments based on iron oxides are suitable for colouring the mixture, pigments can be found in our other auctions (dosage 0.1-8 % in relation to dry mass).<\/strong><br \/><strong>Colour combination:<\/strong><\/p>\r\n<ul>\r\n<li>red + yellow =\u00a0<strong>orange<\/strong><\/li>\r\n<li>red + blue =\u00a0<strong>violet<\/strong><\/li>\r\n<li>blue + yellow =\u00a0<strong>green<\/strong><\/li>\r\n<li>blue + yellow + red =\u00a0<strong>black<\/strong><\/li>\r\n<li>black + orange =\u00a0<strong>brown<\/strong><\/li>\r\n<li>blue + red + green+ white =\u00a0<strong>heather<\/strong><\/li>\r\n<li>yellow + orange + red + blue =\u00a0<strong>salmon<\/strong><\/li>\r\n<li>yellow + black =\u00a0<strong>olive<\/strong><\/li>\r\n<li>red + blue + green =\u00a0<strong>amaranth<\/strong><\/li>\r\n<li>orange + yellow + white + green =\u00a0<strong>cream<\/strong><\/li>\r\n<\/ul>\r\n<p>Choose the proportions yourself by trial and error to achieve the right shade.<br \/>For the Marble technique, dedicated pigments in liquid form.<br \/><br \/><strong>HEALTH AND SAFETY:<\/strong><\/p>\r\n<p>The product can be handled without risk, provided the appropriate precautions as for chemicals are observed. Keep uncured materials away from foodstuffs and children. Protective clothing, latex or vinyl gloves and safety goggles should be worn to protect against splashing. The processing room should have efficient ventilation. Hands should be washed thoroughly with soap in warm water after each operation and dried with a disposable paper towel after washing.<br \/><br \/><strong>All item descriptions, photos and graphics relating to the product offered in the above auction are our intellectual property. Copying and distribution without written permission is prohibited.<\/strong><br \/><br \/><strong>NOTE<\/strong><\/p>\r\n<p>In the case of the purchase of multiples of 1kg of gypsum, we reserve the right to dispatch the goods in a collective package corresponding to the order.<br \/><br \/>Shipping 2-3 days<\/p>\r\n<\/div>\r\n<div class=\"productfiles\">\r\n<h5 class=\"\">Downloads:<\/h5>\r\n<ul class=\"productfiles\">\r\n<li><a class=\"spanhover\" title=\"Safety data sheet for SnowCast polymer plaster\" href=\"https:\/\/e-cupstone.hastastudio.com\/wp-content\/uploads\/2024\/08\/E-CUPSTONE_Gips_polimerowy_SnowCast_20240201.pdf\" target=\"_blank\" rel=\"noopener\">Safety data sheet for SnowCast polymer plaster<\/a><\/li>\r\n<\/ul>\r\n<\/div>\r\n<\/div>","protected":false},"excerpt":{"rendered":"<p>Gotowa mieszanka gipsowa SnowCast do odlew\u00f3w gipsowych w technologii Lastryko i Marmur. Kolor \u015bnie\u017cno-bia\u0142y.Wystarczy doda\u0107 wody.Jednokomponentowy gips polimerowy w sk\u0142ad kt\u00f3rego wchodzi gips wysokowytrzyma\u0142y, wype\u0142niaczy mineralne oraz dodatki modyfikuj\u0105ce. Zgodnie z charakterystyk\u0105 praktycznie nie r\u00f3\u017cni si\u0119 od dwusk\u0142adnikowego na bazie \u017cywic akrylowych. Przy tym wygl\u0105da bardziej naturalnie.Uwaga &#8211; produkt wymaga zabezpieczenia od wch\u0142aniania wody (impregnat\u00a0lub\u00a0lakier).Jest [&hellip;]<\/p>","protected":false},"featured_media":844,"comment_status":"open","ping_status":"closed","template":"","meta":{"_acf_changed":false},"product_brand":[],"product_cat":[25],"product_tag":[],"class_list":{"0":"post-831","1":"product","2":"type-product","3":"status-publish","4":"has-post-thumbnail","6":"product_cat-gipsy","8":"first","9":"instock","10":"taxable","11":"shipping-taxable","12":"purchasable","13":"product-type-variable","14":"has-default-attributes"},"acf":[],"_links":{"self":[{"href":"https:\/\/e-cupstone.hastastudio.com\/en\/wp-json\/wp\/v2\/product\/831","targetHints":{"allow":["GET"]}}],"collection":[{"href":"https:\/\/e-cupstone.hastastudio.com\/en\/wp-json\/wp\/v2\/product"}],"about":[{"href":"https:\/\/e-cupstone.hastastudio.com\/en\/wp-json\/wp\/v2\/types\/product"}],"replies":[{"embeddable":true,"href":"https:\/\/e-cupstone.hastastudio.com\/en\/wp-json\/wp\/v2\/comments?post=831"}],"wp:featuredmedia":[{"embeddable":true,"href":"https:\/\/e-cupstone.hastastudio.com\/en\/wp-json\/wp\/v2\/media\/844"}],"wp:attachment":[{"href":"https:\/\/e-cupstone.hastastudio.com\/en\/wp-json\/wp\/v2\/media?parent=831"}],"wp:term":[{"taxonomy":"product_brand","embeddable":true,"href":"https:\/\/e-cupstone.hastastudio.com\/en\/wp-json\/wp\/v2\/product_brand?post=831"},{"taxonomy":"product_cat","embeddable":true,"href":"https:\/\/e-cupstone.hastastudio.com\/en\/wp-json\/wp\/v2\/product_cat?post=831"},{"taxonomy":"product_tag","embeddable":true,"href":"https:\/\/e-cupstone.hastastudio.com\/en\/wp-json\/wp\/v2\/product_tag?post=831"}],"curies":[{"name":"wp","href":"https:\/\/api.w.org\/{rel}","templated":true}]}}