{"id":347,"date":"2024-07-30T11:20:03","date_gmt":"2024-07-30T11:20:03","guid":{"rendered":"https:\/\/e-cupstone.hastastudio.com\/?post_type=product&#038;p=347"},"modified":"2024-09-21T20:33:45","modified_gmt":"2024-09-21T20:33:45","slug":"fabric-a-stone-150-4d-glass-reinforcement-fabric","status":"publish","type":"product","link":"https:\/\/e-cupstone.hastastudio.com\/en\/produkt\/fabric-a-stone-150-4d-glass-reinforcement-fabric","title":{"rendered":"A-STONE 150-4D Glass fabric (reinforcement fabric)"},"content":{"rendered":"<h2 class=\"wp-block-heading\">A-STONE 150-4D Glass fabric (reinforcement fabric)<\/h2>\r\n\r\n\r\n\r\n<p>The A-STONE plaster reinforcement fabric uses a special triaxial weave that provides the unique reinforcing ability of the A-STONE fabric.<\/p>\r\n<p>A-STONE 150-4D Glass fabric (also known as reinforcement fabric) is used together with A-STONE gypsum to laminate thin and lightweight panels of a technical or decorative nature. It can be used for a variety of applications such as:<\/p>\r\n<ul>\r\n<li>Cladding panels<\/li>\r\n<li>Architectural decoration<\/li>\r\n<li>Making silicone moulds<\/li>\r\n<li>Reinforcing polystyrene models<\/li>\r\n<li>General construction work, including lamination<\/li>\r\n<\/ul>\r\n<p>The fabric is available by the metre\u00a0<strong>1m2 &#8211; (120x80cm)<\/strong>\u00a0or in full as\u00a0<strong>roll (50m2)<\/strong><\/p>\r\n<p><strong>A-STONE gypsum is a material characterised by high strength.<\/strong><\/p>\r\n<p>For projects that need even greater strength, this can be achieved by laminating A-STONE 150-4D Glass fabric, made from glass fibre, to the surface of this material. Such a process significantly increases the resistance of the model, including its ability to withstand breakage.<\/p>\r\n<p><strong>Why use dedicated A-STONE 150-4D Glass fabrics?<\/strong><\/p>\r\n<p>A-STONE gypsum, unlike polyesters, does not absorb fabric, but instead creates a kind of open structure on the fabric. As a result, the A-STONE 150-4D Glass fibreglass fabric is perfectly aligned with the A-STONE plaster, allowing a perfect transition between the layers.<\/p>\r\n<p>The best results in laminating with A-STONE 150-4D Glass fabric are achieved by applying a wet fabric over the wet A-STONE plaster and then applying another wet layer on top. This method provides the best bond between the layers. Nevertheless, even after a few days, further layers can be added, achieving a very solid bond. Simply apply fresh A-STONE gypsum to the cured surface before placing the next layer of fabric.<\/p>","protected":false},"excerpt":{"rendered":"<p>Tkanina A-STONE 150-4D Glass (tkanina wzmacniaj\u0105ca) Tkanina wzmacniaj\u0105ca do gipsu A-STONE wykorzystuje specjalny tr\u00f3josiowy splot, kt\u00f3ry zapewnia wyj\u0105tkow\u0105 zdolno\u015b\u0107 wzmacniania materia\u0142u A-STONE. Tkanina A-STONE 150-4D Glass (znana r\u00f3wnie\u017c jako tkanina wzmacniaj\u0105ca) jest stosowana razem z gipsem A-STONE do laminowania cienkich i lekkich paneli o charakterze technicznym lub dekoracyjnym. Mo\u017ce by\u0107 u\u017cywana do r\u00f3\u017cnych zastosowa\u0144, takich [&hellip;]<\/p>","protected":false},"featured_media":406,"comment_status":"open","ping_status":"closed","template":"","meta":{"_acf_changed":false},"product_brand":[],"product_cat":[24],"product_tag":[],"class_list":{"0":"post-347","1":"product","2":"type-product","3":"status-publish","4":"has-post-thumbnail","6":"product_cat-materialy-dodatkowe","8":"first","9":"instock","10":"taxable","11":"shipping-taxable","12":"purchasable","13":"product-type-variable","14":"has-default-attributes"},"acf":[],"_links":{"self":[{"href":"https:\/\/e-cupstone.hastastudio.com\/en\/wp-json\/wp\/v2\/product\/347","targetHints":{"allow":["GET"]}}],"collection":[{"href":"https:\/\/e-cupstone.hastastudio.com\/en\/wp-json\/wp\/v2\/product"}],"about":[{"href":"https:\/\/e-cupstone.hastastudio.com\/en\/wp-json\/wp\/v2\/types\/product"}],"replies":[{"embeddable":true,"href":"https:\/\/e-cupstone.hastastudio.com\/en\/wp-json\/wp\/v2\/comments?post=347"}],"wp:featuredmedia":[{"embeddable":true,"href":"https:\/\/e-cupstone.hastastudio.com\/en\/wp-json\/wp\/v2\/media\/406"}],"wp:attachment":[{"href":"https:\/\/e-cupstone.hastastudio.com\/en\/wp-json\/wp\/v2\/media?parent=347"}],"wp:term":[{"taxonomy":"product_brand","embeddable":true,"href":"https:\/\/e-cupstone.hastastudio.com\/en\/wp-json\/wp\/v2\/product_brand?post=347"},{"taxonomy":"product_cat","embeddable":true,"href":"https:\/\/e-cupstone.hastastudio.com\/en\/wp-json\/wp\/v2\/product_cat?post=347"},{"taxonomy":"product_tag","embeddable":true,"href":"https:\/\/e-cupstone.hastastudio.com\/en\/wp-json\/wp\/v2\/product_tag?post=347"}],"curies":[{"name":"wp","href":"https:\/\/api.w.org\/{rel}","templated":true}]}}