{"id":1063,"date":"2024-08-01T16:35:36","date_gmt":"2024-08-01T16:35:36","guid":{"rendered":"https:\/\/e-cupstone.hastastudio.com\/?post_type=product&#038;p=1063"},"modified":"2024-09-23T23:19:39","modified_gmt":"2024-09-23T23:19:39","slug":"stirrer-for-polymer-plaster-e-cupstone","status":"publish","type":"product","link":"https:\/\/e-cupstone.hastastudio.com\/en\/produkt\/stirrer-for-polymer-plaster-e-cupstone","title":{"rendered":"E-CUPSTONE polymer plaster mixer"},"content":{"rendered":"<div class=\"resetcss\">\r\n<div class=\"resetcss\">\r\n<div class=\"resetcss\">\r\n<p>Technical specifications:<\/p>\r\n<ul>\r\n<li>Diameter of agitator: 65 mm<\/li>\r\n<li>Length: 200 mm<\/li>\r\n<li>Mounting: fi8<\/li>\r\n<li>Material: stainless steel<\/li>\r\n<li>Weight of agitator: 136 g<\/li>\r\n<li>Compatibility: Fits all standard drills.<\/li>\r\n<\/ul>\r\n<p>&nbsp;<\/p>\r\n<p>This is the ideal tool for mixing E-CUPSTONE plaster. The design of the mixer blades has been carefully crafted to ensure excellent mixing of the material without introducing air into the mix (which is often the case with other mixers, such as those used in construction). They can be used with drills and screwdrivers.<\/p>\r\n<p>Cleaning is easy: after mixing, rinse the mixer immediately with water.<\/p>\r\n<p>These mixers are also ideal for mixing silicones and resins (reducing material aeration during mixing), but we also recommend using vacuum venting for best results.<\/p>\r\n<\/div>\r\n<div class=\"productfiles\">\u00a0<\/div>\r\n<\/div>\r\n<\/div>","protected":false},"excerpt":{"rendered":"<p>Specyfikacje techniczne: \u015arednica mieszad\u0142a: 65 mm D\u0142ugo\u015b\u0107: 200 mm Mocowanie: fi8 Materia\u0142: stal nierdzewna Waga mieszad\u0142a: 136 g Kompatybilno\u015b\u0107: pasuj\u0105 do wszystkich standardowych wiertarek. &nbsp; To idealne narz\u0119dzie do mieszania gips\u00f3w E-CUPSTONE. Projekt \u0142opatek mieszad\u0142a zosta\u0142 starannie wykonany, aby zapewni\u0107 doskona\u0142e mieszanie materia\u0142u bez wprowadzania powietrza do mieszanki (co cz\u0119sto wyst\u0119puje w przypadku innych mieszade\u0142, [&hellip;]<\/p>","protected":false},"featured_media":1067,"comment_status":"open","ping_status":"closed","template":"","meta":{"_acf_changed":false},"product_brand":[],"product_cat":[24],"product_tag":[],"class_list":{"0":"post-1063","1":"product","2":"type-product","3":"status-publish","4":"has-post-thumbnail","6":"product_cat-materialy-dodatkowe","8":"first","9":"instock","10":"taxable","11":"shipping-taxable","12":"purchasable","13":"product-type-simple"},"acf":[],"_links":{"self":[{"href":"https:\/\/e-cupstone.hastastudio.com\/en\/wp-json\/wp\/v2\/product\/1063","targetHints":{"allow":["GET"]}}],"collection":[{"href":"https:\/\/e-cupstone.hastastudio.com\/en\/wp-json\/wp\/v2\/product"}],"about":[{"href":"https:\/\/e-cupstone.hastastudio.com\/en\/wp-json\/wp\/v2\/types\/product"}],"replies":[{"embeddable":true,"href":"https:\/\/e-cupstone.hastastudio.com\/en\/wp-json\/wp\/v2\/comments?post=1063"}],"wp:featuredmedia":[{"embeddable":true,"href":"https:\/\/e-cupstone.hastastudio.com\/en\/wp-json\/wp\/v2\/media\/1067"}],"wp:attachment":[{"href":"https:\/\/e-cupstone.hastastudio.com\/en\/wp-json\/wp\/v2\/media?parent=1063"}],"wp:term":[{"taxonomy":"product_brand","embeddable":true,"href":"https:\/\/e-cupstone.hastastudio.com\/en\/wp-json\/wp\/v2\/product_brand?post=1063"},{"taxonomy":"product_cat","embeddable":true,"href":"https:\/\/e-cupstone.hastastudio.com\/en\/wp-json\/wp\/v2\/product_cat?post=1063"},{"taxonomy":"product_tag","embeddable":true,"href":"https:\/\/e-cupstone.hastastudio.com\/en\/wp-json\/wp\/v2\/product_tag?post=1063"}],"curies":[{"name":"wp","href":"https:\/\/api.w.org\/{rel}","templated":true}]}}