{"id":1468,"date":"2024-08-07T20:39:22","date_gmt":"2024-08-07T20:39:22","guid":{"rendered":"https:\/\/e-cupstone.hastastudio.com\/?page_id=1468"},"modified":"2024-08-08T16:04:15","modified_gmt":"2024-08-08T16:04:15","slug":"lead-time","status":"publish","type":"page","link":"https:\/\/e-cupstone.hastastudio.com\/en\/lead-time","title":{"rendered":"Lead time"},"content":{"rendered":"<h3 class=\"wp-block-heading\">Lead time<\/h3>\n\n\n\n<p>We dispatch each order as soon as payment is credited to our account. In the case of payment by bank transfer or online payment, the goods are prepared for dispatch immediately upon receipt of payment.<\/p>\n\n\n\n<h4 class=\"wp-block-heading\">Delivery times and carriers<\/h4>\n\n\n\n<p>Parcels are delivered by courier companies. The delivery time depends on the carrier, the type of shipment and the address of the recipient. Usually the parcel arrives within 1-2 working days.<\/p>\n\n\n\n<p><strong>Attention:<\/strong>&nbsp;When paying by online transfer, the time of receipt of the parcel may be extended by the transfer processing time.<\/p>\n\n\n\n<h4 class=\"wp-block-heading\">Collection at InPost parcel machines<\/h4>\n\n\n\n<p>If you have chosen the option of collecting your order via Parcel Machines InPost, your parcel will be delivered to the Parcel Machine of your choice within a few working days (usually up to 2-3 days) of sending the parcel.<\/p>\n\n\n\n<h3 class=\"wp-block-heading\">Fast delivery and security<\/h3>\n\n\n\n<p>We care about the fast delivery of orders, which is why we work with the best carriers. This ensures that your order will arrive quickly and safely.<\/p>\n\n\n\n<h3 class=\"wp-block-heading\">Frequently Asked Questions (FAQ)<\/h3>\n\n\n\n<ol class=\"wp-block-list\">\n<li><strong>How do I track my parcel?<\/strong>\u00a0Once your parcel has been posted, you will receive an email from us with a tracking number.<\/li>\n\n\n\n<li><strong>Can I change my delivery address after placing an order?<\/strong>\u00a0Contact us as soon as possible and we will try to help you change your delivery address.<\/li>\n\n\n\n<li><strong>What to do if a parcel has not arrived on time?<\/strong>\u00a0Contact our customer service department so that we can check the status of your shipment.<\/li>\n<\/ol>\n\n\n\n<h3 class=\"wp-block-heading\">Contact<\/h3>\n\n\n\n<p>Do you have questions about order processing? Contact us via&nbsp;<a href=\"mailto:sklep@e-cupstone.pl\">sklep@e-cupstone.pl<\/a>&nbsp;or call 795799723.<\/p>","protected":false},"excerpt":{"rendered":"<p>Czas realizacji zam\u00f3wienia Ka\u017cde zam\u00f3wienie wysy\u0142amy zaraz po zaksi\u0119gowaniu p\u0142atno\u015bci na naszym koncie. W przypadku p\u0142atno\u015bci przelewem lub p\u0142atno\u015bci online, towar jest przygotowywany do wysy\u0142ki natychmiast po otrzymaniu wp\u0142aty. Czas dostawy i przewo\u017anicy Przesy\u0142ki dostarczaj\u0105 firmy kurierskie. Czas dostawy zale\u017cy od przewo\u017anika, rodzaju przesy\u0142ki oraz adresu odbiorcy. Zazwyczaj przesy\u0142ka dociera w ci\u0105gu 1-2 dni roboczych. [&hellip;]<\/p>","protected":false},"author":1,"featured_media":0,"parent":0,"menu_order":0,"comment_status":"closed","ping_status":"closed","template":"","meta":{"_acf_changed":false,"footnotes":""},"class_list":["post-1468","page","type-page","status-publish","hentry"],"acf":[],"_links":{"self":[{"href":"https:\/\/e-cupstone.hastastudio.com\/en\/wp-json\/wp\/v2\/pages\/1468","targetHints":{"allow":["GET"]}}],"collection":[{"href":"https:\/\/e-cupstone.hastastudio.com\/en\/wp-json\/wp\/v2\/pages"}],"about":[{"href":"https:\/\/e-cupstone.hastastudio.com\/en\/wp-json\/wp\/v2\/types\/page"}],"author":[{"embeddable":true,"href":"https:\/\/e-cupstone.hastastudio.com\/en\/wp-json\/wp\/v2\/users\/1"}],"replies":[{"embeddable":true,"href":"https:\/\/e-cupstone.hastastudio.com\/en\/wp-json\/wp\/v2\/comments?post=1468"}],"version-history":[{"count":0,"href":"https:\/\/e-cupstone.hastastudio.com\/en\/wp-json\/wp\/v2\/pages\/1468\/revisions"}],"wp:attachment":[{"href":"https:\/\/e-cupstone.hastastudio.com\/en\/wp-json\/wp\/v2\/media?parent=1468"}],"curies":[{"name":"wp","href":"https:\/\/api.w.org\/{rel}","templated":true}]}}