{"id":1463,"date":"2024-08-07T20:36:55","date_gmt":"2024-08-07T20:36:55","guid":{"rendered":"https:\/\/e-cupstone.hastastudio.com\/?page_id=1463"},"modified":"2024-08-08T16:03:03","modified_gmt":"2024-08-08T16:03:03","slug":"forms-of-payment","status":"publish","type":"page","link":"https:\/\/e-cupstone.hastastudio.com\/en\/forms-of-payment","title":{"rendered":"Forms of payment"},"content":{"rendered":"<figure class=\"wp-block-image size-large is-resized\"><img loading=\"lazy\" decoding=\"async\" width=\"142\" height=\"36\" src=\"https:\/\/e-cupstone.hastastudio.com\/wp-content\/uploads\/2024\/08\/Logo-standard.svg\" alt=\"\" class=\"wp-image-1464\" style=\"width:138px;height:auto\"\/><\/figure>\n\n\n\n<p>We offer a variety of payment methods in our online shop to ensure a convenient and secure transaction. The options available are:<\/p>\n\n\n\n<h2 class=\"wp-block-heading\">Instant transfer<\/h2>\n\n\n\n<p>Make payments quickly and securely with instant transfers. Your order will be processed immediately after payment.<\/p>\n\n\n\n<h2 class=\"wp-block-heading\">BLIK<\/h2>\n\n\n\n<p>Convenient and secure payment method using the BLIK code. Pay quickly using your bank's mobile app.<\/p>\n\n\n\n<h2 class=\"wp-block-heading\">Payment cards<\/h2>\n\n\n\n<p>We accept payment by Visa, MasterCard and other popular credit and debit cards. Your data is protected by the highest security standards.<\/p>\n\n\n\n<h2 class=\"wp-block-heading\">PayPo<\/h2>\n\n\n\n<p>Buy now, pay later with PayPo. With this service, you can shop and pay at your convenience, at no extra cost.<\/p>\n\n\n\n<p>We provide a wide range of payment methods to make shopping in our shop easy and enjoyable. Choose the most convenient option for you and enjoy hassle-free online shopping.<\/p>","protected":false},"excerpt":{"rendered":"<p>W naszym sklepie internetowym oferujemy r\u00f3\u017cne metody p\u0142atno\u015bci, aby zapewni\u0107 wygod\u0119 i bezpiecze\u0144stwo transakcji. Dost\u0119pne opcje to: Przelew natychmiastowy Realizuj p\u0142atno\u015bci szybko i bezpiecznie dzi\u0119ki przelewom natychmiastowym. Twoje zam\u00f3wienie zostanie przetworzone od razu po dokonaniu p\u0142atno\u015bci. BLIK Wygodna i bezpieczna metoda p\u0142atno\u015bci za pomoc\u0105 kodu BLIK. Zap\u0142a\u0107 szybko, u\u017cywaj\u0105c aplikacji mobilnej swojego banku. Karty p\u0142atnicze [&hellip;]<\/p>","protected":false},"author":1,"featured_media":0,"parent":0,"menu_order":0,"comment_status":"closed","ping_status":"closed","template":"","meta":{"_acf_changed":false,"footnotes":""},"class_list":["post-1463","page","type-page","status-publish","hentry"],"acf":[],"_links":{"self":[{"href":"https:\/\/e-cupstone.hastastudio.com\/en\/wp-json\/wp\/v2\/pages\/1463","targetHints":{"allow":["GET"]}}],"collection":[{"href":"https:\/\/e-cupstone.hastastudio.com\/en\/wp-json\/wp\/v2\/pages"}],"about":[{"href":"https:\/\/e-cupstone.hastastudio.com\/en\/wp-json\/wp\/v2\/types\/page"}],"author":[{"embeddable":true,"href":"https:\/\/e-cupstone.hastastudio.com\/en\/wp-json\/wp\/v2\/users\/1"}],"replies":[{"embeddable":true,"href":"https:\/\/e-cupstone.hastastudio.com\/en\/wp-json\/wp\/v2\/comments?post=1463"}],"version-history":[{"count":0,"href":"https:\/\/e-cupstone.hastastudio.com\/en\/wp-json\/wp\/v2\/pages\/1463\/revisions"}],"wp:attachment":[{"href":"https:\/\/e-cupstone.hastastudio.com\/en\/wp-json\/wp\/v2\/media?parent=1463"}],"curies":[{"name":"wp","href":"https:\/\/api.w.org\/{rel}","templated":true}]}}