{"id":12,"date":"2024-08-07T20:40:40","date_gmt":"2024-08-07T20:40:40","guid":{"rendered":"https:\/\/e-cupstone.hastastudio.com\/?page_id=12"},"modified":"2024-09-20T14:47:33","modified_gmt":"2024-09-20T14:47:33","slug":"returns","status":"publish","type":"page","link":"https:\/\/e-cupstone.hastastudio.com\/en\/returns","title":{"rendered":"Returns and complaints"},"content":{"rendered":"<p><strong>Filing a complaint<br><\/strong>To make a complaint, follow the steps below:<\/p>\n\n\n\n<p><em>1. return\/complaint form<\/em><br>Fill in the return\/complaint form and enclose it with your parcel. The document should contain the following details: your name, e-mail or postal address, telephone number, an indication of the product number and the reason for the complaint, the date of purchase and the occurrence of the defect.<br><br><em>2.Return of the product<\/em><br>When making a complaint, please send the product back with all its accessories and a copy of the purchase invoice.<br><br><em>3 Shipping<\/em><br>The product under complaint should be sent to:<br>E-CUPSTONE Oleksandr Diachenko<br>Zawodzie 20<br>80-726 Gdansk<strong><\/strong><\/p>\n\n\n\n<p><strong>Return of goods<br><\/strong>In accordance with current law, you have 14 days to return the goods. To withdraw from the contract and return a product purchased from us, fill in the necessary declaration and send it to our address together with the returned product(s):&nbsp;<\/p>\n\n\n\n<p>E-CUPSTONE Oleksandr Diachenko<br>Zawodzie 20<br>80-726 Gdansk<\/p>\n\n\n\n<p>Also include all accessories received with the product(s) and the receipt or invoice in the package with the statement and the product(s) being returned.<strong><\/strong><\/p>\n\n\n\n<p>\u00a0Link to return page:\u00a0<a href=\"https:\/\/furgonetka.pl\/zwroty\/339638f1-88fa-4e99-8438-01cf4a0f4981\" target=\"_blank\" rel=\"noopener\">LINK<\/a><\/p>","protected":false},"excerpt":{"rendered":"<p>Sk\u0142adanie reklamacjiW celu z\u0142o\u017cenia reklamacji, post\u0119puj zgodnie z poni\u017cszymi krokami: 1.&nbsp;Formularz zwrotu\/reklamacjiWype\u0142nij formularz zwrotu\/reklamacji i do\u0142\u0105cz go do przesy\u0142ki. Dokument powinien zawiera\u0107&nbsp;nast\u0119puj\u0105ce dane: imi\u0119 i nazwisko, adres e-mail lub adres do korespondencji, nr telefonu, wskazanie numeru produktu i przyczyna reklamacji, data zakupu oraz wyst\u0105pienia wady. 2.Odes\u0142anie produktuSk\u0142adaj\u0105c reklamacj\u0119 prosimy o odes\u0142anie produktu wraz ze wszystkimi [&hellip;]<\/p>","protected":false},"author":1,"featured_media":0,"parent":0,"menu_order":0,"comment_status":"closed","ping_status":"closed","template":"","meta":{"_acf_changed":false,"footnotes":""},"class_list":["post-12","page","type-page","status-publish","hentry"],"acf":[],"_links":{"self":[{"href":"https:\/\/e-cupstone.hastastudio.com\/en\/wp-json\/wp\/v2\/pages\/12","targetHints":{"allow":["GET"]}}],"collection":[{"href":"https:\/\/e-cupstone.hastastudio.com\/en\/wp-json\/wp\/v2\/pages"}],"about":[{"href":"https:\/\/e-cupstone.hastastudio.com\/en\/wp-json\/wp\/v2\/types\/page"}],"author":[{"embeddable":true,"href":"https:\/\/e-cupstone.hastastudio.com\/en\/wp-json\/wp\/v2\/users\/1"}],"replies":[{"embeddable":true,"href":"https:\/\/e-cupstone.hastastudio.com\/en\/wp-json\/wp\/v2\/comments?post=12"}],"version-history":[{"count":0,"href":"https:\/\/e-cupstone.hastastudio.com\/en\/wp-json\/wp\/v2\/pages\/12\/revisions"}],"wp:attachment":[{"href":"https:\/\/e-cupstone.hastastudio.com\/en\/wp-json\/wp\/v2\/media?parent=12"}],"curies":[{"name":"wp","href":"https:\/\/api.w.org\/{rel}","templated":true}]}}