{"id":994,"date":"2024-08-01T16:06:55","date_gmt":"2024-08-01T16:06:55","guid":{"rendered":"https:\/\/e-cupstone.hastastudio.com\/?post_type=product&#038;p=994"},"modified":"2024-09-23T23:27:55","modified_gmt":"2024-09-23T23:27:55","slug":"trockenpigmente-fur-handicast-und-snowcast-gips","status":"publish","type":"product","link":"https:\/\/e-cupstone.hastastudio.com\/de\/produkt-3\/trockenpigmente-fur-handicast-und-snowcast-gips","title":{"rendered":"Trockenpigmente f\u00fcr HandiCast- und SnowCast-Gipse"},"content":{"rendered":"<div class=\"resetcss\">\r\n<div class=\"resetcss\">\r\n<div class=\"resetcss\">\r\n<div class=\"resetcss\">\r\n<p>Farbiges Pulver mit kristallographischer Rutilstruktur, ungiftig, nicht brennbar.<br \/><br \/><strong>Dosierung zum F\u00e4rben\u00a0<\/strong><strong>E-CUPSTONE Polymer-Gips<\/strong><strong>\u00a0betr\u00e4gt 0,1-15 % auf der Basis des Trockengewichts.<\/strong><br \/><br \/><\/p>\r\n<p>Schnellh\u00e4rtende Farbe f\u00fcr E-CUPSTONE-Polymerputz. Garantierte Farbstabilit\u00e4t. Das anorganische Pigment verliert unter Licht- und Witterungseinfl\u00fcssen nicht die Farbe. Es ist best\u00e4ndig gegen<\/p>\r\n<ul>\r\n<li>niedrige und hohe Temperaturen<\/li>\r\n<li>Auswirkungen von Laugen und schwachen S\u00e4uren.<\/li>\r\n<\/ul>\r\n<p>Das Pigment ist unl\u00f6slich in Wasser, Farbbindemitteln und organischen L\u00f6sungsmitteln, aber mischbar mit diesen.<\/p>\r\n<p>Die Farbintensit\u00e4t kann mit geringen Gewichtsanteilen des Produkts von 0,1-15% erreicht werden.<br \/>An einem trockenen und dunklen Ort in einer geschlossenen Verpackung bei 10C-22C lagern.<br \/><br \/><strong>ANMERKUNG<\/strong><br \/>Bei Abnahme von Vielfachen von 0,5 kg behalten wir uns vor, die Ware in einer der Bestellung entsprechenden Verpackung zu versenden.<br \/><br \/>Die anwendungstechnische Beratung erfolgt nach unserem derzeitigen Kenntnisstand. Dies entbindet Sie jedoch nicht von der Verpflichtung, unsere Produkte selbst auf ihre Eignung f\u00fcr den vorgesehenen Verwendungszweck und die Technik zu pr\u00fcfen. Anwendung, Verwendung und Verarbeitung der Produkte erfolgen au\u00dferhalb unserer Kontrollm\u00f6glichkeiten und liegen daher ausschlie\u00dflich in Ihrem Verantwortungsbereich. Wir garantieren f\u00fcr die Qualit\u00e4t unserer Produkte.<br \/><br \/>Versand 2-3 Tage<\/p>\r\n<\/div>\r\n<div class=\"productfiles\">\r\n<h5 class=\"wp-block-heading\">Downloads:<\/h5>\r\n<ul class=\"productfiles\">\r\n<li><a class=\"spanhover\" title=\"Sicherheitsdatenblatt wei\u00df\" href=\"https:\/\/e-cupstone.hastastudio.com\/wp-content\/uploads\/2024\/08\/Pigment-suchy-bialy_SDS_PL.pdf\" target=\"_blank\" rel=\"noopener\">Sicherheitsdatenblatt wei\u00df<\/a><\/li>\r\n<li><a class=\"spanhover\" title=\"Sicherheitsdatenblatt schwarz\" href=\"https:\/\/e-cupstone.hastastudio.com\/wp-content\/uploads\/2024\/08\/Pigment-suchy-czarny_SDS_PL.pdf\">Sicherheitsdatenblatt schwarz<\/a><\/li>\r\n<li><a class=\"spanhover\" title=\"Sicherheitsdatenblatt braun\" href=\"https:\/\/e-cupstone.hastastudio.com\/wp-content\/uploads\/2024\/08\/Pigment-suchy-brazowy_SDS_PL.pdf\" target=\"_blank\" rel=\"noopener\">Sicherheitsdatenblatt braun<\/a><\/li>\r\n<li><a class=\"spanhover\" title=\"Sicherheitsdatenblatt rot\" href=\"https:\/\/e-cupstone.hastastudio.com\/wp-content\/uploads\/2024\/08\/Pigment-suchy-czerwony_SDS_PL.pdf\" target=\"_blank\" rel=\"noopener\">Sicherheitsdatenblatt rot<\/a><\/li>\r\n<li><a class=\"spanhover\" title=\"Sicherheitsdatenblatt orange\" href=\"https:\/\/e-cupstone.hastastudio.com\/wp-content\/uploads\/2024\/08\/Pigment-suchy-pomaranczowy_SDS_PL.pdf\" target=\"_blank\" rel=\"noopener\">Sicherheitsdatenblatt orange<\/a><\/li>\r\n<li><a class=\"spanhover\" title=\"Sicherheitsdatenblatt gelb\" href=\"https:\/\/e-cupstone.hastastudio.com\/wp-content\/uploads\/2024\/08\/Pigment-suchy-zolty_SDS_PL.pdf\" target=\"_blank\" rel=\"noopener\">Sicherheitsdatenblatt gelb<\/a><\/li>\r\n<li><a class=\"spanhover\" title=\"Sicherheitsdatenblatt gr\u00fcn\" href=\"https:\/\/e-cupstone.hastastudio.com\/wp-content\/uploads\/2024\/08\/Pigment-suchy-zelony_SDS_PL.pdf\" target=\"_blank\" rel=\"noopener\">Sicherheitsdatenblatt gr\u00fcn<\/a><\/li>\r\n<li><a class=\"spanhover\" title=\"Sicherheitsdatenblatt blau\" href=\"https:\/\/e-cupstone.hastastudio.com\/wp-content\/uploads\/2024\/08\/Pigment-suchy-niebieski_SDS_PL.pdf\" target=\"_blank\" rel=\"noopener\">Sicherheitsdatenblatt blau<\/a><\/li>\r\n<\/ul>\r\n<\/div>\r\n<\/div>\r\n<div class=\"productfiles\">\u00a0<\/div>\r\n<\/div>\r\n<\/div>","protected":false},"excerpt":{"rendered":"<p>Kolorowy proszek o strukturze krystalograficznej rutylu, nietoksyczny, niepalny. Dozowanie do barwienia\u00a0gipsu polimerowego E-CUPSTONE\u00a0to 0,1-15 % w stosunku do suchej masy. Szybkowi\u0105\u017c\u0105cy barwnik do gipsu polimerowego E-CUPSTONE. Gwarantowana stabilno\u015b\u0107 koloru. Pigment nieorganiczny nie traci koloru pod wp\u0142ywem \u015bwiat\u0142a i warunk\u00f3w atmosferycznych. Jest odporny na niskie i wysokie temperatury dzia\u0142anie alkali\u00f3w i s\u0142abe kwasy. Pigment jest nierozpuszczalny [&hellip;]<\/p>","protected":false},"featured_media":1016,"comment_status":"open","ping_status":"closed","template":"","meta":{"_acf_changed":false},"product_brand":[],"product_cat":[26],"product_tag":[],"class_list":{"0":"post-994","1":"product","2":"type-product","3":"status-publish","4":"has-post-thumbnail","6":"product_cat-pigmenty","8":"first","9":"instock","10":"taxable","11":"shipping-taxable","12":"purchasable","13":"product-type-variable"},"acf":[],"_links":{"self":[{"href":"https:\/\/e-cupstone.hastastudio.com\/de\/wp-json\/wp\/v2\/product\/994","targetHints":{"allow":["GET"]}}],"collection":[{"href":"https:\/\/e-cupstone.hastastudio.com\/de\/wp-json\/wp\/v2\/product"}],"about":[{"href":"https:\/\/e-cupstone.hastastudio.com\/de\/wp-json\/wp\/v2\/types\/product"}],"replies":[{"embeddable":true,"href":"https:\/\/e-cupstone.hastastudio.com\/de\/wp-json\/wp\/v2\/comments?post=994"}],"wp:featuredmedia":[{"embeddable":true,"href":"https:\/\/e-cupstone.hastastudio.com\/de\/wp-json\/wp\/v2\/media\/1016"}],"wp:attachment":[{"href":"https:\/\/e-cupstone.hastastudio.com\/de\/wp-json\/wp\/v2\/media?parent=994"}],"wp:term":[{"taxonomy":"product_brand","embeddable":true,"href":"https:\/\/e-cupstone.hastastudio.com\/de\/wp-json\/wp\/v2\/product_brand?post=994"},{"taxonomy":"product_cat","embeddable":true,"href":"https:\/\/e-cupstone.hastastudio.com\/de\/wp-json\/wp\/v2\/product_cat?post=994"},{"taxonomy":"product_tag","embeddable":true,"href":"https:\/\/e-cupstone.hastastudio.com\/de\/wp-json\/wp\/v2\/product_tag?post=994"}],"curies":[{"name":"wp","href":"https:\/\/api.w.org\/{rel}","templated":true}]}}