{"id":831,"date":"2024-08-01T15:00:44","date_gmt":"2024-08-01T15:00:44","guid":{"rendered":"https:\/\/e-cupstone.hastastudio.com\/?post_type=product&#038;p=831"},"modified":"2024-09-23T23:28:19","modified_gmt":"2024-09-23T23:28:19","slug":"polymerer-gips-snowcast-terrazzo","status":"publish","type":"product","link":"https:\/\/e-cupstone.hastastudio.com\/de\/produkt-3\/polymerer-gips-snowcast-terrazzo","title":{"rendered":"SnowCast Polymer-Gips (Lastryko)"},"content":{"rendered":"<div class=\"resetcss\">\r\n<div class=\"resetcss\">\r\n<h3 class=\"wp-block-heading\">SnowCast Fertigmischung f\u00fcr Gipsguss in Lastryko und Marmor.<\/h3>\r\n<p><br \/>Schneewei\u00dfe Farbe.<br \/><strong>Einfach Wasser hinzuf\u00fcgen.<\/strong><br \/>Ein einkomponentiger Polymergips, der aus hochfestem Gips, mineralischen F\u00fcllstoffen und modifizierenden Zus\u00e4tzen besteht. Von seinen Eigenschaften her unterscheidet er sich praktisch nicht von einem zweikomponentigen Gips auf Acrylharzbasis. Zugleich sieht er nat\u00fcrlicher aus.<br \/>Achtung - das Produkt muss vor Wasseraufnahme gesch\u00fctzt werden (<a href=\"https:\/\/e-cupstone.hastastudio.com\/de\/produkt-3\/impragniermittel-fur-polymerputz-und-napfstein\/\" target=\"_blank\" rel=\"noopener\">impr\u00e4gnieren<\/a>\u00a0oder\u00a0<a href=\"https:\/\/e-cupstone.hastastudio.com\/de\/produkt-3\/lack-fur-polymerputz-und-speckstein\/\" target=\"_blank\" rel=\"noopener\">Lack<\/a>).<br \/>Es handelt sich um ein geruchloses Material, das keine L\u00f6sungsmittel enth\u00e4lt.<br \/>Zur Herstellung der Mischung werden lediglich eine Waage, ein Mixer, Mischbeh\u00e4lter und Wasser ben\u00f6tigt.<br \/>Das Material ist absolut nicht brennbar.<br \/>Geeignet f\u00fcr die Herstellung von Figuren, Modellen, Skulpturen, Dekorationen, Prototypen, architektonischen Elementen, Repliken, Decken- und Wandverkleidungen, szenografischen Elementen<\/p>\r\n<p>Synonyme: Kunststein, Fl\u00fcssigstein<\/p>\r\n<h3><strong>Eigenschaften:<\/strong><\/h3>\r\n<ul>\r\n<li>Schnelle Aush\u00e4rtungszeit (bis zu 40 Minuten)<\/li>\r\n<li>Ausgezeichnete Flie\u00dff\u00e4higkeit<\/li>\r\n<li>Glatte Gussoberfl\u00e4che<\/li>\r\n<li>Reproduziert perfekt feine Elemente<\/li>\r\n<li>Dank der modifizierenden Zus\u00e4tze hat es eine geringe Wasseraufnahme<\/li>\r\n<li>F\u00e4rbt gut mit verschiedenen Arten von Farbstoffen<\/li>\r\n<li>UV-best\u00e4ndig<\/li>\r\n<li>Nicht entflammbar<\/li>\r\n<li>Ideal f\u00fcr die Herstellung von Lastryko- und Marmorprodukten<\/li>\r\n<li>Klebt nicht am Geschirr<\/li>\r\n<\/ul>\r\n<p>Die Mischung besteht aus hochfestem Gips, mineralischen F\u00fcllstoffen und modifizierenden Zusatzstoffen. Das Bindemittel ist Naturgips.<br \/>Es handelt sich um eine gleichm\u00e4\u00dfig gemischte, gebrauchsfertige Trockenmischung von schneewei\u00dfer Farbe. Aufgrund seiner \u00fcberwiegenden Gipszusammensetzung enth\u00e4lt es keine sch\u00e4dlichen Stoffe. Erm\u00f6glicht ideales Gie\u00dfen ohne R\u00fctteltisch.<\/p>\r\n<h3><br \/><strong>FEATURES:<\/strong><\/h3>\r\n<ol>\r\n<li>Optimiert die Prozesszeit (Mischungsdauer, Aush\u00e4rtungszeit) bei der Kunststeinproduktion.<\/li>\r\n<li>Macht den Kauf von chemischen Zusatzstoffen \u00fcberfl\u00fcssig.<\/li>\r\n<li>Das Problem der Instabilit\u00e4t der Eigenschaften der einzelnen Elemente wird beseitigt.<\/li>\r\n<li>Erspart dem Auftragnehmer das Problem der Dosierung von Inhaltsstoffen, auch in sehr kleinen Mengen.<\/li>\r\n<li>Es beschleunigt die Arbeit durch die Eliminierung von Nebenoperationen.<\/li>\r\n<\/ol>\r\n<h3><strong>Mischungsverh\u00e4ltnis:<\/strong><\/h3>\r\n<p><br \/>LASTRYKO Polymergips wird durch Mischen des Pulvers mit Wasser in einem Verh\u00e4ltnis von hergestellt:<br \/><strong>100:22 (100 Gramm Pulver und 22 Gramm Wasser)<\/strong>).<br \/>Die angegebene Wassermenge ist eine ungef\u00e4hre Angabe; das Verh\u00e4ltnis sollte vor der Anwendung je nach den Anforderungen und der Art\/Gr\u00f6\u00dfe der Form, in die gegossen wird, gew\u00e4hlt werden.<br \/>Das richtige Mischungsverh\u00e4ltnis ist der Schl\u00fcssel zum Erreichen optimaler Mischeigenschaften - je weniger Wasser, desto h\u00e4rter das Produkt.<br \/><strong>Verwenden Sie zum Abmessen der Zutaten eine Waage!<\/strong><br \/><br \/><strong>ANWENDUNG:<\/strong><\/p>\r\n<p><br \/>Empfehlungen f\u00fcr die Arbeit:<\/p>\r\n<ul>\r\n<li>Mischen Sie das Material nach dem Prinzip \"zum Wasser mischen, nicht umgekehrt\".<\/li>\r\n<li>Mindestens 90 Sekunden lang mit einem R\u00fchrwerk oder einer Bohrmaschine r\u00fchren, bis eine homogene Masse entsteht<\/li>\r\n<li>Die entstandene Mischung in die Form gie\u00dfen<\/li>\r\n<\/ul>\r\n<h3><br \/><strong>PARAMETER:<\/strong><\/h3>\r\n<p><br \/>Abbindezeit: 25-40 Minuten (je nach Umgebungstemperatur)<br \/><strong><em>Erinnern Sie sich an die Zeit der Bindung.<\/em><\/strong><br \/>Sobald der Gips in das Wasser gegossen wird, beginnt er sich zu vernetzen, und es dauert 10-15 Minuten (bei Raumtemperatur), bis die Mischung vorgeh\u00e4rtet ist (Sie k\u00f6nnen diese Zeit mit einem\u00a0<a href=\"https:\/\/e-cupstone.pl\/pl\/p\/Opozniacz-do-Gipsu-polimerowego-E-CUPSTONE\/137\" target=\"_blank\" rel=\"noopener\">Erg\u00e4nzungen<\/a>).<br \/>Planen Sie die Menge des zu mischenden Gipses so, dass Sie Zeit haben, ihn zu mischen, zu verarbeiten und die Mischwerkzeuge und den Beh\u00e4lter zu waschen.<\/p>\r\n<ul>\r\n<li>Farbe: schneewei\u00df<\/li>\r\n<li>Dichte des Gemischs: 2.14kg \/dm3<\/li>\r\n<li>Bearbeitungszeit: 10-15 Minuten<\/li>\r\n<li>Entformungszeit: ca. 40 min<\/li>\r\n<li>Druckfestigkeit nach 72g: 45 MPa<\/li>\r\n<\/ul>\r\n<p>Spezifisches Gewicht: 1000 ml - 2135 gr (1750 gr Gips + 385 gr Wasser)<br \/><br \/><strong>Wie berechnet man die ben\u00f6tigte Menge an Polymergips und Wasser?<\/strong><\/p>\r\n<p><br \/>Neue Form? Messen Sie das Volumen der Form mit Wasser und berechnen Sie dann die Werte, um die Anteile der Zutaten zu erhalten.<br \/>Alle Werte sind in Gramm angegeben.<br \/><strong>X<\/strong>\u00a0- Volumen gemessen mit Wasser, Gramm<br \/><strong>G<\/strong>\u00a0- Gewicht des Gipses (Pulver), Gramm<br \/><strong>W<\/strong>\u00a0- Wassergewicht, Gramm<br \/><strong>G=X*1,75<\/strong><br \/><strong>W=G*0,22<\/strong><br \/><em>Beispiel 1:<\/em><br \/>Ich habe 180 g Wasser in der Form:<br \/>Gewicht des Gipses (Pulver): 180*1,75 = 315 Gramm<br \/>Gewicht des Wassers: 315 *0,22 = 69 Gramm<br \/><br \/><strong>Zum Einf\u00e4rben der Mischung eignen sich anorganische Pigmente auf der Basis von Eisenoxiden, die Sie in unseren anderen Auktionen finden (Dosierung 0,1-8 % bezogen auf die Trockenmasse).<\/strong><br \/><strong>Farbkombination:<\/strong><\/p>\r\n<ul>\r\n<li>rot + gelb =\u00a0<strong>orange<\/strong><\/li>\r\n<li>rot + blau =\u00a0<strong>violett<\/strong><\/li>\r\n<li>blau + gelb =\u00a0<strong>gr\u00fcn<\/strong><\/li>\r\n<li>blau + gelb + rot =\u00a0<strong>schwarz<\/strong><\/li>\r\n<li>schwarz + orange =\u00a0<strong>braun<\/strong><\/li>\r\n<li>blau + rot + gr\u00fcn+ wei\u00df =\u00a0<strong>Heidekraut<\/strong><\/li>\r\n<li>gelb + orange + rot + blau =\u00a0<strong>Lachs<\/strong><\/li>\r\n<li>gelb + schwarz =\u00a0<strong>Olive<\/strong><\/li>\r\n<li>rot + blau + gr\u00fcn =\u00a0<strong>Amaranth<\/strong><\/li>\r\n<li>orange + gelb + wei\u00df + gr\u00fcn =\u00a0<strong>Creme<\/strong><\/li>\r\n<\/ul>\r\n<p>W\u00e4hlen Sie die Proportionen selbst durch Ausprobieren, um den richtigen Farbton zu erzielen.<br \/>F\u00fcr die Marmortechnik, spezielle Pigmente in fl\u00fcssiger Form.<br \/><br \/><strong>GESUNDHEIT UND SICHERHEIT:<\/strong><\/p>\r\n<p>Das Produkt kann ohne Risiko gehandhabt werden, sofern die entsprechenden Vorsichtsma\u00dfnahmen wie bei Chemikalien beachtet werden. Nicht ausgeh\u00e4rtete Materialien von Lebensmitteln und Kindern fernhalten. Zum Schutz gegen Spritzer sollten Schutzkleidung, Latex- oder Vinylhandschuhe und eine Schutzbrille getragen werden. Der Verarbeitungsraum sollte gut bel\u00fcftet sein. Nach jedem Arbeitsgang sollten die H\u00e4nde gr\u00fcndlich mit Seife und warmem Wasser gewaschen und anschlie\u00dfend mit einem Einweg-Papierhandtuch abgetrocknet werden.<br \/><br \/><strong>Alle Artikelbeschreibungen, Fotos und Grafiken, die sich auf das in der obigen Auktion angebotene Produkt beziehen, sind unser geistiges Eigentum. Die Vervielf\u00e4ltigung und Verbreitung ohne schriftliche Genehmigung ist verboten.<\/strong><br \/><br \/><strong>ANMERKUNG<\/strong><\/p>\r\n<p>Beim Kauf eines Vielfachen von 1 kg Gips behalten wir uns das Recht vor, die Ware in einem der Bestellung entsprechenden Sammelpaket zu versenden.<br \/><br \/>Versand 2-3 Tage<\/p>\r\n<\/div>\r\n<div class=\"productfiles\">\r\n<h5 class=\"\">Downloads:<\/h5>\r\n<ul class=\"productfiles\">\r\n<li><a class=\"spanhover\" title=\"Sicherheitsdatenblatt f\u00fcr SnowCast Polymerputz\" href=\"https:\/\/e-cupstone.hastastudio.com\/wp-content\/uploads\/2024\/08\/E-CUPSTONE_Gips_polimerowy_SnowCast_20240201.pdf\" target=\"_blank\" rel=\"noopener\">Sicherheitsdatenblatt f\u00fcr SnowCast Polymerputz<\/a><\/li>\r\n<\/ul>\r\n<\/div>\r\n<\/div>","protected":false},"excerpt":{"rendered":"<p>Gotowa mieszanka gipsowa SnowCast do odlew\u00f3w gipsowych w technologii Lastryko i Marmur. Kolor \u015bnie\u017cno-bia\u0142y.Wystarczy doda\u0107 wody.Jednokomponentowy gips polimerowy w sk\u0142ad kt\u00f3rego wchodzi gips wysokowytrzyma\u0142y, wype\u0142niaczy mineralne oraz dodatki modyfikuj\u0105ce. Zgodnie z charakterystyk\u0105 praktycznie nie r\u00f3\u017cni si\u0119 od dwusk\u0142adnikowego na bazie \u017cywic akrylowych. Przy tym wygl\u0105da bardziej naturalnie.Uwaga &#8211; produkt wymaga zabezpieczenia od wch\u0142aniania wody (impregnat\u00a0lub\u00a0lakier).Jest [&hellip;]<\/p>","protected":false},"featured_media":844,"comment_status":"open","ping_status":"closed","template":"","meta":{"_acf_changed":false},"product_brand":[],"product_cat":[25],"product_tag":[],"class_list":{"0":"post-831","1":"product","2":"type-product","3":"status-publish","4":"has-post-thumbnail","6":"product_cat-gipsy","8":"first","9":"instock","10":"taxable","11":"shipping-taxable","12":"purchasable","13":"product-type-variable","14":"has-default-attributes"},"acf":[],"_links":{"self":[{"href":"https:\/\/e-cupstone.hastastudio.com\/de\/wp-json\/wp\/v2\/product\/831","targetHints":{"allow":["GET"]}}],"collection":[{"href":"https:\/\/e-cupstone.hastastudio.com\/de\/wp-json\/wp\/v2\/product"}],"about":[{"href":"https:\/\/e-cupstone.hastastudio.com\/de\/wp-json\/wp\/v2\/types\/product"}],"replies":[{"embeddable":true,"href":"https:\/\/e-cupstone.hastastudio.com\/de\/wp-json\/wp\/v2\/comments?post=831"}],"wp:featuredmedia":[{"embeddable":true,"href":"https:\/\/e-cupstone.hastastudio.com\/de\/wp-json\/wp\/v2\/media\/844"}],"wp:attachment":[{"href":"https:\/\/e-cupstone.hastastudio.com\/de\/wp-json\/wp\/v2\/media?parent=831"}],"wp:term":[{"taxonomy":"product_brand","embeddable":true,"href":"https:\/\/e-cupstone.hastastudio.com\/de\/wp-json\/wp\/v2\/product_brand?post=831"},{"taxonomy":"product_cat","embeddable":true,"href":"https:\/\/e-cupstone.hastastudio.com\/de\/wp-json\/wp\/v2\/product_cat?post=831"},{"taxonomy":"product_tag","embeddable":true,"href":"https:\/\/e-cupstone.hastastudio.com\/de\/wp-json\/wp\/v2\/product_tag?post=831"}],"curies":[{"name":"wp","href":"https:\/\/api.w.org\/{rel}","templated":true}]}}