{"id":736,"date":"2024-08-01T13:34:24","date_gmt":"2024-08-01T13:34:24","guid":{"rendered":"https:\/\/e-cupstone.hastastudio.com\/?post_type=product&#038;p=736"},"modified":"2024-09-23T23:28:55","modified_gmt":"2024-09-23T23:28:55","slug":"polymer-gips-handicast-65mpa","status":"publish","type":"product","link":"https:\/\/e-cupstone.hastastudio.com\/de\/produkt-3\/polymer-gips-handicast-65mpa","title":{"rendered":"HandiCast-Polymergips (65MPa)"},"content":{"rendered":"<div class=\"resetcss\">\r\n<p>Sehr harter, gebrauchsfertiger HandiCast-Polymergips (65MPa). Ideal f\u00fcr die pr\u00e4zise Abbildung der Formoberfl\u00e4che. Reduzieren Sie die Prozesszeit mit gebrauchsfertiger Gipsmischung.<\/p>\r\n<p>Farbe: grau-beige.<\/p>\r\n<h2 class=\"wp-block-heading\"><strong>Beschreibung des Produkts:<\/strong><\/h2>\r\n<p>Polymerer Gussgips mit au\u00dfergew\u00f6hnlicher H\u00e4rte und mechanischer Festigkeit. Eine gebrauchsfertige Gipsmischung, die exakte Formoberfl\u00e4chen ohne Krusten- und Nadelbildung gew\u00e4hrleistet. Diese hochwertige Gipsmischung reduziert die Prozesszeit, da die Auswahl der Zutaten entf\u00e4llt.<\/p>\r\n<h2><strong>Zusammensetzung und Merkmale:<\/strong><\/h2>\r\n<p>Die Mischung besteht aus hochfestem Gips, Acrylpolymeren, mineralischen F\u00fcllstoffen und modifizierenden Zusatzstoffen. Es handelt sich um eine gleichm\u00e4\u00dfig gemischte, gebrauchsfertige Trockenmischung mit hellgrauer Farbe. Aufgrund seiner \u00fcberwiegend gipshaltigen Bestandteile enth\u00e4lt es keine Schadstoffe. Sie eignet sich hervorragend zum Gie\u00dfen ohne R\u00fctteltisch.<\/p>\r\n<h2><strong>Anwendung und Parameter:<\/strong><\/h2>\r\n<p>Dieser Polymergips eignet sich perfekt f\u00fcr Skulpturen, 3D-Gipspaneele, komplex geformte Dekorationen sowie Garten- und Parkarchitektur. Er bietet eine optimale Verarbeitungszeit und eliminiert Probleme bei der Dosierung der Inhaltsstoffe.<\/p>\r\n<p>Die Abbindezeit betr\u00e4gt 40-90 Minuten.<\/p>\r\n<p>Druckfestigkeit nach 72g: ~65 MPa<\/p>\r\n<p><strong>Wasser-Gips-Verh\u00e4ltnis - 25\/100<\/strong><\/p>\r\n<p>(Die angegebene Wassermenge ist eine ungef\u00e4hre Angabe; das Verh\u00e4ltnis sollte vor der Verwendung je nach den Anforderungen und der Art\/Gr\u00f6\u00dfe der Form, in die gegossen wird, gew\u00e4hlt werden).<\/p>\r\n<h2><strong>Empfehlungen f\u00fcr die Arbeit:<\/strong><\/h2>\r\n<p>Proportionen: Denken Sie daran, den Gips zum Wasser zu geben und nicht andersherum. Messen Sie zuerst die richtige Menge Wasser ab und f\u00fcgen Sie dann nach und nach den Gips hinzu, wobei Sie sich an die auf der Verpackung angegebenen Mengenverh\u00e4ltnisse halten m\u00fcssen. Die Mengenverh\u00e4ltnisse k\u00f6nnen je nach Gips variieren, daher lohnt es sich immer, das Etikett auf der Packung zu \u00fcberpr\u00fcfen. Bei der Zugabe von Trockenpigmenten ziehen Sie die richtige Pigmentmenge von der abgemessenen Gipsmenge ab und mischen die trockenen Bestandteile trocken, bevor Sie das Wasser hinzuf\u00fcgen.<\/p>\r\n<p>Mischen: kann entweder manuell mit einem Kunststoffspatel oder maschinell mit einem\u00a0<a href=\"https:\/\/e-cupstone.hastastudio.com\/de\/produkt-3\/ruhrer-fur-polymerputz-und-schalenstein\/\" target=\"_blank\" rel=\"noopener\">E-CUPSTONE Polymer-Putzmischer<\/a>. Gie\u00dfen Sie das Wasser in ein geeignetes Gef\u00e4\u00df und f\u00fcgen Sie dann nach und nach den Gips hinzu, wobei Sie mindestens 90 Sekunden lang ununterbrochen r\u00fchren. Es ist wichtig, dass Sie alle Zutaten gr\u00fcndlich mischen, bis Sie eine gleichm\u00e4\u00dfige, glatte Konsistenz haben. Achten Sie darauf, dass Sie alle Teile der Mischung vermischen.<\/p>\r\n<p>Ausgie\u00dfen der Mischung: Sobald die Gipsmischung gleichm\u00e4\u00dfig ist, gie\u00dfen Sie sie in eine geeignete Form oder auf die Zielfl\u00e4che. Vergewissern Sie sich, dass die Form oder die Oberfl\u00e4che zuvor ordnungsgem\u00e4\u00df vorbereitet wurde.<\/p>\r\n<h2><strong>Wichtig!<\/strong><\/h2>\r\n<h2><strong>Bitte ber\u00fccksichtigen Sie diese Informationen bei Ihrer Arbeit.<\/strong><\/h2>\r\n<p>Farbver\u00e4nderungen bei HandiCast-Polymergips, der auf Naturgipsbasis hergestellt wird, h\u00e4ngen mit verschiedenen Faktoren zusammen, die von der Jahreszeit abh\u00e4ngen. Diese Ver\u00e4nderungen sind das Ergebnis von Schwankungen des Niederschlags, der Umgebungstemperatur und der Luftfeuchtigkeit zu verschiedenen Zeiten des Jahres. Der aus Bergwerken gewonnene Naturgips kann eine Vielzahl von mineralischen und nicht-mineralischen Zus\u00e4tzen enthalten, die die Farbeigenschaften des Materials beeinflussen.<\/p>\r\n<p>Au\u00dferdem ist zu beachten, dass die Farbver\u00e4nderung des Gipses auch durch die H\u00e4rte des zur Verd\u00fcnnung verwendeten Wassers, den Gehalt an Verunreinigungen im Wasser, die Temperatur und die Reaktion auf das Material der Silikonformen, insbesondere auf die von der Silikonform abgegebenen \u00d6le, verursacht werden kann.<\/p>\r\n<p>Wir versuchen, die Formulierung an diese Variablen anzupassen, was sich auf die Unterschiede in den Farbt\u00f6nen und einigen Parametern des HandiCast-Polymergipses je nach Jahreszeit auswirken kann. Aus diesem Grund empfehlen wir einen Probeguss vor der vollst\u00e4ndigen Verwendung.<\/p>\r\n<h2><strong>Wie berechnet man die ben\u00f6tigte Menge an Polymergips und Wasser?<\/strong><\/h2>\r\n<p>Neue Form? Messen Sie das Volumen der Form mit Wasser und berechnen Sie dann die Werte, um die Anteile der Zutaten zu erhalten.<\/p>\r\n<p>Alle Werte sind in Gramm angegeben.<\/p>\r\n<p><strong>X\u00a0<\/strong>- Volumen gemessen mit Wasser, Gramm<\/p>\r\n<p><strong>G\u00a0<\/strong>- Gewicht des Gipses (Pulver), Gramm<\/p>\r\n<p><strong>W\u00a0<\/strong>- Wassergewicht, Gramm<\/p>\r\n<p><strong>G=X*1,66<\/strong><\/p>\r\n<p><strong>W=G\/4<\/strong><\/p>\r\n<p><strong>Beispiel 1:<\/strong><\/p>\r\n<p>Ich habe 180 g Wasser in der Form:<\/p>\r\n<p>Gewicht des Gipses (Pulver): 180*1,66 = 299 Gramm<\/p>\r\n<p>Gewicht des Wassers: 299 \/ 4 = 75 Gramm<\/p>\r\n<p>&nbsp;<\/p>\r\n<p><strong>Zum Einf\u00e4rben der Mischung eignen sich anorganische Pigmente auf der Basis von Eisenoxiden (Dosierung 0,1-15 %, bezogen auf das Trockengewicht).<\/strong><\/p>\r\n<h2><strong>GESUNDHEIT UND SICHERHEIT:<\/strong><\/h2>\r\n<p>Dieser Polymergips ist sicher in der Anwendung, sofern die entsprechenden Vorsichtsma\u00dfnahmen getroffen werden. Tragen Sie Schutzkleidung, Handschuhe und eine Schutzbrille. Unausgeh\u00e4rtetes Material von Lebensmitteln fernhalten und au\u00dferhalb der Reichweite von Kindern aufbewahren. F\u00fcr ausreichende Bel\u00fcftung im Verarbeitungsbereich sorgen.<\/p>\r\n<p>&nbsp;<\/p>\r\n<p><strong>Alle Artikelbeschreibungen, Fotos und Grafiken, die sich auf das in der obigen Auktion angebotene Produkt beziehen, sind unser geistiges Eigentum. Die Vervielf\u00e4ltigung und Verbreitung ohne schriftliche Genehmigung ist verboten.<\/strong><\/p>\r\n<p>&nbsp;<\/p>\r\n<h2><strong>HINWEIS!<\/strong><\/h2>\r\n<p>Beim Kauf eines Vielfachen von 1 kg Gips behalten wir uns das Recht vor, die Ware in einem der Bestellung entsprechenden Sammelpaket zu versenden.<\/p>\r\n<p>&nbsp;<\/p>\r\n<p>Versand 2-3 Tage<\/p>\r\n<p>&nbsp;<\/p>\r\n<p>Kaufen Sie jetzt diesen HandiCast Polymer-Gussgips (65MPa), ideal f\u00fcr den professionellen dekorativen Guss. Reduzieren Sie die Prozesszeit und erzielen Sie hervorragende Ergebnisse. Erh\u00e4ltlich zu einem attraktiven Preis.<\/p>\r\n<p>&nbsp;<\/p>\r\n<\/div>\r\n<div class=\"productfiles\">\r\n<h5 class=\"\">Downloads:<\/h5>\r\n<ul class=\"productfiles\">\r\n<li><a class=\"spanhover\" title=\"HandiCast Sicherheitsdatenblatt\" href=\"https:\/\/e-cupstone.hastastudio.com\/wp-content\/uploads\/2024\/08\/E-CUPSTONE_Gips_polimerowy_HandiCast_20240415.pdf\" target=\"_blank\" rel=\"noopener\">HandiCast Sicherheitsdatenblatt<\/a><\/li>\r\n<\/ul>\r\n<\/div>\r\n<div class=\"productfiles\">\u00a0<\/div>","protected":false},"excerpt":{"rendered":"<p>Bardzo twardy, gotowy do u\u017cycia gips polimerowy HandiCast (65MPa). Idealny do precyzyjnego odwzorowania powierzchni formy. Skr\u00f3\u0107 czas procesu technologicznego dzi\u0119ki gotowej mieszance gipsowej. Kolor: szaro-be\u017cowy. Opis produktu: Gips odlewniczy polimerowy o wyj\u0105tkowej twardo\u015bci i wytrzyma\u0142o\u015bci mechanicznej. Gotowa mieszanka gipsowa, kt\u00f3ra zapewnia dok\u0142adne odwzorowanie powierzchni formy bez tworzenia skorup i ko\u0142k\u00f3w. Ta wysokiej jako\u015bci mieszanka gipsowa [&hellip;]<\/p>","protected":false},"featured_media":759,"comment_status":"open","ping_status":"closed","template":"","meta":{"_acf_changed":false},"product_brand":[],"product_cat":[25],"product_tag":[],"class_list":{"0":"post-736","1":"product","2":"type-product","3":"status-publish","4":"has-post-thumbnail","6":"product_cat-gipsy","8":"first","9":"instock","10":"taxable","11":"shipping-taxable","12":"purchasable","13":"product-type-variable","14":"has-default-attributes"},"acf":[],"_links":{"self":[{"href":"https:\/\/e-cupstone.hastastudio.com\/de\/wp-json\/wp\/v2\/product\/736","targetHints":{"allow":["GET"]}}],"collection":[{"href":"https:\/\/e-cupstone.hastastudio.com\/de\/wp-json\/wp\/v2\/product"}],"about":[{"href":"https:\/\/e-cupstone.hastastudio.com\/de\/wp-json\/wp\/v2\/types\/product"}],"replies":[{"embeddable":true,"href":"https:\/\/e-cupstone.hastastudio.com\/de\/wp-json\/wp\/v2\/comments?post=736"}],"wp:featuredmedia":[{"embeddable":true,"href":"https:\/\/e-cupstone.hastastudio.com\/de\/wp-json\/wp\/v2\/media\/759"}],"wp:attachment":[{"href":"https:\/\/e-cupstone.hastastudio.com\/de\/wp-json\/wp\/v2\/media?parent=736"}],"wp:term":[{"taxonomy":"product_brand","embeddable":true,"href":"https:\/\/e-cupstone.hastastudio.com\/de\/wp-json\/wp\/v2\/product_brand?post=736"},{"taxonomy":"product_cat","embeddable":true,"href":"https:\/\/e-cupstone.hastastudio.com\/de\/wp-json\/wp\/v2\/product_cat?post=736"},{"taxonomy":"product_tag","embeddable":true,"href":"https:\/\/e-cupstone.hastastudio.com\/de\/wp-json\/wp\/v2\/product_tag?post=736"}],"curies":[{"name":"wp","href":"https:\/\/api.w.org\/{rel}","templated":true}]}}