{"id":347,"date":"2024-07-30T11:20:03","date_gmt":"2024-07-30T11:20:03","guid":{"rendered":"https:\/\/e-cupstone.hastastudio.com\/?post_type=product&#038;p=347"},"modified":"2024-09-21T20:33:45","modified_gmt":"2024-09-21T20:33:45","slug":"gewebe-a-stone-150-4d-glasfaserverstarktes-gewebe","status":"publish","type":"product","link":"https:\/\/e-cupstone.hastastudio.com\/de\/produkt-3\/gewebe-a-stone-150-4d-glasfaserverstarktes-gewebe","title":{"rendered":"A-STONE 150-4D Glasgewebe (Armierungsgewebe)"},"content":{"rendered":"<h2 class=\"wp-block-heading\">A-STONE 150-4D Glasgewebe (Armierungsgewebe)<\/h2>\r\n\r\n\r\n\r\n<p>Das A-STONE-Gipsbewehrungsgewebe verwendet ein spezielles dreiachsiges Gewebe, das die einzigartige Verst\u00e4rkungsf\u00e4higkeit des A-STONE-Gewebes gew\u00e4hrleistet.<\/p>\r\n<p>A-STONE 150-4D Glasgewebe (auch als Verst\u00e4rkungsgewebe bekannt) wird zusammen mit A-STONE Gips verwendet, um d\u00fcnne und leichte Platten mit technischem oder dekorativem Charakter zu laminieren. Es kann f\u00fcr eine Vielzahl von Anwendungen verwendet werden, wie zum Beispiel:<\/p>\r\n<ul>\r\n<li>Verkleidungsplatten<\/li>\r\n<li>Architektonische Dekoration<\/li>\r\n<li>Herstellung von Silikonformen<\/li>\r\n<li>Verst\u00e4rkungsmodelle aus Polystyrol<\/li>\r\n<li>Allgemeine Bauarbeiten, einschlie\u00dflich Laminierung<\/li>\r\n<\/ul>\r\n<p>Der Stoff ist als Meterware erh\u00e4ltlich\u00a0<strong>1m2 - (120x80cm)<\/strong>\u00a0oder in vollem Umfang als\u00a0<strong>Rolle (50m2)<\/strong><\/p>\r\n<p><strong>A-STONE Gips ist ein Material, das sich durch hohe Festigkeit auszeichnet.<\/strong><\/p>\r\n<p>Bei Projekten, die eine noch h\u00f6here Festigkeit erfordern, kann diese durch Laminieren von A-STONE 150-4D Glasgewebe aus Glasfasern auf die Oberfl\u00e4che dieses Materials erreicht werden. Ein solches Verfahren erh\u00f6ht die Widerstandsf\u00e4higkeit des Modells, einschlie\u00dflich seiner Bruchfestigkeit, erheblich.<\/p>\r\n<p><strong>Warum spezielle A-STONE 150-4D Glasgewebe verwenden?<\/strong><\/p>\r\n<p>A-STONE Gips saugt sich im Gegensatz zu Polyester nicht mit dem Gewebe voll, sondern bildet eine Art offene Struktur auf dem Gewebe. Dadurch ist das A-STONE 150-4D Glasfasergewebe perfekt auf den A-STONE Gips abgestimmt und erm\u00f6glicht einen perfekten \u00dcbergang zwischen den Schichten.<\/p>\r\n<p>Die besten Ergebnisse beim Laminieren mit dem A-STONE 150-4D Glasgewebe werden erzielt, wenn ein nasses Gewebe auf den nassen A-STONE-Putz aufgetragen wird und dann eine weitere nasse Schicht dar\u00fcber. Diese Methode bietet die beste Verbindung zwischen den Schichten. Dennoch k\u00f6nnen auch nach einigen Tagen weitere Lagen aufgetragen werden, um einen sehr festen Verbund zu erreichen. Tragen Sie einfach frischen A-STONE Gips auf die ausgeh\u00e4rtete Oberfl\u00e4che auf, bevor Sie die n\u00e4chste Gewebelage aufbringen.<\/p>","protected":false},"excerpt":{"rendered":"<p>Tkanina A-STONE 150-4D Glass (tkanina wzmacniaj\u0105ca) Tkanina wzmacniaj\u0105ca do gipsu A-STONE wykorzystuje specjalny tr\u00f3josiowy splot, kt\u00f3ry zapewnia wyj\u0105tkow\u0105 zdolno\u015b\u0107 wzmacniania materia\u0142u A-STONE. Tkanina A-STONE 150-4D Glass (znana r\u00f3wnie\u017c jako tkanina wzmacniaj\u0105ca) jest stosowana razem z gipsem A-STONE do laminowania cienkich i lekkich paneli o charakterze technicznym lub dekoracyjnym. Mo\u017ce by\u0107 u\u017cywana do r\u00f3\u017cnych zastosowa\u0144, takich [&hellip;]<\/p>","protected":false},"featured_media":406,"comment_status":"open","ping_status":"closed","template":"","meta":{"_acf_changed":false},"product_brand":[],"product_cat":[24],"product_tag":[],"class_list":{"0":"post-347","1":"product","2":"type-product","3":"status-publish","4":"has-post-thumbnail","6":"product_cat-materialy-dodatkowe","8":"first","9":"instock","10":"taxable","11":"shipping-taxable","12":"purchasable","13":"product-type-variable","14":"has-default-attributes"},"acf":[],"_links":{"self":[{"href":"https:\/\/e-cupstone.hastastudio.com\/de\/wp-json\/wp\/v2\/product\/347","targetHints":{"allow":["GET"]}}],"collection":[{"href":"https:\/\/e-cupstone.hastastudio.com\/de\/wp-json\/wp\/v2\/product"}],"about":[{"href":"https:\/\/e-cupstone.hastastudio.com\/de\/wp-json\/wp\/v2\/types\/product"}],"replies":[{"embeddable":true,"href":"https:\/\/e-cupstone.hastastudio.com\/de\/wp-json\/wp\/v2\/comments?post=347"}],"wp:featuredmedia":[{"embeddable":true,"href":"https:\/\/e-cupstone.hastastudio.com\/de\/wp-json\/wp\/v2\/media\/406"}],"wp:attachment":[{"href":"https:\/\/e-cupstone.hastastudio.com\/de\/wp-json\/wp\/v2\/media?parent=347"}],"wp:term":[{"taxonomy":"product_brand","embeddable":true,"href":"https:\/\/e-cupstone.hastastudio.com\/de\/wp-json\/wp\/v2\/product_brand?post=347"},{"taxonomy":"product_cat","embeddable":true,"href":"https:\/\/e-cupstone.hastastudio.com\/de\/wp-json\/wp\/v2\/product_cat?post=347"},{"taxonomy":"product_tag","embeddable":true,"href":"https:\/\/e-cupstone.hastastudio.com\/de\/wp-json\/wp\/v2\/product_tag?post=347"}],"curies":[{"name":"wp","href":"https:\/\/api.w.org\/{rel}","templated":true}]}}