{"id":1065,"date":"2024-08-01T16:40:14","date_gmt":"2024-08-01T16:40:14","guid":{"rendered":"https:\/\/e-cupstone.hastastudio.com\/?post_type=product&#038;p=1065"},"modified":"2024-09-23T23:16:03","modified_gmt":"2024-09-23T23:16:03","slug":"e-cupstone-polymerputzverzogerer-250gr","status":"publish","type":"product","link":"https:\/\/e-cupstone.hastastudio.com\/de\/produkt-3\/e-cupstone-polymerputzverzogerer-250gr","title":{"rendered":"E-CUPSTONE Polymer Gipsverz\u00f6gerer 250gr"},"content":{"rendered":"<div class=\"resetcss\">\n<div class=\"resetcss\">\n<p>Verz\u00f6gerer f\u00fcr E-CUPSTONE-Polymerputz.<\/p>\n<p>Erh\u00f6ht die Zeit, die das Gemisch braucht, um plastisch zu bleiben.<\/p>\n<p>In unserem Sortiment finden Sie Zus\u00e4tze f\u00fcr E-CUPSTONE Polymergips, die Ihnen die Arbeit mit diesem Material erleichtern. Unter anderem bieten wir einen Verz\u00f6gerer f\u00fcr E-CUPSTONE Polymergips an, der es Ihnen erm\u00f6glicht, E-CUPSTONE Polymergips l\u00e4nger in einem plastischen Zustand zu halten. Dank dieser Substanz k\u00f6nnen Arbeiten, die eine l\u00e4ngere Verarbeitung des Materials erfordern, problemlos durchgef\u00fchrt werden. Die Formulierung verz\u00f6gert das Trocknen und Aush\u00e4rten des Gipses, so dass Sie sich keine Gedanken \u00fcber das Tempo Ihrer Arbeit machen m\u00fcssen und sich auf Genauigkeit und Pr\u00e4zision konzentrieren k\u00f6nnen.<\/p>\n<p>Der Verz\u00f6gerer muss dem trockenen Teil zugesetzt werden. Die maximale Menge, die der Mischung zugesetzt werden kann, betr\u00e4gt 5% des Gewichts.<\/p>\n<p><strong>Verz\u00f6gerer in %<\/strong><\/p>\n<p><strong>Verweildauer von Kunststoffen<\/strong><\/p>\n<p>1% - etwa 50 Minuten<\/p>\n<p>2% - etwa 70 Minuten<\/p>\n<p><strong>Alle Artikelbeschreibungen, Fotos und Grafiken, die sich auf das in der obigen Auktion angebotene Produkt beziehen, sind unser geistiges Eigentum. Die Vervielf\u00e4ltigung und Verbreitung ohne schriftliche Genehmigung ist verboten.<\/strong><\/p>\n<p>&nbsp;<\/p>\n<p><strong>ANMERKUNG<\/strong><\/p>\n<p>Bei Abnahme von Vielfachen von 0,25 kg behalten wir uns vor, die Ware in einer der Bestellung entsprechenden Verpackung zu versenden.<\/p>\n<p>&nbsp;<\/p>\n<p>Versand 2-3 Tage<\/p>\n<\/div>\n<\/div>","protected":false},"excerpt":{"rendered":"<p>Op\u00f3\u017aniacz do Gipsu polimerowego E-CUPSTONE. Wyd\u0142u\u017ca czas zachowania stanu plastycznego mieszanki. W naszej ofercie znajd\u0105 Pa\u0144stwo dodatki do Gipsu polimerowego E-CUPSTONE, kt\u00f3re u\u0142atwiaj\u0105 prac\u0119 z tym materia\u0142em. Proponujemy mi\u0119dzy innymi op\u00f3\u017aniacz do Gipsu polimerowego E-CUPSTONE, kt\u00f3ry pozwala na d\u0142u\u017cej utrzyma\u0107 gips polimerowy E-CUPSTONE w stanie plastycznym. Dzi\u0119ki tej substancji mo\u017cna bezproblemowo wykonywa\u0107 czynno\u015bci, kt\u00f3re wymagaj\u0105 [&hellip;]<\/p>","protected":false},"featured_media":1066,"comment_status":"open","ping_status":"closed","template":"","meta":{"_acf_changed":false},"product_brand":[],"product_cat":[24],"product_tag":[],"class_list":{"0":"post-1065","1":"product","2":"type-product","3":"status-publish","4":"has-post-thumbnail","6":"product_cat-materialy-dodatkowe","8":"first","9":"instock","10":"taxable","11":"shipping-taxable","12":"purchasable","13":"product-type-simple"},"acf":[],"_links":{"self":[{"href":"https:\/\/e-cupstone.hastastudio.com\/de\/wp-json\/wp\/v2\/product\/1065","targetHints":{"allow":["GET"]}}],"collection":[{"href":"https:\/\/e-cupstone.hastastudio.com\/de\/wp-json\/wp\/v2\/product"}],"about":[{"href":"https:\/\/e-cupstone.hastastudio.com\/de\/wp-json\/wp\/v2\/types\/product"}],"replies":[{"embeddable":true,"href":"https:\/\/e-cupstone.hastastudio.com\/de\/wp-json\/wp\/v2\/comments?post=1065"}],"wp:featuredmedia":[{"embeddable":true,"href":"https:\/\/e-cupstone.hastastudio.com\/de\/wp-json\/wp\/v2\/media\/1066"}],"wp:attachment":[{"href":"https:\/\/e-cupstone.hastastudio.com\/de\/wp-json\/wp\/v2\/media?parent=1065"}],"wp:term":[{"taxonomy":"product_brand","embeddable":true,"href":"https:\/\/e-cupstone.hastastudio.com\/de\/wp-json\/wp\/v2\/product_brand?post=1065"},{"taxonomy":"product_cat","embeddable":true,"href":"https:\/\/e-cupstone.hastastudio.com\/de\/wp-json\/wp\/v2\/product_cat?post=1065"},{"taxonomy":"product_tag","embeddable":true,"href":"https:\/\/e-cupstone.hastastudio.com\/de\/wp-json\/wp\/v2\/product_tag?post=1065"}],"curies":[{"name":"wp","href":"https:\/\/api.w.org\/{rel}","templated":true}]}}