{"id":1063,"date":"2024-08-01T16:35:36","date_gmt":"2024-08-01T16:35:36","guid":{"rendered":"https:\/\/e-cupstone.hastastudio.com\/?post_type=product&#038;p=1063"},"modified":"2024-09-23T23:19:39","modified_gmt":"2024-09-23T23:19:39","slug":"ruhrer-fur-polymerputz-und-schalenstein","status":"publish","type":"product","link":"https:\/\/e-cupstone.hastastudio.com\/de\/produkt-3\/ruhrer-fur-polymerputz-und-schalenstein","title":{"rendered":"E-CUPSTONE Polymer-Putzmischer"},"content":{"rendered":"<div class=\"resetcss\">\r\n<div class=\"resetcss\">\r\n<div class=\"resetcss\">\r\n<p>Technische Daten:<\/p>\r\n<ul>\r\n<li>Durchmesser des R\u00fchrwerks: 65 mm<\/li>\r\n<li>L\u00e4nge: 200 mm<\/li>\r\n<li>Montage: fi8<\/li>\r\n<li>Material: rostfreier Stahl<\/li>\r\n<li>Gewicht des R\u00fchrwerks: 136 g<\/li>\r\n<li>Kompatibilit\u00e4t: Passend f\u00fcr alle Standard-Bohrmaschinen.<\/li>\r\n<\/ul>\r\n<p>&nbsp;<\/p>\r\n<p>Dies ist das ideale Ger\u00e4t zum Mischen von E-CUPSTONE-Gips. Das Design der Mischerbl\u00e4tter wurde sorgf\u00e4ltig ausgearbeitet, um eine hervorragende Durchmischung des Materials zu gew\u00e4hrleisten, ohne dass Luft in die Mischung gelangt (wie es bei anderen Mischern, z. B. im Baugewerbe, h\u00e4ufig der Fall ist). Sie k\u00f6nnen mit Bohrern und Schraubenziehern verwendet werden.<\/p>\r\n<p>Die Reinigung ist einfach: Nach dem Mischen sp\u00fclen Sie den Mischer sofort mit Wasser ab.<\/p>\r\n<p>Diese Mischer sind auch ideal f\u00fcr das Mischen von Silikonen und Harzen (Verringerung der Materialbel\u00fcftung w\u00e4hrend des Mischens), aber wir empfehlen auch die Verwendung einer Vakuumentl\u00fcftung f\u00fcr beste Ergebnisse.<\/p>\r\n<\/div>\r\n<div class=\"productfiles\">\u00a0<\/div>\r\n<\/div>\r\n<\/div>","protected":false},"excerpt":{"rendered":"<p>Specyfikacje techniczne: \u015arednica mieszad\u0142a: 65 mm D\u0142ugo\u015b\u0107: 200 mm Mocowanie: fi8 Materia\u0142: stal nierdzewna Waga mieszad\u0142a: 136 g Kompatybilno\u015b\u0107: pasuj\u0105 do wszystkich standardowych wiertarek. &nbsp; To idealne narz\u0119dzie do mieszania gips\u00f3w E-CUPSTONE. Projekt \u0142opatek mieszad\u0142a zosta\u0142 starannie wykonany, aby zapewni\u0107 doskona\u0142e mieszanie materia\u0142u bez wprowadzania powietrza do mieszanki (co cz\u0119sto wyst\u0119puje w przypadku innych mieszade\u0142, [&hellip;]<\/p>","protected":false},"featured_media":1067,"comment_status":"open","ping_status":"closed","template":"","meta":{"_acf_changed":false},"product_brand":[],"product_cat":[24],"product_tag":[],"class_list":{"0":"post-1063","1":"product","2":"type-product","3":"status-publish","4":"has-post-thumbnail","6":"product_cat-materialy-dodatkowe","8":"first","9":"instock","10":"taxable","11":"shipping-taxable","12":"purchasable","13":"product-type-simple"},"acf":[],"_links":{"self":[{"href":"https:\/\/e-cupstone.hastastudio.com\/de\/wp-json\/wp\/v2\/product\/1063","targetHints":{"allow":["GET"]}}],"collection":[{"href":"https:\/\/e-cupstone.hastastudio.com\/de\/wp-json\/wp\/v2\/product"}],"about":[{"href":"https:\/\/e-cupstone.hastastudio.com\/de\/wp-json\/wp\/v2\/types\/product"}],"replies":[{"embeddable":true,"href":"https:\/\/e-cupstone.hastastudio.com\/de\/wp-json\/wp\/v2\/comments?post=1063"}],"wp:featuredmedia":[{"embeddable":true,"href":"https:\/\/e-cupstone.hastastudio.com\/de\/wp-json\/wp\/v2\/media\/1067"}],"wp:attachment":[{"href":"https:\/\/e-cupstone.hastastudio.com\/de\/wp-json\/wp\/v2\/media?parent=1063"}],"wp:term":[{"taxonomy":"product_brand","embeddable":true,"href":"https:\/\/e-cupstone.hastastudio.com\/de\/wp-json\/wp\/v2\/product_brand?post=1063"},{"taxonomy":"product_cat","embeddable":true,"href":"https:\/\/e-cupstone.hastastudio.com\/de\/wp-json\/wp\/v2\/product_cat?post=1063"},{"taxonomy":"product_tag","embeddable":true,"href":"https:\/\/e-cupstone.hastastudio.com\/de\/wp-json\/wp\/v2\/product_tag?post=1063"}],"curies":[{"name":"wp","href":"https:\/\/api.w.org\/{rel}","templated":true}]}}