{"id":1468,"date":"2024-08-07T20:39:22","date_gmt":"2024-08-07T20:39:22","guid":{"rendered":"https:\/\/e-cupstone.hastastudio.com\/?page_id=1468"},"modified":"2024-08-08T16:04:15","modified_gmt":"2024-08-08T16:04:15","slug":"vorlaufzeit","status":"publish","type":"page","link":"https:\/\/e-cupstone.hastastudio.com\/de\/vorlaufzeit","title":{"rendered":"Vorlaufzeit"},"content":{"rendered":"<h3 class=\"wp-block-heading\">Vorlaufzeit<\/h3>\n\n\n\n<p>Wir versenden jede Bestellung, sobald die Zahlung auf unserem Konto gutgeschrieben ist. Bei Zahlung per \u00dcberweisung oder Online-Zahlung wird die Ware sofort nach Zahlungseingang zum Versand vorbereitet.<\/p>\n\n\n\n<h4 class=\"wp-block-heading\">Lieferzeiten und Transportunternehmen<\/h4>\n\n\n\n<p>Pakete werden von Kurierdiensten zugestellt. Die Lieferzeit h\u00e4ngt von der Spedition, der Art der Sendung und der Adresse des Empf\u00e4ngers ab. In der Regel kommt das Paket innerhalb von 1-2 Werktagen an.<\/p>\n\n\n\n<p><strong>Achtung!<\/strong>&nbsp;Bei Zahlung per Online-\u00dcberweisung kann sich die Frist f\u00fcr den Erhalt des Pakets um die Bearbeitungszeit der \u00dcberweisung verl\u00e4ngern.<\/p>\n\n\n\n<h4 class=\"wp-block-heading\">Abholung am InPost-Paketautomaten<\/h4>\n\n\n\n<p>Wenn Sie die Option gew\u00e4hlt haben, Ihre Bestellung \u00fcber den Paketautomaten InPost abzuholen, wird Ihr Paket innerhalb weniger Arbeitstage (in der Regel bis zu 2-3 Tage) nach Versand des Pakets an den Paketautomaten Ihrer Wahl geliefert.<\/p>\n\n\n\n<h3 class=\"wp-block-heading\">Schnelle Lieferung und Sicherheit<\/h3>\n\n\n\n<p>Die schnelle Lieferung von Bestellungen ist uns wichtig, deshalb arbeiten wir mit den besten Spediteuren zusammen. So ist gew\u00e4hrleistet, dass Ihre Bestellung schnell und sicher ankommt.<\/p>\n\n\n\n<h3 class=\"wp-block-heading\">H\u00e4ufig gestellte Fragen (FAQ)<\/h3>\n\n\n\n<ol class=\"wp-block-list\">\n<li><strong>Wie kann ich mein Paket verfolgen?<\/strong>\u00a0Sobald Ihr Paket verschickt wurde, erhalten Sie von uns eine E-Mail mit einer Sendungsverfolgungsnummer.<\/li>\n\n\n\n<li><strong>Kann ich meine Lieferadresse nach einer Bestellung \u00e4ndern?<\/strong>\u00a0Kontaktieren Sie uns so schnell wie m\u00f6glich und wir werden versuchen, Ihnen bei der \u00c4nderung Ihrer Lieferadresse zu helfen.<\/li>\n\n\n\n<li><strong>Was ist zu tun, wenn ein Paket nicht rechtzeitig angekommen ist?<\/strong>\u00a0Wenden Sie sich an unseren Kundendienst, damit wir den Status Ihrer Sendung \u00fcberpr\u00fcfen k\u00f6nnen.<\/li>\n<\/ol>\n\n\n\n<h3 class=\"wp-block-heading\">Kontakt<\/h3>\n\n\n\n<p>Haben Sie Fragen zur Auftragsabwicklung? Kontaktieren Sie uns \u00fcber&nbsp;<a href=\"mailto:sklep@e-cupstone.pl\">sklep@e-cupstone.pl<\/a>&nbsp;oder rufen Sie 795799723 an.<\/p>","protected":false},"excerpt":{"rendered":"<p>Czas realizacji zam\u00f3wienia Ka\u017cde zam\u00f3wienie wysy\u0142amy zaraz po zaksi\u0119gowaniu p\u0142atno\u015bci na naszym koncie. W przypadku p\u0142atno\u015bci przelewem lub p\u0142atno\u015bci online, towar jest przygotowywany do wysy\u0142ki natychmiast po otrzymaniu wp\u0142aty. Czas dostawy i przewo\u017anicy Przesy\u0142ki dostarczaj\u0105 firmy kurierskie. Czas dostawy zale\u017cy od przewo\u017anika, rodzaju przesy\u0142ki oraz adresu odbiorcy. Zazwyczaj przesy\u0142ka dociera w ci\u0105gu 1-2 dni roboczych. [&hellip;]<\/p>","protected":false},"author":1,"featured_media":0,"parent":0,"menu_order":0,"comment_status":"closed","ping_status":"closed","template":"","meta":{"_acf_changed":false,"footnotes":""},"class_list":["post-1468","page","type-page","status-publish","hentry"],"acf":[],"_links":{"self":[{"href":"https:\/\/e-cupstone.hastastudio.com\/de\/wp-json\/wp\/v2\/pages\/1468","targetHints":{"allow":["GET"]}}],"collection":[{"href":"https:\/\/e-cupstone.hastastudio.com\/de\/wp-json\/wp\/v2\/pages"}],"about":[{"href":"https:\/\/e-cupstone.hastastudio.com\/de\/wp-json\/wp\/v2\/types\/page"}],"author":[{"embeddable":true,"href":"https:\/\/e-cupstone.hastastudio.com\/de\/wp-json\/wp\/v2\/users\/1"}],"replies":[{"embeddable":true,"href":"https:\/\/e-cupstone.hastastudio.com\/de\/wp-json\/wp\/v2\/comments?post=1468"}],"version-history":[{"count":0,"href":"https:\/\/e-cupstone.hastastudio.com\/de\/wp-json\/wp\/v2\/pages\/1468\/revisions"}],"wp:attachment":[{"href":"https:\/\/e-cupstone.hastastudio.com\/de\/wp-json\/wp\/v2\/media?parent=1468"}],"curies":[{"name":"wp","href":"https:\/\/api.w.org\/{rel}","templated":true}]}}