{"id":1466,"date":"2024-08-07T20:38:05","date_gmt":"2024-08-07T20:38:05","guid":{"rendered":"https:\/\/e-cupstone.hastastudio.com\/?page_id=1466"},"modified":"2024-08-08T16:03:37","modified_gmt":"2024-08-08T16:03:37","slug":"lieferzeiten-und-kosten","status":"publish","type":"page","link":"https:\/\/e-cupstone.hastastudio.com\/de\/lieferzeiten-und-kosten","title":{"rendered":"Lieferzeiten und Kosten"},"content":{"rendered":"<h2 class=\"wp-block-heading\">Kosten<\/h2>\n\n\n\n<p>Sie h\u00e4ngt von der Zahlungsart und dem Gesamtgewicht der Bestellung ab. Die gesamte Bestellung wird in einer Sendung verschickt, und der Kunde tr\u00e4gt eine einzige Versandkostenpauschale.<\/p>\n\n\n\n<h2 class=\"wp-block-heading\">Lieferfrist<\/h2>\n\n\n\n<p>Die Gesamtvorlaufzeit (einschlie\u00dflich Lieferung) betr\u00e4gt zwischen 2-5 Arbeitstagen - wenn das Produkt auf Lager ist. In anderen F\u00e4llen kontaktieren Sie bitte unseren Shop.<\/p>","protected":false},"excerpt":{"rendered":"<p>Koszt Jest uzale\u017cniony od formy p\u0142atno\u015bci oraz \u0142\u0105cznej wagi zam\u00f3wienia. Ca\u0142e zam\u00f3wienie jest wysy\u0142ane w jednej przesy\u0142ce i klient ponosi jeden koszt dostawy. Czas dostawy Ca\u0142kowity czas realizacji zam\u00f3wienia (wraz z dostaw\u0105) wynosi od 2-5 dni roboczych &#8211; je\u015bli produkt znajduje si\u0119 na magazynie. W innych przypadkach prosimy o kontakt z naszym sklepem.<\/p>","protected":false},"author":1,"featured_media":0,"parent":0,"menu_order":0,"comment_status":"closed","ping_status":"closed","template":"","meta":{"_acf_changed":false,"footnotes":""},"class_list":["post-1466","page","type-page","status-publish","hentry"],"acf":[],"_links":{"self":[{"href":"https:\/\/e-cupstone.hastastudio.com\/de\/wp-json\/wp\/v2\/pages\/1466","targetHints":{"allow":["GET"]}}],"collection":[{"href":"https:\/\/e-cupstone.hastastudio.com\/de\/wp-json\/wp\/v2\/pages"}],"about":[{"href":"https:\/\/e-cupstone.hastastudio.com\/de\/wp-json\/wp\/v2\/types\/page"}],"author":[{"embeddable":true,"href":"https:\/\/e-cupstone.hastastudio.com\/de\/wp-json\/wp\/v2\/users\/1"}],"replies":[{"embeddable":true,"href":"https:\/\/e-cupstone.hastastudio.com\/de\/wp-json\/wp\/v2\/comments?post=1466"}],"version-history":[{"count":0,"href":"https:\/\/e-cupstone.hastastudio.com\/de\/wp-json\/wp\/v2\/pages\/1466\/revisions"}],"wp:attachment":[{"href":"https:\/\/e-cupstone.hastastudio.com\/de\/wp-json\/wp\/v2\/media?parent=1466"}],"curies":[{"name":"wp","href":"https:\/\/api.w.org\/{rel}","templated":true}]}}