{"id":1463,"date":"2024-08-07T20:36:55","date_gmt":"2024-08-07T20:36:55","guid":{"rendered":"https:\/\/e-cupstone.hastastudio.com\/?page_id=1463"},"modified":"2024-08-08T16:03:03","modified_gmt":"2024-08-08T16:03:03","slug":"zahlungsformen","status":"publish","type":"page","link":"https:\/\/e-cupstone.hastastudio.com\/de\/zahlungsformen","title":{"rendered":"Formen der Bezahlung"},"content":{"rendered":"<figure class=\"wp-block-image size-large is-resized\"><img loading=\"lazy\" decoding=\"async\" width=\"142\" height=\"36\" src=\"https:\/\/e-cupstone.hastastudio.com\/wp-content\/uploads\/2024\/08\/Logo-standard.svg\" alt=\"\" class=\"wp-image-1464\" style=\"width:138px;height:auto\"\/><\/figure>\n\n\n\n<p>F\u00fcr eine bequeme und sichere Transaktion bieten wir in unserem Online-Shop eine Vielzahl von Zahlungsm\u00f6glichkeiten an. Die verf\u00fcgbaren Optionen sind:<\/p>\n\n\n\n<h2 class=\"wp-block-heading\">Sofortige \u00dcbertragung<\/h2>\n\n\n\n<p>Zahlen Sie schnell und sicher mit Sofort\u00fcberweisung. Ihre Bestellung wird sofort nach Zahlungseingang bearbeitet.<\/p>\n\n\n\n<h2 class=\"wp-block-heading\">BLIK<\/h2>\n\n\n\n<p>Bequeme und sichere Zahlungsmethode mit dem BLIK-Code. Bezahlen Sie schnell mit der mobilen App Ihrer Bank.<\/p>\n\n\n\n<h2 class=\"wp-block-heading\">Zahlungskarten<\/h2>\n\n\n\n<p>Wir akzeptieren Zahlungen mit Visa, MasterCard und anderen g\u00e4ngigen Kredit- und Debitkarten. Ihre Daten werden durch die h\u00f6chsten Sicherheitsstandards gesch\u00fctzt.<\/p>\n\n\n\n<h2 class=\"wp-block-heading\">PayPo<\/h2>\n\n\n\n<p>Jetzt kaufen, sp\u00e4ter bezahlen mit PayPo. Mit diesem Service k\u00f6nnen Sie ganz bequem und ohne zus\u00e4tzliche Kosten einkaufen und bezahlen.<\/p>\n\n\n\n<p>Wir bieten eine breite Palette von Zahlungsmethoden an, um das Einkaufen in unserem Shop einfach und angenehm zu gestalten. W\u00e4hlen Sie die f\u00fcr Sie bequemste Option und genie\u00dfen Sie den problemlosen Online-Einkauf.<\/p>","protected":false},"excerpt":{"rendered":"<p>W naszym sklepie internetowym oferujemy r\u00f3\u017cne metody p\u0142atno\u015bci, aby zapewni\u0107 wygod\u0119 i bezpiecze\u0144stwo transakcji. Dost\u0119pne opcje to: Przelew natychmiastowy Realizuj p\u0142atno\u015bci szybko i bezpiecznie dzi\u0119ki przelewom natychmiastowym. Twoje zam\u00f3wienie zostanie przetworzone od razu po dokonaniu p\u0142atno\u015bci. BLIK Wygodna i bezpieczna metoda p\u0142atno\u015bci za pomoc\u0105 kodu BLIK. Zap\u0142a\u0107 szybko, u\u017cywaj\u0105c aplikacji mobilnej swojego banku. Karty p\u0142atnicze [&hellip;]<\/p>","protected":false},"author":1,"featured_media":0,"parent":0,"menu_order":0,"comment_status":"closed","ping_status":"closed","template":"","meta":{"_acf_changed":false,"footnotes":""},"class_list":["post-1463","page","type-page","status-publish","hentry"],"acf":[],"_links":{"self":[{"href":"https:\/\/e-cupstone.hastastudio.com\/de\/wp-json\/wp\/v2\/pages\/1463","targetHints":{"allow":["GET"]}}],"collection":[{"href":"https:\/\/e-cupstone.hastastudio.com\/de\/wp-json\/wp\/v2\/pages"}],"about":[{"href":"https:\/\/e-cupstone.hastastudio.com\/de\/wp-json\/wp\/v2\/types\/page"}],"author":[{"embeddable":true,"href":"https:\/\/e-cupstone.hastastudio.com\/de\/wp-json\/wp\/v2\/users\/1"}],"replies":[{"embeddable":true,"href":"https:\/\/e-cupstone.hastastudio.com\/de\/wp-json\/wp\/v2\/comments?post=1463"}],"version-history":[{"count":0,"href":"https:\/\/e-cupstone.hastastudio.com\/de\/wp-json\/wp\/v2\/pages\/1463\/revisions"}],"wp:attachment":[{"href":"https:\/\/e-cupstone.hastastudio.com\/de\/wp-json\/wp\/v2\/media?parent=1463"}],"curies":[{"name":"wp","href":"https:\/\/api.w.org\/{rel}","templated":true}]}}