{"id":12,"date":"2024-08-07T20:40:40","date_gmt":"2024-08-07T20:40:40","guid":{"rendered":"https:\/\/e-cupstone.hastastudio.com\/?page_id=12"},"modified":"2024-09-20T14:47:33","modified_gmt":"2024-09-20T14:47:33","slug":"gibt-zuruck","status":"publish","type":"page","link":"https:\/\/e-cupstone.hastastudio.com\/de\/gibt-zuruck","title":{"rendered":"R\u00fccksendungen und Beschwerden"},"content":{"rendered":"<p><strong>Einreichung einer Beschwerde<br><\/strong>Um eine Beschwerde einzureichen, gehen Sie bitte wie folgt vor:<\/p>\n\n\n\n<p><em>1. R\u00fcckgabe-\/Beschwerdeformular<\/em><br>F\u00fcllen Sie das R\u00fcckgabe-\/Beschwerdeformular aus und legen Sie es Ihrem Paket bei. Das Dokument sollte folgende Angaben enthalten: Ihren Namen, Ihre E-Mail- oder Postadresse, Ihre Telefonnummer, die Angabe der Produktnummer und den Grund der Reklamation, das Kaufdatum und das Auftreten des Mangels.<br><br><em>2. die R\u00fccksendung des Produkts<\/em><br>Bei einer Reklamation senden Sie bitte das Produkt mit allem Zubeh\u00f6r und einer Kopie der Kaufrechnung zur\u00fcck.<br><br><em>3 Schifffahrt<\/em><br>Das beanstandete Produkt sollte an folgende Adresse geschickt werden:<br>E-CUPSTONE Oleksandr Diachenko<br>Zawodzie 20<br>80-726 Danzig<strong><\/strong><\/p>\n\n\n\n<p><strong>R\u00fccksendung von Waren<br><\/strong>Nach geltendem Recht haben Sie 14 Tage Zeit, die Ware zur\u00fcckzusenden. Um vom Vertrag zur\u00fcckzutreten und ein bei uns gekauftes Produkt zur\u00fcckzugeben, f\u00fcllen Sie die erforderliche Erkl\u00e4rung aus und senden Sie sie zusammen mit dem\/den zur\u00fcckgegebenen Produkt(en) an unsere Adresse:&nbsp;<\/p>\n\n\n\n<p>E-CUPSTONE Oleksandr Diachenko<br>Zawodzie 20<br>80-726 Danzig<\/p>\n\n\n\n<p>Legen Sie au\u00dferdem alle Zubeh\u00f6rteile, die Sie mit dem\/den Produkt(en) erhalten haben, sowie die Quittung oder Rechnung in das Paket mit der Erkl\u00e4rung und dem\/den zur\u00fcckgegebenen Produkt(en).<strong><\/strong><\/p>\n\n\n\n<p>\u00a0Link zur R\u00fcckkehrseite:\u00a0<a href=\"https:\/\/furgonetka.pl\/zwroty\/339638f1-88fa-4e99-8438-01cf4a0f4981\" target=\"_blank\" rel=\"noopener\">LINK<\/a><\/p>","protected":false},"excerpt":{"rendered":"<p>Sk\u0142adanie reklamacjiW celu z\u0142o\u017cenia reklamacji, post\u0119puj zgodnie z poni\u017cszymi krokami: 1.&nbsp;Formularz zwrotu\/reklamacjiWype\u0142nij formularz zwrotu\/reklamacji i do\u0142\u0105cz go do przesy\u0142ki. Dokument powinien zawiera\u0107&nbsp;nast\u0119puj\u0105ce dane: imi\u0119 i nazwisko, adres e-mail lub adres do korespondencji, nr telefonu, wskazanie numeru produktu i przyczyna reklamacji, data zakupu oraz wyst\u0105pienia wady. 2.Odes\u0142anie produktuSk\u0142adaj\u0105c reklamacj\u0119 prosimy o odes\u0142anie produktu wraz ze wszystkimi [&hellip;]<\/p>","protected":false},"author":1,"featured_media":0,"parent":0,"menu_order":0,"comment_status":"closed","ping_status":"closed","template":"","meta":{"_acf_changed":false,"footnotes":""},"class_list":["post-12","page","type-page","status-publish","hentry"],"acf":[],"_links":{"self":[{"href":"https:\/\/e-cupstone.hastastudio.com\/de\/wp-json\/wp\/v2\/pages\/12","targetHints":{"allow":["GET"]}}],"collection":[{"href":"https:\/\/e-cupstone.hastastudio.com\/de\/wp-json\/wp\/v2\/pages"}],"about":[{"href":"https:\/\/e-cupstone.hastastudio.com\/de\/wp-json\/wp\/v2\/types\/page"}],"author":[{"embeddable":true,"href":"https:\/\/e-cupstone.hastastudio.com\/de\/wp-json\/wp\/v2\/users\/1"}],"replies":[{"embeddable":true,"href":"https:\/\/e-cupstone.hastastudio.com\/de\/wp-json\/wp\/v2\/comments?post=12"}],"version-history":[{"count":0,"href":"https:\/\/e-cupstone.hastastudio.com\/de\/wp-json\/wp\/v2\/pages\/12\/revisions"}],"wp:attachment":[{"href":"https:\/\/e-cupstone.hastastudio.com\/de\/wp-json\/wp\/v2\/media?parent=12"}],"curies":[{"name":"wp","href":"https:\/\/api.w.org\/{rel}","templated":true}]}}